{"id":58648,"date":"2023-04-26T16:26:21","date_gmt":"2023-04-26T16:26:21","guid":{"rendered":"https:\/\/www.marinigerardi.it\/shop\/?post_type=product&#038;p=58648"},"modified":"2025-07-16T00:34:28","modified_gmt":"2025-07-16T00:34:28","slug":"tessuto-per-biancheria-da-letto-in-lino-rosa-pesco","status":"publish","type":"product","link":"https:\/\/www.marinigerardi.it\/shop\/prodotto\/tessuto-per-biancheria-da-letto-in-lino-rosa-pesco\/","title":{"rendered":"LORD BYRON Lino 100% &#8211; Tessuto per Biancheria da Letto e Tendaggi in Lino"},"content":{"rendered":"<div class=\"wpb-content-wrapper\"><p>[vc_row equal_height=&#8221;yes&#8221; mobile_bg_img_hidden=&#8221;no&#8221; tablet_bg_img_hidden=&#8221;no&#8221; woodmart_parallax=&#8221;0&#8243; woodmart_gradient_switch=&#8221;no&#8221; row_reverse_mobile=&#8221;0&#8243; row_reverse_tablet=&#8221;0&#8243; woodmart_disable_overflow=&#8221;0&#8243;][vc_column offset=&#8221;vc_col-lg-6 vc_col-md-6&#8243; mobile_bg_img_hidden=&#8221;no&#8221; tablet_bg_img_hidden=&#8221;no&#8221; woodmart_parallax=&#8221;0&#8243; woodmart_sticky_column=&#8221;false&#8221; parallax_scroll=&#8221;no&#8221; mobile_reset_margin=&#8221;no&#8221; tablet_reset_margin=&#8221;no&#8221; css=&#8221;.vc_custom_1613071403480{margin-top: 0px !important;}&#8221;]\n\t\t<div id=\"wd-6449513375c6f\" class=\"title-wrapper wd-wpb wd-set-mb reset-last-child  wd-rs-6449513375c6f wd-title-color-primary wd-title-style-bordered text-left vc_custom_1682526533054 wd-underline-colored\">\n\t\t\t\n\t\t\t<div class=\"liner-continer\">\n\t\t\t\t<h2 class=\"woodmart-title-container title  wd-font-weight-500 wd-fontsize-l\" >LORD BYRON - Tessuto per Biancheria da Letto in Lino Rosa Pesco - Tessuto Prelavato NO STIRO \u201cMaster of Linen\u201d<\/h2>\n\t\t\t\t\t\t\t<\/div>\n\t\t\t\n\t\t\t\t\t\t\t<div class=\"title-after_title reset-last-child  wd-fontsize-xs\">Non presenta restringimento, non necessita di essere stirato.<br \/>\nTessuto puro lino 100% <b>Master of Linen<\/b> di primissima qualit\u00e0, ``no Stiro`` ben strutturato con finitura morbida per una piacevole sensazione al tatto. I colori selezionati per voi rendono questo prodotto unico.<\/div>\n\t\t\t\n\t\t\t\n\t\t<\/div>\n\t\t\n\t\t[vc_row_inner][vc_column_inner width=&#8221;1\/2&#8243;]\t\t\t<div class=\"info-box-wrapper\">\n\t\t\t\t<div id=\"wd-6059b2e3f3bca\" class=\" wd-rs-6059b2e3f3bca wd-info-box wd-wpb text-left box-icon-align-left box-style-shadow color-scheme- wd-bg-none wd-items-top vc_custom_1616491258403\">\n\t\t\t\t\t\t\t\t\t\t\t<div class=\"box-icon-wrapper  box-with-icon box-icon-with-border\">\n\t\t\t\t\t\t\t<div class=\"info-box-icon\">\n\t\t\t\t\t\t\t\t<img decoding=\"async\" width=\"40\" height=\"40\" src=\"https:\/\/www.marinigerardi.it\/shop\/wp-content\/uploads\/2021\/02\/icons8_yarn_100px-40x40.png\" class=\"attachment-40x40 size-40x40\" alt=\"Composizione tessuti Marini e Gerardi\" \/>\t\t\t\t\t\t\t<\/div>\n\t\t\t\t\t\t<\/div>\n\t\t\t\t\t\t\t\t\t\t<div class=\"info-box-content\">\n\t\t\t\t\t\t<h4 class=\"info-box-title title box-title-style-default wd-fontsize-s\">PURE LINO<\/h4>\t\t\t\t\t\t<div class=\"info-box-inner reset-last-child\"><p>180 gr\/mq<\/p>\n<\/div>\n\n\t\t\t\t\t\t\t\t\t\t\t<\/div>\n\n\t\t\t\t\t\n\t\t\t\t\t<style>#wd-6059b2e3f3bca:hover .info-box-icon{background-color:  !important;}<\/style>\t\t\t\t<\/div>\n\t\t\t<\/div>\n\t\t[\/vc_column_inner][vc_column_inner width=&#8221;1\/2&#8243;]\t\t\t<div class=\"info-box-wrapper\">\n\t\t\t\t<div id=\"wd-6059b2992856b\" class=\" wd-rs-6059b2992856b wd-info-box wd-wpb text-left box-icon-align-left box-style-shadow color-scheme-dark wd-bg-none wd-items-top vc_custom_1616491174775\">\n\t\t\t\t\t\t\t\t\t\t\t<div class=\"box-icon-wrapper  box-with-icon box-icon-with-border\">\n\t\t\t\t\t\t\t<div class=\"info-box-icon\">\n\t\t\t\t\t\t\t\t<img decoding=\"async\" width=\"40\" height=\"40\" src=\"https:\/\/www.marinigerardi.it\/shop\/wp-content\/uploads\/2021\/02\/icons8_wallpaper_roll_100px-40x40.png\" class=\"attachment-40x40 size-40x40\" alt=\"Altezza Tessuti - Marini e Gerardi\" \/>\t\t\t\t\t\t\t<\/div>\n\t\t\t\t\t\t<\/div>\n\t\t\t\t\t\t\t\t\t\t<div class=\"info-box-content\">\n\t\t\t\t\t\t<h4 class=\"info-box-title title box-title-style-default wd-fontsize-s\">ALTEZZA<\/h4>\t\t\t\t\t\t<div class=\"info-box-inner reset-last-child\"><p>h. 290 cm.<\/p>\n<\/div>\n\n\t\t\t\t\t\t\t\t\t\t\t<\/div>\n\n\t\t\t\t\t\n\t\t\t\t\t<style>#wd-6059b2992856b:hover .info-box-icon{background-color:  !important;}<\/style>\t\t\t\t<\/div>\n\t\t\t<\/div>\n\t\t[\/vc_column_inner][\/vc_row_inner][vc_column_text woodmart_inline=&#8221;no&#8221; text_larger=&#8221;no&#8221;]<strong>Note:<\/strong> I colori dei tessuti presenti nelle immagini possono variare in base al monitor utilizzato.<br \/>\n<strong>Minimo acquisto 1 metro.<\/strong> Se avete bisogno di aiuto contattateci all&#8217; indirizzo mail assistenza@marinigerardi.it[\/vc_column_text]<div id=\"wd-61d45f2109de9\" class=\" wd-rs-61d45f2109de9  wd-button-wrapper text-left\"><a href=\"https:\/\/www.marinigerardi.it\/shop\/guida-come-calcolare-il-metraggio-dei-tessuti\/\" title=\"Guida Come Calcolare il Metraggio dei Tessuti\" target=\"_blank\" class=\"btn btn-style-link btn-shape-rectangle btn-size-default btn-icon-pos-left\">Guida Come Calcolare il Metraggio dei Tessuti<span class=\"wd-btn-icon\"><span class=\"wd-icon far fa-arrow-alt-circle-right\"><\/span><\/span><\/a><\/div>[\/vc_column][vc_column css=&#8221;.vc_custom_1612434787067{background-position: center !important;background-repeat: no-repeat !important;background-size: cover !important;}&#8221; offset=&#8221;vc_col-lg-6 vc_col-md-6&#8243; mobile_bg_img_hidden=&#8221;no&#8221; tablet_bg_img_hidden=&#8221;no&#8221; woodmart_parallax=&#8221;0&#8243; woodmart_sticky_column=&#8221;false&#8221; parallax_scroll=&#8221;no&#8221; mobile_reset_margin=&#8221;no&#8221; tablet_reset_margin=&#8221;no&#8221;][vc_single_image image=&#8221;11366&#8243; img_size=&#8221;large&#8221; alignment=&#8221;center&#8221; style=&#8221;vc_box_shadow&#8221; onclick=&#8221;link_image&#8221; parallax_scroll=&#8221;no&#8221; woodmart_inline=&#8221;no&#8221;][\/vc_column][\/vc_row][vc_row][vc_column][vc_text_separator title=&#8221;Tessuti Naturali&#8221; css=&#8221;.vc_custom_1641307982571{margin-top: 20px !important;}&#8221;]\n\t\t<div id=\"wd-66cc7c691a566\" class=\"title-wrapper wd-wpb wd-set-mb reset-last-child  wd-rs-66cc7c691a566 wd-title-color-default wd-title-style-default text-center  wd-underline-colored\">\n\t\t\t\n\t\t\t<div class=\"liner-continer\">\n\t\t\t\t<h2 class=\"woodmart-title-container title  wd-font-weight- wd-fontsize-l\" >Tessuto per Biancheria da Letto in Lino<\/h2>\n\t\t\t\t\t\t\t<\/div>\n\t\t\t\n\t\t\t\n\t\t\t\n\t\t<\/div>\n\t\t\n\t\t[\/vc_column][\/vc_row][vc_row css=&#8221;.vc_custom_1734539720944{background-color: #F9F9F9 !important;}&#8221; woodmart_css_id=&#8221;6762f9bc51c2b&#8221; responsive_spacing=&#8221;eyJwYXJhbV90eXBlIjoid29vZG1hcnRfcmVzcG9uc2l2ZV9zcGFjaW5nIiwic2VsZWN0b3JfaWQiOiI2NzYyZjliYzUxYzJiIiwic2hvcnRjb2RlIjoidmNfcm93IiwiZGF0YSI6eyJ0YWJsZXQiOnt9LCJtb2JpbGUiOnt9fX0=&#8221; mobile_bg_img_hidden=&#8221;no&#8221; tablet_bg_img_hidden=&#8221;no&#8221; woodmart_parallax=&#8221;0&#8243; woodmart_gradient_switch=&#8221;no&#8221; woodmart_box_shadow=&#8221;no&#8221; wd_z_index=&#8221;no&#8221; woodmart_disable_overflow=&#8221;0&#8243; row_reverse_mobile=&#8221;0&#8243; row_reverse_tablet=&#8221;0&#8243;][vc_column width=&#8221;2\/3&#8243;][vc_single_image image=&#8221;58649&#8243; img_size=&#8221;full&#8221; alignment=&#8221;center&#8221; style=&#8221;vc_box_shadow&#8221; parallax_scroll=&#8221;no&#8221; woodmart_inline=&#8221;no&#8221;][\/vc_column][vc_column width=&#8221;1\/3&#8243;]\n\t\t<div id=\"wd-6449514ec9da1\" class=\"title-wrapper wd-wpb wd-set-mb reset-last-child  wd-rs-6449514ec9da1 wd-title-color-primary wd-title-style-bordered text-left justify  wd-underline-colored\">\n\t\t\t\t\t\t\t\n\t\t\t\t<div class=\"title-subtitle  subtitle-color-primary font-alt subtitle-style-default wd-font-weight- wd-fontsize-xs\">Pure Lino Prelavato - NO STIRO<\/div>\n\t\t\t\n\t\t\t<div class=\"liner-continer\">\n\t\t\t\t<h3 class=\"woodmart-title-container title  wd-font-weight-400 wd-fontsize-l\" >LORD BYRON - Tessuto per Biancheria da Letto in Lino Rosa Pesco - Tessuto Prelavato NO STIRO \u201cMaster of Linen\u201d<\/h3>\n\t\t\t\t\t\t\t<\/div>\n\t\t\t\n\t\t\t\n\t\t\t\n\t\t<\/div>\n\t\t\n\t\t\t\t<div id=\"wd-66cc7ccbc9869\" class=\"wd-text-block wd-wpb reset-last-child wd-rs-66cc7ccbc9869 text-left \">\n\t\t\t<p><a href=\"https:\/\/www.marinigerardi.it\/shop\/prodotto\/tessuto-per-biancheria-da-letto-in-lino-rosa-pesco\/\">Un tessuto<\/a> in <a href=\"https:\/\/purolino.net\/\" rel=\"nofollow noopener\" target=\"_blank\">100% lino<\/a> appositamente progettato per ambienti moderni o arredi classici chic, ma che si adatta anche perfettamente a spazi minimali e contemporanei. Questo<a href=\"https:\/\/www.marinigerardi.it\/store\/stoffe-online\/tessuti-per-tende-eleganti\/\"><span style=\"color: #800000;\"><strong> tessuto \u00e8 adatto per tendaggi<\/strong><\/span><\/a>, <a href=\"https:\/\/www.marinigerardi.it\/shop\/biancheria-letto\/\">biancheria da letto<\/a>, e <span style=\"color: #800000;\"><strong><a style=\"color: #800000;\" href=\"https:\/\/www.marinigerardi.it\/shop\/tovaglie\/\">tovagliati<\/a><\/strong><\/span> e il suo aspetto naturale si presta a diversi abbinamenti, capaci di infondere una nota di grande eleganza.<\/p>\n\t\t<\/div>\n\t\t[\/vc_column][\/vc_row][vc_row][vc_column]\n\t\t<div id=\"wd-66cc7db07167f\" class=\"title-wrapper wd-wpb wd-set-mb reset-last-child  wd-rs-66cc7db07167f wd-title-color-default wd-title-style-default text-center  wd-underline-colored\">\n\t\t\t\n\t\t\t<div class=\"liner-continer\">\n\t\t\t\t<h2 class=\"woodmart-title-container title  wd-font-weight- wd-fontsize-l\" >Tessuto per Biancheria da Letto in Lino<\/h2>\n\t\t\t\t\t\t\t<\/div>\n\t\t\t\n\t\t\t\n\t\t\t\n\t\t<\/div>\n\t\t\n\t\t[\/vc_column][\/vc_row][vc_row css=&#8221;.vc_custom_1734539737896{background-color: #F9F9F9 !important;}&#8221; woodmart_css_id=&#8221;6762f9cf9aa1f&#8221; responsive_spacing=&#8221;eyJwYXJhbV90eXBlIjoid29vZG1hcnRfcmVzcG9uc2l2ZV9zcGFjaW5nIiwic2VsZWN0b3JfaWQiOiI2NzYyZjljZjlhYTFmIiwic2hvcnRjb2RlIjoidmNfcm93IiwiZGF0YSI6eyJ0YWJsZXQiOnt9LCJtb2JpbGUiOnt9fX0=&#8221; mobile_bg_img_hidden=&#8221;no&#8221; tablet_bg_img_hidden=&#8221;no&#8221; woodmart_parallax=&#8221;0&#8243; woodmart_gradient_switch=&#8221;no&#8221; woodmart_box_shadow=&#8221;no&#8221; wd_z_index=&#8221;no&#8221; woodmart_disable_overflow=&#8221;0&#8243; row_reverse_mobile=&#8221;0&#8243; row_reverse_tablet=&#8221;0&#8243;][vc_column width=&#8221;2\/3&#8243;][vc_single_image image=&#8221;58651&#8243; img_size=&#8221;full&#8221; alignment=&#8221;center&#8221; style=&#8221;vc_box_shadow_3d&#8221; onclick=&#8221;link_image&#8221; css=&#8221;&#8221; parallax_scroll=&#8221;no&#8221; woodmart_inline=&#8221;no&#8221;][\/vc_column][vc_column width=&#8221;1\/3&#8243;][vc_single_image image=&#8221;58324&#8243; img_size=&#8221;medium&#8221; add_caption=&#8221;yes&#8221; alignment=&#8221;center&#8221; style=&#8221;vc_box_shadow&#8221; parallax_scroll=&#8221;no&#8221; woodmart_inline=&#8221;no&#8221;][\/vc_column][\/vc_row][vc_row][vc_column]\n\t\t<div id=\"wd-66cc7dcfce14f\" class=\"title-wrapper wd-wpb wd-set-mb reset-last-child  wd-rs-66cc7dcfce14f wd-title-color-default wd-title-style-bordered text-left  wd-underline-colored\">\n\t\t\t\n\t\t\t<div class=\"liner-continer\">\n\t\t\t\t<h4 class=\"woodmart-title-container title  wd-font-weight- wd-fontsize-l\" >Tessuto per Biancheria da Letto in Lino<\/h4>\n\t\t\t\t\t\t\t<\/div>\n\t\t\t\n\t\t\t\n\t\t\t\n\t\t<\/div>\n\t\t\n\t\t\t\t<div id=\"wd-66cc7c2b86873\" class=\"wd-text-block wd-wpb reset-last-child wd-rs-66cc7c2b86873 text-left \">\n\t\t\t<p>Il lino \u00e8 un tessuto naturale e versatile che trova impiego in una vasta gamma di prodotti, dall&#8217;abbigliamento all&#8217;arredamento. Negli ultimi tempi, le lenzuola in lino hanno guadagnato sempre pi\u00f9 popolarit\u00e0 grazie alla loro combinazione unica di eleganza e comfort.<\/p>\n<p>Il lino \u00e8 leggero e traspirante, adattandosi perfettamente alla temperatura corporea e favorendo il sonno. La sua resistenza e durata \u00e8 apprezzata nelle lenzuola, che possono durare a lungo e mantenere la morbidezza nonostante i ripetuti lavaggi.<\/p>\n<p>La texture naturale del lino conferisce alle lenzuola un aspetto informale ma elegante, e la nostra combinazione di colori unici si adatta a qualsiasi stile di arredamento. Inoltre, con l&#8217;uso, il lino diventa sempre pi\u00f9 morbido e piacevole al tatto, rendendo le lenzuola in lino sempre pi\u00f9 confortevoli.<\/p>\n<p><strong>Se stai cercando un sonno fresco e confortevole con un tocco di eleganza naturale, le lenzuola in lino sono la scelta ideale.<\/strong><\/p>\n\t\t<\/div>\n\t\t[\/vc_column][\/vc_row]<\/p>\n<\/div>","protected":false},"excerpt":{"rendered":"<p style=\"text-align: justify;\"><span style=\"color: #262525;\"><strong>LORD BYRON<\/strong> &#8211; Tessuto per Biancheria da Letto <strong>\u00a0Master of Linen<\/strong> prelavato. Realizzato con la pi\u00f9 pregiata fibra di lino italiana, questo tessuto non solo \u00e8 corposo, luminoso e delicato al tatto, ma vanta anche un sofisticato effetto vintage. Questo eccezionale tessuto \u00e8 la scelta perfetta per creare un&#8217;atmosfera esclusiva nella tua casa<br \/>\n<\/span><\/p>\n","protected":false},"featured_media":58650,"template":"","meta":[],"product_brand":[],"product_cat":[1515,3588,284,3051,285,3785,3584,653,3583,3612,399,3579],"product_tag":[1043,715],"class_list":{"0":"post-58648","1":"product","2":"type-product","3":"status-publish","4":"has-post-thumbnail","6":"product_cat-lino-per-tende","7":"product_cat-stoffe-online","8":"product_cat-tessuti","9":"product_cat-tessuti-di-lino","10":"product_cat-lino-per-tovaglie","11":"product_cat-tessuti-lino-per-biancheria-letto","12":"product_cat-tessuti-online","13":"product_cat-tessuti-per-biancheria-letto","14":"product_cat-tessuti-per-la-casa","15":"product_cat-tessuti-per-lenzuola","16":"product_cat-tessuti-per-tovaglie","17":"product_cat-tessuto-lino","18":"product_tag-tessuti-preziosi-online","19":"product_tag-tessuto-in-lino-per-biancheria-letto","21":"first","22":"instock","23":"sale","24":"sold-individually","25":"taxable","26":"shipping-taxable","27":"purchasable","28":"product-type-simple"},"_links":{"self":[{"href":"https:\/\/www.marinigerardi.it\/shop\/wp-json\/wp\/v2\/product\/58648","targetHints":{"allow":["GET"]}}],"collection":[{"href":"https:\/\/www.marinigerardi.it\/shop\/wp-json\/wp\/v2\/product"}],"about":[{"href":"https:\/\/www.marinigerardi.it\/shop\/wp-json\/wp\/v2\/types\/product"}],"wp:featuredmedia":[{"embeddable":true,"href":"https:\/\/www.marinigerardi.it\/shop\/wp-json\/wp\/v2\/media\/58650"}],"wp:attachment":[{"href":"https:\/\/www.marinigerardi.it\/shop\/wp-json\/wp\/v2\/media?parent=58648"}],"wp:term":[{"taxonomy":"product_brand","embeddable":true,"href":"https:\/\/www.marinigerardi.it\/shop\/wp-json\/wp\/v2\/product_brand?post=58648"},{"taxonomy":"product_cat","embeddable":true,"href":"https:\/\/www.marinigerardi.it\/shop\/wp-json\/wp\/v2\/product_cat?post=58648"},{"taxonomy":"product_tag","embeddable":true,"href":"https:\/\/www.marinigerardi.it\/shop\/wp-json\/wp\/v2\/product_tag?post=58648"}],"curies":[{"name":"wp","href":"https:\/\/api.w.org\/{rel}","templated":true}]}}