{"id":58526,"date":"2023-04-16T18:41:39","date_gmt":"2023-04-16T18:41:39","guid":{"rendered":"https:\/\/www.marinigerardi.it\/shop\/?post_type=product&#038;p=58526"},"modified":"2025-08-19T07:39:28","modified_gmt":"2025-08-19T07:39:28","slug":"tende-shabby-chic-a-vetro","status":"publish","type":"product","link":"https:\/\/www.marinigerardi.it\/shop\/prodotto\/tende-shabby-chic-a-vetro\/","title":{"rendered":"La PRIMAVERA mini &#8211; Tende Shabby Chic a Vetro in Lino a Fiori"},"content":{"rendered":"<div class=\"wpb-content-wrapper\"><p>[vc_row equal_height=&#8221;yes&#8221; mobile_bg_img_hidden=&#8221;no&#8221; tablet_bg_img_hidden=&#8221;no&#8221; woodmart_parallax=&#8221;0&#8243; woodmart_gradient_switch=&#8221;no&#8221; row_reverse_mobile=&#8221;0&#8243; row_reverse_tablet=&#8221;0&#8243; woodmart_disable_overflow=&#8221;0&#8243;][vc_column offset=&#8221;vc_col-lg-6 vc_col-md-6&#8243; mobile_bg_img_hidden=&#8221;no&#8221; tablet_bg_img_hidden=&#8221;no&#8221; woodmart_parallax=&#8221;0&#8243; woodmart_sticky_column=&#8221;false&#8221; parallax_scroll=&#8221;no&#8221; mobile_reset_margin=&#8221;no&#8221; tablet_reset_margin=&#8221;no&#8221; css=&#8221;.vc_custom_1613071403480{margin-top: 0px !important;}&#8221;]\n\t\t<div id=\"wd-643cf2d05d522\" class=\"title-wrapper wd-wpb wd-set-mb reset-last-child  wd-rs-643cf2d05d522 wd-title-color-primary wd-title-style-bordered text-left vc_custom_1681715934914 wd-underline-colored\">\n\t\t\t\t\t\t\t\n\t\t\t\t<div class=\"title-subtitle  subtitle-color-primary font-default subtitle-style-default wd-font-weight-500 wd-fontsize-xs\">Dove per Arredare ci Vuole Stoffa!<\/div>\n\t\t\t\n\t\t\t<div class=\"liner-continer\">\n\t\t\t\t<h2 class=\"woodmart-title-container title  wd-font-weight-500 wd-fontsize-l\" >La PRIMAVERA mini - Tende Shabby Chic a Vetro in Lino a Fiori<\/h2>\n\t\t\t\t\t\t\t<\/div>\n\t\t\t\n\t\t\t\t\t\t\t<div class=\"title-after_title reset-last-child  wd-fontsize-xs\">Un TESSUTO in Lino stampato di altissima qualit\u00e0.<br \/>\nUn Tessuto che toglie il respiro, per arricchire e colorare il tuo mondo casa.<br \/>\nMateriali Unici: Ricercati, Disegnati, prodotti in laboratori artigiani altamente qualificati.<\/div>\n\t\t\t\n\t\t\t\n\t\t<\/div>\n\t\t\n\t\t\t\t<div id=\"wd-669627f8daade\" class=\"wd-text-block wd-wpb reset-last-child wd-rs-669627f8daade text-left \">\n\t\t\t<p>Benvenuti nel mondo delle <a href=\"https:\/\/www.marinigerardi.it\/shop\/prodotto\/tende-shabby-chic-a-vetro\/\">Tende Shabby<\/a> Chic a Vetro in Lino a Fiori, dove lo stile country incontra l\u2019eleganza senza tempo. Le nostre tende a vetro sono l\u2019ideale per trasformare ogni stanza della tua casa in un\u2019oasi di piacere e relax, combinando la bellezza naturale del lino con la delicata raffinatezza dei motivi floreali.<\/p>\n\t\t<\/div>\n\t\t[vc_message message_box_style=&#8221;outline&#8221; message_box_color=&#8221;grey&#8221; css=&#8221;&#8221;]<\/p>\n<ul>\n<li>Tessuto LINO Viscosa;<\/li>\n<li>Opzione 1 \u2013 Tendine a vetro con tunel passante da 2 cm in alto e in basso.<\/li>\n<li>Opzione 2 \u2013 Tendine a vetro con asole a passanti in alto e tunel da 2 cm. in basso;<\/li>\n<li>Opzione 3 &#8211; con anelli e tunel da 2 cm. in basso<\/li>\n<\/ul>\n<p><strong>Per le misure non incluse<\/strong>, si prega inviare il dettaglio della dimensione desiderata all&#8217; indirizzo mail <strong>assistenza@marinigerardi.it<\/strong>[\/vc_message][\/vc_column][vc_column css=&#8221;.vc_custom_1612434787067{background-position: center !important;background-repeat: no-repeat !important;background-size: cover !important;}&#8221; offset=&#8221;vc_col-lg-6 vc_col-md-6&#8243; mobile_bg_img_hidden=&#8221;no&#8221; tablet_bg_img_hidden=&#8221;no&#8221; woodmart_parallax=&#8221;0&#8243; woodmart_sticky_column=&#8221;false&#8221; parallax_scroll=&#8221;no&#8221; mobile_reset_margin=&#8221;no&#8221; tablet_reset_margin=&#8221;no&#8221;][vc_single_image image=&#8221;58528&#8243; img_size=&#8221;large&#8221; onclick=&#8221;link_image&#8221; parallax_scroll=&#8221;no&#8221; woodmart_inline=&#8221;no&#8221;][\/vc_column][\/vc_row][vc_row][vc_column]\n\t\t<div id=\"wd-64cc0c3b015a2\" class=\"title-wrapper wd-wpb wd-set-mb reset-last-child  wd-rs-64cc0c3b015a2 wd-title-color-primary wd-title-style-underlined text-center justify  wd-underline-colored\">\n\t\t\t\n\t\t\t<div class=\"liner-continer\">\n\t\t\t\t<h3 class=\"woodmart-title-container title  wd-font-weight-500 wd-fontsize-xl\" >La PRIMAVERA mini - Tende Shabby Chic a Vetro in Lino a Fiori<\/h3>\n\t\t\t\t\t\t\t<\/div>\n\t\t\t\n\t\t\t\n\t\t\t\n\t\t<\/div>\n\t\t\n\t\t[\/vc_column][\/vc_row][vc_row content_placement=&#8221;middle&#8221; woodmart_bg_position=&#8221;center-bottom&#8221; css=&#8221;.vc_custom_1691093975308{background-color: #f3f3f3 !important;background-position: 0 0 !important;background-repeat: no-repeat !important;}&#8221; el_class=&#8221;mobile-bg-img-hidden&#8221; mobile_bg_img_hidden=&#8221;no&#8221; tablet_bg_img_hidden=&#8221;no&#8221; woodmart_parallax=&#8221;0&#8243; woodmart_gradient_switch=&#8221;no&#8221; row_reverse_mobile=&#8221;0&#8243; row_reverse_tablet=&#8221;0&#8243; woodmart_disable_overflow=&#8221;0&#8243; woodmart_css_id=&#8221;64cc0bcf3cbe3&#8243; responsive_spacing=&#8221;eyJwYXJhbV90eXBlIjoid29vZG1hcnRfcmVzcG9uc2l2ZV9zcGFjaW5nIiwic2VsZWN0b3JfaWQiOiI2NGNjMGJjZjNjYmUzIiwic2hvcnRjb2RlIjoidmNfcm93IiwiZGF0YSI6eyJ0YWJsZXQiOnt9LCJtb2JpbGUiOnt9fX0=&#8221; woodmart_box_shadow=&#8221;yes&#8221; wd_box_shadow=&#8221;eyJkZXZpY2VzIjp7ImRlc2t0b3AiOnsiaG9yaXpvbnRhbCI6IjAiLCJ2ZXJ0aWNhbCI6IjAiLCJibHVyIjoiOSIsInNwcmVhZCI6IjAiLCJjb2xvciI6InJnYmEoMCwgMCwgMCwgLjE1KSJ9fX0=&#8221; wd_z_index=&#8221;no&#8221;][vc_column width=&#8221;1\/2&#8243; mobile_bg_img_hidden=&#8221;no&#8221; tablet_bg_img_hidden=&#8221;no&#8221; woodmart_parallax=&#8221;0&#8243; woodmart_sticky_column=&#8221;false&#8221; parallax_scroll=&#8221;no&#8221; mobile_reset_margin=&#8221;no&#8221; tablet_reset_margin=&#8221;no&#8221;][vc_single_image image=&#8221;58485&#8243; img_size=&#8221;full&#8221; alignment=&#8221;center&#8221; onclick=&#8221;link_image&#8221; css=&#8221;&#8221; parallax_scroll=&#8221;no&#8221; woodmart_inline=&#8221;no&#8221;][\/vc_column][vc_column width=&#8221;1\/2&#8243;][vc_single_image image=&#8221;58520&#8243; img_size=&#8221;full&#8221; alignment=&#8221;center&#8221; onclick=&#8221;link_image&#8221; css=&#8221;&#8221; parallax_scroll=&#8221;no&#8221; woodmart_inline=&#8221;no&#8221;][\/vc_column][\/vc_row][vc_row][vc_column]\n\t\t<div id=\"wd-64cc0b9ad75a4\" class=\"title-wrapper wd-wpb wd-set-mb reset-last-child  wd-rs-64cc0b9ad75a4 wd-title-color-primary wd-title-style-underlined text-center justify  wd-underline-colored\">\n\t\t\t\n\t\t\t<div class=\"liner-continer\">\n\t\t\t\t<h3 class=\"woodmart-title-container title  wd-font-weight-500 wd-fontsize-xl\" >LA PRIMAVERA mini \u2013 MOLTO PI\u00f9 DI UNA TENDA A VETRO!<\/h3>\n\t\t\t\t\t\t\t<\/div>\n\t\t\t\n\t\t\t\n\t\t\t\n\t\t<\/div>\n\t\t\n\t\t\t\t<div id=\"wd-669627b81ea35\" class=\"wd-text-block wd-wpb reset-last-child wd-rs-669627b81ea35 text-left \">\n\t\t\t<h3>Caratteristiche<\/h3>\n<ul>\n<li><strong>Stile Unico<\/strong>: Perfette per chi ama il design country e desidera un tocco di charme rustico e romantico.<\/li>\n<li><strong>Materiale di Qualit\u00e0<\/strong>: Realizzate al 100% in lino naturale, una fibra ecologica che garantisce durata e resistenza.<\/li>\n<li><strong>Personalizzazione<\/strong>: Disponibili anche su misura, per adattarsi perfettamente a qualsiasi finestra e soddisfare ogni tua esigenza di arredo.<\/li>\n<\/ul>\n<h3>Vantaggi<\/h3>\n<ul>\n<li><strong>Eco-Friendly<\/strong>: Contribuisci a un mondo pi\u00f9 verde scegliendo materiali sostenibili e naturali.<\/li>\n<li><strong>Durata nel Tempo<\/strong>: Il lino mantiene inalterate le sue caratteristiche, resistendo al passare degli anni senza perdere la sua bellezza.<\/li>\n<li><strong>Versatilit\u00e0<\/strong>: Le nostre tende offrono una gamma di colori e motivi floreali per adattarsi a ogni umore e suggestione, permettendoti di rinnovare l\u2019aspetto della tua casa con semplicit\u00e0 e eleganza.<\/li>\n<\/ul>\n<h3>Perch\u00e9 Sceglierle?<\/h3>\n<p>Per arredare ci vuole stoffa! Le nostre tendine da interni in lino sono la scelta ideale per chi desidera una casa accogliente, elegante e in armonia con la natura. Ogni pezzo \u00e8 prezioso e unico nella sua semplicit\u00e0, pensato per arricchire il tuo ambiente con gusto e raffinatezza.<\/p>\n<h3>Trasforma la Tua Casa<\/h3>\n<p>Regalati una casa eco-friendly e diventa protagonista di un mondo che cambia. Le Tende Shabby Chic a Vetro in Lino a Fiori sono la scelta perfetta per chi cerca un tocco di classe e un impegno concreto verso la sostenibilit\u00e0. Scopri la nostra collezione e lasciati ispirare dalla bellezza del lino naturale.<\/p>\n<p><strong>Acquista Ora e Trasforma la Tua Casa in un\u2019Oasi di Piacere!<\/strong><\/p>\n\t\t<\/div>\n\t\t[\/vc_column][\/vc_row]<\/p>\n<\/div>","protected":false},"excerpt":{"rendered":"<p><strong>La PRIMAVERA mini &#8211; Tende Shabby Chic a Vetro in Lino a fiori<\/strong> per un look Moderno, Semplice e Naturale.<br \/>\n<strong>Una Tendina cos\u00ec bella, cos\u00ec preziosa, cos\u00ec diversa, cos\u00ec colorata!<\/strong><\/p>\n","protected":false},"featured_media":58527,"template":"","meta":[],"product_brand":[],"product_cat":[2411,3094,3092,3869],"product_tag":[],"class_list":{"0":"post-58526","1":"product","2":"type-product","3":"status-publish","4":"has-post-thumbnail","6":"product_cat-tende-a-vetro","7":"product_cat-tende-a-vetro-classiche","8":"product_cat-tende-a-vetro-moderne","9":"product_cat-tende-da-vetro-moderne","11":"first","12":"instock","13":"taxable","14":"shipping-taxable","15":"purchasable","16":"product-type-simple"},"_links":{"self":[{"href":"https:\/\/www.marinigerardi.it\/shop\/wp-json\/wp\/v2\/product\/58526","targetHints":{"allow":["GET"]}}],"collection":[{"href":"https:\/\/www.marinigerardi.it\/shop\/wp-json\/wp\/v2\/product"}],"about":[{"href":"https:\/\/www.marinigerardi.it\/shop\/wp-json\/wp\/v2\/types\/product"}],"wp:featuredmedia":[{"embeddable":true,"href":"https:\/\/www.marinigerardi.it\/shop\/wp-json\/wp\/v2\/media\/58527"}],"wp:attachment":[{"href":"https:\/\/www.marinigerardi.it\/shop\/wp-json\/wp\/v2\/media?parent=58526"}],"wp:term":[{"taxonomy":"product_brand","embeddable":true,"href":"https:\/\/www.marinigerardi.it\/shop\/wp-json\/wp\/v2\/product_brand?post=58526"},{"taxonomy":"product_cat","embeddable":true,"href":"https:\/\/www.marinigerardi.it\/shop\/wp-json\/wp\/v2\/product_cat?post=58526"},{"taxonomy":"product_tag","embeddable":true,"href":"https:\/\/www.marinigerardi.it\/shop\/wp-json\/wp\/v2\/product_tag?post=58526"}],"curies":[{"name":"wp","href":"https:\/\/api.w.org\/{rel}","templated":true}]}}