{"id":58473,"date":"2023-04-05T15:13:36","date_gmt":"2023-04-05T15:13:36","guid":{"rendered":"https:\/\/www.marinigerardi.it\/shop\/?post_type=product&#038;p=58473"},"modified":"2026-03-17T19:35:58","modified_gmt":"2026-03-17T19:35:58","slug":"tende-a-metraggio","status":"publish","type":"product","link":"https:\/\/www.marinigerardi.it\/shop\/prodotto\/tende-a-metraggio\/","title":{"rendered":"La PRIMAVERA &#8211; Tessuto per Tende a Metraggio a fiori per Interni"},"content":{"rendered":"<div class=\"wpb-content-wrapper\"><p>[vc_row equal_height=&#8221;yes&#8221; mobile_bg_img_hidden=&#8221;no&#8221; tablet_bg_img_hidden=&#8221;no&#8221; woodmart_parallax=&#8221;0&#8243; woodmart_gradient_switch=&#8221;no&#8221; row_reverse_mobile=&#8221;0&#8243; row_reverse_tablet=&#8221;0&#8243; woodmart_disable_overflow=&#8221;0&#8243;][vc_column offset=&#8221;vc_col-lg-6 vc_col-md-6&#8243; mobile_bg_img_hidden=&#8221;no&#8221; tablet_bg_img_hidden=&#8221;no&#8221; woodmart_parallax=&#8221;0&#8243; woodmart_sticky_column=&#8221;false&#8221; parallax_scroll=&#8221;no&#8221; mobile_reset_margin=&#8221;no&#8221; tablet_reset_margin=&#8221;no&#8221; css=&#8221;.vc_custom_1613071403480{margin-top: 0px !important;}&#8221;]\n\t\t<div id=\"wd-687e0d7819e06\" class=\"title-wrapper wd-wpb wd-set-mb reset-last-child  wd-rs-687e0d7819e06 wd-title-color-primary wd-title-style-bordered text-left vc_custom_1753091488723 wd-underline-colored\">\n\t\t\t\n\t\t\t<div class=\"liner-continer\">\n\t\t\t\t<h2 class=\"woodmart-title-container title  wd-font-weight-700 wd-fontsize-xl\" >La PRIMAVERA - Tessuto per Tende a Metraggio a fiori per Interni: Eleganza Modernit\u00e0 Freschezza<\/h2>\n\t\t\t\t\t\t\t<\/div>\n\t\t\t\n\t\t\t\n\t\t\t\n\t\t<\/div>\n\t\t\n\t\t\t\t<div id=\"wd-687e0e7e3f215\" class=\"wd-text-block wd-wpb reset-last-child wd-rs-687e0e7e3f215 text-left \">\n\t\t\t<p>Un <a href=\"https:\/\/www.marinigerardi.it\/shop\/prodotto\/tende-a-metraggio\/\">tessuto a metraggio<\/a> Vecchia America in Lino stampato di altissima qualit\u00e0.<br \/>\nUn Tessuto che toglie il respiro, per arricchire e colorare il tuo mondo casa.<br \/>\nMateriali Unici: Ricercati, Disegnati, prodotti in laboratori artigiani altamente qualificati by Marini&amp;Gerardi .<\/p>\n\t\t<\/div>\n\t\t[vc_message message_box_style=&#8221;outline&#8221; message_box_color=&#8221;grey&#8221; css=&#8221;&#8221;]<\/p>\n<ul>\n<li>Tesuuto per Tende a metraggio in Lino &amp; Viscosa a Fiori guache;<\/li>\n<li>Base tenda in 3 colori.<\/li>\n<\/ul>\n<p><strong>Per le misure non incluse<\/strong>, si prega d\u2019inviare il dettaglio della dimensione desiderata all&#8217; indirizzo mail <strong>assistenza@marinigerardi.it<\/strong>[\/vc_message][\/vc_column][vc_column css=&#8221;.vc_custom_1612434787067{background-position: center !important;background-repeat: no-repeat !important;background-size: cover !important;}&#8221; offset=&#8221;vc_col-lg-6 vc_col-md-6&#8243; mobile_bg_img_hidden=&#8221;no&#8221; tablet_bg_img_hidden=&#8221;no&#8221; woodmart_parallax=&#8221;0&#8243; woodmart_sticky_column=&#8221;false&#8221; parallax_scroll=&#8221;no&#8221; mobile_reset_margin=&#8221;no&#8221; tablet_reset_margin=&#8221;no&#8221;][vc_single_image image=&#8221;58479&#8243; img_size=&#8221;large&#8221; alignment=&#8221;center&#8221; style=&#8221;vc_box_shadow&#8221; onclick=&#8221;link_image&#8221; parallax_scroll=&#8221;no&#8221; woodmart_inline=&#8221;no&#8221;][\/vc_column][\/vc_row][vc_row][vc_column]\n\t\t<div id=\"wd-687e0de6bc471\" class=\"title-wrapper wd-wpb wd-set-mb reset-last-child  wd-rs-687e0de6bc471 wd-title-color-default wd-title-style-simple text-center  wd-underline-colored\">\n\t\t\t\n\t\t\t<div class=\"liner-continer\">\n\t\t\t\t<h3 class=\"woodmart-title-container title  wd-font-weight-600 wd-fontsize-l\" >Tende a Metraggio a fiori<\/h3>\n\t\t\t\t\t\t\t<\/div>\n\t\t\t\n\t\t\t\n\t\t\t\n\t\t<\/div>\n\t\t\n\t\t[\/vc_column][\/vc_row][vc_row content_placement=&#8221;middle&#8221; woodmart_bg_position=&#8221;center-bottom&#8221; css=&#8221;.vc_custom_1699098930551{background-color: #f3f3f3 !important;background-position: 0 0 !important;background-repeat: no-repeat !important;}&#8221; el_class=&#8221;mobile-bg-img-hidden&#8221; mobile_bg_img_hidden=&#8221;no&#8221; tablet_bg_img_hidden=&#8221;no&#8221; woodmart_parallax=&#8221;0&#8243; woodmart_gradient_switch=&#8221;no&#8221; row_reverse_mobile=&#8221;0&#8243; row_reverse_tablet=&#8221;0&#8243; woodmart_disable_overflow=&#8221;0&#8243; woodmart_css_id=&#8221;6546312870fcd&#8221; responsive_spacing=&#8221;eyJwYXJhbV90eXBlIjoid29vZG1hcnRfcmVzcG9uc2l2ZV9zcGFjaW5nIiwic2VsZWN0b3JfaWQiOiI2NTQ2MzEyODcwZmNkIiwic2hvcnRjb2RlIjoidmNfcm93IiwiZGF0YSI6eyJ0YWJsZXQiOnt9LCJtb2JpbGUiOnt9fX0=&#8221; woodmart_box_shadow=&#8221;yes&#8221; wd_z_index=&#8221;no&#8221; wd_box_shadow=&#8221;eyJkZXZpY2VzIjp7ImRlc2t0b3AiOnsiaG9yaXpvbnRhbCI6IjAiLCJ2ZXJ0aWNhbCI6IjAiLCJibHVyIjoiOSIsInNwcmVhZCI6IjAiLCJjb2xvciI6InJnYmEoMCwgMCwgMCwgLjE1KSJ9fX0=&#8221;][vc_column mobile_bg_img_hidden=&#8221;no&#8221; tablet_bg_img_hidden=&#8221;no&#8221; woodmart_parallax=&#8221;0&#8243; woodmart_sticky_column=&#8221;false&#8221; parallax_scroll=&#8221;no&#8221; mobile_reset_margin=&#8221;no&#8221; tablet_reset_margin=&#8221;no&#8221;][vc_single_image image=&#8221;58522&#8243; img_size=&#8221;full&#8221; alignment=&#8221;center&#8221; style=&#8221;vc_box_shadow&#8221; onclick=&#8221;link_image&#8221; parallax_scroll=&#8221;no&#8221; woodmart_inline=&#8221;no&#8221;][\/vc_column][\/vc_row][vc_row][vc_column]\n\t\t<div id=\"wd-687e0e158e598\" class=\"title-wrapper wd-wpb wd-set-mb reset-last-child  wd-rs-687e0e158e598 wd-title-color-primary wd-title-style-simple text-center justify  wd-underline-colored\">\n\t\t\t\n\t\t\t<div class=\"liner-continer\">\n\t\t\t\t<h3 class=\"woodmart-title-container title  wd-font-weight-600 wd-fontsize-l\" >La PRIMAVERA - Tessuto per Tende a Metraggio a fiori per Interni<\/h3>\n\t\t\t\t\t\t\t<\/div>\n\t\t\t\n\t\t\t\n\t\t\t\n\t\t<\/div>\n\t\t\n\t\t\t\t<div id=\"wd-687e0e6bcf47a\" class=\"wd-text-block wd-wpb reset-last-child wd-rs-687e0e6bcf47a text-left \">\n\t\t\t<p>Una collezione dal grande impatto visivo dedicata e ispirata alla natura. Un tessuto versatile CON STESURA IMPRESSIONISTA, per case che respirano<strong> ELEGANZA E MODERNITA\u2019<\/strong>.\u00a0 Un <a href=\"https:\/\/www.puro-lino.com\/\" target=\"_blank\" rel=\"noopener nofollow\">tessuto ideale<\/a> per conferire alla tua casa\u00a0<strong>freschezza estetica, stabilit\u00e0, forza e colore.<\/strong><\/p>\n<p><strong>Tende in Puro lino e Viscosa | Vendita al taglio.<\/strong><\/p>\n\t\t<\/div>\n\t\t[\/vc_column][\/vc_row][vc_row css=&#8221;.vc_custom_1699098809870{background-color: #f3f3f3 !important;}&#8221; woodmart_css_id=&#8221;654630aa61815&#8243; responsive_spacing=&#8221;eyJwYXJhbV90eXBlIjoid29vZG1hcnRfcmVzcG9uc2l2ZV9zcGFjaW5nIiwic2VsZWN0b3JfaWQiOiI2NTQ2MzBhYTYxODE1Iiwic2hvcnRjb2RlIjoidmNfcm93IiwiZGF0YSI6eyJ0YWJsZXQiOnt9LCJtb2JpbGUiOnt9fX0=&#8221; mobile_bg_img_hidden=&#8221;no&#8221; tablet_bg_img_hidden=&#8221;no&#8221; woodmart_parallax=&#8221;0&#8243; woodmart_gradient_switch=&#8221;no&#8221; woodmart_box_shadow=&#8221;yes&#8221; wd_z_index=&#8221;no&#8221; woodmart_disable_overflow=&#8221;0&#8243; row_reverse_mobile=&#8221;0&#8243; row_reverse_tablet=&#8221;0&#8243; wd_box_shadow=&#8221;eyJkZXZpY2VzIjp7ImRlc2t0b3AiOnsiaG9yaXpvbnRhbCI6IjAiLCJ2ZXJ0aWNhbCI6IjAiLCJibHVyIjoiOSIsInNwcmVhZCI6IjAiLCJjb2xvciI6InJnYmEoMCwgMCwgMCwgLjE1KSJ9fX0=&#8221;][vc_column][vc_single_image image=&#8221;58485&#8243; img_size=&#8221;full&#8221; alignment=&#8221;center&#8221; style=&#8221;vc_box_shadow&#8221; onclick=&#8221;link_image&#8221; parallax_scroll=&#8221;no&#8221; woodmart_inline=&#8221;no&#8221;][\/vc_column][\/vc_row][vc_row][vc_column]\t\t<div id=\"wd-687e0f7f85808\" class=\"wd-text-block wd-wpb reset-last-child wd-rs-687e0f7f85808 text-left \">\n\t\t\t<h3>I nostri consigli per valorizzare ogni ambiente<\/h3>\n<p>Scegliere il giusto tessuto e il tipo di tendaggio adatto \u00e8 il primo passo per esaltare la bellezza di uno spazio. Ogni ambiente ha la sua personalit\u00e0, e va interpretato con gusto, armonia e attenzione ai dettagli. La qualit\u00e0 dei materiali \u00e8 fondamentale, cos\u00ec come la cura nelle finiture: sono proprio questi elementi a fare la differenza tra un ambiente semplicemente arredato e uno davvero speciale. Affidati all\u2019esperienza di Marini &amp; Gerardi, sempre al tuo fianco per creare soluzioni su misura e dallo stile inconfondibile.3<\/p>\n\t\t<\/div>\n\t\t[\/vc_column][\/vc_row]<\/p>\n<\/div>","protected":false},"excerpt":{"rendered":"<p><strong>La PRIMAVERA un omaggio alla Bellezza &#8211; Tende a Metraggio a fiori per Interni<\/strong> Un Tessuto Lino &amp; Viscosa che combina con grande sensibilit\u00e0 colori e natura con una stesura Impressionista.<\/p>\n","protected":false},"featured_media":58476,"template":"","meta":[],"product_brand":[],"product_cat":[1501,62,1216],"product_tag":[],"class_list":{"0":"post-58473","1":"product","2":"type-product","3":"status-publish","4":"has-post-thumbnail","6":"product_cat-tende","7":"product_cat-tende-in-lino","8":"product_cat-tende-shabby-chic","10":"first","11":"instock","12":"taxable","13":"shipping-taxable","14":"purchasable","15":"product-type-simple"},"_links":{"self":[{"href":"https:\/\/www.marinigerardi.it\/shop\/wp-json\/wp\/v2\/product\/58473","targetHints":{"allow":["GET"]}}],"collection":[{"href":"https:\/\/www.marinigerardi.it\/shop\/wp-json\/wp\/v2\/product"}],"about":[{"href":"https:\/\/www.marinigerardi.it\/shop\/wp-json\/wp\/v2\/types\/product"}],"wp:featuredmedia":[{"embeddable":true,"href":"https:\/\/www.marinigerardi.it\/shop\/wp-json\/wp\/v2\/media\/58476"}],"wp:attachment":[{"href":"https:\/\/www.marinigerardi.it\/shop\/wp-json\/wp\/v2\/media?parent=58473"}],"wp:term":[{"taxonomy":"product_brand","embeddable":true,"href":"https:\/\/www.marinigerardi.it\/shop\/wp-json\/wp\/v2\/product_brand?post=58473"},{"taxonomy":"product_cat","embeddable":true,"href":"https:\/\/www.marinigerardi.it\/shop\/wp-json\/wp\/v2\/product_cat?post=58473"},{"taxonomy":"product_tag","embeddable":true,"href":"https:\/\/www.marinigerardi.it\/shop\/wp-json\/wp\/v2\/product_tag?post=58473"}],"curies":[{"name":"wp","href":"https:\/\/api.w.org\/{rel}","templated":true}]}}