{"id":57767,"date":"2023-03-22T10:39:45","date_gmt":"2023-03-22T10:39:45","guid":{"rendered":"https:\/\/www.marinigerardi.it\/shop\/?post_type=product&#038;p=57767"},"modified":"2025-02-02T17:50:30","modified_gmt":"2025-02-02T17:50:30","slug":"mojave-sp-lenzuola-una-piazza-e-mezza-140x200-vendita-online-sopra","status":"publish","type":"product","link":"https:\/\/www.marinigerardi.it\/shop\/prodotto\/mojave-sp-lenzuola-una-piazza-e-mezza-140x200-vendita-online-sopra\/","title":{"rendered":"MOJAVE &#8211; Lenzuola una Piazza e Mezza 140&#215;200 cm \/ Sopra"},"content":{"rendered":"<div class=\"wpb-content-wrapper\"><p>[vc_row equal_height=&#8221;yes&#8221; mobile_bg_img_hidden=&#8221;no&#8221; tablet_bg_img_hidden=&#8221;no&#8221; woodmart_parallax=&#8221;0&#8243; woodmart_gradient_switch=&#8221;no&#8221; row_reverse_mobile=&#8221;0&#8243; row_reverse_tablet=&#8221;0&#8243; woodmart_disable_overflow=&#8221;0&#8243; woodmart_css_id=&#8221;61d6cac1cbbae&#8221; woodmart_box_shadow=&#8221;no&#8221; wd_z_index=&#8221;no&#8221;][vc_column offset=&#8221;vc_col-lg-6 vc_col-md-6&#8243; mobile_bg_img_hidden=&#8221;no&#8221; tablet_bg_img_hidden=&#8221;no&#8221; woodmart_parallax=&#8221;0&#8243; woodmart_sticky_column=&#8221;false&#8221; parallax_scroll=&#8221;no&#8221; mobile_reset_margin=&#8221;no&#8221; tablet_reset_margin=&#8221;no&#8221; woodmart_css_id=&#8221;61d6cab78a0cd&#8221; wd_collapsible_content_switcher=&#8221;no&#8221; woodmart_box_shadow=&#8221;no&#8221; wd_z_index=&#8221;no&#8221;]\n\t\t<div id=\"wd-641adc6bec4f2\" class=\"title-wrapper wd-wpb wd-set-mb reset-last-child  wd-rs-641adc6bec4f2 wd-title-color-primary wd-title-style-bordered text-left vc_custom_1679482011067 wd-underline-colored\">\n\t\t\t\n\t\t\t<div class=\"liner-continer\">\n\t\t\t\t<h2 class=\"woodmart-title-container title  wd-font-weight-500 wd-fontsize-l\" >MOJAVE - Lenzuola una Piazza e Mezza 140x200 in Puro Lino vendita online<\/h2>\n\t\t\t\t\t\t\t<\/div>\n\t\t\t\n\t\t\t\t\t\t\t<div class=\"title-after_title reset-last-child  wd-fontsize-xs\">Lenzuolo Sopra in tessuto puro lino stropicciato di primissima qualit\u00e0 Italiana. Per noi questo \u00e8 il vero aspetto della biancheria casa ! Comfort, Lusso, ma anche una certa Informalit\u00e0.<\/div>\n\t\t\t\n\t\t\t\n\t\t<\/div>\n\t\t\n\t\t[vc_message message_box_style=&#8221;outline&#8221; message_box_color=&#8221;mulled_wine&#8221;]<span class=\"a-list-item\"><a href=\"https:\/\/www.marinigerardi.it\/shop\/prodotto\/mojave-sp-lenzuola-una-piazza-e-mezza-140x200-vendita-online-sopra\/\">Questa offerta include<\/a> solo <strong>un lenzuolo sopra<\/strong>. Se avete bisogno di lenzuolo sotto, si prega di ricercare: \u2192\u00a0<a href=\"https:\/\/www.marinigerardi.it\/shop\/prodotto\/lenzuolo-sotto-in-puro-lino-italiano\/\"><strong> Mojave Lenzuolo Sotto<\/strong><\/a>, se vi servono le federe, si prega di ricercare: \u2192\u00a0 <strong><a href=\"https:\/\/www.marinigerardi.it\/shop\/prodotto\/federe-cuscini-letto-lino-lavato\/\">Mojave Federe letto<\/a>. <\/strong>Se avete bisogno di altre misure o combinazioni contattateci a: <strong>assistenza@marinigerardi.it <\/strong><\/span>[\/vc_message]<div id=\"wd-61d6c39036d88\" class=\" wd-rs-61d6c39036d88  wd-button-wrapper text-left\"><a href=\"https:\/\/www.marinigerardi.it\/shop\/guida-misure-per-la-biancheria-letto\/\" title=\"GUIDA MISURE PER LA BIANCHERIA LETTO\" target=\"_blank\" class=\"btn btn-style-link btn-shape-rectangle btn-size-default btn-icon-pos-left\">GUIDA MISURE PER LA BIANCHERIA LETTO<span class=\"wd-btn-icon\"><span class=\"wd-icon far fa-arrow-alt-circle-right\"><\/span><\/span><\/a><\/div>[\/vc_column][vc_column css=&#8221;.vc_custom_1612434787067{background-position: center !important;background-repeat: no-repeat !important;background-size: cover !important;}&#8221; offset=&#8221;vc_col-lg-6 vc_col-md-6&#8243; mobile_bg_img_hidden=&#8221;no&#8221; tablet_bg_img_hidden=&#8221;no&#8221; woodmart_parallax=&#8221;0&#8243; woodmart_sticky_column=&#8221;false&#8221; parallax_scroll=&#8221;no&#8221; mobile_reset_margin=&#8221;no&#8221; tablet_reset_margin=&#8221;no&#8221;][vc_single_image image=&#8221;11587&#8243; img_size=&#8221;large&#8221; alignment=&#8221;center&#8221; onclick=&#8221;link_image&#8221; parallax_scroll=&#8221;no&#8221; woodmart_inline=&#8221;no&#8221;][\/vc_column][\/vc_row][vc_row woodmart_css_id=&#8221;61d6ca9647e4a&#8221; mobile_bg_img_hidden=&#8221;no&#8221; tablet_bg_img_hidden=&#8221;no&#8221; woodmart_parallax=&#8221;0&#8243; woodmart_gradient_switch=&#8221;no&#8221; woodmart_box_shadow=&#8221;no&#8221; wd_z_index=&#8221;no&#8221; woodmart_disable_overflow=&#8221;0&#8243; row_reverse_mobile=&#8221;0&#8243; row_reverse_tablet=&#8221;0&#8243;][vc_column][vc_text_separator title=&#8221;Lenzuola in Lino e Biancheria Letto&#8221;]\n\t\t<div id=\"wd-66cfa6354386a\" class=\"title-wrapper wd-wpb wd-set-mb reset-last-child  wd-rs-66cfa6354386a wd-title-color-default wd-title-style-default text-center  wd-underline-colored\">\n\t\t\t\n\t\t\t<div class=\"liner-continer\">\n\t\t\t\t<h2 class=\"woodmart-title-container title  wd-font-weight- wd-fontsize-l\" >Lenzuola una Piazza e Mezza 140x200 cm<\/h2>\n\t\t\t\t\t\t\t<\/div>\n\t\t\t\n\t\t\t\n\t\t\t\n\t\t<\/div>\n\t\t\n\t\t[\/vc_column][\/vc_row][vc_row content_placement=&#8221;middle&#8221; woodmart_bg_position=&#8221;center-bottom&#8221; css=&#8221;.vc_custom_1612561188989{background-color: #e5e5e5 !important;background-position: 0 0 !important;background-repeat: no-repeat !important;}&#8221; el_class=&#8221;mobile-bg-img-hidden&#8221; mobile_bg_img_hidden=&#8221;no&#8221; tablet_bg_img_hidden=&#8221;no&#8221; woodmart_parallax=&#8221;0&#8243; woodmart_gradient_switch=&#8221;no&#8221; row_reverse_mobile=&#8221;0&#8243; row_reverse_tablet=&#8221;0&#8243; woodmart_disable_overflow=&#8221;0&#8243;][vc_column width=&#8221;1\/2&#8243; mobile_bg_img_hidden=&#8221;no&#8221; tablet_bg_img_hidden=&#8221;no&#8221; woodmart_parallax=&#8221;0&#8243; woodmart_sticky_column=&#8221;false&#8221; parallax_scroll=&#8221;no&#8221; mobile_reset_margin=&#8221;no&#8221; tablet_reset_margin=&#8221;no&#8221;][vc_single_image image=&#8221;11595&#8243; img_size=&#8221;full&#8221; alignment=&#8221;center&#8221; style=&#8221;vc_box_shadow&#8221; parallax_scroll=&#8221;no&#8221; woodmart_inline=&#8221;no&#8221;][\/vc_column][vc_column width=&#8221;1\/2&#8243; css=&#8221;.vc_custom_1535101510463{margin-top: 4vh !important;padding-top: 0px !important;}&#8221;]\n\t\t<div id=\"wd-641adca134a02\" class=\"title-wrapper wd-wpb wd-set-mb reset-last-child  wd-rs-641adca134a02 wd-title-color-primary wd-title-style-bordered text-left justify  wd-underline-colored\">\n\t\t\t\t\t\t\t\n\t\t\t\t<div class=\"title-subtitle  subtitle-color-primary font-alt subtitle-style-default wd-font-weight- wd-fontsize-xs\">Lenzuola Stropicciata no stiro<\/div>\n\t\t\t\n\t\t\t<div class=\"liner-continer\">\n\t\t\t\t<h3 class=\"woodmart-title-container title  wd-font-weight-400 wd-fontsize-l\" >MOJAVE - Lenzuola una Piazza e Mezza 140x200 in Puro Lino vendita online - Il letto di tradizione tutta Italiana!<\/h3>\n\t\t\t\t\t\t\t<\/div>\n\t\t\t\n\t\t\t\n\t\t\t\n\t\t<\/div>\n\t\t\n\t\t[vc_column_text text_larger=&#8221;no&#8221; woodmart_inline=&#8221;no&#8221;]Scegliete\u00a0<b>lenzuola matrimoniali <\/b>in grado di soddisfare le vostre esigenze. Stile minimal con nuance chiare o colori vivaci che seguono il trend contemporaneo. <b>Lenzuola di altissima qualit\u00e0 Made in Italy<\/b>, realizzate con materiali pregiatissimi in sartoria, frutto della nostra esperienza trentennale.[\/vc_column_text][\/vc_column][\/vc_row]<\/p>\n<\/div>","protected":false},"excerpt":{"rendered":"<p><strong>MOJAVE &#8211; Lenzuola una Piazza e Mezza 140&#215;200 vendita online<\/strong> &#8211; Lenzuola piane (sopra) confezionate con tessuto di lino di primissima qualit\u00e0, che combina la sensazione di lusso della biancheria con il familiare comfort del tradizionale letto della nonna.<\/p>\n","protected":false},"featured_media":57768,"template":"","meta":[],"product_brand":[],"product_cat":[3154,3155,3134,3223],"product_tag":[506,1603],"class_list":{"0":"post-57767","1":"product","2":"type-product","3":"status-publish","4":"has-post-thumbnail","6":"product_cat-biancheria-da-letto","7":"product_cat-lenzuole","8":"product_cat-lenzuola-una-piazza-e-mezza","9":"product_cat-lenzuolo-sopra-una-piazza-e-mezza","10":"product_tag-lenzuola","11":"product_tag-lenzuola-sopra","13":"first","14":"instock","15":"taxable","16":"shipping-taxable","17":"purchasable","18":"product-type-simple"},"_links":{"self":[{"href":"https:\/\/www.marinigerardi.it\/shop\/wp-json\/wp\/v2\/product\/57767","targetHints":{"allow":["GET"]}}],"collection":[{"href":"https:\/\/www.marinigerardi.it\/shop\/wp-json\/wp\/v2\/product"}],"about":[{"href":"https:\/\/www.marinigerardi.it\/shop\/wp-json\/wp\/v2\/types\/product"}],"wp:featuredmedia":[{"embeddable":true,"href":"https:\/\/www.marinigerardi.it\/shop\/wp-json\/wp\/v2\/media\/57768"}],"wp:attachment":[{"href":"https:\/\/www.marinigerardi.it\/shop\/wp-json\/wp\/v2\/media?parent=57767"}],"wp:term":[{"taxonomy":"product_brand","embeddable":true,"href":"https:\/\/www.marinigerardi.it\/shop\/wp-json\/wp\/v2\/product_brand?post=57767"},{"taxonomy":"product_cat","embeddable":true,"href":"https:\/\/www.marinigerardi.it\/shop\/wp-json\/wp\/v2\/product_cat?post=57767"},{"taxonomy":"product_tag","embeddable":true,"href":"https:\/\/www.marinigerardi.it\/shop\/wp-json\/wp\/v2\/product_tag?post=57767"}],"curies":[{"name":"wp","href":"https:\/\/api.w.org\/{rel}","templated":true}]}}