{"id":57750,"date":"2023-03-22T07:08:40","date_gmt":"2023-03-22T07:08:40","guid":{"rendered":"https:\/\/www.marinigerardi.it\/shop\/?post_type=product&#038;p=57750"},"modified":"2024-08-28T22:48:03","modified_gmt":"2024-08-28T22:48:03","slug":"lenzuola-una-piazza-e-mezza-misure","status":"publish","type":"product","link":"https:\/\/www.marinigerardi.it\/shop\/prodotto\/lenzuola-una-piazza-e-mezza-misure\/","title":{"rendered":"BRIS sp &#8211; Lenzuola una Piazza e Mezza misure | Sopra"},"content":{"rendered":"<div class=\"wpb-content-wrapper\"><p>[vc_row equal_height=&#8221;yes&#8221; mobile_bg_img_hidden=&#8221;no&#8221; tablet_bg_img_hidden=&#8221;no&#8221; woodmart_parallax=&#8221;0&#8243; woodmart_gradient_switch=&#8221;no&#8221; row_reverse_mobile=&#8221;0&#8243; row_reverse_tablet=&#8221;0&#8243; woodmart_disable_overflow=&#8221;0&#8243;][vc_column offset=&#8221;vc_col-lg-6 vc_col-md-6&#8243; mobile_bg_img_hidden=&#8221;no&#8221; tablet_bg_img_hidden=&#8221;no&#8221; woodmart_parallax=&#8221;0&#8243; woodmart_sticky_column=&#8221;false&#8221; parallax_scroll=&#8221;no&#8221; mobile_reset_margin=&#8221;no&#8221; tablet_reset_margin=&#8221;no&#8221; css=&#8221;.vc_custom_1613071403480{margin-top: 0px !important;}&#8221;]\n\t\t<div id=\"wd-641aaabe8956b\" class=\"title-wrapper wd-wpb wd-set-mb reset-last-child  wd-rs-641aaabe8956b wd-title-color-primary wd-title-style-bordered text-left vc_custom_1679469269430 wd-underline-colored\">\n\t\t\t\n\t\t\t<div class=\"liner-continer\">\n\t\t\t\t<h2 class=\"woodmart-title-container title  wd-font-weight-500 wd-fontsize-l\" >BRIS - Lenzuola una Piazza e Mezza misure in cotone leggermente stropicciato | Sopra in Tinta Unita<\/h2>\n\t\t\t\t\t\t\t<\/div>\n\t\t\t\n\t\t\t\n\t\t\t\n\t\t<\/div>\n\t\t\n\t\t\t\t<div id=\"wd-66cfa8be2f5d3\" class=\"wd-text-block wd-wpb reset-last-child wd-rs-66cfa8be2f5d3 text-left \">\n\t\t\t<p>Le <a href=\"https:\/\/lenzuola.eu\/\" target=\"_blank\" rel=\"noopener nofollow\">Lenzuola<\/a> una Piazza e Mezza misure<strong> in Cotone NO STIRO<\/strong> sono di manifattura artigianale realizzate con il tessuto <span style=\"color: #3366ff;\"><a style=\"color: #3366ff;\" href=\"https:\/\/www.marinigerardi.it\/shop\/prodotto\/eolo-tessuto-di-cotone-stropicciato-delave-per-lenzuola\/\"><strong>Eolo<\/strong> 100% cotone<\/a><\/span>\u00a0 di primissima qualit\u00e0, leggermente Stropicciato, Delav\u00e8, per una morbida emozione sul tuo corpo. Un soffio di luce dal fascino mediterraneo:<strong> il tuo letto sar\u00e0 sempre splendido e protagonista della bella stagione.<\/strong><\/p>\n\t\t<\/div>\n\t\t[vc_message message_box_style=&#8221;outline&#8221; message_box_color=&#8221;grey&#8221; css=&#8221;.vc_custom_1724885229701{margin-top: 0px !important;}&#8221;]<\/p>\n<p style=\"text-align: left;\"><span class=\"a-list-item\"><a href=\"https:\/\/www.marinigerardi.it\/shop\/prodotto\/lenzuola-una-piazza-e-mezza-misure\/\">Questa offerta include<\/a> solo <strong>un lenzuolo sopra<\/strong>. <strong><span style=\"color: #0000ff;\"><a style=\"color: #0000ff;\" href=\"https:\/\/www.marinigerardi.it\/shop\/prodotto\/bris-set-lenzuola-matrimoniali-in-cotone-stropicciato-vintage\/\">Vedi Set Lenzuola completo Letto<\/a><\/span><\/strong><br \/>\nSe avete necessit\u00e0 di altre misure contattate: <strong>assistenza@marinigerardi.it <\/strong><\/span><\/p>\n<p>[\/vc_message][vc_row_inner][vc_column_inner width=&#8221;1\/2&#8243;][vc_empty_space height=&#8221;15px&#8221; woodmart_hide_large=&#8221;0&#8243; woodmart_hide_medium=&#8221;0&#8243; woodmart_hide_small=&#8221;0&#8243;]<div id=\"wd-641acde00791c\" class=\" wd-rs-641acde00791c  wd-button-wrapper text-left\"><a href=\"https:\/\/www.marinigerardi.it\/shop\/prodotto\/lenzuola-per-una-piazza-e-mezza-120x190\/\" title=\"Compra Lenzuola Sotto\" class=\"btn btn-style-default btn-shape-rectangle btn-size-small btn-icon-pos-right\">Vai: Lenzuolo Sotto<span class=\"wd-btn-icon\"><span class=\"wd-icon fas fa-arrow-right\"><\/span><\/span><\/a><\/div>[\/vc_column_inner][vc_column_inner width=&#8221;1\/2&#8243;][vc_empty_space height=&#8221;15px&#8221; woodmart_hide_large=&#8221;0&#8243; woodmart_hide_medium=&#8221;0&#8243; woodmart_hide_small=&#8221;0&#8243;]<div id=\"wd-641ab131b590d\" class=\" wd-rs-641ab131b590d  wd-button-wrapper text-left\"><a href=\"https:\/\/www.marinigerardi.it\/shop\/guida-misure-per-la-biancheria-letto\/\" title=\"GUIDA MISURE PER LA BIANCHERIA LETTO\" target=\"_blank\" class=\"btn btn-color-alt btn-style-default btn-shape-rectangle btn-size-small btn-icon-pos-left\">GUIDA MISURE BIANCHERIA LETTO<span class=\"wd-btn-icon\"><span class=\"wd-icon far fa-arrow-alt-circle-right\"><\/span><\/span><\/a><\/div>[\/vc_column_inner][\/vc_row_inner][vc_empty_space woodmart_hide_large=&#8221;0&#8243; woodmart_hide_medium=&#8221;0&#8243; woodmart_hide_small=&#8221;0&#8243;][\/vc_column][vc_column css=&#8221;.vc_custom_1612434787067{background-position: center !important;background-repeat: no-repeat !important;background-size: cover !important;}&#8221; offset=&#8221;vc_col-lg-6 vc_col-md-6&#8243; mobile_bg_img_hidden=&#8221;no&#8221; tablet_bg_img_hidden=&#8221;no&#8221; woodmart_parallax=&#8221;0&#8243; woodmart_sticky_column=&#8221;false&#8221; parallax_scroll=&#8221;no&#8221; mobile_reset_margin=&#8221;no&#8221; tablet_reset_margin=&#8221;no&#8221;][vc_single_image image=&#8221;37542&#8243; img_size=&#8221;large&#8221; alignment=&#8221;center&#8221; style=&#8221;vc_box_shadow&#8221; onclick=&#8221;link_image&#8221; parallax_scroll=&#8221;no&#8221; woodmart_inline=&#8221;no&#8221;][\/vc_column][\/vc_row][vc_row][vc_column]\n\t\t<div id=\"wd-66cfa90e5e853\" class=\"title-wrapper wd-wpb wd-set-mb reset-last-child  wd-rs-66cfa90e5e853 wd-title-color-default wd-title-style-default text-center  wd-underline-colored\">\n\t\t\t\n\t\t\t<div class=\"liner-continer\">\n\t\t\t\t<h2 class=\"woodmart-title-container title  wd-font-weight- wd-fontsize-l\" >Lenzuola una Piazza e Mezza misure<\/h2>\n\t\t\t\t\t\t\t<\/div>\n\t\t\t\n\t\t\t\n\t\t\t\n\t\t<\/div>\n\t\t\n\t\t[\/vc_column][\/vc_row][vc_row css=&#8221;.vc_custom_1679470642962{background-color: #f3f3f3 !important;}&#8221; woodmart_css_id=&#8221;641ab0274ec63&#8243; responsive_spacing=&#8221;eyJwYXJhbV90eXBlIjoid29vZG1hcnRfcmVzcG9uc2l2ZV9zcGFjaW5nIiwic2VsZWN0b3JfaWQiOiI2NDFhYjAyNzRlYzYzIiwic2hvcnRjb2RlIjoidmNfcm93IiwiZGF0YSI6eyJ0YWJsZXQiOnt9LCJtb2JpbGUiOnt9fX0=&#8221; mobile_bg_img_hidden=&#8221;no&#8221; tablet_bg_img_hidden=&#8221;no&#8221; woodmart_parallax=&#8221;0&#8243; woodmart_gradient_switch=&#8221;no&#8221; woodmart_box_shadow=&#8221;no&#8221; wd_z_index=&#8221;no&#8221; woodmart_disable_overflow=&#8221;0&#8243; row_reverse_mobile=&#8221;0&#8243; row_reverse_tablet=&#8221;0&#8243;][vc_column][vc_column_text woodmart_inline=&#8221;no&#8221; text_larger=&#8221;no&#8221;]Misure:<strong> LENZUOLO PIANO \/ SOPRA<\/strong><\/p>\n<table style=\"border-collapse: collapse; width: 100%; height: 50px;\">\n<tbody>\n<tr style=\"height: 12px;\">\n<td style=\"width: 16.4353%; height: 12px;\"><strong>MATERASSO<\/strong><\/td>\n<td style=\"width: 8.71207%; height: 12px;\"><strong>LETTO<\/strong><\/td>\n<td style=\"width: 17.3575%; height: 12px;\"><strong>LENZUOLO SOPRA \/ PIANO<br \/>\n<\/strong><\/td>\n<\/tr>\n<tr style=\"height: 24px;\">\n<td style=\"width: 16.4353%; height: 12px;\">120 \u00d7 190\/200 + altezza 20\/30 cm<\/td>\n<td style=\"width: 8.71207%; height: 12px;\"><strong>Piazza e Mezza<\/strong> :<\/td>\n<td style=\"width: 17.3575%; height: 12px;\">200 \u00d7 270 cm<\/td>\n<\/tr>\n<tr style=\"height: 24px;\">\n<td style=\"width: 16.4353%; height: 12px;\">140 \u00d7 190\/200 + altezza 20\/30 cm<\/td>\n<td style=\"width: 8.71207%; height: 12px;\"><strong>Francese<\/strong> :<\/td>\n<td style=\"width: 17.3575%; height: 12px;\">220 \u00d7 270 cm<\/td>\n<\/tr>\n<\/tbody>\n<\/table>\n<p>[\/vc_column_text][\/vc_column][\/vc_row][vc_row content_placement=&#8221;middle&#8221; woodmart_bg_position=&#8221;center-bottom&#8221; css=&#8221;.vc_custom_1691946569167{background-color: #f3f3f3 !important;background-position: 0 0 !important;background-repeat: no-repeat !important;}&#8221; el_class=&#8221;mobile-bg-img-hidden&#8221; mobile_bg_img_hidden=&#8221;no&#8221; tablet_bg_img_hidden=&#8221;no&#8221; woodmart_parallax=&#8221;0&#8243; woodmart_gradient_switch=&#8221;no&#8221; row_reverse_mobile=&#8221;0&#8243; row_reverse_tablet=&#8221;0&#8243; woodmart_disable_overflow=&#8221;0&#8243; woodmart_css_id=&#8221;64d90e3d3cb14&#8243; responsive_spacing=&#8221;eyJwYXJhbV90eXBlIjoid29vZG1hcnRfcmVzcG9uc2l2ZV9zcGFjaW5nIiwic2VsZWN0b3JfaWQiOiI2NGQ5MGUzZDNjYjE0Iiwic2hvcnRjb2RlIjoidmNfcm93IiwiZGF0YSI6eyJ0YWJsZXQiOnt9LCJtb2JpbGUiOnt9fX0=&#8221; woodmart_box_shadow=&#8221;yes&#8221; wd_box_shadow=&#8221;eyJkZXZpY2VzIjp7ImRlc2t0b3AiOnsiaG9yaXpvbnRhbCI6IjAiLCJ2ZXJ0aWNhbCI6IjAiLCJibHVyIjoiOSIsInNwcmVhZCI6IjAiLCJjb2xvciI6InJnYmEoMCwgMCwgMCwgLjE1KSJ9fX0=&#8221; wd_z_index=&#8221;no&#8221;][vc_column mobile_bg_img_hidden=&#8221;no&#8221; tablet_bg_img_hidden=&#8221;no&#8221; woodmart_parallax=&#8221;0&#8243; woodmart_sticky_column=&#8221;false&#8221; parallax_scroll=&#8221;no&#8221; mobile_reset_margin=&#8221;no&#8221; tablet_reset_margin=&#8221;no&#8221;][vc_single_image image=&#8221;37545&#8243; img_size=&#8221;full&#8221; alignment=&#8221;center&#8221; onclick=&#8221;link_image&#8221; parallax_scroll=&#8221;no&#8221; woodmart_inline=&#8221;no&#8221;][\/vc_column][\/vc_row][vc_row][vc_column]\n\t\t<div id=\"wd-64d90dad7b99e\" class=\"title-wrapper wd-wpb wd-set-mb reset-last-child  wd-rs-64d90dad7b99e wd-title-color-primary wd-title-style-underlined text-center justify  wd-underline-colored\">\n\t\t\t\t\t\t\t\n\t\t\t\t<div class=\"title-subtitle  subtitle-color-primary font-alt subtitle-style-default wd-font-weight- wd-fontsize-xs\">Biancheria Casa in Cotone Home Fashion Marini&amp;Gerardi<\/div>\n\t\t\t\n\t\t\t<div class=\"liner-continer\">\n\t\t\t\t<h3 class=\"woodmart-title-container title  wd-font-weight-500 wd-fontsize-xl\" >BRIS - Lenzuola una Piazza e Mezza misure in cotone leggermente stropicciato | Sopra in Tinta Unita - Qualit\u00e0 Italiana.<\/h3>\n\t\t\t\t\t\t\t<\/div>\n\t\t\t\n\t\t\t\n\t\t\t\n\t\t<\/div>\n\t\t\n\t\t[vc_column_text text_larger=&#8221;no&#8221; woodmart_inline=&#8221;no&#8221;]<\/p>\n<p style=\"text-align: justify;\"><strong>Sei pronto per trasformare il tuo letto in un\u2019oasi di relax e raffinatezza?<\/strong> Le nostre lenzuola in cotone NO STIRO sono il risultato di un\u2019arte artigianale impeccabile, confezionate utilizzando il pregiato tessuto Eolo: 100% cotone italiano di altissima qualit\u00e0. Il leggero effetto stropicciato dona un tocco vintage e una sensazione di morbidezza sublime sulla tua pelle, avvolgendoti in un abbraccio di comfort.<br \/>\n<strong>Immagina il tuo letto come protagonista assoluto della tua casa, <\/strong>illuminato da una luce mediterranea. Le BRIS Lenzuola sono progettate per trasformare il tuo spazio in un rifugio accogliente e invitante. Il tessuto in cotone, speciale e versatile, si adatta perfettamente a qualsiasi ambiente con un tocco contemporaneo.<br \/>\n<strong>La nostra vasta gamma di colori,<\/strong> che spazia dai toni classici a quelli pi\u00f9 vivaci, ti offre la possibilit\u00e0 di personalizzare la tua esperienza di sonno e stile. Dagli accenti chiari e delicati a quelli intensi e vibranti, troverai sicuramente la tonalit\u00e0 perfetta per esprimere la tua personalit\u00e0 e creare un\u2019atmosfera unica nella tua stanza.<br \/>\n<strong>Il tessuto naturale delle nostre lenzuola si presta a combinazioni di ogni tipo,<\/strong> infondendo un\u2019eleganza senza tempo nell\u2019ambiente. L\u2019effetto morbido e piacevole sulla pelle rende ogni momento a letto un\u2019esperienza lussuosa. Questa \u00e8 la reinterpretazione sofisticata e moderna di un tessuto tradizionale, che aggiunger\u00e0 un tocco di classe al tuo spazio.<br \/>\n<strong>Non preoccuparti della manutenzione!<\/strong> Le nostre lenzuola in cotone sono facili da lavare in lavatrice, garantendo che rimangano belle e preziose nel tempo. <strong>Con il marchio Marini&amp;Gerardi, porta a casa una tradizione di qualit\u00e0 e l\u2019opportunit\u00e0 di personalizzare i tuoi acquisti con il nostro laboratorio su misura.<\/strong><\/p>\n<p style=\"text-align: justify;\"><strong>Scegli BRIS Lenzuola per una Piazza e Mezza in Cotone leggermente stropicciato: <\/strong>l\u2019eccellenza artigianale incontrer\u00e0 il tuo desiderio di comfort e stile senza pari. Rendi il tuo letto un rifugio di lusso e scopri la bellezza di un sonno riposante e ristoratore.<\/p>\n<p>[\/vc_column_text][\/vc_column][\/vc_row]<\/p>\n<\/div>","protected":false},"excerpt":{"rendered":"<p><strong>BRIS &#8211; Lenzuola una Piazza e Mezza misure in cotone | Sopra in Tinta Unita <\/strong> in tessuto di <strong>Cotone<\/strong> Elegante, fresco, <strong>leggermente Stropicciato dal sapore Vintage<\/strong> di primissima qualit\u00e0 Italiana. Tessuto (<strong>No Stiro)<\/strong> che puoi anche stirare.<\/p>\n","protected":false},"featured_media":57752,"template":"","meta":[],"product_brand":[],"product_cat":[3154,3155,3134,3223],"product_tag":[506],"class_list":{"0":"post-57750","1":"product","2":"type-product","3":"status-publish","4":"has-post-thumbnail","6":"product_cat-biancheria-da-letto","7":"product_cat-lenzuole","8":"product_cat-lenzuola-una-piazza-e-mezza","9":"product_cat-lenzuolo-sopra-una-piazza-e-mezza","10":"product_tag-lenzuola","12":"first","13":"instock","14":"taxable","15":"shipping-taxable","16":"purchasable","17":"product-type-simple"},"_links":{"self":[{"href":"https:\/\/www.marinigerardi.it\/shop\/wp-json\/wp\/v2\/product\/57750","targetHints":{"allow":["GET"]}}],"collection":[{"href":"https:\/\/www.marinigerardi.it\/shop\/wp-json\/wp\/v2\/product"}],"about":[{"href":"https:\/\/www.marinigerardi.it\/shop\/wp-json\/wp\/v2\/types\/product"}],"wp:featuredmedia":[{"embeddable":true,"href":"https:\/\/www.marinigerardi.it\/shop\/wp-json\/wp\/v2\/media\/57752"}],"wp:attachment":[{"href":"https:\/\/www.marinigerardi.it\/shop\/wp-json\/wp\/v2\/media?parent=57750"}],"wp:term":[{"taxonomy":"product_brand","embeddable":true,"href":"https:\/\/www.marinigerardi.it\/shop\/wp-json\/wp\/v2\/product_brand?post=57750"},{"taxonomy":"product_cat","embeddable":true,"href":"https:\/\/www.marinigerardi.it\/shop\/wp-json\/wp\/v2\/product_cat?post=57750"},{"taxonomy":"product_tag","embeddable":true,"href":"https:\/\/www.marinigerardi.it\/shop\/wp-json\/wp\/v2\/product_tag?post=57750"}],"curies":[{"name":"wp","href":"https:\/\/api.w.org\/{rel}","templated":true}]}}