{"id":57253,"date":"2023-03-04T16:18:35","date_gmt":"2023-03-04T16:18:35","guid":{"rendered":"https:\/\/www.marinigerardi.it\/shop\/?post_type=product&#038;p=57253"},"modified":"2024-08-29T09:46:54","modified_gmt":"2024-08-29T09:46:54","slug":"tende-a-vetro-cucina-moderna-in-lino","status":"publish","type":"product","link":"https:\/\/www.marinigerardi.it\/shop\/prodotto\/tende-a-vetro-cucina-moderna-in-lino\/","title":{"rendered":"SPIGHE VERDI &#8211; Tende a Vetro Cucina Moderna in lino"},"content":{"rendered":"<div class=\"wpb-content-wrapper\"><p>[vc_row equal_height=&#8221;yes&#8221; mobile_bg_img_hidden=&#8221;no&#8221; tablet_bg_img_hidden=&#8221;no&#8221; woodmart_parallax=&#8221;0&#8243; woodmart_gradient_switch=&#8221;no&#8221; row_reverse_mobile=&#8221;0&#8243; row_reverse_tablet=&#8221;0&#8243; woodmart_disable_overflow=&#8221;0&#8243;][vc_column offset=&#8221;vc_col-lg-6 vc_col-md-6&#8243; mobile_bg_img_hidden=&#8221;no&#8221; tablet_bg_img_hidden=&#8221;no&#8221; woodmart_parallax=&#8221;0&#8243; woodmart_sticky_column=&#8221;false&#8221; parallax_scroll=&#8221;no&#8221; mobile_reset_margin=&#8221;no&#8221; tablet_reset_margin=&#8221;no&#8221; css=&#8221;.vc_custom_1613071403480{margin-top: 0px !important;}&#8221;]\n\t\t<div id=\"wd-64038b0dc4a12\" class=\"title-wrapper wd-wpb wd-set-mb reset-last-child  wd-rs-64038b0dc4a12 wd-title-color-primary wd-title-style-bordered text-center vc_custom_1677953814190 wd-underline-colored\">\n\t\t\t\n\t\t\t<div class=\"liner-continer\">\n\t\t\t\t<h2 class=\"woodmart-title-container title  wd-font-weight-500 wd-fontsize-l\" >SPIGHE VERDI - Tende a Vetro Cucina Moderna in lino<\/h2>\n\t\t\t\t\t\t\t<\/div>\n\t\t\t\n\t\t\t\n\t\t\t\n\t\t<\/div>\n\t\t\n\t\t\t\t<div id=\"wd-66d042c3af4d2\" class=\"wd-text-block wd-wpb reset-last-child wd-rs-66d042c3af4d2 text-left \">\n\t\t\t<p style=\"text-align: justify;\">SPIGHE VERDI &#8211; Tende a Vetro Cucina Moderna Made in Italy dall&#8217;aspetto fresco e naturale realizzate con tessuto in puro lino impreziosite da un Design tinto in capo nel nostro laboratorio (ogni leggera difformit\u00e0 del disegno \u00e8 da considerarsi una peculiarit\u00e0 unica), inoltre una trama trasparente e delicata del tessuto ne esalta le naturali qualit\u00e0. Le tende moderne per cucina a vetro sono accessori di arredo importanti che uniscono funzionalit\u00e0 ed estetica, esprimono, stile e personalit\u00e0 di chi la abita.<\/p>\n<p>Trova nella nostra collezione quale opzione \u00e8 la pi\u00f9 adatta alle tue esigenze.<\/p>\n\t\t<\/div>\n\t\t[vc_message message_box_style=&#8221;outline&#8221; message_box_color=&#8221;grey&#8221; css=&#8221;&#8221;]<\/p>\n<ul>\n<li>Opzione 1 &#8211; Tendine a vetro con tunel passante da 2 cm in alto e in basso.<\/li>\n<li>Opzione 2 &#8211; Tendine a vetro con asole a passanti in alto e tunel da 2 cm. in basso;<\/li>\n<li>Base tendine: Bianco Ottico, Bianco Naturale, Panna, Grigio;<\/li>\n<li>Il prezzo \u00e8 inteso per ogni singola tendina.<\/li>\n<\/ul>\n<p><strong>Prodotto sartoriale: per le misure non incluse<\/strong>, si prega inviare il dettaglio della dimensione desiderata all&#8217; indirizzo mail <strong>assistenza@marinigerardi.it<\/strong>[\/vc_message][\/vc_column][vc_column css=&#8221;.vc_custom_1612434787067{background-position: center !important;background-repeat: no-repeat !important;background-size: cover !important;}&#8221; offset=&#8221;vc_col-lg-6 vc_col-md-6&#8243; mobile_bg_img_hidden=&#8221;no&#8221; tablet_bg_img_hidden=&#8221;no&#8221; woodmart_parallax=&#8221;0&#8243; woodmart_sticky_column=&#8221;false&#8221; parallax_scroll=&#8221;no&#8221; mobile_reset_margin=&#8221;no&#8221; tablet_reset_margin=&#8221;no&#8221;][vc_single_image image=&#8221;57254&#8243; img_size=&#8221;large&#8221; onclick=&#8221;link_image&#8221; parallax_scroll=&#8221;no&#8221; woodmart_inline=&#8221;no&#8221;][\/vc_column][\/vc_row][vc_row][vc_column][vc_text_separator title=&#8221;Tende a Vetro Moderne Cucina&#8221; css=&#8221;.vc_custom_1669050054137{margin-top: 20px !important;margin-bottom: 20px !important;}&#8221;]\n\t\t<div id=\"wd-66d0355cf10f6\" class=\"title-wrapper wd-wpb wd-set-mb reset-last-child  wd-rs-66d0355cf10f6 wd-title-color-primary wd-title-style-default text-center justify  wd-underline-colored\">\n\t\t\t\t\t\t\t\n\t\t\t\t<div class=\"title-subtitle  subtitle-color-primary font-alt subtitle-style-default wd-font-weight- wd-fontsize-xs\">solo prodotti di qualit\u00e0<\/div>\n\t\t\t\n\t\t\t<div class=\"liner-continer\">\n\t\t\t\t<h3 class=\"woodmart-title-container title  wd-font-weight-400 wd-fontsize-l\" >SPIGHE VERDI - Tende a Vetro Cucina Moderna Tessuto Esclusivo in Lino<\/h3>\n\t\t\t\t\t\t\t<\/div>\n\t\t\t\n\t\t\t\n\t\t\t\n\t\t<\/div>\n\t\t\n\t\t[\/vc_column][\/vc_row][vc_row content_placement=&#8221;middle&#8221; woodmart_bg_position=&#8221;center-bottom&#8221; css=&#8221;.vc_custom_1724921311151{background-color: #F3F3F3 !important;background-position: 0 0 !important;background-repeat: no-repeat !important;}&#8221; el_class=&#8221;mobile-bg-img-hidden&#8221; mobile_bg_img_hidden=&#8221;no&#8221; tablet_bg_img_hidden=&#8221;no&#8221; woodmart_parallax=&#8221;0&#8243; woodmart_gradient_switch=&#8221;no&#8221; row_reverse_mobile=&#8221;0&#8243; row_reverse_tablet=&#8221;0&#8243; woodmart_disable_overflow=&#8221;0&#8243; woodmart_css_id=&#8221;66d035bf4f7b7&#8243; responsive_spacing=&#8221;eyJwYXJhbV90eXBlIjoid29vZG1hcnRfcmVzcG9uc2l2ZV9zcGFjaW5nIiwic2VsZWN0b3JfaWQiOiI2NmQwMzViZjRmN2I3Iiwic2hvcnRjb2RlIjoidmNfcm93IiwiZGF0YSI6eyJ0YWJsZXQiOnt9LCJtb2JpbGUiOnt9fX0=&#8221; woodmart_box_shadow=&#8221;no&#8221; wd_z_index=&#8221;no&#8221;][vc_column mobile_bg_img_hidden=&#8221;no&#8221; tablet_bg_img_hidden=&#8221;no&#8221; woodmart_parallax=&#8221;0&#8243; woodmart_sticky_column=&#8221;false&#8221; parallax_scroll=&#8221;no&#8221; mobile_reset_margin=&#8221;no&#8221; tablet_reset_margin=&#8221;no&#8221;][vc_single_image image=&#8221;57252&#8243; img_size=&#8221;full&#8221; alignment=&#8221;center&#8221; onclick=&#8221;link_image&#8221; parallax_scroll=&#8221;no&#8221; woodmart_inline=&#8221;no&#8221;][\/vc_column][\/vc_row][vc_row][vc_column]\n\t\t<div id=\"wd-66d035749adc9\" class=\"title-wrapper wd-wpb wd-set-mb reset-last-child  wd-rs-66d035749adc9 wd-title-color-default wd-title-style-bordered text-left  wd-underline-colored\">\n\t\t\t\n\t\t\t<div class=\"liner-continer\">\n\t\t\t\t<h2 class=\"woodmart-title-container title  wd-font-weight- wd-fontsize-l\" >Tende a Vetro Cucina Moderna<\/h2>\n\t\t\t\t\t\t\t<\/div>\n\t\t\t\n\t\t\t\n\t\t\t\n\t\t<\/div>\n\t\t\n\t\t\t\t<div id=\"wd-66d03597685df\" class=\"wd-text-block wd-wpb reset-last-child wd-rs-66d03597685df text-left \">\n\t\t\t<p>Quando si parla di eleganza le tende a vetro anche in cucina risultano tanto pi\u00f9 chic quanto pi\u00f9 sono semplici ed essenziali. <a href=\"https:\/\/www.marinigerardi.it\/shop\/prodotto\/tende-a-vetro-cucina-moderna-in-lino\/\">Un soggiorno o una Cucina<\/a> arredata con minimalistiche tendine a vetro moderne in Lino, sono pura poesia, sinonimo di eleganza e semplicit\u00e0. Il <a href=\"https:\/\/www.puro-lino.com\/\" target=\"_blank\" rel=\"noopener nofollow\">Lino<\/a> \u00e8 un filato estremamente versatile che si presta a decorare ambienti di stili diversissimi, di gran voga nel panorama dell\u2019interior design contemporaneo.<\/p>\n\t\t<\/div>\n\t\t[\/vc_column][\/vc_row]<\/p>\n<\/div>","protected":false},"excerpt":{"rendered":"<p><strong>SPIGHE VERDI &#8211; Tende a Vetro Cucina Moderna<\/strong>\u00a0&#8211; Tendine disponibili nei colori Bianco Ottico, Bianco Naturale, Panna, Grigio + un Design unico tinto in capo\u00a0 nel nostro laboratorio<\/p>\n","protected":false},"featured_media":57256,"template":"","meta":[],"product_brand":[],"product_cat":[3111,2411,3092,3106,3060,3160,3161],"product_tag":[2390,3097],"class_list":{"0":"post-57253","1":"product","2":"type-product","3":"status-publish","4":"has-post-thumbnail","6":"product_cat-tende-a-vetrasse","7":"product_cat-tende-a-vetro","8":"product_cat-tende-a-vetro-moderne","9":"product_cat-tende-da-interni","10":"product_cat-tende-moderne","11":"product_cat-tendine","12":"product_cat-tendine-moderne","13":"product_tag-tende-a-vetro","14":"product_tag-tende-a-vetro-moderne-cucina","16":"first","17":"instock","18":"taxable","19":"shipping-taxable","20":"purchasable","21":"product-type-simple"},"_links":{"self":[{"href":"https:\/\/www.marinigerardi.it\/shop\/wp-json\/wp\/v2\/product\/57253","targetHints":{"allow":["GET"]}}],"collection":[{"href":"https:\/\/www.marinigerardi.it\/shop\/wp-json\/wp\/v2\/product"}],"about":[{"href":"https:\/\/www.marinigerardi.it\/shop\/wp-json\/wp\/v2\/types\/product"}],"wp:featuredmedia":[{"embeddable":true,"href":"https:\/\/www.marinigerardi.it\/shop\/wp-json\/wp\/v2\/media\/57256"}],"wp:attachment":[{"href":"https:\/\/www.marinigerardi.it\/shop\/wp-json\/wp\/v2\/media?parent=57253"}],"wp:term":[{"taxonomy":"product_brand","embeddable":true,"href":"https:\/\/www.marinigerardi.it\/shop\/wp-json\/wp\/v2\/product_brand?post=57253"},{"taxonomy":"product_cat","embeddable":true,"href":"https:\/\/www.marinigerardi.it\/shop\/wp-json\/wp\/v2\/product_cat?post=57253"},{"taxonomy":"product_tag","embeddable":true,"href":"https:\/\/www.marinigerardi.it\/shop\/wp-json\/wp\/v2\/product_tag?post=57253"}],"curies":[{"name":"wp","href":"https:\/\/api.w.org\/{rel}","templated":true}]}}