{"id":57234,"date":"2023-03-03T15:49:02","date_gmt":"2023-03-03T15:49:02","guid":{"rendered":"https:\/\/www.marinigerardi.it\/shop\/?post_type=product&#038;p=57234"},"modified":"2024-08-29T10:17:49","modified_gmt":"2024-08-29T10:17:49","slug":"completo-letto-singolo-puro-cotone","status":"publish","type":"product","link":"https:\/\/www.marinigerardi.it\/shop\/prodotto\/completo-letto-singolo-puro-cotone\/","title":{"rendered":"BRIS Set \u2013 Completo Letto Singolo Puro Cotone"},"content":{"rendered":"<div class=\"wpb-content-wrapper\"><p>[vc_row equal_height=&#8221;yes&#8221; mobile_bg_img_hidden=&#8221;no&#8221; tablet_bg_img_hidden=&#8221;no&#8221; woodmart_parallax=&#8221;0&#8243; woodmart_gradient_switch=&#8221;no&#8221; row_reverse_mobile=&#8221;0&#8243; row_reverse_tablet=&#8221;0&#8243; woodmart_disable_overflow=&#8221;0&#8243;][vc_column offset=&#8221;vc_col-lg-6 vc_col-md-6&#8243; mobile_bg_img_hidden=&#8221;no&#8221; tablet_bg_img_hidden=&#8221;no&#8221; woodmart_parallax=&#8221;0&#8243; woodmart_sticky_column=&#8221;false&#8221; parallax_scroll=&#8221;no&#8221; mobile_reset_margin=&#8221;no&#8221; tablet_reset_margin=&#8221;no&#8221; css=&#8221;.vc_custom_1613071403480{margin-top: 0px !important;}&#8221;]\n\t\t<div id=\"wd-64021ac5c0b4c\" class=\"title-wrapper wd-wpb wd-set-mb reset-last-child  wd-rs-64021ac5c0b4c wd-title-color-primary wd-title-style-bordered text-left justify  wd-underline-colored\">\n\t\t\t\n\t\t\t<div class=\"liner-continer\">\n\t\t\t\t<h2 class=\"woodmart-title-container title  wd-font-weight-400 wd-fontsize-l\" >BRIS \u2013 Completo Letto Singolo Puro Cotone<\/h2>\n\t\t\t\t\t\t\t<\/div>\n\t\t\t\n\t\t\t\n\t\t\t\n\t\t<\/div>\n\t\t\n\t\t\t\t<div id=\"wd-652d6295176ee\" class=\"wd-text-block wd-wpb reset-last-child wd-rs-652d6295176ee text-left \">\n\t\t\t<p style=\"text-align: justify;\"><strong><a href=\"https:\/\/www.marinigerardi.it\/shop\/prodotto\/eolo-tessuto-di-cotone-stropicciato-delave-per-lenzuola\/\">Tessuto di Cotone leggermente stropicciato<\/a> Delav\u00e8 raffinatissimo con colori Moda 2023 <\/strong>che ben si abbinano ad ambienti in stile moderno, o per un arredo shabby <em>chic,<\/em> adatto a spazi contemporanei. un bel cotone morbido e piacevole sulla pelle dolce e delicato al tatto effetto vintage. <strong>NO STIRO ma puoi anche stirarlo<br \/>\n<\/strong><\/p>\n\t\t<\/div>\n\t\t\t\t\t<div class=\"info-box-wrapper\">\n\t\t\t\t<div id=\"wd-652d62f37fd99\" class=\" wd-rs-652d62f37fd99 wd-info-box wd-wpb text-left box-icon-align-top box-style-border color-scheme- wd-bg-none \">\n\t\t\t\t\t\t\t\t\t\t<div class=\"info-box-content\">\n\t\t\t\t\t\t\t\t\t\t\t\t<div class=\"info-box-inner reset-last-child\"><\/p>\n<ul>\n<li><a href=\"https:\/\/www.marinigerardi.it\/shop\/prodotto\/completo-letto-singolo-puro-cotone\/\">Questa offerta include<\/a> <strong>uno lenzuolo sotto con angoli + un lenzuolo sopra e federe cuscino<\/strong>.<\/li>\n<li>Finitura con una semplice piega da 1,5 cm.<\/li>\n<li>Federe cuscini da 50&#215;80 cm.<\/li>\n<li>Segnalare nelle note dell&#8217;Ordine eventuale combinazione colori fedre cuscini.<\/li>\n<\/ul>\n<p>Per altre misure contattatare\u00a0 <strong>assistenza@marinigerardi.it <\/strong><\/p>\n<\/div>\n\n\t\t\t\t\t\t\t\t\t\t\t<\/div>\n\n\t\t\t\t\t\n\t\t\t\t\t\t\t\t\t<\/div>\n\t\t\t<\/div>\n\t\t<div id=\"wd-652d6322df9d5\" class=\" wd-rs-652d6322df9d5  wd-button-wrapper text-left\"><a href=\"https:\/\/www.marinigerardi.it\/shop\/guida-misure-per-la-biancheria-letto\/\" title=\"GUIDA MISURE PER LA BIANCHERIA LETTO\" target=\"_blank\" class=\"btn btn-style-default btn-shape-rectangle btn-size-default btn-icon-pos-left\">GUIDA MISURE PER LA BIANCHERIA LETTO<span class=\"wd-btn-icon\"><span class=\"wd-icon far fa-arrow-alt-circle-right\"><\/span><\/span><\/a><\/div>[\/vc_column][vc_column css=&#8221;.vc_custom_1612434787067{background-position: center !important;background-repeat: no-repeat !important;background-size: cover !important;}&#8221; offset=&#8221;vc_col-lg-6 vc_col-md-6&#8243; mobile_bg_img_hidden=&#8221;no&#8221; tablet_bg_img_hidden=&#8221;no&#8221; woodmart_parallax=&#8221;0&#8243; woodmart_sticky_column=&#8221;false&#8221; parallax_scroll=&#8221;no&#8221; mobile_reset_margin=&#8221;no&#8221; tablet_reset_margin=&#8221;no&#8221;][vc_single_image image=&#8221;37391&#8243; img_size=&#8221;large&#8221; alignment=&#8221;center&#8221; style=&#8221;vc_box_shadow&#8221; onclick=&#8221;link_image&#8221; parallax_scroll=&#8221;no&#8221; woodmart_inline=&#8221;no&#8221;][\/vc_column][\/vc_row][vc_row][vc_column][vc_empty_space height=&#8221;20px&#8221; woodmart_hide_large=&#8221;0&#8243; woodmart_hide_medium=&#8221;0&#8243; woodmart_hide_small=&#8221;0&#8243;][vc_text_separator title=&#8221;Tessuti Naturali&#8221;]\n\t\t<div id=\"wd-66d043b277940\" class=\"title-wrapper wd-wpb wd-set-mb reset-last-child  wd-rs-66d043b277940 wd-title-color-default wd-title-style-default text-center  wd-underline-colored\">\n\t\t\t\n\t\t\t<div class=\"liner-continer\">\n\t\t\t\t<h2 class=\"woodmart-title-container title  wd-font-weight- wd-fontsize-l\" >Completo Letto Singolo Puro Cotone<\/h2>\n\t\t\t\t\t\t\t<\/div>\n\t\t\t\n\t\t\t\n\t\t\t\n\t\t<\/div>\n\t\t\n\t\t[\/vc_column][\/vc_row][vc_row content_placement=&#8221;middle&#8221; woodmart_bg_position=&#8221;center-bottom&#8221; css=&#8221;.vc_custom_1724926686484{background-color: #F3F3F3 !important;background-position: 0 0 !important;background-repeat: no-repeat !important;}&#8221; el_class=&#8221;mobile-bg-img-hidden&#8221; mobile_bg_img_hidden=&#8221;no&#8221; tablet_bg_img_hidden=&#8221;no&#8221; woodmart_parallax=&#8221;0&#8243; woodmart_gradient_switch=&#8221;no&#8221; row_reverse_mobile=&#8221;0&#8243; row_reverse_tablet=&#8221;0&#8243; woodmart_disable_overflow=&#8221;0&#8243; woodmart_css_id=&#8221;66d04abf1b62c&#8221; responsive_spacing=&#8221;eyJwYXJhbV90eXBlIjoid29vZG1hcnRfcmVzcG9uc2l2ZV9zcGFjaW5nIiwic2VsZWN0b3JfaWQiOiI2NmQwNGFiZjFiNjJjIiwic2hvcnRjb2RlIjoidmNfcm93IiwiZGF0YSI6eyJ0YWJsZXQiOnt9LCJtb2JpbGUiOnt9fX0=&#8221; woodmart_box_shadow=&#8221;no&#8221; wd_z_index=&#8221;no&#8221;][vc_column width=&#8221;1\/2&#8243; mobile_bg_img_hidden=&#8221;no&#8221; tablet_bg_img_hidden=&#8221;no&#8221; woodmart_parallax=&#8221;0&#8243; woodmart_sticky_column=&#8221;false&#8221; parallax_scroll=&#8221;no&#8221; mobile_reset_margin=&#8221;no&#8221; tablet_reset_margin=&#8221;no&#8221;][vc_single_image image=&#8221;37398&#8243; img_size=&#8221;large&#8221; alignment=&#8221;center&#8221; style=&#8221;vc_box_shadow&#8221; onclick=&#8221;link_image&#8221; parallax_scroll=&#8221;no&#8221; woodmart_inline=&#8221;no&#8221;][vc_single_image image=&#8221;37399&#8243; img_size=&#8221;large&#8221; alignment=&#8221;center&#8221; style=&#8221;vc_box_shadow&#8221; onclick=&#8221;link_image&#8221; parallax_scroll=&#8221;no&#8221; woodmart_inline=&#8221;no&#8221;][\/vc_column][vc_column width=&#8221;1\/2&#8243; css=&#8221;.vc_custom_1535101510463{margin-top: 4vh !important;padding-top: 0px !important;}&#8221;][vc_single_image image=&#8221;37395&#8243; img_size=&#8221;large&#8221; alignment=&#8221;center&#8221; style=&#8221;vc_box_shadow&#8221; onclick=&#8221;link_image&#8221; parallax_scroll=&#8221;no&#8221; woodmart_inline=&#8221;no&#8221;][vc_single_image image=&#8221;37392&#8243; img_size=&#8221;large&#8221; alignment=&#8221;center&#8221; style=&#8221;vc_box_shadow&#8221; onclick=&#8221;link_image&#8221; parallax_scroll=&#8221;no&#8221; woodmart_inline=&#8221;no&#8221;][\/vc_column][\/vc_row][vc_row][vc_column][vc_text_separator title=&#8221;mix and match Arredamento 2023 contaminazioni e contrasti di colori&#8221;]\n\t\t<div id=\"wd-66d043eb947d2\" class=\"title-wrapper wd-wpb wd-set-mb reset-last-child  wd-rs-66d043eb947d2 wd-title-color-default wd-title-style-default text-center  wd-underline-colored\">\n\t\t\t\n\t\t\t<div class=\"liner-continer\">\n\t\t\t\t<h3 class=\"woodmart-title-container title  wd-font-weight- wd-fontsize-l\" >Completo Letto Singolo Puro Cotone<\/h3>\n\t\t\t\t\t\t\t<\/div>\n\t\t\t\n\t\t\t\n\t\t\t\n\t\t<\/div>\n\t\t\n\t\t[\/vc_column][\/vc_row][vc_row][vc_column][vc_single_image image=&#8221;37495&#8243; img_size=&#8221;full&#8221; alignment=&#8221;center&#8221; style=&#8221;vc_box_shadow&#8221; onclick=&#8221;link_image&#8221; parallax_scroll=&#8221;no&#8221; woodmart_inline=&#8221;no&#8221;][\/vc_column][\/vc_row][vc_row][vc_column]\n\t\t<div id=\"wd-64021adfa0d75\" class=\"title-wrapper wd-wpb wd-set-mb reset-last-child  wd-rs-64021adfa0d75 wd-title-color-primary wd-title-style-bordered text-left justify  wd-underline-colored\">\n\t\t\t\t\t\t\t\n\t\t\t\t<div class=\"title-subtitle  subtitle-color-primary font-alt subtitle-style-default wd-font-weight- wd-fontsize-xs\">Lenzuola in Puro Cotone Stropicciato con finitura Vintage<\/div>\n\t\t\t\n\t\t\t<div class=\"liner-continer\">\n\t\t\t\t<h3 class=\"woodmart-title-container title  wd-font-weight-400 wd-fontsize-l\" >BRIS \u2013 Completo Letto Singolo Puro Cotone Stropicciato Vintage<\/h3>\n\t\t\t\t\t\t\t<\/div>\n\t\t\t\n\t\t\t\n\t\t\t\n\t\t<\/div>\n\t\t\n\t\t\t\t<div id=\"wd-652d62bbc1071\" class=\"wd-text-block wd-wpb reset-last-child wd-rs-652d62bbc1071 text-left \">\n\t\t\t<p style=\"text-align: justify;\"><strong>Un Tessuto in Cotone di grande qualit\u00e0, adatto a progettare una casa confortevole, accogliente, affascinante.<\/strong><br \/>\nVersatile e dal look contemporaneo, questo articolo \u00e8 disponibile in una palette di colori dai toni classici o a quelli pi\u00f9 pop, che sfumano da nuance chiare a quelle pi\u00f9 intense. <a href=\"https:\/\/www.marinigerardi.it\/shop\/prodotto\/sacco-piumino-matrimoniale-cotone-pettinato\/\">Tessuto per biancheria letto<\/a>, dall&#8217; aspetto naturale si presta agli abbinamenti pi\u00f9 svariati, capaci d&#8217;infondere informalit\u00e0 ma anche una nota di grande eleganza.<\/p>\n\t\t<\/div>\n\t\t[\/vc_column][\/vc_row]<\/p>\n<\/div>","protected":false},"excerpt":{"rendered":"<p><span style=\"color: #333333;\"><strong>BRIS \u2013 Completo Letto Singolo Puro Cotone leggero al tatto, alla vista, elegante e dal sapore Vintage.<\/strong><\/span> Un tessuto di grande qualit\u00e0. Questa Tela (No Stiro che puoi anche stirare) risulta soffice e piacevole al tatto, dall\u2019aspetto luminoso chic. <span style=\"color: #333333;\"><strong>Un Trend Moda 2023 ( NOVITA&#8217; )<br \/>\n<\/strong><\/span><\/p>\n","protected":false},"featured_media":38494,"template":"","meta":[],"product_brand":[],"product_cat":[3154,3225,3210,3155],"product_tag":[3282],"class_list":{"0":"post-57234","1":"product","2":"type-product","3":"status-publish","4":"has-post-thumbnail","6":"product_cat-biancheria-da-letto","7":"product_cat-completo-lenzuola-singolo","8":"product_cat-completo-letto","9":"product_cat-lenzuole","10":"product_tag-completo-letto-singolo-puro-cotone","12":"first","13":"instock","14":"taxable","15":"shipping-taxable","16":"purchasable","17":"product-type-simple"},"_links":{"self":[{"href":"https:\/\/www.marinigerardi.it\/shop\/wp-json\/wp\/v2\/product\/57234","targetHints":{"allow":["GET"]}}],"collection":[{"href":"https:\/\/www.marinigerardi.it\/shop\/wp-json\/wp\/v2\/product"}],"about":[{"href":"https:\/\/www.marinigerardi.it\/shop\/wp-json\/wp\/v2\/types\/product"}],"wp:featuredmedia":[{"embeddable":true,"href":"https:\/\/www.marinigerardi.it\/shop\/wp-json\/wp\/v2\/media\/38494"}],"wp:attachment":[{"href":"https:\/\/www.marinigerardi.it\/shop\/wp-json\/wp\/v2\/media?parent=57234"}],"wp:term":[{"taxonomy":"product_brand","embeddable":true,"href":"https:\/\/www.marinigerardi.it\/shop\/wp-json\/wp\/v2\/product_brand?post=57234"},{"taxonomy":"product_cat","embeddable":true,"href":"https:\/\/www.marinigerardi.it\/shop\/wp-json\/wp\/v2\/product_cat?post=57234"},{"taxonomy":"product_tag","embeddable":true,"href":"https:\/\/www.marinigerardi.it\/shop\/wp-json\/wp\/v2\/product_tag?post=57234"}],"curies":[{"name":"wp","href":"https:\/\/api.w.org\/{rel}","templated":true}]}}