{"id":50251,"date":"2023-01-05T16:11:14","date_gmt":"2023-01-05T16:11:14","guid":{"rendered":"https:\/\/www.marinigerardi.it\/shop\/?post_type=product&#038;p=50251"},"modified":"2025-01-31T20:47:46","modified_gmt":"2025-01-31T20:47:46","slug":"lenzuola-letto-alla-francese","status":"publish","type":"product","link":"https:\/\/www.marinigerardi.it\/shop\/prodotto\/lenzuola-letto-alla-francese\/","title":{"rendered":"LADY BYRON sp &#8211; Lenzuola Letto alla Francese Lino lavato | Sopra"},"content":{"rendered":"<div class=\"wpb-content-wrapper\"><p>[vc_row equal_height=&#8221;yes&#8221; mobile_bg_img_hidden=&#8221;no&#8221; tablet_bg_img_hidden=&#8221;no&#8221; woodmart_parallax=&#8221;0&#8243; woodmart_gradient_switch=&#8221;no&#8221; row_reverse_mobile=&#8221;0&#8243; row_reverse_tablet=&#8221;0&#8243; woodmart_disable_overflow=&#8221;0&#8243;][vc_column offset=&#8221;vc_col-lg-6 vc_col-md-6&#8243; mobile_bg_img_hidden=&#8221;no&#8221; tablet_bg_img_hidden=&#8221;no&#8221; woodmart_parallax=&#8221;0&#8243; woodmart_sticky_column=&#8221;false&#8221; parallax_scroll=&#8221;no&#8221; mobile_reset_margin=&#8221;no&#8221; tablet_reset_margin=&#8221;no&#8221; css=&#8221;.vc_custom_1613071403480{margin-top: 0px !important;}&#8221;]\n\t\t<div id=\"wd-63b6f81236d54\" class=\"title-wrapper wd-wpb wd-set-mb reset-last-child  wd-rs-63b6f81236d54 wd-title-color-primary wd-title-style-bordered text-left vc_custom_1672935470423 wd-underline-colored\">\n\t\t\t\t\t\t\t\n\t\t\t\t<div class=\"title-subtitle  subtitle-color-primary font-default subtitle-style-default wd-font-weight-500 wd-fontsize-xs\">Biancheria letto ini lino<\/div>\n\t\t\t\n\t\t\t<div class=\"liner-continer\">\n\t\t\t\t<h2 class=\"woodmart-title-container title  wd-font-weight-500 wd-fontsize-l\" >LADY BYRON - Lenzuola Letto alla Francese Lino lavato (sopra) stropicciato \u201cno stiro EXCELLENT\u201d<\/h2>\n\t\t\t\t\t\t\t<\/div>\n\t\t\t\n\t\t\t\n\t\t\t\n\t\t<\/div>\n\t\t\n\t\t\t\t<div id=\"wd-66d0f51e4a75c\" class=\"wd-text-block wd-wpb reset-last-child wd-rs-66d0f51e4a75c text-left \">\n\t\t\t<p>Le <strong>lenzuola letto alla francese per materasso 140&#215;200,\u00a0 <\/strong>sono realizzate con il <strong>tessuto 100% puro lino<\/strong> certificato dallo standard MASTERS OF LINEN\u00ae (il lino pi\u00f9 fine al mondo), il marchio definito d\u2019eccellenza per i prodotti che rispettano la salute e l\u2019ambiente. <strong>Lady Byron<\/strong> \u00e8 un lenzuolo realizzato con un<strong> lino dalla mano morbida<\/strong> dai <strong>colori moderni<\/strong>. Rifinito da un<strong> orlo<\/strong> sui quattro lati, e dall\u2019<strong>aspetto vissuto &#8220;froisse&#8221; morbido e piacevole al tatto<\/strong>. Le lenzuola Marini &amp; Gerardi sono l&#8217;esempio di come sia possibile rielaborare il lino in una veste &#8220;<strong>dal design contemporaneo<\/strong>&#8221; ci\u00f2 che rientra nella tradizione.<\/p>\n\t\t<\/div>\n\t\t[vc_message message_box_style=&#8221;outline&#8221; message_box_color=&#8221;grey&#8221; css=&#8221;.vc_custom_1724970314542{margin-top: 0px !important;}&#8221;]<\/p>\n<p style=\"text-align: justify;\"><span class=\"a-list-item\"><a href=\"https:\/\/www.marinigerardi.it\/shop\/prodotto\/lenzuola-letto-alla-francese\/\">Questa offerta include<\/a> solo <strong>uno lenzuolo sopra<\/strong>. Se avete necessit\u00e0 di lenzuolo sotto, si prega di ricercare: \u2192<strong> <a href=\"https:\/\/marinigerardi.it\/shop\/prodotto\/lady-byron-lenzuolo-sotto-il-copri-materasso-in-puro-lino-con-angoli-elasticizati\/\">Lady Byron-Lenzuolo Sotto<\/a><\/strong>, per le federe, ricercare: \u2192<strong> <a href=\"https:\/\/marinigerardi.it\/shop\/prodotto\/lord-byron-federe-cuscini-letto\/\">Lady Byron-Federe<\/a>. <\/strong>Per altre misure o combinazioni di colori contattateci ad:<strong> assistenza@marinigerardi.it <\/strong><\/span><\/p>\n<p>[\/vc_message]<div id=\"wd-61d6c49e41ddf\" class=\" wd-rs-61d6c49e41ddf  wd-button-wrapper text-left\"><a href=\"https:\/\/www.marinigerardi.it\/shop\/guida-misure-per-la-biancheria-letto\/\" title=\"GUIDA MISURE PER LA BIANCHERIA LETTO\" target=\"_blank\" class=\"btn btn-style-link btn-shape-rectangle btn-size-default btn-icon-pos-left\">GUIDA MISURE PER LA BIANCHERIA LETTO<span class=\"wd-btn-icon\"><span class=\"wd-icon far fa-arrow-alt-circle-right\"><\/span><\/span><\/a><\/div>[\/vc_column][vc_column css=&#8221;.vc_custom_1612434787067{background-position: center !important;background-repeat: no-repeat !important;background-size: cover !important;}&#8221; offset=&#8221;vc_col-lg-6 vc_col-md-6&#8243; mobile_bg_img_hidden=&#8221;no&#8221; tablet_bg_img_hidden=&#8221;no&#8221; woodmart_parallax=&#8221;0&#8243; woodmart_sticky_column=&#8221;false&#8221; parallax_scroll=&#8221;no&#8221; mobile_reset_margin=&#8221;no&#8221; tablet_reset_margin=&#8221;no&#8221;][vc_single_image image=&#8221;11550&#8243; img_size=&#8221;full&#8221; alignment=&#8221;center&#8221; style=&#8221;vc_box_shadow&#8221; onclick=&#8221;link_image&#8221; parallax_scroll=&#8221;no&#8221;][\/vc_column][\/vc_row][vc_row][vc_column][vc_text_separator title=&#8221;Tessuti Naturali&#8221;]\n\t\t<div id=\"wd-66d0f4e47c1a7\" class=\"title-wrapper wd-wpb wd-set-mb reset-last-child  wd-rs-66d0f4e47c1a7 wd-title-color-default wd-title-style-default text-center  wd-underline-colored\">\n\t\t\t\n\t\t\t<div class=\"liner-continer\">\n\t\t\t\t<h2 class=\"woodmart-title-container title  wd-font-weight- wd-fontsize-l\" >Lenzuola Letto alla Francese Lino lavato<\/h2>\n\t\t\t\t\t\t\t<\/div>\n\t\t\t\n\t\t\t\n\t\t\t\n\t\t<\/div>\n\t\t\n\t\t[\/vc_column][\/vc_row][vc_row content_placement=&#8221;middle&#8221; woodmart_bg_position=&#8221;center-bottom&#8221; css=&#8221;.vc_custom_1612561188989{background-color: #e5e5e5 !important;background-position: 0 0 !important;background-repeat: no-repeat !important;}&#8221; el_class=&#8221;mobile-bg-img-hidden&#8221; mobile_bg_img_hidden=&#8221;no&#8221; tablet_bg_img_hidden=&#8221;no&#8221; woodmart_parallax=&#8221;0&#8243; woodmart_gradient_switch=&#8221;no&#8221; row_reverse_mobile=&#8221;0&#8243; row_reverse_tablet=&#8221;0&#8243; woodmart_disable_overflow=&#8221;0&#8243;][vc_column mobile_bg_img_hidden=&#8221;no&#8221; tablet_bg_img_hidden=&#8221;no&#8221; woodmart_parallax=&#8221;0&#8243; woodmart_sticky_column=&#8221;false&#8221; parallax_scroll=&#8221;no&#8221; mobile_reset_margin=&#8221;no&#8221; tablet_reset_margin=&#8221;no&#8221;][vc_single_image image=&#8221;11367&#8243; img_size=&#8221;full&#8221; alignment=&#8221;center&#8221; style=&#8221;vc_box_shadow&#8221; onclick=&#8221;link_image&#8221; css=&#8221;&#8221; parallax_scroll=&#8221;no&#8221; woodmart_inline=&#8221;no&#8221;][\/vc_column][\/vc_row][vc_row][vc_column]\n\t\t<div id=\"wd-63b6f8ba80c68\" class=\"title-wrapper wd-wpb wd-set-mb reset-last-child  wd-rs-63b6f8ba80c68 wd-title-color-primary wd-title-style-bordered text-left justify  wd-underline-colored\">\n\t\t\t\t\t\t\t\n\t\t\t\t<div class=\"title-subtitle  subtitle-color-primary font-alt subtitle-style-default wd-font-weight- wd-fontsize-xs\">Collezioni e modelli unici, altamente professionali creati e firmati Marini&amp;Gerardi.<\/div>\n\t\t\t\n\t\t\t<div class=\"liner-continer\">\n\t\t\t\t<h3 class=\"woodmart-title-container title  wd-font-weight-400 wd-fontsize-l\" >LADY BYRON - Lenzuola letto alla francese un offerta di Qualit\u00e0 in Lino lavato leggermente stropicciato<\/h3>\n\t\t\t\t\t\t\t<\/div>\n\t\t\t\n\t\t\t\n\t\t\t\n\t\t<\/div>\n\t\t\n\t\t[vc_column_text text_larger=&#8221;no&#8221;]<\/p>\n<ul>\n<li><strong>Marini &amp; Gerardi Alta Moda Casa crea prodotti di biancheria progettati da vivere ogni giorno, tutti i giorni, 365 giorni all\u2019anno.<\/strong><\/li>\n<li>I nostri Tessuti preziosi amano e rispettano la tua vita e sono un invito a goderla pienamente.<\/li>\n<li><strong> Noi crediamo che la biancheria in LINO sia un ritorno ai valori essenziali della vita:<\/strong> da serenit\u00e0, semplicit\u00e0 , \u00e8 amabile e confortevole ma soprattutto qualit\u00e0 senza compromessi.<\/li>\n<\/ul>\n<p>[\/vc_column_text][\/vc_column][\/vc_row]<\/p>\n<\/div>","protected":false},"excerpt":{"rendered":"<p style=\"text-align: justify;\"><strong>LADY BYRON &#8211; Lenzuola Letto alla Francese Lino lavato (sopra).<\/strong> Le migliori lenzuola artigianali realizzate in <strong>lino leggermente stropicciato No Stiro<\/strong>, dall&#8217;aspetto vissuto e dalla mano morbida, <strong>l&#8217;Eccellenza della qualit\u00e0 italiana.<\/strong><\/p>\n","protected":false},"featured_media":57804,"template":"","meta":[],"product_brand":[],"product_cat":[3154,3155,3134,3223],"product_tag":[1615,506,1603],"class_list":{"0":"post-50251","1":"product","2":"type-product","3":"status-publish","4":"has-post-thumbnail","6":"product_cat-biancheria-da-letto","7":"product_cat-lenzuole","8":"product_cat-lenzuola-una-piazza-e-mezza","9":"product_cat-lenzuolo-sopra-una-piazza-e-mezza","10":"product_tag-biancheria-letto","11":"product_tag-lenzuola","12":"product_tag-lenzuola-sopra","14":"first","15":"instock","16":"taxable","17":"shipping-taxable","18":"purchasable","19":"product-type-simple"},"_links":{"self":[{"href":"https:\/\/www.marinigerardi.it\/shop\/wp-json\/wp\/v2\/product\/50251","targetHints":{"allow":["GET"]}}],"collection":[{"href":"https:\/\/www.marinigerardi.it\/shop\/wp-json\/wp\/v2\/product"}],"about":[{"href":"https:\/\/www.marinigerardi.it\/shop\/wp-json\/wp\/v2\/types\/product"}],"wp:featuredmedia":[{"embeddable":true,"href":"https:\/\/www.marinigerardi.it\/shop\/wp-json\/wp\/v2\/media\/57804"}],"wp:attachment":[{"href":"https:\/\/www.marinigerardi.it\/shop\/wp-json\/wp\/v2\/media?parent=50251"}],"wp:term":[{"taxonomy":"product_brand","embeddable":true,"href":"https:\/\/www.marinigerardi.it\/shop\/wp-json\/wp\/v2\/product_brand?post=50251"},{"taxonomy":"product_cat","embeddable":true,"href":"https:\/\/www.marinigerardi.it\/shop\/wp-json\/wp\/v2\/product_cat?post=50251"},{"taxonomy":"product_tag","embeddable":true,"href":"https:\/\/www.marinigerardi.it\/shop\/wp-json\/wp\/v2\/product_tag?post=50251"}],"curies":[{"name":"wp","href":"https:\/\/api.w.org\/{rel}","templated":true}]}}