{"id":46577,"date":"2022-12-28T18:03:28","date_gmt":"2022-12-28T18:03:28","guid":{"rendered":"https:\/\/www.marinigerardi.it\/shop\/?post_type=product&#038;p=46577"},"modified":"2024-08-29T22:46:16","modified_gmt":"2024-08-29T22:46:16","slug":"set-copripiumino-una-piazza-e-mezza-lino","status":"publish","type":"product","link":"https:\/\/www.marinigerardi.it\/shop\/prodotto\/set-copripiumino-una-piazza-e-mezza-lino\/","title":{"rendered":"VIENNA &#8211; Set Copripiumino una Piazza e Mezza Lino Lavato a Righe"},"content":{"rendered":"<div class=\"wpb-content-wrapper\"><p>[vc_row equal_height=&#8221;yes&#8221; mobile_bg_img_hidden=&#8221;no&#8221; tablet_bg_img_hidden=&#8221;no&#8221; woodmart_parallax=&#8221;0&#8243; woodmart_gradient_switch=&#8221;no&#8221; row_reverse_mobile=&#8221;0&#8243; row_reverse_tablet=&#8221;0&#8243; woodmart_disable_overflow=&#8221;0&#8243;][vc_column offset=&#8221;vc_col-lg-6 vc_col-md-6&#8243; mobile_bg_img_hidden=&#8221;no&#8221; tablet_bg_img_hidden=&#8221;no&#8221; woodmart_parallax=&#8221;0&#8243; woodmart_sticky_column=&#8221;false&#8221; parallax_scroll=&#8221;no&#8221; mobile_reset_margin=&#8221;no&#8221; tablet_reset_margin=&#8221;no&#8221; css=&#8221;.vc_custom_1613071403480{margin-top: 0px !important;}&#8221;]\n\t\t<div id=\"wd-63ac88a821e69\" class=\"title-wrapper wd-wpb wd-set-mb reset-last-child  wd-rs-63ac88a821e69 wd-title-color-primary wd-title-style-bordered text-left vc_custom_1672251570533 wd-underline-colored\">\n\t\t\t\t\t\t\t\n\t\t\t\t<div class=\"title-subtitle  subtitle-color-primary font-default subtitle-style-default wd-font-weight-500 wd-fontsize-xs\">Sacco copripiumino Lino Lavato ``indantrene``<\/div>\n\t\t\t\n\t\t\t<div class=\"liner-continer\">\n\t\t\t\t<h2 class=\"woodmart-title-container title  wd-font-weight-500 wd-fontsize-l\" >VIENNA - Set Copripiumino una Piazza e Mezza Lino Lavato a Righe<\/h2>\n\t\t\t\t\t\t\t<\/div>\n\t\t\t\n\t\t\t\n\t\t\t\n\t\t<\/div>\n\t\t\n\t\t\t\t<div id=\"wd-66d0f99893f7d\" class=\"wd-text-block wd-wpb reset-last-child wd-rs-66d0f99893f7d text-left \">\n\t\t\t<p>Completo Copri piumini, di manifattura artigianale realizzato in tessuto 100% <strong>lino prelavato<\/strong> italiano di primissima qualit\u00e0. <strong>Chiusura a sacco con bottoni + patella.<\/strong><\/p>\n\t\t<\/div>\n\t\t\n\t\t<div id=\"wd-63ac899f90a22\" class=\"title-wrapper wd-wpb wd-set-mb reset-last-child  wd-rs-63ac899f90a22 wd-title-color-primary wd-title-style-bordered text-left  wd-underline-colored\">\n\t\t\t\n\t\t\t<div class=\"liner-continer\">\n\t\t\t\t<h4 class=\"woodmart-title-container title  wd-font-weight-400 wd-fontsize-m\" >Le dimensioni da scegliere per il sacco 1 piazza e mezza?<\/h4>\n\t\t\t\t\t\t\t<\/div>\n\t\t\t\n\t\t\t\n\t\t\t\n\t\t<\/div>\n\t\t\n\t\t\t\t<div id=\"wd-66d0f9bf2424d\" class=\"wd-text-block wd-wpb reset-last-child wd-rs-66d0f9bf2424d text-left \">\n\t\t\t<p>Quando si parla di <strong>letto a una piazza e mezza<\/strong> si intende solitamente un materasso che abbia <strong>dimensioni di 120\u00d7190 oppure 120\u00d7200 centimetri. Letto alla francese 140\u00d7200 cm. \/\u00a0 Un piumone da letto per 1 piazza e mezza ha solitamente dimensioni di 200\u00d7220<br \/>\n<\/strong><\/p>\n\t\t<\/div>\n\t\t[vc_message message_box_style=&#8221;outline&#8221; message_box_color=&#8221;grey&#8221; css=&#8221;.vc_custom_1724971499389{margin-top: 0px !important;}&#8221;]<\/p>\n<p style=\"text-align: justify;\"><span class=\"a-list-item\"><a href=\"https:\/\/www.marinigerardi.it\/shop\/prodotto\/set-copripiumino-una-piazza-e-mezza-lino\/\">Questa offerta include<\/a> solo <strong>Il Copripiumino<\/strong>. Se avete necessit\u00e0 di lenzuolo con angoli, ricercare:<strong>\u00a0<\/strong><a href=\"https:\/\/marinigerardi.it\/shop\/prodotto\/lenzuolo-sotto-in-puro-lino-italiano\/\"><strong>Mojave\/Lenzuolo Sotto.<\/strong><\/a> Per le federe: <strong><a href=\"https:\/\/marinigerardi.it\/shop\/prodotto\/mojave-federe-cuscini-letto-lino-prelavato\/\">Mojave\/Federe<\/a>. <\/strong>Se cercate altre misure o combinazioni di colore contattateci ad: <strong>assistenza@marinigerardi.it <\/strong><\/span><\/p>\n<p>[\/vc_message]<div id=\"wd-61a49180dccae\" class=\" wd-rs-61a49180dccae  wd-button-wrapper text-left\"><a href=\"https:\/\/www.marinigerardi.it\/shop\/guida-misure-per-la-biancheria-letto\/\" title=\"GUIDA MISURE PER LA BIANCHERIA LETTO\" target=\"_blank\" class=\"btn btn-style-link btn-shape-rectangle btn-size-default\">Guida misure Biancheria Letto<\/a><\/div>[\/vc_column][vc_column css=&#8221;.vc_custom_1612434787067{background-position: center !important;background-repeat: no-repeat !important;background-size: cover !important;}&#8221; offset=&#8221;vc_col-lg-6 vc_col-md-6&#8243; mobile_bg_img_hidden=&#8221;no&#8221; tablet_bg_img_hidden=&#8221;no&#8221; woodmart_parallax=&#8221;0&#8243; woodmart_sticky_column=&#8221;false&#8221; parallax_scroll=&#8221;no&#8221; mobile_reset_margin=&#8221;no&#8221; tablet_reset_margin=&#8221;no&#8221;][vc_single_image image=&#8221;29236&#8243; img_size=&#8221;full&#8221; alignment=&#8221;center&#8221; style=&#8221;vc_box_shadow&#8221; onclick=&#8221;link_image&#8221; parallax_scroll=&#8221;no&#8221; woodmart_inline=&#8221;no&#8221;][\/vc_column][\/vc_row][vc_row css=&#8221;.vc_custom_1617786903233{margin-top: 20px !important;margin-bottom: 20px !important;}&#8221; mobile_bg_img_hidden=&#8221;no&#8221; tablet_bg_img_hidden=&#8221;no&#8221; woodmart_parallax=&#8221;0&#8243; woodmart_gradient_switch=&#8221;no&#8221; row_reverse_mobile=&#8221;0&#8243; row_reverse_tablet=&#8221;0&#8243; woodmart_disable_overflow=&#8221;0&#8243;][vc_column][vc_text_separator title=&#8221;Copripiumino &#8211; Sacco piumino con patella&#8221;]\n\t\t<div id=\"wd-66d0f96049804\" class=\"title-wrapper wd-wpb wd-set-mb reset-last-child  wd-rs-66d0f96049804 wd-title-color-default wd-title-style-default text-center  wd-underline-colored\">\n\t\t\t\n\t\t\t<div class=\"liner-continer\">\n\t\t\t\t<h2 class=\"woodmart-title-container title  wd-font-weight- wd-fontsize-l\" >Set Copripiumino una Piazza e Mezza Lino Lavato<\/h2>\n\t\t\t\t\t\t\t<\/div>\n\t\t\t\n\t\t\t\n\t\t\t\n\t\t<\/div>\n\t\t\n\t\t[\/vc_column][\/vc_row][vc_row content_placement=&#8221;middle&#8221; woodmart_bg_position=&#8221;center-bottom&#8221; css=&#8221;.vc_custom_1612561188989{background-color: #e5e5e5 !important;background-position: 0 0 !important;background-repeat: no-repeat !important;}&#8221; el_class=&#8221;mobile-bg-img-hidden&#8221; mobile_bg_img_hidden=&#8221;no&#8221; tablet_bg_img_hidden=&#8221;no&#8221; woodmart_parallax=&#8221;0&#8243; woodmart_gradient_switch=&#8221;no&#8221; row_reverse_mobile=&#8221;0&#8243; row_reverse_tablet=&#8221;0&#8243; woodmart_disable_overflow=&#8221;0&#8243;][vc_column mobile_bg_img_hidden=&#8221;no&#8221; tablet_bg_img_hidden=&#8221;no&#8221; woodmart_parallax=&#8221;0&#8243; woodmart_sticky_column=&#8221;false&#8221; parallax_scroll=&#8221;no&#8221; mobile_reset_margin=&#8221;no&#8221; tablet_reset_margin=&#8221;no&#8221;][vc_single_image image=&#8221;29235&#8243; img_size=&#8221;full&#8221; alignment=&#8221;center&#8221; style=&#8221;vc_box_shadow&#8221; onclick=&#8221;link_image&#8221; css=&#8221;&#8221; parallax_scroll=&#8221;no&#8221; woodmart_inline=&#8221;no&#8221;][\/vc_column][\/vc_row][vc_row][vc_column]\n\t\t<div id=\"wd-63ac88b742871\" class=\"title-wrapper wd-wpb wd-set-mb reset-last-child  wd-rs-63ac88b742871 wd-title-color-primary wd-title-style-bordered text-left justify  wd-underline-colored\">\n\t\t\t\t\t\t\t\n\t\t\t\t<div class=\"title-subtitle  subtitle-color-primary font-alt subtitle-style-default wd-font-weight- wd-fontsize-xs\">Biancheria Letto in Lino Lavato Qualit\u00e0 Italiana.<\/div>\n\t\t\t\n\t\t\t<div class=\"liner-continer\">\n\t\t\t\t<h3 class=\"woodmart-title-container title  wd-font-weight-400 wd-fontsize-l\" >VIENNA - Set Copripiumino una Piazza e Mezza Lino Lavato a Righe<\/h3>\n\t\t\t\t\t\t\t<\/div>\n\t\t\t\n\t\t\t\n\t\t\t\n\t\t<\/div>\n\t\t\n\t\t[vc_column_text text_larger=&#8221;no&#8221; woodmart_inline=&#8221;no&#8221;]<\/p>\n<p style=\"text-align: justify;\"><b>La stanza pi\u00f9 intima della nostra casa<\/b>\u00a0\u00e8 quella che maggiormente esalta le nostre\u00a0emozioni,\u00a0ci porta, ci coccola al giusto riposo, il <strong>copripiumino VIENNA<\/strong>, ci regala colore, passione, il giusto<b>\u00a0calore al nostro relax:\u00a0<\/b>Morbido e piacevole sulla pelle e dolce al tatto, versione sofisticata e contemporanea di un tessuto tradizionale.<br \/>\nIl nostro copri piumino \u00e8 di facile manutenzione,\u00a0 e se amate il vintage e l&#8217;informale non necessita di essere stirato. Tessuto 100% LINO \u00a0Italiano Trattamento indanthrene con colore particolarmente stabile alla luce, agli agenti atmosferici e ai lavaggi[\/vc_column_text][\/vc_column][\/vc_row]<\/p>\n<\/div>","protected":false},"excerpt":{"rendered":"<p><strong>VIENNA &#8211; Set Copripiumino una Piazza e Mezza Lino Lavato a Righe\u00a0<\/strong>di manifattura artigianale realizzato con tessuto italiano di primissima qualit\u00e0. Chiusura a sacco con bottoni + patella<\/p>\n","protected":false},"featured_media":56756,"template":"","meta":[],"product_brand":[],"product_cat":[3154,3156,3126],"product_tag":[1615,598],"class_list":{"0":"post-46577","1":"product","2":"type-product","3":"status-publish","4":"has-post-thumbnail","6":"product_cat-biancheria-da-letto","7":"product_cat-copripiumino","8":"product_cat-copripiumino-una-piazza-e-mezza","9":"product_tag-biancheria-letto","10":"product_tag-copripiumino","12":"first","13":"instock","14":"taxable","15":"shipping-taxable","16":"purchasable","17":"product-type-simple"},"_links":{"self":[{"href":"https:\/\/www.marinigerardi.it\/shop\/wp-json\/wp\/v2\/product\/46577","targetHints":{"allow":["GET"]}}],"collection":[{"href":"https:\/\/www.marinigerardi.it\/shop\/wp-json\/wp\/v2\/product"}],"about":[{"href":"https:\/\/www.marinigerardi.it\/shop\/wp-json\/wp\/v2\/types\/product"}],"wp:featuredmedia":[{"embeddable":true,"href":"https:\/\/www.marinigerardi.it\/shop\/wp-json\/wp\/v2\/media\/56756"}],"wp:attachment":[{"href":"https:\/\/www.marinigerardi.it\/shop\/wp-json\/wp\/v2\/media?parent=46577"}],"wp:term":[{"taxonomy":"product_brand","embeddable":true,"href":"https:\/\/www.marinigerardi.it\/shop\/wp-json\/wp\/v2\/product_brand?post=46577"},{"taxonomy":"product_cat","embeddable":true,"href":"https:\/\/www.marinigerardi.it\/shop\/wp-json\/wp\/v2\/product_cat?post=46577"},{"taxonomy":"product_tag","embeddable":true,"href":"https:\/\/www.marinigerardi.it\/shop\/wp-json\/wp\/v2\/product_tag?post=46577"}],"curies":[{"name":"wp","href":"https:\/\/api.w.org\/{rel}","templated":true}]}}