{"id":45262,"date":"2022-12-21T11:54:36","date_gmt":"2022-12-21T11:54:36","guid":{"rendered":"https:\/\/www.marinigerardi.it\/shop\/?post_type=product&#038;p=45262"},"modified":"2025-02-02T16:08:53","modified_gmt":"2025-02-02T16:08:53","slug":"copripiumino-piazza-e-mezza-in-lino","status":"publish","type":"product","link":"https:\/\/www.marinigerardi.it\/shop\/prodotto\/copripiumino-piazza-e-mezza-in-lino\/","title":{"rendered":"BASIC &#8211; Copripiumino Piazza e Mezza in Lino"},"content":{"rendered":"<div class=\"wpb-content-wrapper\"><p>[vc_row equal_height=&#8221;yes&#8221; mobile_bg_img_hidden=&#8221;no&#8221; tablet_bg_img_hidden=&#8221;no&#8221; woodmart_parallax=&#8221;0&#8243; woodmart_gradient_switch=&#8221;no&#8221; row_reverse_mobile=&#8221;0&#8243; row_reverse_tablet=&#8221;0&#8243; woodmart_disable_overflow=&#8221;0&#8243;][vc_column offset=&#8221;vc_col-lg-6 vc_col-md-6&#8243; mobile_bg_img_hidden=&#8221;no&#8221; tablet_bg_img_hidden=&#8221;no&#8221; woodmart_parallax=&#8221;0&#8243; woodmart_sticky_column=&#8221;false&#8221; parallax_scroll=&#8221;no&#8221; mobile_reset_margin=&#8221;no&#8221; tablet_reset_margin=&#8221;no&#8221; css=&#8221;.vc_custom_1613071403480{margin-top: 0px !important;}&#8221;]\n\t\t<div id=\"wd-63a2f5ce39def\" class=\"title-wrapper wd-wpb wd-set-mb reset-last-child  wd-rs-63a2f5ce39def wd-title-color-primary wd-title-style-bordered text-left vc_custom_1671624154106 wd-underline-colored\">\n\t\t\t\n\t\t\t<div class=\"liner-continer\">\n\t\t\t\t<h2 class=\"woodmart-title-container title  wd-font-weight-500 wd-fontsize-xl\" >BASIC - Copripiumino Piazza e Mezza in Lino 200x200 shop online<\/h2>\n\t\t\t\t\t\t\t<\/div>\n\t\t\t\n\t\t\t\t\t\t\t<div class=\"title-after_title reset-last-child  wd-fontsize-s\">Offerta include un Copri piumino sacco, realizzato in tessuto puro lino stropicciato di primissima qualit\u00e0 Italiana. Per noi questo \u00e8 il vero aspetto della biancheria casa ! Comfort, Lusso, ma anche una certa Informalit\u00e0.<\/div>\n\t\t\t\n\t\t\t\n\t\t<\/div>\n\t\t\n\t\t[vc_message message_box_style=&#8221;outline&#8221; message_box_color=&#8221;grey&#8221; css=&#8221;&#8221;]<span class=\"a-list-item\"><a href=\"https:\/\/www.marinigerardi.it\/shop\/prodotto\/copripiumino-piazza-e-mezza-in-lino\/\">Questa offerta<\/a> include solo <strong>Il Copri piumino<\/strong>. Se avete necessit\u00e0 di lenzuolo con angoli, si prega di ricercare:<a href=\"https:\/\/marinigerardi.it\/shop\/prodotto\/basic-lenzuola-sotto-in-puro-lino\/\"><strong>Basic-Lenzuolo Sotto<\/strong><\/a>, per il lenzuolo sopra, ricercare:<a href=\"https:\/\/marinigerardi.it\/shop\/prodotto\/basic-lenzuola-piane-sopra\/\"><strong> Basic-Lenzuolo Sopra<\/strong>,<\/a> per le federe, ricercare: <strong><a href=\"https:\/\/marinigerardi.it\/shop\/prodotto\/basic-federe-cuscino-federe-in-lino-tutto-italiano\/\">Basic-Federe<\/a>. <\/strong>Per altre misure o combinazioni letto contattateci ad: <strong>assistenza@marinigerardi.it<\/strong><\/span>[\/vc_message]<div id=\"wd-61a47adce0fb9\" class=\" wd-rs-61a47adce0fb9  wd-button-wrapper text-left\"><a href=\"https:\/\/www.marinigerardi.it\/shop\/guida-misure-per-la-biancheria-letto\/\" title=\"GUIDA MISURE PER LA BIANCHERIA LETTO\" target=\"_blank\" class=\"btn btn-style-link btn-shape-rectangle btn-size-default\">Guida misure Biancheria Letto<\/a><\/div>[\/vc_column][vc_column css=&#8221;.vc_custom_1612434787067{background-position: center !important;background-repeat: no-repeat !important;background-size: cover !important;}&#8221; offset=&#8221;vc_col-lg-6 vc_col-md-6&#8243; mobile_bg_img_hidden=&#8221;no&#8221; tablet_bg_img_hidden=&#8221;no&#8221; woodmart_parallax=&#8221;0&#8243; woodmart_sticky_column=&#8221;false&#8221; parallax_scroll=&#8221;no&#8221; mobile_reset_margin=&#8221;no&#8221; tablet_reset_margin=&#8221;no&#8221;][vc_gallery interval=&#8221;3&#8243; images=&#8221;9016,11127&#8243; img_size=&#8221;large&#8221;][\/vc_column][\/vc_row][vc_row][vc_column]\n\t\t<div id=\"wd-66d1eb604d4cb\" class=\"title-wrapper wd-wpb wd-set-mb reset-last-child  wd-rs-66d1eb604d4cb wd-title-color-default wd-title-style-default text-center  wd-underline-colored\">\n\t\t\t\n\t\t\t<div class=\"liner-continer\">\n\t\t\t\t<h2 class=\"woodmart-title-container title  wd-font-weight- wd-fontsize-l\" >Copripiumino Piazza e Mezza in Lino<\/h2>\n\t\t\t\t\t\t\t<\/div>\n\t\t\t\n\t\t\t\n\t\t\t\n\t\t<\/div>\n\t\t\n\t\t[\/vc_column][\/vc_row][vc_row content_placement=&#8221;middle&#8221; woodmart_bg_position=&#8221;center-bottom&#8221; css=&#8221;.vc_custom_1612561188989{background-color: #e5e5e5 !important;background-position: 0 0 !important;background-repeat: no-repeat !important;}&#8221; el_class=&#8221;mobile-bg-img-hidden&#8221; mobile_bg_img_hidden=&#8221;no&#8221; tablet_bg_img_hidden=&#8221;no&#8221; woodmart_parallax=&#8221;0&#8243; woodmart_gradient_switch=&#8221;no&#8221; row_reverse_mobile=&#8221;0&#8243; row_reverse_tablet=&#8221;0&#8243; woodmart_disable_overflow=&#8221;0&#8243;][vc_column width=&#8221;1\/2&#8243; mobile_bg_img_hidden=&#8221;no&#8221; tablet_bg_img_hidden=&#8221;no&#8221; woodmart_parallax=&#8221;0&#8243; woodmart_sticky_column=&#8221;false&#8221; parallax_scroll=&#8221;no&#8221; mobile_reset_margin=&#8221;no&#8221; tablet_reset_margin=&#8221;no&#8221;][vc_single_image image=&#8221;9017&#8243; img_size=&#8221;large&#8221; alignment=&#8221;center&#8221; style=&#8221;vc_box_shadow&#8221; onclick=&#8221;link_image&#8221; parallax_scroll=&#8221;no&#8221; woodmart_inline=&#8221;no&#8221;][\/vc_column][vc_column width=&#8221;1\/2&#8243; css=&#8221;.vc_custom_1535101510463{margin-top: 4vh !important;padding-top: 0px !important;}&#8221;][vc_single_image image=&#8221;11134&#8243; img_size=&#8221;large&#8221; alignment=&#8221;center&#8221; style=&#8221;vc_box_shadow&#8221; onclick=&#8221;link_image&#8221; parallax_scroll=&#8221;no&#8221; woodmart_inline=&#8221;no&#8221;][\/vc_column][\/vc_row][vc_row][vc_column]\n\t\t<div id=\"wd-63a2f5ddbca3e\" class=\"title-wrapper wd-wpb wd-set-mb reset-last-child  wd-rs-63a2f5ddbca3e wd-title-color-primary wd-title-style-bordered text-left justify  wd-underline-colored\">\n\t\t\t\t\t\t\t\n\t\t\t\t<div class=\"title-subtitle  subtitle-color-primary font-alt subtitle-style-default wd-font-weight- wd-fontsize-xs\">In Puro Lino Stropicciato<\/div>\n\t\t\t\n\t\t\t<div class=\"liner-continer\">\n\t\t\t\t<h3 class=\"woodmart-title-container title  wd-font-weight-400 wd-fontsize-xl\" >BASIC - Copripiumino Piazza e Mezza in Lino 200x200 shop online<\/h3>\n\t\t\t\t\t\t\t<\/div>\n\t\t\t\n\t\t\t\n\t\t\t\n\t\t<\/div>\n\t\t\n\t\t[vc_column_text text_larger=&#8221;no&#8221; woodmart_inline=&#8221;no&#8221;]<\/p>\n<p style=\"text-align: justify;\">Per noi questo \u00e8 il vero aspetto della <a href=\"https:\/\/lenzuola.eu\/\" target=\"_blank\" rel=\"noopener nofollow\">biancheria<\/a> casa! <strong>Comfort, Lusso<\/strong>, ma anche una certa <strong>Informalit\u00e0<\/strong>. Sono disponibili le <em>lenzuola matrimoniali con angoli sotto<\/em> e lenzuola letto piane sopra.<\/p>\n<p>[\/vc_column_text][\/vc_column][\/vc_row]<\/p>\n<\/div>","protected":false},"excerpt":{"rendered":"<p><strong>BASIC &#8211; Copripiumino Piazza e Mezza in Lino 200&#215;200<\/strong> &#8211; Puro lino leggermente stropicciato di primissima qualit\u00e0, che combina la sensazione di lusso della biancheria con il familiare comfort del tradizionale letto della nonna.<\/p>\n","protected":false},"featured_media":56232,"template":"","meta":[],"product_brand":[],"product_cat":[3154,3156,3126],"product_tag":[1615,3198,598],"class_list":{"0":"post-45262","1":"product","2":"type-product","3":"status-publish","4":"has-post-thumbnail","6":"product_cat-biancheria-da-letto","7":"product_cat-copripiumino","8":"product_cat-copripiumino-una-piazza-e-mezza","9":"product_tag-biancheria-letto","10":"product_tag-copripiumini-lino","11":"product_tag-copripiumino","13":"first","14":"instock","15":"taxable","16":"shipping-taxable","17":"purchasable","18":"product-type-simple"},"_links":{"self":[{"href":"https:\/\/www.marinigerardi.it\/shop\/wp-json\/wp\/v2\/product\/45262","targetHints":{"allow":["GET"]}}],"collection":[{"href":"https:\/\/www.marinigerardi.it\/shop\/wp-json\/wp\/v2\/product"}],"about":[{"href":"https:\/\/www.marinigerardi.it\/shop\/wp-json\/wp\/v2\/types\/product"}],"wp:featuredmedia":[{"embeddable":true,"href":"https:\/\/www.marinigerardi.it\/shop\/wp-json\/wp\/v2\/media\/56232"}],"wp:attachment":[{"href":"https:\/\/www.marinigerardi.it\/shop\/wp-json\/wp\/v2\/media?parent=45262"}],"wp:term":[{"taxonomy":"product_brand","embeddable":true,"href":"https:\/\/www.marinigerardi.it\/shop\/wp-json\/wp\/v2\/product_brand?post=45262"},{"taxonomy":"product_cat","embeddable":true,"href":"https:\/\/www.marinigerardi.it\/shop\/wp-json\/wp\/v2\/product_cat?post=45262"},{"taxonomy":"product_tag","embeddable":true,"href":"https:\/\/www.marinigerardi.it\/shop\/wp-json\/wp\/v2\/product_tag?post=45262"}],"curies":[{"name":"wp","href":"https:\/\/api.w.org\/{rel}","templated":true}]}}