{"id":45115,"date":"2022-12-13T10:40:09","date_gmt":"2022-12-13T10:40:09","guid":{"rendered":"https:\/\/www.marinigerardi.it\/shop\/?post_type=product&#038;p=45115"},"modified":"2025-02-03T22:54:48","modified_gmt":"2025-02-03T22:54:48","slug":"lenzuola-piazza-e-mezza-120x190-in-lino","status":"publish","type":"product","link":"https:\/\/www.marinigerardi.it\/shop\/prodotto\/lenzuola-piazza-e-mezza-120x190-in-lino\/","title":{"rendered":"RISVEGLI sp &#8211; Lenzuola Piazza e Mezza sopra 120&#215;190 in Lino"},"content":{"rendered":"<div class=\"wpb-content-wrapper\"><p>[vc_row equal_height=&#8221;yes&#8221; mobile_bg_img_hidden=&#8221;no&#8221; tablet_bg_img_hidden=&#8221;no&#8221; woodmart_parallax=&#8221;0&#8243; woodmart_gradient_switch=&#8221;no&#8221; row_reverse_mobile=&#8221;0&#8243; row_reverse_tablet=&#8221;0&#8243; woodmart_disable_overflow=&#8221;0&#8243;][vc_column offset=&#8221;vc_col-lg-6 vc_col-md-6&#8243; mobile_bg_img_hidden=&#8221;no&#8221; tablet_bg_img_hidden=&#8221;no&#8221; woodmart_parallax=&#8221;0&#8243; woodmart_sticky_column=&#8221;false&#8221; parallax_scroll=&#8221;no&#8221; mobile_reset_margin=&#8221;no&#8221; tablet_reset_margin=&#8221;no&#8221; css=&#8221;.vc_custom_1613071403480{margin-top: 0px !important;}&#8221;]\n\t\t<div id=\"wd-63985736bc35f\" class=\"title-wrapper wd-wpb wd-set-mb reset-last-child  wd-rs-63985736bc35f wd-title-color-primary wd-title-style-bordered text-left justify  wd-underline-colored\">\n\t\t\t\n\t\t\t<div class=\"liner-continer\">\n\t\t\t\t<h2 class=\"woodmart-title-container title  wd-font-weight-400 wd-fontsize-l\" >RISVEGLI - Lenzuola Piazza e Mezza 120x190 in Lino<\/h2>\n\t\t\t\t\t\t\t<\/div>\n\t\t\t\n\t\t\t\n\t\t\t\n\t\t<\/div>\n\t\t\n\t\t\t\t<div id=\"wd-67a1427c74341\" class=\"wd-text-block wd-wpb reset-last-child wd-rs-67a1427c74341 text-left \">\n\t\t\t<p><strong>Lenzuola in Lino stropicciato Delav\u00e8 raffinatissimo dai colori affascinanti Progetto Moda 2025 <\/strong>che ben si abbinano ad ambienti in stile moderno, o per un arredo shabby <em><a href=\"https:\/\/purolino.net\/tessuto\/\" target=\"_blank\" rel=\"noopener nofollow\">chic<\/a>,<\/em> adatto a spazi contemporanei. un bel lino morbido e piacevole sulla pelle dolce e delicato al tatto effetto vintage. <strong>NO STIRO ma puoi anche stirarlo<br \/>\n<\/strong><\/p>\n\t\t<\/div>\n\t\t[vc_message message_box_style=&#8221;outline&#8221; message_box_color=&#8221;grey&#8221; css=&#8221;&#8221;]<\/p>\n<ul>\n<li>Questa offerta include <strong>un <a href=\"https:\/\/www.marinigerardi.it\/shop\/prodotto\/lenzuola-piazza-e-mezza-120x190-in-lino\/\">lenzuolo sopra in lino<\/a> stropicciato || <a href=\"https:\/\/www.marinigerardi.it\/shop\/prodotto\/lenzuoli-con-angoli\/\">Vedi Lenzuolo sotto con angoli<\/a> <a href=\"https:\/\/www.marinigerardi.it\/shop\/prodotto\/risvegli-federe-cuscini-letto-50x80-in-lino-stropicciato\/\">Vedi Federe Cuscini<\/a><br \/>\n<\/strong><\/li>\n<li>La confezione \u00e8 diversa da quella delle lenzuola tradizionali perch\u00e9 non \u00e8 orlata, ma sfrangiata lungo i bordi con piccolo pliss\u00e8. Finitura innovativa che rende il letto pi\u00f9 estivo, pi\u00f9 fresco e di una eleganza informale.<\/li>\n<li>Segnalare nelle note dell&#8217;Ordine eventuale combinazione colori per le federe cuscini.<\/li>\n<\/ul>\n<p>Per altre misure contattare\u00a0 <strong>assistenza@marinigerardi.it <\/strong>[\/vc_message]<div id=\"wd-61d6ccd6bfab9\" class=\" wd-rs-61d6ccd6bfab9  wd-button-wrapper text-left\"><a href=\"https:\/\/www.marinigerardi.it\/shop\/guida-misure-per-la-biancheria-letto\/\" title=\"GUIDA MISURE PER LA BIANCHERIA LETTO\" target=\"_blank\" class=\"btn btn-style-link btn-shape-rectangle btn-size-default btn-icon-pos-left\">GUIDA MISURE PER LA BIANCHERIA LETTO<span class=\"wd-btn-icon\"><span class=\"wd-icon far fa-arrow-alt-circle-right\"><\/span><\/span><\/a><\/div>[vc_empty_space][\/vc_column][vc_column css=&#8221;.vc_custom_1612434787067{background-position: center !important;background-repeat: no-repeat !important;background-size: cover !important;}&#8221; offset=&#8221;vc_col-lg-6 vc_col-md-6&#8243; mobile_bg_img_hidden=&#8221;no&#8221; tablet_bg_img_hidden=&#8221;no&#8221; woodmart_parallax=&#8221;0&#8243; woodmart_sticky_column=&#8221;false&#8221; parallax_scroll=&#8221;no&#8221; mobile_reset_margin=&#8221;no&#8221; tablet_reset_margin=&#8221;no&#8221;][vc_single_image image=&#8221;37291&#8243; img_size=&#8221;large&#8221; alignment=&#8221;center&#8221; style=&#8221;vc_box_shadow&#8221; onclick=&#8221;link_image&#8221; parallax_scroll=&#8221;no&#8221; woodmart_inline=&#8221;no&#8221;][\/vc_column][\/vc_row][vc_row][vc_column][vc_text_separator title=&#8221;Tessuti Italiani: lino stropicciato&#8221;]\n\t\t<div id=\"wd-66d4857f1e946\" class=\"title-wrapper wd-wpb wd-set-mb reset-last-child  wd-rs-66d4857f1e946 wd-title-color-default wd-title-style-default text-center  wd-underline-colored\">\n\t\t\t\n\t\t\t<div class=\"liner-continer\">\n\t\t\t\t<h2 class=\"woodmart-title-container title  wd-font-weight- wd-fontsize-l\" >Lenzuola Piazza e Mezza sopra 120x190 in Lino<\/h2>\n\t\t\t\t\t\t\t<\/div>\n\t\t\t\n\t\t\t\n\t\t\t\n\t\t<\/div>\n\t\t\n\t\t[\/vc_column][\/vc_row][vc_row content_placement=&#8221;middle&#8221; woodmart_bg_position=&#8221;center-bottom&#8221; css=&#8221;.vc_custom_1612561188989{background-color: #e5e5e5 !important;background-position: 0 0 !important;background-repeat: no-repeat !important;}&#8221; el_class=&#8221;mobile-bg-img-hidden&#8221; mobile_bg_img_hidden=&#8221;no&#8221; tablet_bg_img_hidden=&#8221;no&#8221; woodmart_parallax=&#8221;0&#8243; woodmart_gradient_switch=&#8221;no&#8221; row_reverse_mobile=&#8221;0&#8243; row_reverse_tablet=&#8221;0&#8243; woodmart_disable_overflow=&#8221;0&#8243;][vc_column width=&#8221;1\/2&#8243; mobile_bg_img_hidden=&#8221;no&#8221; tablet_bg_img_hidden=&#8221;no&#8221; woodmart_parallax=&#8221;0&#8243; woodmart_sticky_column=&#8221;false&#8221; parallax_scroll=&#8221;no&#8221; mobile_reset_margin=&#8221;no&#8221; tablet_reset_margin=&#8221;no&#8221;][vc_single_image image=&#8221;37290&#8243; img_size=&#8221;large&#8221; alignment=&#8221;center&#8221; style=&#8221;vc_box_shadow&#8221; onclick=&#8221;link_image&#8221; parallax_scroll=&#8221;no&#8221; woodmart_inline=&#8221;no&#8221;][vc_single_image image=&#8221;37294&#8243; img_size=&#8221;large&#8221; alignment=&#8221;center&#8221; style=&#8221;vc_box_shadow&#8221; onclick=&#8221;link_image&#8221; parallax_scroll=&#8221;no&#8221; woodmart_inline=&#8221;no&#8221;][\/vc_column][vc_column width=&#8221;1\/2&#8243; css=&#8221;.vc_custom_1535101510463{margin-top: 4vh !important;padding-top: 0px !important;}&#8221;][vc_single_image image=&#8221;37382&#8243; img_size=&#8221;large&#8221; alignment=&#8221;center&#8221; style=&#8221;vc_box_shadow&#8221; onclick=&#8221;link_image&#8221; parallax_scroll=&#8221;no&#8221; woodmart_inline=&#8221;no&#8221;][vc_single_image image=&#8221;37293&#8243; img_size=&#8221;large&#8221; alignment=&#8221;center&#8221; style=&#8221;vc_box_shadow&#8221; onclick=&#8221;link_image&#8221; parallax_scroll=&#8221;no&#8221; woodmart_inline=&#8221;no&#8221;][\/vc_column][\/vc_row][vc_row][vc_column][vc_text_separator title=&#8221;mix and match Arredamento 2024 \/ 2025 contaminazioni e contrasti di colori&#8221; css=&#8221;&#8221;]\n\t\t<div id=\"wd-66d485f39fd35\" class=\"title-wrapper wd-wpb wd-set-mb reset-last-child  wd-rs-66d485f39fd35 wd-title-color-default wd-title-style-default text-center  wd-underline-colored\">\n\t\t\t\n\t\t\t<div class=\"liner-continer\">\n\t\t\t\t<h3 class=\"woodmart-title-container title  wd-font-weight- wd-fontsize-l\" >Lenzuola Piazza e Mezza sopra 120x190 in Lino<\/h3>\n\t\t\t\t\t\t\t<\/div>\n\t\t\t\n\t\t\t\n\t\t\t\n\t\t<\/div>\n\t\t\n\t\t[\/vc_column][\/vc_row][vc_row][vc_column][vc_single_image image=&#8221;37465&#8243; img_size=&#8221;full&#8221; alignment=&#8221;center&#8221; style=&#8221;vc_box_shadow&#8221; onclick=&#8221;link_image&#8221; parallax_scroll=&#8221;no&#8221; woodmart_inline=&#8221;no&#8221;][\/vc_column][\/vc_row][vc_row][vc_column]\n\t\t<div id=\"wd-639857553e2ba\" class=\"title-wrapper wd-wpb wd-set-mb reset-last-child  wd-rs-639857553e2ba wd-title-color-primary wd-title-style-bordered text-left justify  wd-underline-colored\">\n\t\t\t\t\t\t\t\n\t\t\t\t<div class=\"title-subtitle  subtitle-color-primary font-alt subtitle-style-default wd-font-weight- wd-fontsize-xs\">Lenzuola in Puro Lino Stropicciato<\/div>\n\t\t\t\n\t\t\t<div class=\"liner-continer\">\n\t\t\t\t<h3 class=\"woodmart-title-container title  wd-font-weight-400 wd-fontsize-l\" >RISVEGLI - Lenzuola Piazza e Mezza 120x190 in Lino<\/h3>\n\t\t\t\t\t\t\t<\/div>\n\t\t\t\n\t\t\t\n\t\t\t\n\t\t<\/div>\n\t\t\n\t\t\t\t<div id=\"wd-66d4862088dc3\" class=\"wd-text-block wd-wpb reset-last-child wd-rs-66d4862088dc3 text-left \">\n\t\t\t<p><strong>Un Tessuto in Lino di altissima qualit\u00e0, unico e speciale per progettare una casa confortevole e accogliente.<\/strong><br \/>\nVersatile e dal look contemporaneo, questo articolo \u00e8 disponibile in un\u2019ampia palette di colori che spazia dai toni classici a quelli pi\u00f9 pop, che sfumano da nuance chiare a quelle pi\u00f9 intense. Tessuto per biancheria letto, dall&#8217; aspetto naturale si presta agli abbinamenti pi\u00f9 svariati, capaci d&#8217;infondere informalit\u00e0 ma anche una nota di grande eleganza.<\/p>\n\t\t<\/div>\n\t\t[\/vc_column][\/vc_row]<\/p>\n<\/div>","protected":false},"excerpt":{"rendered":"<p><span style=\"color: #333333;\"><strong>RISVEGLI (Sopra) &#8211; Lenzuola Piazza e Mezza in Lino Stropicciato Delav\u00e8 Fresco e leggero al tatto, sfrangiato lungo i bordi.<\/strong><\/span>\u00a0 Questo lenzuolo (No Stiro che puoi anche stirare) risulta soffice e piacevole al tatto, dall\u2019aspetto luminoso chic. <span style=\"color: #333333;\"><strong>Colori Moda 2025<\/strong><\/span><\/p>\n","protected":false},"featured_media":57783,"template":"","meta":[],"product_brand":[],"product_cat":[3154,3155,3134,3223],"product_tag":[3171,1579],"class_list":{"0":"post-45115","1":"product","2":"type-product","3":"status-publish","4":"has-post-thumbnail","6":"product_cat-biancheria-da-letto","7":"product_cat-lenzuole","8":"product_cat-lenzuola-una-piazza-e-mezza","9":"product_cat-lenzuolo-sopra-una-piazza-e-mezza","10":"product_tag-lenzuola-piazza-e-mezza","11":"product_tag-lenzuolo-sopra","13":"first","14":"instock","15":"taxable","16":"shipping-taxable","17":"purchasable","18":"product-type-simple"},"_links":{"self":[{"href":"https:\/\/www.marinigerardi.it\/shop\/wp-json\/wp\/v2\/product\/45115","targetHints":{"allow":["GET"]}}],"collection":[{"href":"https:\/\/www.marinigerardi.it\/shop\/wp-json\/wp\/v2\/product"}],"about":[{"href":"https:\/\/www.marinigerardi.it\/shop\/wp-json\/wp\/v2\/types\/product"}],"wp:featuredmedia":[{"embeddable":true,"href":"https:\/\/www.marinigerardi.it\/shop\/wp-json\/wp\/v2\/media\/57783"}],"wp:attachment":[{"href":"https:\/\/www.marinigerardi.it\/shop\/wp-json\/wp\/v2\/media?parent=45115"}],"wp:term":[{"taxonomy":"product_brand","embeddable":true,"href":"https:\/\/www.marinigerardi.it\/shop\/wp-json\/wp\/v2\/product_brand?post=45115"},{"taxonomy":"product_cat","embeddable":true,"href":"https:\/\/www.marinigerardi.it\/shop\/wp-json\/wp\/v2\/product_cat?post=45115"},{"taxonomy":"product_tag","embeddable":true,"href":"https:\/\/www.marinigerardi.it\/shop\/wp-json\/wp\/v2\/product_tag?post=45115"}],"curies":[{"name":"wp","href":"https:\/\/api.w.org\/{rel}","templated":true}]}}