{"id":44789,"date":"2022-11-30T14:26:15","date_gmt":"2022-11-30T14:26:15","guid":{"rendered":"https:\/\/www.marinigerardi.it\/shop\/?post_type=product&#038;p=44789"},"modified":"2025-06-06T10:47:22","modified_gmt":"2025-06-06T10:47:22","slug":"tende-a-vetro-porta-finestra-cucina-in-lino","status":"publish","type":"product","link":"https:\/\/www.marinigerardi.it\/shop\/prodotto\/tende-a-vetro-porta-finestra-cucina-in-lino\/","title":{"rendered":"SPIGHE NERE GIALLE &#8211; Tende a Vetro Porta Finestra Cucina"},"content":{"rendered":"<div class=\"wpb-content-wrapper\"><p>[vc_row equal_height=&#8221;yes&#8221; mobile_bg_img_hidden=&#8221;no&#8221; tablet_bg_img_hidden=&#8221;no&#8221; woodmart_parallax=&#8221;0&#8243; woodmart_gradient_switch=&#8221;no&#8221; row_reverse_mobile=&#8221;0&#8243; row_reverse_tablet=&#8221;0&#8243; woodmart_disable_overflow=&#8221;0&#8243;][vc_column offset=&#8221;vc_col-lg-6 vc_col-md-6&#8243; mobile_bg_img_hidden=&#8221;no&#8221; tablet_bg_img_hidden=&#8221;no&#8221; woodmart_parallax=&#8221;0&#8243; woodmart_sticky_column=&#8221;false&#8221; parallax_scroll=&#8221;no&#8221; mobile_reset_margin=&#8221;no&#8221; tablet_reset_margin=&#8221;no&#8221; css=&#8221;.vc_custom_1613071403480{margin-top: 0px !important;}&#8221;]\n\t\t<div id=\"wd-67e70b5e40e2c\" class=\"title-wrapper wd-wpb wd-set-mb reset-last-child  wd-rs-67e70b5e40e2c wd-title-color-primary wd-title-style-bordered text-left vc_custom_1743195005743 wd-underline-colored\">\n\t\t\t\n\t\t\t<div class=\"liner-continer\">\n\t\t\t\t<h2 class=\"woodmart-title-container title  wd-font-weight-600 wd-fontsize-l\" >SPIGHE NERE GIALLE - Tende a Vetro Porta Finestra Cucina in lino<\/h2>\n\t\t\t\t\t\t\t<\/div>\n\t\t\t\n\t\t\t\n\t\t\t\n\t\t<\/div>\n\t\t\n\t\t\t\t<div id=\"wd-663b2ef05facf\" class=\"wd-text-block wd-wpb reset-last-child wd-rs-663b2ef05facf text-left \">\n\t\t\t<p style=\"text-align: justify;\">SPIGHE NERE GIALLE &#8211; Tende a Vetro Porta Finestra Cucina Made in Italy dall&#8217;aspetto fresco e naturale realizzate con tessuto in puro lino impreziosite da un Design tinto in capo nel nostro laboratorio (ogni leggera difformit\u00e0 del disegno \u00e8 da considerarsi una peculiarit\u00e0 unica), inoltre una trama trasparente e delicata del tessuto ne esalta le naturali qualit\u00e0. Le tende moderne per cucina a vetro sono accessori di arredo importanti che uniscono funzionalit\u00e0 ed estetica, esprimono, stile e personalit\u00e0 di chi la abita.<\/p>\n<p>Trova nella nostra collezione quale opzione \u00e8 la pi\u00f9 adatta alle tue esigenze.<\/p>\n\t\t<\/div>\n\t\t[vc_message message_box_style=&#8221;outline&#8221; message_box_color=&#8221;grey&#8221; css=&#8221;&#8221;]<\/p>\n<ul>\n<li>Opzione 1 &#8211; Tendine a vetro con tunel passante da 2 cm in alto e in basso.<\/li>\n<li>Opzione 2 &#8211; Tendine a vetro con asole a passanti in alto e tunel da 2 cm. in basso;<\/li>\n<li>Base tendine colori chiari: Bianco Ottico, Bianco Naturale, Panna, Grigio;<\/li>\n<li>Il prezzo \u00e8 inteso per ogni singola tendina<\/li>\n<\/ul>\n<p><strong>Per le misure non incluse<\/strong>, si prega inviare il dettaglio della dimensione desiderata all&#8217; indirizzo mail <strong>assistenza@marinigerardi.it<\/strong>[\/vc_message][\/vc_column][vc_column css=&#8221;.vc_custom_1612434787067{background-position: center !important;background-repeat: no-repeat !important;background-size: cover !important;}&#8221; offset=&#8221;vc_col-lg-6 vc_col-md-6&#8243; mobile_bg_img_hidden=&#8221;no&#8221; tablet_bg_img_hidden=&#8221;no&#8221; woodmart_parallax=&#8221;0&#8243; woodmart_sticky_column=&#8221;false&#8221; parallax_scroll=&#8221;no&#8221; mobile_reset_margin=&#8221;no&#8221; tablet_reset_margin=&#8221;no&#8221;][vc_single_image image=&#8221;44791&#8243; img_size=&#8221;large&#8221; onclick=&#8221;link_image&#8221; parallax_scroll=&#8221;no&#8221; woodmart_inline=&#8221;no&#8221;][\/vc_column][\/vc_row][vc_row][vc_column][vc_text_separator title=&#8221;&#8221; css=&#8221;.vc_custom_1743194882041{margin-top: 20px !important;margin-bottom: 20px !important;}&#8221;]\n\t\t<div id=\"wd-67e70afb84dd2\" class=\"title-wrapper wd-wpb wd-set-mb reset-last-child  wd-rs-67e70afb84dd2 wd-title-color-primary wd-title-style-default text-center justify  wd-underline-colored\">\n\t\t\t\n\t\t\t<div class=\"liner-continer\">\n\t\t\t\t<h3 class=\"woodmart-title-container title  wd-font-weight-600 wd-fontsize-l\" >SPIGHE NERE GIALLE - Tende a Vetro Porta Finestra Cucina Tessuto Esclusivo in Lino<\/h3>\n\t\t\t\t\t\t\t<\/div>\n\t\t\t\n\t\t\t\n\t\t\t\n\t\t<\/div>\n\t\t\n\t\t[\/vc_column][\/vc_row][vc_row css=&#8221;.vc_custom_1743194842486{background-color: #F3F3F3 !important;}&#8221; woodmart_css_id=&#8221;67e70abcee4f8&#8243; responsive_spacing=&#8221;eyJwYXJhbV90eXBlIjoid29vZG1hcnRfcmVzcG9uc2l2ZV9zcGFjaW5nIiwic2VsZWN0b3JfaWQiOiI2N2U3MGFiY2VlNGY4Iiwic2hvcnRjb2RlIjoidmNfcm93IiwiZGF0YSI6eyJ0YWJsZXQiOnt9LCJtb2JpbGUiOnt9fX0=&#8221; mobile_bg_img_hidden=&#8221;no&#8221; tablet_bg_img_hidden=&#8221;no&#8221; woodmart_parallax=&#8221;0&#8243; woodmart_gradient_switch=&#8221;no&#8221; woodmart_box_shadow=&#8221;no&#8221; wd_z_index=&#8221;no&#8221; woodmart_disable_overflow=&#8221;0&#8243; row_reverse_mobile=&#8221;0&#8243; row_reverse_tablet=&#8221;0&#8243;][vc_column][vc_single_image image=&#8221;78880&#8243; img_size=&#8221;full&#8221; alignment=&#8221;center&#8221; onclick=&#8221;link_image&#8221; css=&#8221;&#8221; parallax_scroll=&#8221;no&#8221; woodmart_inline=&#8221;no&#8221;][\/vc_column][\/vc_row][vc_row][vc_column]\n\t\t<div id=\"wd-67e70b3c0cdcf\" class=\"title-wrapper wd-wpb wd-set-mb reset-last-child  wd-rs-67e70b3c0cdcf wd-title-color-primary wd-title-style-default text-center justify  wd-underline-colored\">\n\t\t\t\n\t\t\t<div class=\"liner-continer\">\n\t\t\t\t<h3 class=\"woodmart-title-container title  wd-font-weight-600 wd-fontsize-l\" >Tende a Vetro Porta Finestra Cucina in Lino<\/h3>\n\t\t\t\t\t\t\t<\/div>\n\t\t\t\n\t\t\t\n\t\t\t\n\t\t<\/div>\n\t\t\n\t\t\t\t<div id=\"wd-67e71109537d7\" class=\"wd-text-block wd-wpb reset-last-child wd-rs-67e71109537d7 text-left \">\n\t\t\t<p>Quando si parla di eleganza le<a href=\"https:\/\/www.marinigerardi.it\/shop\/categoria-prodotto\/tende\/tende-a-vetro\/\"> tende a vetro<\/a> anche in cucina risultano tanto pi\u00f9 chic quanto pi\u00f9 sono semplici ed essenziali. <a href=\"https:\/\/www.marinigerardi.it\/shop\/prodotto\/tende-a-vetro-porta-finestra-cucina-in-lino\/\">Un tenda a vetro soggiorno<\/a> o una Cucina arredata con minimalistiche tendine a vetro moderne in Lino, sono pura poesia, sinonimo di eleganza e semplicit\u00e0. Il <a href=\"https:\/\/www.puro-lino.com\/\" target=\"_blank\" rel=\"noopener nofollow\">Puro Lino<\/a> \u00e8 un filato estremamente versatile che si presta a decorare ambienti di stili diversissimi, di gran voga nel panorama dell\u2019interior design contemporaneo.<\/p>\n\t\t<\/div>\n\t\t[\/vc_column][\/vc_row]<\/p>\n<\/div>","protected":false},"excerpt":{"rendered":"<p><strong>SPIGHE NERE GIALLE &#8211; Tende a Vetro Porta Finestra Cucina<\/strong>\u00a0&#8211; Tendine disponibili nei colori Bianco Ottico, Bianco Naturale, Panna, Grigio + un Design unico tinto in capo\u00a0 nel nostro laboratorio<\/p>\n","protected":false},"featured_media":44790,"template":"","meta":[],"product_brand":[],"product_cat":[2411,3092,3869],"product_tag":[],"class_list":{"0":"post-44789","1":"product","2":"type-product","3":"status-publish","4":"has-post-thumbnail","6":"product_cat-tende-a-vetro","7":"product_cat-tende-a-vetro-moderne","8":"product_cat-tende-da-vetro-moderne","10":"first","11":"instock","12":"taxable","13":"shipping-taxable","14":"purchasable","15":"product-type-simple"},"_links":{"self":[{"href":"https:\/\/www.marinigerardi.it\/shop\/wp-json\/wp\/v2\/product\/44789","targetHints":{"allow":["GET"]}}],"collection":[{"href":"https:\/\/www.marinigerardi.it\/shop\/wp-json\/wp\/v2\/product"}],"about":[{"href":"https:\/\/www.marinigerardi.it\/shop\/wp-json\/wp\/v2\/types\/product"}],"wp:featuredmedia":[{"embeddable":true,"href":"https:\/\/www.marinigerardi.it\/shop\/wp-json\/wp\/v2\/media\/44790"}],"wp:attachment":[{"href":"https:\/\/www.marinigerardi.it\/shop\/wp-json\/wp\/v2\/media?parent=44789"}],"wp:term":[{"taxonomy":"product_brand","embeddable":true,"href":"https:\/\/www.marinigerardi.it\/shop\/wp-json\/wp\/v2\/product_brand?post=44789"},{"taxonomy":"product_cat","embeddable":true,"href":"https:\/\/www.marinigerardi.it\/shop\/wp-json\/wp\/v2\/product_cat?post=44789"},{"taxonomy":"product_tag","embeddable":true,"href":"https:\/\/www.marinigerardi.it\/shop\/wp-json\/wp\/v2\/product_tag?post=44789"}],"curies":[{"name":"wp","href":"https:\/\/api.w.org\/{rel}","templated":true}]}}