{"id":44693,"date":"2022-11-25T08:21:09","date_gmt":"2022-11-25T08:21:09","guid":{"rendered":"https:\/\/www.marinigerardi.it\/shop\/?post_type=product&#038;p=44693"},"modified":"2025-08-19T07:41:35","modified_gmt":"2025-08-19T07:41:35","slug":"tende-a-vetro-su-misura-moderne","status":"publish","type":"product","link":"https:\/\/www.marinigerardi.it\/shop\/prodotto\/tende-a-vetro-su-misura-moderne\/","title":{"rendered":"ORIENTALE &#8211; Tende a Vetro su Misura Moderne"},"content":{"rendered":"<div class=\"wpb-content-wrapper\"><p>[vc_row equal_height=&#8221;yes&#8221; mobile_bg_img_hidden=&#8221;no&#8221; tablet_bg_img_hidden=&#8221;no&#8221; woodmart_parallax=&#8221;0&#8243; woodmart_gradient_switch=&#8221;no&#8221; row_reverse_mobile=&#8221;0&#8243; row_reverse_tablet=&#8221;0&#8243; woodmart_disable_overflow=&#8221;0&#8243;][vc_column offset=&#8221;vc_col-lg-6 vc_col-md-6&#8243; mobile_bg_img_hidden=&#8221;no&#8221; tablet_bg_img_hidden=&#8221;no&#8221; woodmart_parallax=&#8221;0&#8243; woodmart_sticky_column=&#8221;false&#8221; parallax_scroll=&#8221;no&#8221; mobile_reset_margin=&#8221;no&#8221; tablet_reset_margin=&#8221;no&#8221; css=&#8221;.vc_custom_1613071403480{margin-top: 0px !important;}&#8221;]\n\t\t<div id=\"wd-6380999aa80ea\" class=\"title-wrapper wd-wpb wd-set-mb reset-last-child  wd-rs-6380999aa80ea wd-title-color-primary wd-title-style-bordered text-left vc_custom_1669372342760 wd-underline-colored\">\n\t\t\t\n\t\t\t<div class=\"liner-continer\">\n\t\t\t\t<h2 class=\"woodmart-title-container title  wd-font-weight-500 wd-fontsize-l\" >ORIENTALE - Tende a Vetro su Misura Moderne in Lino Panna design giallo<\/h2>\n\t\t\t\t\t\t\t<\/div>\n\t\t\t\n\t\t\t\n\t\t\t\n\t\t<\/div>\n\t\t\n\t\t\t\t<div id=\"wd-66d0497d6e396\" class=\"wd-text-block wd-wpb reset-last-child wd-rs-66d0497d6e396 text-left \">\n\t\t\t<p style=\"text-align: justify;\">Tende per Vetrate Moderne su misura Made in Italy dall&#8217;aspetto fresco e naturale realizzate con tessuto in puro lino impreziosite da un Design tinto in capo nel nostro laboratorio (ogni leggera difformit\u00e0 del disegno \u00e8 da considerarsi una peculiarit\u00e0 unica), inoltre una trama trasparente e delicata del tessuto ne esalta le naturali qualit\u00e0. Le tende moderne a vetro sono accessori di arredo importanti che uniscono funzionalit\u00e0 ed estetica, esprimono, stile e personalit\u00e0 di chi la abita.<\/p>\n<p>Trova nella nostra collezione quale opzione \u00e8 la pi\u00f9 adatta alle tue esigenze.<\/p>\n\t\t<\/div>\n\t\t[vc_message message_box_style=&#8221;outline&#8221; message_box_color=&#8221;grey&#8221; css=&#8221;&#8221;]<\/p>\n<ul>\n<li>Opzione 1 &#8211; Tende a vetro su misura con tunnel passante da 2 cm in alto e in basso.<\/li>\n<li>Opzione 2 &#8211; Tende a vetro su misura con asole a passanti in alto e tunnel da 2 cm. in basso;<\/li>\n<li>Base tendine colori chiari: Bianco Ottico, Bianco Naturale, Panna, Grigio;<\/li>\n<li><strong>Il prezzo \u00e8 inteso per ogni singola tendina<\/strong>;<\/li>\n<li>Prodotto Sartoriale.<\/li>\n<\/ul>\n<p><strong>Per le misure non incluse<\/strong>, si prega inviare il dettaglio della dimensione desiderata all&#8217; indirizzo mail <strong>assistenza@marinigerardi.it<\/strong>[\/vc_message][\/vc_column][vc_column css=&#8221;.vc_custom_1612434787067{background-position: center !important;background-repeat: no-repeat !important;background-size: cover !important;}&#8221; offset=&#8221;vc_col-lg-6 vc_col-md-6&#8243; mobile_bg_img_hidden=&#8221;no&#8221; tablet_bg_img_hidden=&#8221;no&#8221; woodmart_parallax=&#8221;0&#8243; woodmart_sticky_column=&#8221;false&#8221; parallax_scroll=&#8221;no&#8221; mobile_reset_margin=&#8221;no&#8221; tablet_reset_margin=&#8221;no&#8221;][vc_single_image image=&#8221;58427&#8243; img_size=&#8221;large&#8221; onclick=&#8221;link_image&#8221; parallax_scroll=&#8221;no&#8221; woodmart_inline=&#8221;no&#8221;][\/vc_column][\/vc_row][vc_row][vc_column][vc_text_separator title=&#8221;Tende per Vetrate Moderne&#8221; css=&#8221;.vc_custom_1669312483722{margin-top: 20px !important;margin-bottom: 20px !important;}&#8221;]\n\t\t<div id=\"wd-66d04a1845a2a\" class=\"title-wrapper wd-wpb wd-set-mb reset-last-child  wd-rs-66d04a1845a2a wd-title-color-default wd-title-style-default text-center  wd-underline-colored\">\n\t\t\t\n\t\t\t<div class=\"liner-continer\">\n\t\t\t\t<h3 class=\"woodmart-title-container title  wd-font-weight- wd-fontsize-l\" >ORIENTALE - Tende a Vetro su Misura Moderne in Lino Panna design giallo<\/h3>\n\t\t\t\t\t\t\t<\/div>\n\t\t\t\n\t\t\t\n\t\t\t\n\t\t<\/div>\n\t\t\n\t\t\t\t<div id=\"wd-66d049a25d535\" class=\"wd-text-block wd-wpb reset-last-child wd-rs-66d049a25d535 text-left \">\n\t\t\t<p>Quando si parla di tende a vetro risultano tanto pi\u00f9 chic quanto pi\u00f9 sono semplici ed essenziali. <a href=\"https:\/\/www.marinigerardi.it\/shop\/prodotto\/tende-a-vetro-su-misura-moderne\/\">Un soggiorno ampio e spazioso<\/a> arredato con minimalistiche tende moderne in Lino, sono pura poesia, sinonimo di eleganza e semplicit\u00e0. Le tende Marini &amp; Gerardi sono prodotti sempre disponibili, realizzate nel nostro laboratorio su misura. Il <a href=\"https:\/\/www.puro-lino.com\/\" target=\"_blank\" rel=\"noopener nofollow\">Lino<\/a> \u00e8 un filato estremamente versatile che si presta a decorare ambienti di stili diversissimi, di gran voga nel panorama dell\u2019interior design contemporaneo.<\/p>\n\t\t<\/div>\n\t\t[\/vc_column][\/vc_row]<\/p>\n<\/div>","protected":false},"excerpt":{"rendered":"<p><strong>ORIENTALE &#8211; Tende a Vetro su Misura Moderne in Lino design in giallo<\/strong> &#8211; Tende disponibili nei colori base: Bianco Ottico, Bianco Naturale, Panna, Grigio + un Design unico tinto in capo\u00a0 realizzato in proporzione alla misura selezionata.<\/p>\n","protected":false},"featured_media":58426,"template":"","meta":[],"product_brand":[],"product_cat":[3111,2411,3092,3106,3869,3060,3160,3161],"product_tag":[2390,3121,2847],"class_list":{"0":"post-44693","1":"product","2":"type-product","3":"status-publish","4":"has-post-thumbnail","6":"product_cat-tende-a-vetrasse","7":"product_cat-tende-a-vetro","8":"product_cat-tende-a-vetro-moderne","9":"product_cat-tende-da-interni","10":"product_cat-tende-da-vetro-moderne","11":"product_cat-tende-moderne","12":"product_cat-tendine","13":"product_cat-tendine-moderne","14":"product_tag-tende-a-vetro","15":"product_tag-tende-a-vetro-su-misura","16":"product_tag-tendine-moderne","18":"first","19":"instock","20":"taxable","21":"shipping-taxable","22":"purchasable","23":"product-type-simple"},"_links":{"self":[{"href":"https:\/\/www.marinigerardi.it\/shop\/wp-json\/wp\/v2\/product\/44693","targetHints":{"allow":["GET"]}}],"collection":[{"href":"https:\/\/www.marinigerardi.it\/shop\/wp-json\/wp\/v2\/product"}],"about":[{"href":"https:\/\/www.marinigerardi.it\/shop\/wp-json\/wp\/v2\/types\/product"}],"wp:featuredmedia":[{"embeddable":true,"href":"https:\/\/www.marinigerardi.it\/shop\/wp-json\/wp\/v2\/media\/58426"}],"wp:attachment":[{"href":"https:\/\/www.marinigerardi.it\/shop\/wp-json\/wp\/v2\/media?parent=44693"}],"wp:term":[{"taxonomy":"product_brand","embeddable":true,"href":"https:\/\/www.marinigerardi.it\/shop\/wp-json\/wp\/v2\/product_brand?post=44693"},{"taxonomy":"product_cat","embeddable":true,"href":"https:\/\/www.marinigerardi.it\/shop\/wp-json\/wp\/v2\/product_cat?post=44693"},{"taxonomy":"product_tag","embeddable":true,"href":"https:\/\/www.marinigerardi.it\/shop\/wp-json\/wp\/v2\/product_tag?post=44693"}],"curies":[{"name":"wp","href":"https:\/\/api.w.org\/{rel}","templated":true}]}}