{"id":44674,"date":"2022-11-24T16:40:26","date_gmt":"2022-11-24T16:40:26","guid":{"rendered":"https:\/\/www.marinigerardi.it\/shop\/?post_type=product&#038;p=44674"},"modified":"2026-01-28T14:56:26","modified_gmt":"2026-01-28T14:56:26","slug":"tende-per-vetrate-panoramiche-a-sud","status":"publish","type":"product","link":"https:\/\/www.marinigerardi.it\/shop\/prodotto\/tende-per-vetrate-panoramiche-a-sud\/","title":{"rendered":"A SUD &#8211; Tende per Vetrate Panoramiche Moderne in Lino"},"content":{"rendered":"<div class=\"wpb-content-wrapper\"><p>[vc_row equal_height=&#8221;yes&#8221; mobile_bg_img_hidden=&#8221;no&#8221; tablet_bg_img_hidden=&#8221;no&#8221; woodmart_parallax=&#8221;0&#8243; woodmart_gradient_switch=&#8221;no&#8221; row_reverse_mobile=&#8221;0&#8243; row_reverse_tablet=&#8221;0&#8243; woodmart_disable_overflow=&#8221;0&#8243;][vc_column offset=&#8221;vc_col-lg-6 vc_col-md-6&#8243; mobile_bg_img_hidden=&#8221;no&#8221; tablet_bg_img_hidden=&#8221;no&#8221; woodmart_parallax=&#8221;0&#8243; woodmart_sticky_column=&#8221;false&#8221; parallax_scroll=&#8221;no&#8221; mobile_reset_margin=&#8221;no&#8221; tablet_reset_margin=&#8221;no&#8221; css=&#8221;.vc_custom_1613071403480{margin-top: 0px !important;}&#8221;]\n\t\t<div id=\"wd-637fb059aff60\" class=\"title-wrapper wd-wpb wd-set-mb reset-last-child  wd-rs-637fb059aff60 wd-title-color-primary wd-title-style-bordered text-left vc_custom_1669312649922 wd-underline-colored\">\n\t\t\t\n\t\t\t<div class=\"liner-continer\">\n\t\t\t\t<h2 class=\"woodmart-title-container title  wd-font-weight-500 wd-fontsize-l\" >A SUD - Tende per Vetrate Panoramiche Moderne in Lino Panna design rosso e nero<\/h2>\n\t\t\t\t\t\t\t<\/div>\n\t\t\t\n\t\t\t\n\t\t\t\n\t\t<\/div>\n\t\t\n\t\t\t\t<div id=\"wd-697a20ca5fdb7\" class=\"wd-text-block wd-wpb reset-last-child wd-rs-697a20ca5fdb7 text-left \">\n\t\t\t<p style=\"text-align: justify;\">Tende per Vetrate panoramiche Moderne Made in Italy dall&#8217;aspetto fresco e naturale realizzate con tessuto in puro lino impreziosite da un Design tinto in capo nel nostro laboratorio (ogni leggera difformit\u00e0 del disegno \u00e8 da considerarsi una peculiarit\u00e0 unica), inoltre una trama trasparente e delicata del tessuto ne esalta le naturali qualit\u00e0. Le tende moderne a vetro sono accessori di arredo importanti che uniscono funzionalit\u00e0 ed estetica, esprimono, stile e personalit\u00e0 di chi la abita.<\/p>\n<p>Trova nella nostra collezione quale opzione \u00e8 la pi\u00f9 adatta alle tue esigenze.<\/p>\n\t\t<\/div>\n\t\t[vc_tta_accordion title_tag=&#8221;h3&#8243; section_title_tag=&#8221;h3&#8243; active_section=&#8221;&#8221; collapsible_all=&#8221;true&#8221;][vc_tta_section title=&#8221;Info &amp; Scheda Prodotto&#8221; tab_id=&#8221;1769611397453-20868b5a-2bdb&#8221;]\t\t<div id=\"wd-697a20e06d2bb\" class=\"wd-text-block wd-wpb reset-last-child wd-rs-697a20e06d2bb text-left \">\n\t\t\t<ul>\n<li>Opzione 1 &#8211; <a href=\"https:\/\/www.marinigerardi.it\/shop\/prodotto\/tende-per-vetrate-panoramiche-a-sud\/\">Tende per Vetrate<\/a> Panoramiche con tunnel passante da 2 cm in alto e in basso.<\/li>\n<li>Opzione 2 &#8211; Tende per Vetrate Panoramiche con asole a passanti in alto e tunnel da 2 cm. in basso;<\/li>\n<li>Base tendine colori chiari: Bianco Ottico, Bianco Naturale, Panna, Grigio;<\/li>\n<li><strong>Il prezzo \u00e8 inteso per ogni singola tendina<\/strong>;<\/li>\n<li>Prodotto Sartoriale anche su misura.<\/li>\n<\/ul>\n<p><strong>Per le misure non incluse<\/strong>, si prega inviare il dettaglio della dimensione desiderata all&#8217; indirizzo mail <strong>assistenza@marinigerardi.it<\/strong><\/p>\n\t\t<\/div>\n\t\t[\/vc_tta_section][\/vc_tta_accordion][\/vc_column][vc_column css=&#8221;.vc_custom_1612434787067{background-position: center !important;background-repeat: no-repeat !important;background-size: cover !important;}&#8221; offset=&#8221;vc_col-lg-6 vc_col-md-6&#8243; mobile_bg_img_hidden=&#8221;no&#8221; tablet_bg_img_hidden=&#8221;no&#8221; woodmart_parallax=&#8221;0&#8243; woodmart_sticky_column=&#8221;false&#8221; parallax_scroll=&#8221;no&#8221; mobile_reset_margin=&#8221;no&#8221; tablet_reset_margin=&#8221;no&#8221;][vc_single_image image=&#8221;58347&#8243; img_size=&#8221;large&#8221; onclick=&#8221;link_image&#8221; parallax_scroll=&#8221;no&#8221; woodmart_inline=&#8221;no&#8221;][\/vc_column][\/vc_row][vc_row][vc_column][vc_empty_space woodmart_hide_large=&#8221;0&#8243; woodmart_hide_medium=&#8221;0&#8243; woodmart_hide_small=&#8221;0&#8243;]\n\t\t<div id=\"wd-6832dd1ec2946\" class=\"title-wrapper wd-wpb wd-set-mb reset-last-child  wd-rs-6832dd1ec2946 wd-title-color-primary wd-title-style-bordered text-center justify  wd-underline-colored\">\n\t\t\t\n\t\t\t<div class=\"liner-continer\">\n\t\t\t\t<h3 class=\"woodmart-title-container title  wd-font-weight-600 wd-fontsize-xl\" >A SUD - Tende per Vetrate Panoramiche Moderne in Lino<\/h3>\n\t\t\t\t\t\t\t<\/div>\n\t\t\t\n\t\t\t\t\t\t\t<div class=\"title-after_title reset-last-child  wd-fontsize-s\">Marini&amp;Gerardi solo prodotti di qualit\u00e0 italiana<\/div>\n\t\t\t\n\t\t\t\n\t\t<\/div>\n\t\t\n\t\t[\/vc_column][\/vc_row][vc_row content_placement=&#8221;middle&#8221; woodmart_bg_position=&#8221;center-bottom&#8221; css=&#8221;.vc_custom_1691058542560{background-color: #f3f3f3 !important;background-position: 0 0 !important;background-repeat: no-repeat !important;}&#8221; el_class=&#8221;mobile-bg-img-hidden&#8221; mobile_bg_img_hidden=&#8221;no&#8221; tablet_bg_img_hidden=&#8221;no&#8221; woodmart_parallax=&#8221;0&#8243; woodmart_gradient_switch=&#8221;no&#8221; row_reverse_mobile=&#8221;0&#8243; row_reverse_tablet=&#8221;0&#8243; woodmart_disable_overflow=&#8221;0&#8243; woodmart_css_id=&#8221;64cb81637b72b&#8221; responsive_spacing=&#8221;eyJwYXJhbV90eXBlIjoid29vZG1hcnRfcmVzcG9uc2l2ZV9zcGFjaW5nIiwic2VsZWN0b3JfaWQiOiI2NGNiODE2MzdiNzJiIiwic2hvcnRjb2RlIjoidmNfcm93IiwiZGF0YSI6eyJ0YWJsZXQiOnt9LCJtb2JpbGUiOnt9fX0=&#8221; woodmart_box_shadow=&#8221;yes&#8221; wd_box_shadow=&#8221;eyJkZXZpY2VzIjp7ImRlc2t0b3AiOnsiaG9yaXpvbnRhbCI6IjAiLCJ2ZXJ0aWNhbCI6IjAiLCJibHVyIjoiOSIsInNwcmVhZCI6IjAiLCJjb2xvciI6InJnYmEoMCwgMCwgMCwgLjE1KSJ9fX0=&#8221; wd_z_index=&#8221;no&#8221;][vc_column mobile_bg_img_hidden=&#8221;no&#8221; tablet_bg_img_hidden=&#8221;no&#8221; woodmart_parallax=&#8221;0&#8243; woodmart_sticky_column=&#8221;false&#8221; parallax_scroll=&#8221;no&#8221; mobile_reset_margin=&#8221;no&#8221; tablet_reset_margin=&#8221;no&#8221;][vc_single_image image=&#8221;58348&#8243; img_size=&#8221;full&#8221; alignment=&#8221;center&#8221; style=&#8221;vc_box_shadow&#8221; onclick=&#8221;link_image&#8221; parallax_scroll=&#8221;no&#8221; woodmart_inline=&#8221;no&#8221;][\/vc_column][\/vc_row][vc_row][vc_column]\n\t\t<div id=\"wd-6832dd4d91fbb\" class=\"title-wrapper wd-wpb wd-set-mb reset-last-child  wd-rs-6832dd4d91fbb wd-title-color-default wd-title-style-bordered text-center  wd-underline-colored\">\n\t\t\t\n\t\t\t<div class=\"liner-continer\">\n\t\t\t\t<h3 class=\"woodmart-title-container title  wd-font-weight-600 wd-fontsize-l\" >Tende per Vetrate Panoramiche<\/h3>\n\t\t\t\t\t\t\t<\/div>\n\t\t\t\n\t\t\t\n\t\t\t\n\t\t<\/div>\n\t\t\n\t\t\t\t<div id=\"wd-67e27ccb9ae33\" class=\"wd-text-block wd-wpb reset-last-child wd-rs-67e27ccb9ae33 text-left \">\n\t\t\t<p style=\"text-align: justify;\"><strong>Quando si parla di eleganza<\/strong> le tende per vetrate risultano tanto pi\u00f9 chic quanto pi\u00f9 sono semplici ed essenziali. Un soggiorno ampio e spazioso arredato con minimalistiche tende moderne in Lino, sono pura poesia, sinonimo di eleganza e semplicit\u00e0.<br \/>\n<strong>Le tende moderne a vetro<\/strong> non solo servono a filtrare la luce e a garantire un certo grado di privacy, ma sono anche degli elementi importanti nell&#8217;interior design. Sembra che voi abbiate prestato attenzione sia alla funzionalit\u00e0 che all&#8217;estetica, cercando di creare un prodotto che esprima lo stile e la personalit\u00e0 di chi abita lo spazio.<br \/>\nIl riferimento alla collezione e alla scelta dell&#8217;opzione pi\u00f9 adatta alle esigenze del cliente suggerisce che offriamo una gamma diversificata di design e stili. Questo \u00e8 un punto di forza, poich\u00e9 le preferenze di arredamento possono variare notevolmente da persona a persona.<br \/>\nInfine,<a href=\"https:\/\/www.puro-lino.com\/\" rel=\"nofollow noopener\" target=\"_blank\"> la menzione del lino<\/a> come materiale versatile e di tendenza nell&#8217;interior design contemporaneo dimostra la consapevolezza delle ultime tendenze e lo sforzo di fornire prodotti che rispondano alle aspettative dei nostri clienti pi\u00f9 esigenti.<\/p>\n<p style=\"text-align: justify;\"><strong>In definitiva, le nostre tende panoramiche moderne sembrano essere una scelta affascinante per chi cerca un design elegante e di alta qualit\u00e0 per le proprie vetrate.<\/strong><\/p>\n\t\t<\/div>\n\t\t[\/vc_column][\/vc_row]<\/p>\n<\/div>","protected":false},"excerpt":{"rendered":"<p style=\"text-align: justify;\"><strong>A SUD &#8211; Tende per Vetrate Panoramiche Moderne in Lino design in rosso e nero<\/strong> &#8211; Tende disponibili nei colori Bianco Ottico, Bianco Naturale, Panna, Grigio + un Design unico tinto in capo\u00a0 realizzato in proporzione alla misura selezionata.<\/p>\n","protected":false},"featured_media":58344,"template":"","meta":[],"product_brand":[],"product_cat":[2411],"product_tag":[],"class_list":{"0":"post-44674","1":"product","2":"type-product","3":"status-publish","4":"has-post-thumbnail","6":"product_cat-tende-a-vetro","8":"first","9":"instock","10":"taxable","11":"shipping-taxable","12":"purchasable","13":"product-type-simple"},"_links":{"self":[{"href":"https:\/\/www.marinigerardi.it\/shop\/wp-json\/wp\/v2\/product\/44674","targetHints":{"allow":["GET"]}}],"collection":[{"href":"https:\/\/www.marinigerardi.it\/shop\/wp-json\/wp\/v2\/product"}],"about":[{"href":"https:\/\/www.marinigerardi.it\/shop\/wp-json\/wp\/v2\/types\/product"}],"wp:featuredmedia":[{"embeddable":true,"href":"https:\/\/www.marinigerardi.it\/shop\/wp-json\/wp\/v2\/media\/58344"}],"wp:attachment":[{"href":"https:\/\/www.marinigerardi.it\/shop\/wp-json\/wp\/v2\/media?parent=44674"}],"wp:term":[{"taxonomy":"product_brand","embeddable":true,"href":"https:\/\/www.marinigerardi.it\/shop\/wp-json\/wp\/v2\/product_brand?post=44674"},{"taxonomy":"product_cat","embeddable":true,"href":"https:\/\/www.marinigerardi.it\/shop\/wp-json\/wp\/v2\/product_cat?post=44674"},{"taxonomy":"product_tag","embeddable":true,"href":"https:\/\/www.marinigerardi.it\/shop\/wp-json\/wp\/v2\/product_tag?post=44674"}],"curies":[{"name":"wp","href":"https:\/\/api.w.org\/{rel}","templated":true}]}}