{"id":44668,"date":"2022-11-24T15:19:34","date_gmt":"2022-11-24T15:19:34","guid":{"rendered":"https:\/\/www.marinigerardi.it\/shop\/?post_type=product&#038;p=44668"},"modified":"2025-03-25T09:38:48","modified_gmt":"2025-03-25T09:38:48","slug":"tende-da-finestra-a-vetro-tiffany","status":"publish","type":"product","link":"https:\/\/www.marinigerardi.it\/shop\/prodotto\/tende-da-finestra-a-vetro-tiffany\/","title":{"rendered":"TIFFANY &#8211; Tende da Finestra a Vetro in Puro Lino &#8211; Quadro d&#8217;Autore"},"content":{"rendered":"<div class=\"wpb-content-wrapper\"><p>[vc_row equal_height=&#8221;yes&#8221; mobile_bg_img_hidden=&#8221;no&#8221; tablet_bg_img_hidden=&#8221;no&#8221; woodmart_parallax=&#8221;0&#8243; woodmart_gradient_switch=&#8221;no&#8221; row_reverse_mobile=&#8221;0&#8243; row_reverse_tablet=&#8221;0&#8243; woodmart_disable_overflow=&#8221;0&#8243;][vc_column offset=&#8221;vc_col-lg-6 vc_col-md-6&#8243; mobile_bg_img_hidden=&#8221;no&#8221; tablet_bg_img_hidden=&#8221;no&#8221; woodmart_parallax=&#8221;0&#8243; woodmart_sticky_column=&#8221;false&#8221; parallax_scroll=&#8221;no&#8221; mobile_reset_margin=&#8221;no&#8221; tablet_reset_margin=&#8221;no&#8221; css=&#8221;.vc_custom_1613071403480{margin-top: 0px !important;}&#8221;]\n\t\t<div id=\"wd-637f8c0d83bee\" class=\"title-wrapper wd-wpb wd-set-mb reset-last-child  wd-rs-637f8c0d83bee wd-title-color-primary wd-title-style-bordered text-left vc_custom_1669303373551 wd-underline-colored\">\n\t\t\t\n\t\t\t<div class=\"liner-continer\">\n\t\t\t\t<h2 class=\"woodmart-title-container title  wd-font-weight-500 wd-fontsize-l\" >TIFFANY - Tende da Finestra a Vetro in Puro Lino Bianco e Verde acqua<\/h2>\n\t\t\t\t\t\t\t<\/div>\n\t\t\t\n\t\t\t\n\t\t\t\n\t\t<\/div>\n\t\t\n\t\t\t\t<div id=\"wd-66c275ecbe72a\" class=\"wd-text-block wd-wpb reset-last-child wd-rs-66c275ecbe72a text-left \">\n\t\t\t<p style=\"text-align: justify;\">Tende da Finestra Interni in Cucina, Soggiorno o Stanza da Letto proposte in tanti modelli sempre disponibili su misura, dall&#8217;aspetto fresco e naturale realizzati con tessuto in puro lino, impreziosite da un Design tinto in capo nel nostro laboratorio (ogni leggera difformit\u00e0 del disegno \u00e8 da considerarsi una peculiarit\u00e0 unica), ove una trama trasparente e delicata del tessuto ne esalta le naturali qualit\u00e0. Le tende a vetro sono accessori di arredo importanti che uniscono funzionalit\u00e0 ed estetica, esprimono, stile e personalit\u00e0.<\/p>\n<p>Trova nella nostra collezione quale opzione \u00e8 la pi\u00f9 adatta alle tue esigenze.<\/p>\n\t\t<\/div>\n\t\t[vc_message message_box_style=&#8221;outline&#8221; message_box_color=&#8221;grey&#8221; css=&#8221;&#8221;]<\/p>\n<ul>\n<li>Opzione 1 &#8211; Tendine a vetro con tunel passante da 2 cm in alto e in basso.<\/li>\n<li>Opzione 2 &#8211; Tendine a vetro con asole a passanti in alto e tunel da 2 cm. in basso;<\/li>\n<li>Base Tende da Finestra a Vetro colori chiari: Bianco Ottico, Bianco Naturale, Panna, Grigio;<\/li>\n<li>Il prezzo \u00e8 inteso per ogni singola tendina;<\/li>\n<li>Prodotto Sartoriale anche su misura.<\/li>\n<\/ul>\n<p><strong>Per le misure non incluse<\/strong>, si prega inviare il dettaglio della dimensione desiderata all&#8217; indirizzo mail <strong>assistenza@marinigerardi.it<\/strong>[\/vc_message][\/vc_column][vc_column css=&#8221;.vc_custom_1612434787067{background-position: center !important;background-repeat: no-repeat !important;background-size: cover !important;}&#8221; offset=&#8221;vc_col-lg-6 vc_col-md-6&#8243; mobile_bg_img_hidden=&#8221;no&#8221; tablet_bg_img_hidden=&#8221;no&#8221; woodmart_parallax=&#8221;0&#8243; woodmart_sticky_column=&#8221;false&#8221; parallax_scroll=&#8221;no&#8221; mobile_reset_margin=&#8221;no&#8221; tablet_reset_margin=&#8221;no&#8221;][vc_single_image image=&#8221;44670&#8243; img_size=&#8221;large&#8221; onclick=&#8221;link_image&#8221; parallax_scroll=&#8221;no&#8221; woodmart_inline=&#8221;no&#8221;][\/vc_column][\/vc_row][vc_row][vc_column][vc_text_separator title=&#8221;Tende da Finestra a Vetro&#8221; css=&#8221;.vc_custom_1669305457340{margin-top: 20px !important;margin-bottom: 20px !important;}&#8221;]\n\t\t<div id=\"wd-66c2753214baa\" class=\"title-wrapper wd-wpb wd-set-mb reset-last-child  wd-rs-66c2753214baa wd-title-color-primary wd-title-style-default text-center justify  wd-underline-colored\">\n\t\t\t\t\t\t\t\n\t\t\t\t<div class=\"title-subtitle  subtitle-color-primary font-alt subtitle-style-default wd-font-weight- wd-fontsize-xs\">solo prodotti di qualit\u00e0<\/div>\n\t\t\t\n\t\t\t<div class=\"liner-continer\">\n\t\t\t\t<h3 class=\"woodmart-title-container title  wd-font-weight-400 wd-fontsize-l\" >TIFFANY - Tende da Finestra a Vetro in Puro Lino Bianco e Verde acqua<\/h3>\n\t\t\t\t\t\t\t<\/div>\n\t\t\t\n\t\t\t\n\t\t\t\n\t\t<\/div>\n\t\t\n\t\t[\/vc_column][\/vc_row][vc_row content_placement=&#8221;middle&#8221; woodmart_bg_position=&#8221;center-bottom&#8221; css=&#8221;.vc_custom_1612561188989{background-color: #e5e5e5 !important;background-position: 0 0 !important;background-repeat: no-repeat !important;}&#8221; el_class=&#8221;mobile-bg-img-hidden&#8221; mobile_bg_img_hidden=&#8221;no&#8221; tablet_bg_img_hidden=&#8221;no&#8221; woodmart_parallax=&#8221;0&#8243; woodmart_gradient_switch=&#8221;no&#8221; row_reverse_mobile=&#8221;0&#8243; row_reverse_tablet=&#8221;0&#8243; woodmart_disable_overflow=&#8221;0&#8243;][vc_column mobile_bg_img_hidden=&#8221;no&#8221; tablet_bg_img_hidden=&#8221;no&#8221; woodmart_parallax=&#8221;0&#8243; woodmart_sticky_column=&#8221;false&#8221; parallax_scroll=&#8221;no&#8221; mobile_reset_margin=&#8221;no&#8221; tablet_reset_margin=&#8221;no&#8221;][vc_single_image image=&#8221;44843&#8243; img_size=&#8221;full&#8221; alignment=&#8221;center&#8221; onclick=&#8221;link_image&#8221; parallax_scroll=&#8221;no&#8221; woodmart_inline=&#8221;no&#8221;][\/vc_column][\/vc_row][vc_row][vc_column]\n\t\t<div id=\"wd-66c275577b6b0\" class=\"title-wrapper wd-wpb wd-set-mb reset-last-child  wd-rs-66c275577b6b0 wd-title-color-default wd-title-style-default text-center  wd-underline-colored\">\n\t\t\t\n\t\t\t<div class=\"liner-continer\">\n\t\t\t\t<h2 class=\"woodmart-title-container title  wd-font-weight- wd-fontsize-l\" >Tende da Finestra a Vetro<\/h2>\n\t\t\t\t\t\t\t<\/div>\n\t\t\t\n\t\t\t\n\t\t\t\n\t\t<\/div>\n\t\t\n\t\t\t\t<div id=\"wd-66c2751c0890a\" class=\"wd-text-block wd-wpb reset-last-child wd-rs-66c2751c0890a text-left \">\n\t\t\t<p>Parlare d&#8217;eleganza \u00e8 facile quando la semplicit\u00e0 delle nostre tende a vetro sono di una bellezza cos\u00ec disarmante. Tendine da finestra come un sogno ad occhi aperti, che si lasciano guardare e non si stancano mai. Tende a vetro che\u00a0 chiudono fuori il mondo del tuo quotidiano per vivere in serenit\u00e0 il tuo relax familiare. <a href=\"https:\/\/www.marinigerardi.it\/shop\/prodotto\/tende-da-finestra-a-vetro-tiffany\/\">Un soggiorno, una Cucina, una stanza da letto<\/a> arredata con tendine a vetro moderne, come un quadro d&#8217;autore, sono pura poesia, sinonimo di eleganza e semplicit\u00e0. Il <a href=\"https:\/\/www.puro-lino.com\/\" target=\"_blank\" rel=\"noopener nofollow\">Tessuto Lino 100%<\/a> \u00e8 un filato estremamente versatile che si presta a decorare ambienti di stili diversissimi, di gran voga nel panorama dell\u2019interior design contemporaneo.<\/p>\n\t\t<\/div>\n\t\t[\/vc_column][\/vc_row]<\/p>\n<\/div>","protected":false},"excerpt":{"rendered":"<p><strong>TIFFANY<\/strong> &#8211; Tende da Finestra a Vetro in Puro Lino come un Quadro d&#8217;Autore\u00a0 &#8211; Tendine disponibili nei colori base: Bianco Ottico, Bianco Naturale, Panna, Grigio + un Design unico tinto in capo\u00a0 nel nostro laboratorio. Il Design \u00e8 realizzato in proporzione alla misura selezionata.<\/p>\n","protected":false},"featured_media":44669,"template":"","meta":[],"product_brand":[],"product_cat":[2411],"product_tag":[],"class_list":{"0":"post-44668","1":"product","2":"type-product","3":"status-publish","4":"has-post-thumbnail","6":"product_cat-tende-a-vetro","8":"first","9":"instock","10":"taxable","11":"shipping-taxable","12":"purchasable","13":"product-type-simple"},"_links":{"self":[{"href":"https:\/\/www.marinigerardi.it\/shop\/wp-json\/wp\/v2\/product\/44668","targetHints":{"allow":["GET"]}}],"collection":[{"href":"https:\/\/www.marinigerardi.it\/shop\/wp-json\/wp\/v2\/product"}],"about":[{"href":"https:\/\/www.marinigerardi.it\/shop\/wp-json\/wp\/v2\/types\/product"}],"wp:featuredmedia":[{"embeddable":true,"href":"https:\/\/www.marinigerardi.it\/shop\/wp-json\/wp\/v2\/media\/44669"}],"wp:attachment":[{"href":"https:\/\/www.marinigerardi.it\/shop\/wp-json\/wp\/v2\/media?parent=44668"}],"wp:term":[{"taxonomy":"product_brand","embeddable":true,"href":"https:\/\/www.marinigerardi.it\/shop\/wp-json\/wp\/v2\/product_brand?post=44668"},{"taxonomy":"product_cat","embeddable":true,"href":"https:\/\/www.marinigerardi.it\/shop\/wp-json\/wp\/v2\/product_cat?post=44668"},{"taxonomy":"product_tag","embeddable":true,"href":"https:\/\/www.marinigerardi.it\/shop\/wp-json\/wp\/v2\/product_tag?post=44668"}],"curies":[{"name":"wp","href":"https:\/\/api.w.org\/{rel}","templated":true}]}}