{"id":44652,"date":"2022-11-24T09:53:20","date_gmt":"2022-11-24T09:53:20","guid":{"rendered":"https:\/\/www.marinigerardi.it\/shop\/?post_type=product&#038;p=44652"},"modified":"2025-06-06T10:47:33","modified_gmt":"2025-06-06T10:47:33","slug":"tende-a-vetro-classiche-in-lino-sanremo","status":"publish","type":"product","link":"https:\/\/www.marinigerardi.it\/shop\/prodotto\/tende-a-vetro-classiche-in-lino-sanremo\/","title":{"rendered":"SANREMO &#8211; Tende a Vetro Classiche in lino"},"content":{"rendered":"<div class=\"wpb-content-wrapper\"><p>[vc_row equal_height=&#8221;yes&#8221; mobile_bg_img_hidden=&#8221;no&#8221; tablet_bg_img_hidden=&#8221;no&#8221; woodmart_parallax=&#8221;0&#8243; woodmart_gradient_switch=&#8221;no&#8221; row_reverse_mobile=&#8221;0&#8243; row_reverse_tablet=&#8221;0&#8243; woodmart_disable_overflow=&#8221;0&#8243;][vc_column offset=&#8221;vc_col-lg-6 vc_col-md-6&#8243; mobile_bg_img_hidden=&#8221;no&#8221; tablet_bg_img_hidden=&#8221;no&#8221; woodmart_parallax=&#8221;0&#8243; woodmart_sticky_column=&#8221;false&#8221; parallax_scroll=&#8221;no&#8221; mobile_reset_margin=&#8221;no&#8221; tablet_reset_margin=&#8221;no&#8221; css=&#8221;.vc_custom_1613071403480{margin-top: 0px !important;}&#8221;]\n\t\t<div id=\"wd-67e82e42f160d\" class=\"title-wrapper wd-wpb wd-set-mb reset-last-child  wd-rs-67e82e42f160d wd-title-color-primary wd-title-style-bordered text-left vc_custom_1743269460689 wd-underline-colored\">\n\t\t\t\n\t\t\t<div class=\"liner-continer\">\n\t\t\t\t<h2 class=\"woodmart-title-container title  wd-font-weight-600 wd-fontsize-l\" >SANREMO - Tende a Vetro Classiche in lino<\/h2>\n\t\t\t\t\t\t\t<\/div>\n\t\t\t\n\t\t\t\n\t\t\t\n\t\t<\/div>\n\t\t\n\t\t\t\t<div id=\"wd-67e27b6530f97\" class=\"wd-text-block wd-wpb reset-last-child wd-rs-67e27b6530f97 text-left \">\n\t\t\t<p style=\"text-align: justify;\"><a href=\"https:\/\/www.marinigerardi.it\/shop\/prodotto\/tende-a-vetro-classiche-in-lino-sanremo\/\">Tende a Vetro<\/a> per Finestre classiche da Interno in Soggiorno proposte in tanti modelli sempre disponibili su misura, dall&#8217;aspetto fresco e naturale realizzati con tessuto in puro lino, impreziositi da un Design tinto in capo nel nostro laboratorio (ogni leggera difformit\u00e0 del disegno \u00e8 da considerarsi una peculiarit\u00e0 unica), ove una trama trasparente e delicata del tessuto ne esalta le naturali qualit\u00e0. Le tende a vetro sono accessori di arredo importanti che uniscono funzionalit\u00e0 ed estetica, esprimono, stile e personalit\u00e0.<br \/>\nTrova nella nostra collezione quale opzione \u00e8 la pi\u00f9 adatta alle tue esigenze.<\/p>\n\t\t<\/div>\n\t\t\t\t\t<div class=\"info-box-wrapper\">\n\t\t\t\t<div id=\"wd-67e82e1f72938\" class=\" wd-rs-67e82e1f72938 wd-info-box wd-wpb text-left box-icon-align-top box-style-border color-scheme- wd-bg-none \">\n\t\t\t\t\t\t\t\t\t\t<div class=\"info-box-content\">\n\t\t\t\t\t\t\t\t\t\t\t\t<div class=\"info-box-inner reset-last-child\"><\/p>\n<ul>\n<li><strong>Opzione 1<\/strong> &#8211; Tende a Vetro Classiche con <strong>tunnel passante da 2 cm in alto e in basso<\/strong>.<\/li>\n<li><strong>Opzione 2<\/strong> &#8211; Tende a Vetro Classiche con <strong>asole a passanti in alto e tunnel da 2 cm. in basso<\/strong>;<\/li>\n<li>Base tendine colori chiari: Bianco Ottico, Bianco Naturale, Panna, Grigio;<\/li>\n<li><strong>Il prezzo \u00e8 inteso per ogni singola tendina;<\/strong><\/li>\n<\/ul>\n<p><strong>Prodotto sartoriale: per le misure non incluse<\/strong>, si prega inviare il dettaglio della dimensione desiderata all&#8217; indirizzo mail <strong>assistenza@marinigerardi.it<\/strong><\/p>\n<\/div>\n\n\t\t\t\t\t\t\t\t\t\t\t<\/div>\n\n\t\t\t\t\t\n\t\t\t\t\t\t\t\t\t<\/div>\n\t\t\t<\/div>\n\t\t[\/vc_column][vc_column css=&#8221;.vc_custom_1612434787067{background-position: center !important;background-repeat: no-repeat !important;background-size: cover !important;}&#8221; offset=&#8221;vc_col-lg-6 vc_col-md-6&#8243; mobile_bg_img_hidden=&#8221;no&#8221; tablet_bg_img_hidden=&#8221;no&#8221; woodmart_parallax=&#8221;0&#8243; woodmart_sticky_column=&#8221;false&#8221; parallax_scroll=&#8221;no&#8221; mobile_reset_margin=&#8221;no&#8221; tablet_reset_margin=&#8221;no&#8221;][vc_single_image image=&#8221;58434&#8243; img_size=&#8221;large&#8221; onclick=&#8221;link_image&#8221; parallax_scroll=&#8221;no&#8221; woodmart_inline=&#8221;no&#8221;][\/vc_column][\/vc_row][vc_row][vc_column]\n\t\t<div id=\"wd-67e82e5b2b728\" class=\"title-wrapper wd-wpb wd-set-mb reset-last-child  wd-rs-67e82e5b2b728 wd-title-color-default wd-title-style-default text-center  wd-underline-colored\">\n\t\t\t\n\t\t\t<div class=\"liner-continer\">\n\t\t\t\t<h3 class=\"woodmart-title-container title  wd-font-weight-600 wd-fontsize-l\" >Tende a Vetro Classiche in lino<\/h3>\n\t\t\t\t\t\t\t<\/div>\n\t\t\t\n\t\t\t\n\t\t\t\n\t\t<\/div>\n\t\t\n\t\t[\/vc_column][\/vc_row][vc_row content_placement=&#8221;middle&#8221; woodmart_bg_position=&#8221;center-bottom&#8221; css=&#8221;.vc_custom_1701561467889{background-color: #f3f3f3 !important;background-position: 0 0 !important;background-repeat: no-repeat !important;}&#8221; el_class=&#8221;mobile-bg-img-hidden&#8221; mobile_bg_img_hidden=&#8221;no&#8221; tablet_bg_img_hidden=&#8221;no&#8221; woodmart_parallax=&#8221;0&#8243; woodmart_gradient_switch=&#8221;no&#8221; row_reverse_mobile=&#8221;0&#8243; row_reverse_tablet=&#8221;0&#8243; woodmart_disable_overflow=&#8221;0&#8243; woodmart_css_id=&#8221;656bc4721fc7c&#8221; responsive_spacing=&#8221;eyJwYXJhbV90eXBlIjoid29vZG1hcnRfcmVzcG9uc2l2ZV9zcGFjaW5nIiwic2VsZWN0b3JfaWQiOiI2NTZiYzQ3MjFmYzdjIiwic2hvcnRjb2RlIjoidmNfcm93IiwiZGF0YSI6eyJ0YWJsZXQiOnt9LCJtb2JpbGUiOnt9fX0=&#8221; woodmart_box_shadow=&#8221;yes&#8221; wd_box_shadow=&#8221;eyJkZXZpY2VzIjp7ImRlc2t0b3AiOnsiaG9yaXpvbnRhbCI6IjAiLCJ2ZXJ0aWNhbCI6IjAiLCJibHVyIjoiOSIsInNwcmVhZCI6IjAiLCJjb2xvciI6InJnYmEoMCwgMCwgMCwgLjE1KSJ9fX0=&#8221; wd_z_index=&#8221;no&#8221;][vc_column mobile_bg_img_hidden=&#8221;no&#8221; tablet_bg_img_hidden=&#8221;no&#8221; woodmart_parallax=&#8221;0&#8243; woodmart_sticky_column=&#8221;false&#8221; parallax_scroll=&#8221;no&#8221; mobile_reset_margin=&#8221;no&#8221; tablet_reset_margin=&#8221;no&#8221;][vc_single_image image=&#8221;66553&#8243; img_size=&#8221;full&#8221; alignment=&#8221;center&#8221; onclick=&#8221;link_image&#8221; parallax_scroll=&#8221;no&#8221; woodmart_inline=&#8221;no&#8221;][\/vc_column][\/vc_row][vc_row][vc_column]\n\t\t<div id=\"wd-67e82e6b4133c\" class=\"title-wrapper wd-wpb wd-set-mb reset-last-child  wd-rs-67e82e6b4133c wd-title-color-primary wd-title-style-bordered text-center justify  wd-underline-colored\">\n\t\t\t\t\t\t\t\n\t\t\t\t<div class=\"title-subtitle  subtitle-color-primary font-alt subtitle-style-default wd-font-weight- wd-fontsize-xs\">solo prodotti di qualit\u00e0<\/div>\n\t\t\t\n\t\t\t<div class=\"liner-continer\">\n\t\t\t\t<h3 class=\"woodmart-title-container title  wd-font-weight-600 wd-fontsize-l\" >SANREMO - Tende a Vetro Classiche in lino in Cucina Soggiorno<\/h3>\n\t\t\t\t\t\t\t<\/div>\n\t\t\t\n\t\t\t\n\t\t\t\n\t\t<\/div>\n\t\t\n\t\t\t\t<div id=\"wd-67e27b52177b2\" class=\"wd-text-block wd-wpb reset-last-child wd-rs-67e27b52177b2 text-left \">\n\t\t\t<p style=\"text-align: justify;\">Quando si parla di eleganza le tendine da interno risultano tanto pi\u00f9 chic quanto pi\u00f9 sono semplici ed essenziali. Un soggiorno o una Cucina arredata con minimalistiche tendine a vetro moderne in Lino, sono pura poesia, sinonimo di eleganza e semplicit\u00e0. Il <a href=\"https:\/\/www.puro-lino.com\/\" target=\"_blank\" rel=\"noopener nofollow\">Lino<\/a> \u00e8 un filato estremamente versatile che si presta a decorare ambienti di stili diversissimi, di gran voga nel panorama dell\u2019interior design contemporaneo.<\/p>\n\t\t<\/div>\n\t\t[\/vc_column][\/vc_row][vc_row][vc_column][vc_btn title=&#8221;vedi altre Tende a Vetro Classiche&#8221; color=&#8221;chino&#8221; size=&#8221;lg&#8221; align=&#8221;center&#8221; css=&#8221;&#8221; link=&#8221;url:https%3A%2F%2Fwww.marinigerardi.it%2Fshop%2Fcategoria-prodotto%2Ftende-a-vetrasse%2Ftende-a-vetro-classiche%2F|title:Tende%20a%20Vetro%20Classiche&#8221;][\/vc_column][\/vc_row]<\/p>\n<\/div>","protected":false},"excerpt":{"rendered":"<p style=\"text-align: justify;\"><strong>SANREMO &#8211; Tende a Vetro Classiche in lino in Cucina Soggiorno<\/strong> &#8211; Tendine disponibili nei colori base: Bianco Ottico, Bianco Naturale, Panna, Grigio + un Design unico tinto in capo\u00a0 nel nostro laboratorio. Il Design \u00e8 realizzato in proporzione alla misura selezionata.<\/p>\n","protected":false},"featured_media":58432,"template":"","meta":[],"product_brand":[],"product_cat":[2411,3092,3869],"product_tag":[],"class_list":{"0":"post-44652","1":"product","2":"type-product","3":"status-publish","4":"has-post-thumbnail","6":"product_cat-tende-a-vetro","7":"product_cat-tende-a-vetro-moderne","8":"product_cat-tende-da-vetro-moderne","10":"first","11":"instock","12":"taxable","13":"shipping-taxable","14":"purchasable","15":"product-type-simple"},"_links":{"self":[{"href":"https:\/\/www.marinigerardi.it\/shop\/wp-json\/wp\/v2\/product\/44652","targetHints":{"allow":["GET"]}}],"collection":[{"href":"https:\/\/www.marinigerardi.it\/shop\/wp-json\/wp\/v2\/product"}],"about":[{"href":"https:\/\/www.marinigerardi.it\/shop\/wp-json\/wp\/v2\/types\/product"}],"wp:featuredmedia":[{"embeddable":true,"href":"https:\/\/www.marinigerardi.it\/shop\/wp-json\/wp\/v2\/media\/58432"}],"wp:attachment":[{"href":"https:\/\/www.marinigerardi.it\/shop\/wp-json\/wp\/v2\/media?parent=44652"}],"wp:term":[{"taxonomy":"product_brand","embeddable":true,"href":"https:\/\/www.marinigerardi.it\/shop\/wp-json\/wp\/v2\/product_brand?post=44652"},{"taxonomy":"product_cat","embeddable":true,"href":"https:\/\/www.marinigerardi.it\/shop\/wp-json\/wp\/v2\/product_cat?post=44652"},{"taxonomy":"product_tag","embeddable":true,"href":"https:\/\/www.marinigerardi.it\/shop\/wp-json\/wp\/v2\/product_tag?post=44652"}],"curies":[{"name":"wp","href":"https:\/\/api.w.org\/{rel}","templated":true}]}}