{"id":44341,"date":"2022-11-16T11:54:05","date_gmt":"2022-11-16T11:54:05","guid":{"rendered":"https:\/\/www.marinigerardi.it\/shop\/?post_type=product&#038;p=44341"},"modified":"2025-02-15T18:31:42","modified_gmt":"2025-02-15T18:31:42","slug":"velluto-tessuto-bianco-perla-11","status":"publish","type":"product","link":"https:\/\/www.marinigerardi.it\/shop\/prodotto\/velluto-tessuto-bianco-perla-11\/","title":{"rendered":"PRESTIGE Velluto Tessuto Bianco Perla per Tappezzeria <b>Aquaclean Antimacchia<\/b>"},"content":{"rendered":"<div class=\"wpb-content-wrapper\"><p>[vc_row equal_height=&#8221;yes&#8221; mobile_bg_img_hidden=&#8221;no&#8221; tablet_bg_img_hidden=&#8221;no&#8221; woodmart_parallax=&#8221;0&#8243; woodmart_gradient_switch=&#8221;no&#8221; row_reverse_mobile=&#8221;0&#8243; row_reverse_tablet=&#8221;0&#8243; woodmart_disable_overflow=&#8221;0&#8243;][vc_column offset=&#8221;vc_col-lg-6 vc_col-md-6&#8243; mobile_bg_img_hidden=&#8221;no&#8221; tablet_bg_img_hidden=&#8221;no&#8221; woodmart_parallax=&#8221;0&#8243; woodmart_sticky_column=&#8221;false&#8221; parallax_scroll=&#8221;no&#8221; mobile_reset_margin=&#8221;no&#8221; tablet_reset_margin=&#8221;no&#8221; css=&#8221;.vc_custom_1613071403480{margin-top: 0px !important;}&#8221;]\n\t\t<div id=\"wd-637510a02f5b4\" class=\"title-wrapper wd-wpb wd-set-mb reset-last-child  wd-rs-637510a02f5b4 wd-title-color-primary wd-title-style-bordered text-left vc_custom_1668616457605 wd-underline-colored\">\n\t\t\t\t\t\t\t\n\t\t\t\t<div class=\"title-subtitle  subtitle-color-primary font-default subtitle-style-default wd-font-weight-700 wd-fontsize-xs\">I prodotti migliori e in linea con le pi\u00f9 moderne tendenze.<\/div>\n\t\t\t\n\t\t\t<div class=\"liner-continer\">\n\t\t\t\t<h2 class=\"woodmart-title-container title  wd-font-weight-500 wd-fontsize-l\" >PRESTIGE Velluto Tessuto Bianco Perla per Tappezzeria<\/h2>\n\t\t\t\t\t\t\t<\/div>\n\t\t\t\n\t\t\t\n\t\t\t\n\t\t<\/div>\n\t\t\n\t\t<div class=\"wpb-content-wrapper\">[vc_row][vc_column][vc_column_text woodmart_inline=\"no\" text_larger=\"no\"]<strong><span style=\"font-size: 14pt;\">Tecnologia Aquaclean \u00e8 un innovativo trattamento che permette di eliminare le macchie usando solo un po\u2019 d\u2019acqua.<\/span><\/strong>\r\n<strong>Aquaclean <\/strong>\u00e8 una protezione avanzata per il rivestimento dei divani che ricopre con uno strato molecolare invisibile ogni fibra del tessuto, evitando che lo sporco penetri al suo interno.\r\n<strong>Aquaclean permette di pulire facilmente la maggior parte delle macchie domestiche<\/strong> (vino, inchiostro, sugo, grasso, fango, cioccolato, crema, ecc.), rendendo la vita pi\u00f9 semplice.\r\n<ul>\r\n \t<li><strong>Composizione<\/strong> 100% PL - <strong>Martindale<\/strong> 100.000<\/li>\r\n \t<li><strong>Altezza<\/strong> h: 140 cm.<\/li>\r\n<\/ul>\r\n<strong><span style=\"font-size: 10pt;\">Minimo Acquisto 1 metro. Se avete bisogno di aiuto contattateci all'indirizzo mail: assistenza@marinigerardi<\/span><\/strong>[\/vc_column_text][\/vc_column][\/vc_row]<\/div><div id=\"wd-61d458f0d754b\" class=\" wd-rs-61d458f0d754b  wd-button-wrapper text-left\"><a href=\"https:\/\/www.marinigerardi.it\/shop\/guida-come-calcolare-il-metraggio-dei-tessuti\/\" title=\"Guida Come Calcolare il Metraggio dei Tessuti\" target=\"_blank\" class=\"btn btn-style-link btn-shape-rectangle btn-size-default btn-icon-pos-left\">Guida Come Calcolare il Metraggio dei Tessuti<span class=\"wd-btn-icon\"><span class=\"wd-icon far fa-arrow-alt-circle-right\"><\/span><\/span><\/a><\/div>[\/vc_column][vc_column css=&#8221;.vc_custom_1612434787067{background-position: center !important;background-repeat: no-repeat !important;background-size: cover !important;}&#8221; offset=&#8221;vc_col-lg-6 vc_col-md-6&#8243; mobile_bg_img_hidden=&#8221;no&#8221; tablet_bg_img_hidden=&#8221;no&#8221; woodmart_parallax=&#8221;0&#8243; woodmart_sticky_column=&#8221;false&#8221; parallax_scroll=&#8221;no&#8221; mobile_reset_margin=&#8221;no&#8221; tablet_reset_margin=&#8221;no&#8221;][vc_single_image image=&#8221;44492&#8243; img_size=&#8221;large&#8221; add_caption=&#8221;yes&#8221; alignment=&#8221;center&#8221; style=&#8221;vc_box_shadow&#8221; onclick=&#8221;link_image&#8221; parallax_scroll=&#8221;no&#8221; woodmart_inline=&#8221;no&#8221;][vc_row_inner][vc_column_inner width=&#8221;1\/2&#8243;]<div id=\"wd-67b0dd40294bc\" class=\" wd-rs-67b0dd40294bc  wd-button-wrapper text-center\"><a href=\"https:\/\/www.marinigerardi.it\/shop\/prodotto\/velluto-tessuto-antimacchia\/\" title=\"Velluto per tappezzeria\" class=\"btn btn-style-default btn-shape-rectangle btn-size-extra-small\">Velluto per tappezzeria al metro<\/a><\/div>[\/vc_column_inner][vc_column_inner width=&#8221;1\/2&#8243;]<div id=\"wd-67b0dd6be400d\" class=\" wd-rs-67b0dd6be400d  wd-button-wrapper text-center\"><a href=\"https:\/\/www.marinigerardi.it\/shop\/prodotto\/tende-velluto-antimacchia\/\" title=\"Tende di velluto\" class=\"btn btn-style-default btn-shape-rectangle btn-size-extra-small\">Tende di velluto<\/a><\/div>[\/vc_column_inner][\/vc_row_inner][vc_empty_space woodmart_hide_large=&#8221;0&#8243; woodmart_hide_medium=&#8221;0&#8243; woodmart_hide_small=&#8221;0&#8243;][\/vc_column][\/vc_row][vc_row][vc_column]\n\t\t<div id=\"wd-66dd9e4fd31cb\" class=\"title-wrapper wd-wpb wd-set-mb reset-last-child  wd-rs-66dd9e4fd31cb wd-title-color-default wd-title-style-bordered text-center  wd-underline-colored\">\n\t\t\t\n\t\t\t<div class=\"liner-continer\">\n\t\t\t\t<h2 class=\"woodmart-title-container title  wd-font-weight- wd-fontsize-l\" >PRESTIGE Velluto Tessuto Bianco Perla per Tappezzeria<\/h2>\n\t\t\t\t\t\t\t<\/div>\n\t\t\t\n\t\t\t\n\t\t\t\n\t\t<\/div>\n\t\t\n\t\t[\/vc_column][\/vc_row][vc_row content_placement=&#8221;middle&#8221; woodmart_bg_position=&#8221;center-bottom&#8221; css=&#8221;.vc_custom_1612561188989{background-color: #e5e5e5 !important;background-position: 0 0 !important;background-repeat: no-repeat !important;}&#8221; el_class=&#8221;mobile-bg-img-hidden&#8221; mobile_bg_img_hidden=&#8221;no&#8221; tablet_bg_img_hidden=&#8221;no&#8221; woodmart_parallax=&#8221;0&#8243; woodmart_gradient_switch=&#8221;no&#8221; row_reverse_mobile=&#8221;0&#8243; row_reverse_tablet=&#8221;0&#8243; woodmart_disable_overflow=&#8221;0&#8243;][vc_column width=&#8221;1\/2&#8243; mobile_bg_img_hidden=&#8221;no&#8221; tablet_bg_img_hidden=&#8221;no&#8221; woodmart_parallax=&#8221;0&#8243; woodmart_sticky_column=&#8221;false&#8221; parallax_scroll=&#8221;no&#8221; mobile_reset_margin=&#8221;no&#8221; tablet_reset_margin=&#8221;no&#8221; woodmart_css_id=&#8221;61d4596bdce1f&#8221; wd_collapsible_content_switcher=&#8221;no&#8221; woodmart_box_shadow=&#8221;no&#8221; wd_z_index=&#8221;no&#8221;][vc_single_image image=&#8221;44346&#8243; img_size=&#8221;large&#8221; add_caption=&#8221;yes&#8221; alignment=&#8221;center&#8221; style=&#8221;vc_box_shadow&#8221; onclick=&#8221;link_image&#8221; parallax_scroll=&#8221;no&#8221; woodmart_inline=&#8221;no&#8221;][\/vc_column][vc_column width=&#8221;1\/2&#8243; css=&#8221;.vc_custom_1535101510463{margin-top: 4vh !important;padding-top: 0px !important;}&#8221;][vc_single_image image=&#8221;44347&#8243; img_size=&#8221;large&#8221; add_caption=&#8221;yes&#8221; alignment=&#8221;center&#8221; style=&#8221;vc_box_shadow&#8221; onclick=&#8221;link_image&#8221; parallax_scroll=&#8221;no&#8221; woodmart_inline=&#8221;no&#8221;][\/vc_column][\/vc_row][vc_row][vc_column]\n\t\t<div id=\"wd-6375111202e99\" class=\"title-wrapper wd-wpb wd-set-mb reset-last-child  wd-rs-6375111202e99 wd-title-color-primary wd-title-style-bordered text-left justify  wd-underline-colored\">\n\t\t\t\t\t\t\t\n\t\t\t\t<div class=\"title-subtitle  subtitle-color-primary font-alt subtitle-style-default wd-font-weight- wd-fontsize-m\">Velluto morbido, resistente, lavabile, adatto per uso tenda, seduta, testata letto.<\/div>\n\t\t\t\n\t\t\t<div class=\"liner-continer\">\n\t\t\t\t<h3 class=\"woodmart-title-container title  wd-font-weight-400 wd-fontsize-xxxl\" >PRESTIGE Velluto Tessuto Bianco Perla per Tappezzeria<\/h3>\n\t\t\t\t\t\t\t<\/div>\n\t\t\t\n\t\t\t\n\t\t\t\n\t\t<\/div>\n\t\t\n\t\t[vc_column_text text_larger=&#8221;no&#8221; woodmart_inline=&#8221;no&#8221;]<a href=\"https:\/\/www.marinigerardi.it\/shop\/prodotto\/velluto-tessuto-bianco-perla-11\/\">Un divano, una poltrona, un letto in velluto bianco<\/a> \u00e8 sicuramente sinonimo di eleganza e raffinatezza, che ha torto viene collocano in uno stile prevalentemente vintage, ma non \u00e8 cosi, infatti i divani in velluto moderni ben si adattano a tutti gli ambienti casa. Il nostro Velluto, sicuramente, sapr\u00e0 conquistare tutti grazie alla sua mano morbida e ai suoi bellissimi colori melange, e dar\u00e0 un tocco di design e modernit\u00e0 ad ogni ambiente.[\/vc_column_text][\/vc_column][\/vc_row]<\/p>\n<\/div>","protected":false},"excerpt":{"rendered":"<p><strong>PRESTIGE 11 Velluto Tessuto Bianco Perla per Tappezzeria<\/strong> dalla straordinaria luminosit\u00e0 e morbidezza, ottenute grazie all&#8217;attento processo di lavorazione, finissaggio antimacchia. Lavabile e resistente, ideale per tende e divani.<br \/>\n[html_block id=\"44294\"]<\/p>\n","protected":false},"featured_media":44338,"template":"","meta":[],"product_brand":[],"product_cat":[3587,3588,3585,3583,3277,3063],"product_tag":[1260,3091,3062],"class_list":{"0":"post-44341","1":"product","2":"type-product","3":"status-publish","4":"has-post-thumbnail","6":"product_cat-ciniglia","7":"product_cat-stoffe-online","8":"product_cat-tappezzeria-divani","9":"product_cat-tessuti-per-la-casa","10":"product_cat-tessuto-aquaclean","11":"product_cat-velluto","12":"product_tag-tessuto-velluto","13":"product_tag-velluto","14":"product_tag-velluto-tessuto","16":"first","17":"instock","18":"sold-individually","19":"taxable","20":"shipping-taxable","21":"purchasable","22":"product-type-simple"},"_links":{"self":[{"href":"https:\/\/www.marinigerardi.it\/shop\/wp-json\/wp\/v2\/product\/44341","targetHints":{"allow":["GET"]}}],"collection":[{"href":"https:\/\/www.marinigerardi.it\/shop\/wp-json\/wp\/v2\/product"}],"about":[{"href":"https:\/\/www.marinigerardi.it\/shop\/wp-json\/wp\/v2\/types\/product"}],"wp:featuredmedia":[{"embeddable":true,"href":"https:\/\/www.marinigerardi.it\/shop\/wp-json\/wp\/v2\/media\/44338"}],"wp:attachment":[{"href":"https:\/\/www.marinigerardi.it\/shop\/wp-json\/wp\/v2\/media?parent=44341"}],"wp:term":[{"taxonomy":"product_brand","embeddable":true,"href":"https:\/\/www.marinigerardi.it\/shop\/wp-json\/wp\/v2\/product_brand?post=44341"},{"taxonomy":"product_cat","embeddable":true,"href":"https:\/\/www.marinigerardi.it\/shop\/wp-json\/wp\/v2\/product_cat?post=44341"},{"taxonomy":"product_tag","embeddable":true,"href":"https:\/\/www.marinigerardi.it\/shop\/wp-json\/wp\/v2\/product_tag?post=44341"}],"curies":[{"name":"wp","href":"https:\/\/api.w.org\/{rel}","templated":true}]}}