{"id":43665,"date":"2022-11-05T19:17:55","date_gmt":"2022-11-05T19:17:55","guid":{"rendered":"https:\/\/www.marinigerardi.it\/shop\/?post_type=product&#038;p=43665"},"modified":"2023-08-11T08:01:53","modified_gmt":"2023-08-11T08:01:53","slug":"cuscini-ricamati-con-scoiattolo-50x50","status":"publish","type":"product","link":"https:\/\/www.marinigerardi.it\/shop\/prodotto\/cuscini-ricamati-con-scoiattolo-50x50\/","title":{"rendered":"SOGGETTI CC094 &#8211; Cuscini Ricamati con Scoiattolo 50&#215;50"},"content":{"rendered":"<div class=\"wpb-content-wrapper\"><p>[vc_row equal_height=&#8221;yes&#8221; mobile_bg_img_hidden=&#8221;no&#8221; tablet_bg_img_hidden=&#8221;no&#8221; woodmart_parallax=&#8221;0&#8243; woodmart_gradient_switch=&#8221;no&#8221; row_reverse_mobile=&#8221;0&#8243; row_reverse_tablet=&#8221;0&#8243; woodmart_disable_overflow=&#8221;0&#8243;][vc_column offset=&#8221;vc_col-lg-6 vc_col-md-6&#8243; mobile_bg_img_hidden=&#8221;no&#8221; tablet_bg_img_hidden=&#8221;no&#8221; woodmart_parallax=&#8221;0&#8243; woodmart_sticky_column=&#8221;false&#8221; parallax_scroll=&#8221;no&#8221; mobile_reset_margin=&#8221;no&#8221; tablet_reset_margin=&#8221;no&#8221; css=&#8221;.vc_custom_1613071403480{margin-top: 0px !important;}&#8221;]\n\t\t<div id=\"wd-6366b745ac1d7\" class=\"title-wrapper wd-wpb wd-set-mb reset-last-child  wd-rs-6366b745ac1d7 wd-title-color-primary wd-title-style-bordered text-left vc_custom_1667675985319 wd-underline-colored\">\n\t\t\t\n\t\t\t<div class=\"liner-continer\">\n\t\t\t\t<h2 class=\"woodmart-title-container title  wd-font-weight-500 wd-fontsize-l\" >SOGGETTI CC094 - Cuscini Ricamati con Scoiattolo 50x50 Juta Cotone<\/h2>\n\t\t\t\t\t\t\t<\/div>\n\t\t\t\n\t\t\t\n\t\t\t\n\t\t<\/div>\n\t\t\n\t\t[mpc_textblock content_width=&#8221;100&#8243; font_preset=&#8221;default&#8221; font_color=&#8221;#000000&#8243; margin_divider=&#8221;true&#8221; margin_css=&#8221;margin-bottom:20px;&#8221; mpc_tooltip__border_divider=&#8221;true&#8221; mpc_tooltip__padding_divider=&#8221;true&#8221;]<\/p>\n<p style=\"text-align: justify;\">Rendi la tua casa accogliente con i nostri Cuscini Ricamati Arredo &#8211; chiusura a cerniera nascosta con Bordino \/ Piping &#8211; Ricamo Scoiattolo &#8211; Lo stile, in casa, \u00e8 anche questione di dettagli.<br \/>\nEventuali difformit\u00e0 e differenze nel design, nelle misure, nelle colorazioni e nei decori non costituiscono difetto anzi sono dovute alle caratteristiche dei materiali e alla lavorazione artigianale degli stessi.\u00a0<a href=\"https:\/\/www.marinigerardi.it\/shop\/prodotto\/cuscini-ricamati-con-scoiattolo-50x50\/\"><strong>Produttore e Design Esclusivo Marini &amp; Gerardi<\/strong><\/a><\/p>\n<p>[\/mpc_textblock]\t\t\t<div class=\"info-box-wrapper\">\n\t\t\t\t<div id=\"wd-64c437a519f4f\" class=\" wd-rs-64c437a519f4f wd-info-box wd-wpb text-left box-icon-align-top box-style-border color-scheme-dark wd-bg-none \">\n\t\t\t\t\t\t\t\t\t\t<div class=\"info-box-content\">\n\t\t\t\t\t\t\t\t\t\t\t\t<div class=\"info-box-inner reset-last-child\"><\/p>\n<ul>\n<li><strong>Tessuto:<\/strong> Juta \/ Cotone<\/li>\n<li><strong>Dimensione:<\/strong> cm. 50 x 50<\/li>\n<li><strong>Modello: <\/strong>\u00a0 \u00a0 CC094 &#8211; Ricamo Scoiattolo &#8211; Bordo cordoncino Piping<\/li>\n<li><strong>Imbottitura:<\/strong> Esclusa<\/li>\n<li><strong>In pronta consegna:<\/strong> 3\/9 gg. lav.<\/li>\n<\/ul>\n<p><strong>Info mail <strong>assistenza@marinigerardi.it<\/strong><\/strong><\/p>\n<\/div>\n\n\t\t\t\t\t\t\t\t\t\t\t<\/div>\n\n\t\t\t\t\t\n\t\t\t\t\t\t\t\t\t<\/div>\n\t\t\t<\/div>\n\t\t[\/vc_column][vc_column css=&#8221;.vc_custom_1612434787067{background-position: center !important;background-repeat: no-repeat !important;background-size: cover !important;}&#8221; offset=&#8221;vc_col-lg-6 vc_col-md-6&#8243; mobile_bg_img_hidden=&#8221;no&#8221; tablet_bg_img_hidden=&#8221;no&#8221; woodmart_parallax=&#8221;0&#8243; woodmart_sticky_column=&#8221;false&#8221; parallax_scroll=&#8221;no&#8221; mobile_reset_margin=&#8221;no&#8221; tablet_reset_margin=&#8221;no&#8221;][vc_single_image image=&#8221;43655&#8243; img_size=&#8221;large&#8221; alignment=&#8221;center&#8221; onclick=&#8221;link_image&#8221; parallax_scroll=&#8221;no&#8221; css=&#8221;.vc_custom_1690581143643{margin-right: 20px !important;}&#8221; woodmart_inline=&#8221;no&#8221;][\/vc_column][\/vc_row][vc_row css=&#8221;.vc_custom_1690581072028{background-color: #f3f3f3 !important;}&#8221; woodmart_css_id=&#8221;64c43847454c2&#8243; responsive_spacing=&#8221;eyJwYXJhbV90eXBlIjoid29vZG1hcnRfcmVzcG9uc2l2ZV9zcGFjaW5nIiwic2VsZWN0b3JfaWQiOiI2NGM0Mzg0NzQ1NGMyIiwic2hvcnRjb2RlIjoidmNfcm93IiwiZGF0YSI6eyJ0YWJsZXQiOnt9LCJtb2JpbGUiOnt9fX0=&#8221; mobile_bg_img_hidden=&#8221;no&#8221; tablet_bg_img_hidden=&#8221;no&#8221; woodmart_parallax=&#8221;0&#8243; woodmart_gradient_switch=&#8221;no&#8221; woodmart_box_shadow=&#8221;yes&#8221; wd_box_shadow=&#8221;eyJkZXZpY2VzIjp7ImRlc2t0b3AiOnsiaG9yaXpvbnRhbCI6IjAiLCJ2ZXJ0aWNhbCI6IjAiLCJibHVyIjoiOSIsInNwcmVhZCI6IjAiLCJjb2xvciI6InJnYmEoMCwgMCwgMCwgLjE1KSJ9fX0=&#8221; wd_z_index=&#8221;no&#8221; woodmart_disable_overflow=&#8221;0&#8243; row_reverse_mobile=&#8221;0&#8243; row_reverse_tablet=&#8221;0&#8243;][vc_column][vc_single_image image=&#8221;43668&#8243; img_size=&#8221;full&#8221; alignment=&#8221;center&#8221; onclick=&#8221;link_image&#8221; parallax_scroll=&#8221;no&#8221; woodmart_inline=&#8221;no&#8221;][\/vc_column][\/vc_row][vc_row][vc_column]\n\t\t<div id=\"wd-64c438c894cac\" class=\"title-wrapper wd-wpb wd-set-mb reset-last-child  wd-rs-64c438c894cac wd-title-color-primary wd-title-style-underlined text-center justify  wd-underline-colored\">\n\t\t\t\n\t\t\t<div class=\"liner-continer\">\n\t\t\t\t<h3 class=\"woodmart-title-container title  wd-font-weight-400 wd-fontsize-xl\" >SOGGETTI CC094 - Cuscini Ricamati con Scoiattolo 50x50<\/h3>\n\t\t\t\t\t\t\t<\/div>\n\t\t\t\n\t\t\t\n\t\t\t\n\t\t<\/div>\n\t\t\n\t\t[mpc_textblock content_width=&#8221;100&#8243; font_align=&#8221;justify&#8221; margin_divider=&#8221;true&#8221; mpc_tooltip__border_divider=&#8221;true&#8221; mpc_tooltip__padding_divider=&#8221;true&#8221;]<\/p>\n<h3 style=\"text-align: center;\"><span style=\"font-size: 16pt;\">Cuscini Ricamati d&#8217;Arredo: un tocco di originalit\u00e0 alla tua casa.<\/span><\/h3>\n<p style=\"text-align: justify;\">I Cuscini arredano, decorano e non solo, sono un elemento funzionale ma possono diventare gli accessori decisivi per dare quel tocco di personalit\u00e0 che mancava alla tua casa. Indipendentemente dalle varianti di cuscini ricamati\u00a0 che potete scegliere, questi accessori combinano perfettamente stile, intimit\u00e0, rendono la tua vita bella e spiritosa. A seconda delle necessit\u00e0: incontri familiari, o con amici, \u00e8 possibile cambiare semplicemente i cuscini e creare un look completamente diverso.<br \/>\n<strong>Marini&amp;Gerardi designer, reinventa con pezzi unici la vostra\u00a0casa!<\/strong><\/p>\n<p>[\/mpc_textblock][\/vc_column][\/vc_row]<\/p>\n<\/div>","protected":false},"excerpt":{"rendered":"<p>Fodera cuscini ricamati con Scoiattolo in Juta e Cotone con Bordino \/ Piping &#8211; misura 50&#215;50 &#8211; <strong>Produttore e Design Esclusivo Marini &amp; Gerardi<\/strong><\/p>\n","protected":false},"featured_media":43669,"template":"","meta":[],"product_brand":[],"product_cat":[336],"product_tag":[341,3595],"class_list":{"0":"post-43665","1":"product","2":"type-product","3":"status-publish","4":"has-post-thumbnail","6":"product_cat-cuscini-decorativi","7":"product_tag-cuscini-arredo","8":"product_tag-cuscini-arredo-marinigerardi","10":"first","11":"instock","12":"sale","13":"taxable","14":"shipping-taxable","15":"purchasable","16":"product-type-simple"},"_links":{"self":[{"href":"https:\/\/www.marinigerardi.it\/shop\/wp-json\/wp\/v2\/product\/43665","targetHints":{"allow":["GET"]}}],"collection":[{"href":"https:\/\/www.marinigerardi.it\/shop\/wp-json\/wp\/v2\/product"}],"about":[{"href":"https:\/\/www.marinigerardi.it\/shop\/wp-json\/wp\/v2\/types\/product"}],"wp:featuredmedia":[{"embeddable":true,"href":"https:\/\/www.marinigerardi.it\/shop\/wp-json\/wp\/v2\/media\/43669"}],"wp:attachment":[{"href":"https:\/\/www.marinigerardi.it\/shop\/wp-json\/wp\/v2\/media?parent=43665"}],"wp:term":[{"taxonomy":"product_brand","embeddable":true,"href":"https:\/\/www.marinigerardi.it\/shop\/wp-json\/wp\/v2\/product_brand?post=43665"},{"taxonomy":"product_cat","embeddable":true,"href":"https:\/\/www.marinigerardi.it\/shop\/wp-json\/wp\/v2\/product_cat?post=43665"},{"taxonomy":"product_tag","embeddable":true,"href":"https:\/\/www.marinigerardi.it\/shop\/wp-json\/wp\/v2\/product_tag?post=43665"}],"curies":[{"name":"wp","href":"https:\/\/api.w.org\/{rel}","templated":true}]}}