{"id":43573,"date":"2022-11-04T10:34:44","date_gmt":"2022-11-04T10:34:44","guid":{"rendered":"https:\/\/www.marinigerardi.it\/shop\/?post_type=product&#038;p=43573"},"modified":"2024-09-08T22:50:57","modified_gmt":"2024-09-08T22:50:57","slug":"cuscino-decorativo-arredo-per-divani-50x50","status":"publish","type":"product","link":"https:\/\/www.marinigerardi.it\/shop\/prodotto\/cuscino-decorativo-arredo-per-divani-50x50\/","title":{"rendered":"TRACCE CC244 &#8211; Cuscino Decorativo Arredo per Divani 50&#215;50"},"content":{"rendered":"<div class=\"wpb-content-wrapper\"><p>[vc_row equal_height=&#8221;yes&#8221; mobile_bg_img_hidden=&#8221;no&#8221; tablet_bg_img_hidden=&#8221;no&#8221; woodmart_parallax=&#8221;0&#8243; woodmart_gradient_switch=&#8221;no&#8221; row_reverse_mobile=&#8221;0&#8243; row_reverse_tablet=&#8221;0&#8243; woodmart_disable_overflow=&#8221;0&#8243;][vc_column offset=&#8221;vc_col-lg-6 vc_col-md-6&#8243; mobile_bg_img_hidden=&#8221;no&#8221; tablet_bg_img_hidden=&#8221;no&#8221; woodmart_parallax=&#8221;0&#8243; woodmart_sticky_column=&#8221;false&#8221; parallax_scroll=&#8221;no&#8221; mobile_reset_margin=&#8221;no&#8221; tablet_reset_margin=&#8221;no&#8221; css=&#8221;.vc_custom_1613071403480{margin-top: 0px !important;}&#8221;]\n\t\t<div id=\"wd-6364ecce9838f\" class=\"title-wrapper wd-wpb wd-set-mb reset-last-child  wd-rs-6364ecce9838f wd-title-color-primary wd-title-style-bordered text-left vc_custom_1667558612907 wd-underline-colored\">\n\t\t\t\n\t\t\t<div class=\"liner-continer\">\n\t\t\t\t<h2 class=\"woodmart-title-container title  wd-font-weight-500 wd-fontsize-l\" >TRACCE CC244 \u2013 Cuscino Decorativo Arredo per Divani 50x50<\/h2>\n\t\t\t\t\t\t\t<\/div>\n\t\t\t\n\t\t\t\n\t\t\t\n\t\t<\/div>\n\t\t\n\t\t\t\t<div id=\"wd-66de29a637509\" class=\"wd-text-block wd-wpb reset-last-child wd-rs-66de29a637509 text-left \">\n\t\t\t<p style=\"text-align: justify;\">Disegno realizzato a mano.<br \/>\nEventuali difformit\u00e0 e differenze nel design, nelle misure, nelle colorazioni e nei decori non costituiscono difetto anzi sono dovute alle caratteristiche dei materiali e alla lavorazione artigianale degli stessi.\u00a0<a href=\"https:\/\/www.marinigerardi.it\/shop\/prodotto\/cuscino-decorativo-arredo-per-divani-50x50\/\"><strong>Produttore e Design Esclusivo Marini &amp; Gerardi<\/strong><\/a><\/p>\n\t\t<\/div>\n\t\t[vc_message message_box_style=&#8221;outline&#8221; message_box_color=&#8221;grey&#8221; css=&#8221;&#8221;]<\/p>\n<ul>\n<li><strong>Tessuto:<\/strong> Juta \/ Cotone<\/li>\n<li><strong>Dimensione:<\/strong> cm. 50 x 50<\/li>\n<li><strong>Modello: <\/strong>\u00a0 \u00a0 CC244 con Flap cm. 55<\/li>\n<li><strong>cuscini decorativo In pronta consegna:<\/strong> 3\/9 gg. lav.<\/li>\n<\/ul>\n<p>Info mail <strong>assistenza@marinigerardi.it<\/strong>[\/vc_message][\/vc_column][vc_column css=&#8221;.vc_custom_1612434787067{background-position: center !important;background-repeat: no-repeat !important;background-size: cover !important;}&#8221; offset=&#8221;vc_col-lg-6 vc_col-md-6&#8243; mobile_bg_img_hidden=&#8221;no&#8221; tablet_bg_img_hidden=&#8221;no&#8221; woodmart_parallax=&#8221;0&#8243; woodmart_sticky_column=&#8221;false&#8221; parallax_scroll=&#8221;no&#8221; mobile_reset_margin=&#8221;no&#8221; tablet_reset_margin=&#8221;no&#8221;][vc_single_image image=&#8221;43576&#8243; img_size=&#8221;large&#8221; alignment=&#8221;center&#8221; onclick=&#8221;link_image&#8221; css=&#8221;.vc_custom_1690584500374{margin-right: 20px !important;}&#8221; parallax_scroll=&#8221;no&#8221; woodmart_inline=&#8221;no&#8221;][\/vc_column][\/vc_row][vc_row][vc_column]\n\t\t<div id=\"wd-66de284cd3a04\" class=\"title-wrapper wd-wpb wd-set-mb reset-last-child  wd-rs-66de284cd3a04 wd-title-color-default wd-title-style-default text-center  wd-underline-colored\">\n\t\t\t\n\t\t\t<div class=\"liner-continer\">\n\t\t\t\t<h2 class=\"woodmart-title-container title  wd-font-weight- wd-fontsize-l\" >Cuscino Decorativo Arredo per Divani 50x50<\/h2>\n\t\t\t\t\t\t\t<\/div>\n\t\t\t\n\t\t\t\n\t\t\t\n\t\t<\/div>\n\t\t\n\t\t[\/vc_column][\/vc_row][vc_row css=&#8221;.vc_custom_1690584418207{background-color: #f3f3f3 !important;}&#8221; woodmart_css_id=&#8221;64c445591cd3f&#8221; responsive_spacing=&#8221;eyJwYXJhbV90eXBlIjoid29vZG1hcnRfcmVzcG9uc2l2ZV9zcGFjaW5nIiwic2VsZWN0b3JfaWQiOiI2NGM0NDU1OTFjZDNmIiwic2hvcnRjb2RlIjoidmNfcm93IiwiZGF0YSI6eyJ0YWJsZXQiOnt9LCJtb2JpbGUiOnt9fX0=&#8221; mobile_bg_img_hidden=&#8221;no&#8221; tablet_bg_img_hidden=&#8221;no&#8221; woodmart_parallax=&#8221;0&#8243; woodmart_gradient_switch=&#8221;no&#8221; woodmart_box_shadow=&#8221;yes&#8221; wd_box_shadow=&#8221;eyJkZXZpY2VzIjp7ImRlc2t0b3AiOnsiaG9yaXpvbnRhbCI6IjAiLCJ2ZXJ0aWNhbCI6IjAiLCJibHVyIjoiOSIsInNwcmVhZCI6IjAiLCJjb2xvciI6InJnYmEoMCwgMCwgMCwgLjE1KSJ9fX0=&#8221; wd_z_index=&#8221;no&#8221; woodmart_disable_overflow=&#8221;0&#8243; row_reverse_mobile=&#8221;0&#8243; row_reverse_tablet=&#8221;0&#8243;][vc_column][vc_single_image image=&#8221;43575&#8243; img_size=&#8221;full&#8221; alignment=&#8221;center&#8221; onclick=&#8221;link_image&#8221; parallax_scroll=&#8221;no&#8221; woodmart_inline=&#8221;no&#8221;][\/vc_column][\/vc_row][vc_row][vc_column]\n\t\t<div id=\"wd-64c4459a1b230\" class=\"title-wrapper wd-wpb wd-set-mb reset-last-child  wd-rs-64c4459a1b230 wd-title-color-primary wd-title-style-underlined text-center justify  wd-underline-colored\">\n\t\t\t\n\t\t\t<div class=\"liner-continer\">\n\t\t\t\t<h3 class=\"woodmart-title-container title  wd-font-weight-400 wd-fontsize-xxxl\" >TRACCE CC244 \u2013 Cuscino Decorativo Arredo per Divani 50x50<\/h3>\n\t\t\t\t\t\t\t<\/div>\n\t\t\t\n\t\t\t\n\t\t\t\n\t\t<\/div>\n\t\t\n\t\t\t\t<div id=\"wd-66de29856fb1b\" class=\"wd-text-block wd-wpb reset-last-child wd-rs-66de29856fb1b text-left \">\n\t\t\t<h3 style=\"text-align: center;\"><span style=\"font-size: 16pt;\">Cuscino Arredo da divano decorativo: un tocco di originalit\u00e0 alla tua casa.<\/span><\/h3>\n<p style=\"text-align: justify;\">I Cuscini decorativi arredano e non solo, sono un elemento funzionale ma possono diventare gli accessori decisivi per dare quel tocco di personalit\u00e0 che mancava alla tua casa. Indipendentemente dalle varianti di cuscini decorativi che potete scegliere, questi accessori combinano perfettamente stile, intimit\u00e0, rendono la tua vita comoda, bella e spiritosa. A seconda delle necessit\u00e0: incontri familiari, o con amici, \u00e8 possibile cambiare semplicemente i cuscini e creare un look completamente diverso.<br \/>\n<strong>Marini&amp;Gerardi designer, reinventa con pezzi unici la vostra\u00a0casa!<\/strong><\/p>\n\t\t<\/div>\n\t\t[\/vc_column][\/vc_row]<\/p>\n<\/div>","protected":false},"excerpt":{"rendered":"<p>Cuscino Decorativo Arredo per Divano 50&#215;50 in Cotone e Juta con Flap &#8211; <strong>Produttore e Design Esclusivo Marini &amp; Gerardi<\/strong><\/p>\n","protected":false},"featured_media":43574,"template":"","meta":[],"product_brand":[],"product_cat":[336],"product_tag":[341,3595],"class_list":{"0":"post-43573","1":"product","2":"type-product","3":"status-publish","4":"has-post-thumbnail","6":"product_cat-cuscini-decorativi","7":"product_tag-cuscini-arredo","8":"product_tag-cuscini-arredo-marinigerardi","10":"first","11":"instock","12":"sale","13":"taxable","14":"shipping-taxable","15":"purchasable","16":"product-type-simple"},"_links":{"self":[{"href":"https:\/\/www.marinigerardi.it\/shop\/wp-json\/wp\/v2\/product\/43573","targetHints":{"allow":["GET"]}}],"collection":[{"href":"https:\/\/www.marinigerardi.it\/shop\/wp-json\/wp\/v2\/product"}],"about":[{"href":"https:\/\/www.marinigerardi.it\/shop\/wp-json\/wp\/v2\/types\/product"}],"wp:featuredmedia":[{"embeddable":true,"href":"https:\/\/www.marinigerardi.it\/shop\/wp-json\/wp\/v2\/media\/43574"}],"wp:attachment":[{"href":"https:\/\/www.marinigerardi.it\/shop\/wp-json\/wp\/v2\/media?parent=43573"}],"wp:term":[{"taxonomy":"product_brand","embeddable":true,"href":"https:\/\/www.marinigerardi.it\/shop\/wp-json\/wp\/v2\/product_brand?post=43573"},{"taxonomy":"product_cat","embeddable":true,"href":"https:\/\/www.marinigerardi.it\/shop\/wp-json\/wp\/v2\/product_cat?post=43573"},{"taxonomy":"product_tag","embeddable":true,"href":"https:\/\/www.marinigerardi.it\/shop\/wp-json\/wp\/v2\/product_tag?post=43573"}],"curies":[{"name":"wp","href":"https:\/\/api.w.org\/{rel}","templated":true}]}}