{"id":37175,"date":"2022-05-25T18:51:38","date_gmt":"2022-05-25T18:51:38","guid":{"rendered":"https:\/\/www.marinigerardi.it\/shop\/?post_type=product&#038;p=37175"},"modified":"2024-09-01T23:39:00","modified_gmt":"2024-09-01T23:39:00","slug":"eolo-tessuto-di-cotone-stropicciato-delave-per-lenzuola","status":"publish","type":"product","link":"https:\/\/www.marinigerardi.it\/shop\/prodotto\/eolo-tessuto-di-cotone-stropicciato-delave-per-lenzuola\/","title":{"rendered":"EOLO &#8211; Tessuto di Cotone Stropicciato Delav\u00e8 per Lenzuola"},"content":{"rendered":"<div class=\"wpb-content-wrapper\"><p>[vc_row equal_height=&#8221;yes&#8221; mobile_bg_img_hidden=&#8221;no&#8221; tablet_bg_img_hidden=&#8221;no&#8221; woodmart_parallax=&#8221;0&#8243; woodmart_gradient_switch=&#8221;no&#8221; row_reverse_mobile=&#8221;0&#8243; row_reverse_tablet=&#8221;0&#8243; woodmart_disable_overflow=&#8221;0&#8243;][vc_column offset=&#8221;vc_col-lg-6 vc_col-md-6&#8243; mobile_bg_img_hidden=&#8221;no&#8221; tablet_bg_img_hidden=&#8221;no&#8221; woodmart_parallax=&#8221;0&#8243; woodmart_sticky_column=&#8221;false&#8221; parallax_scroll=&#8221;no&#8221; mobile_reset_margin=&#8221;no&#8221; tablet_reset_margin=&#8221;no&#8221; css=&#8221;.vc_custom_1613071403480{margin-top: 0px !important;}&#8221;]\n\t\t<div id=\"wd-628e816cb1ea2\" class=\"title-wrapper wd-wpb wd-set-mb reset-last-child  wd-rs-628e816cb1ea2 wd-title-color-primary wd-title-style-bordered text-left vc_custom_1653506436627 wd-underline-colored\">\n\t\t\t\n\t\t\t<div class=\"liner-continer\">\n\t\t\t\t<h2 class=\"woodmart-title-container title  wd-font-weight-500 wd-fontsize-l\" >EOLO - Tessuto di cotone Stropicciato Delav\u00e8 per lenzuola<\/h2>\n\t\t\t\t\t\t\t<\/div>\n\t\t\t\n\t\t\t\n\t\t\t\n\t\t<\/div>\n\t\t\n\t\t\t\t<div id=\"wd-66d4faadf3b27\" class=\"wd-text-block wd-wpb reset-last-child wd-rs-66d4faadf3b27 text-left \">\n\t\t\t<p><strong><a href=\"https:\/\/www.marinigerardi.it\/shop\/prodotto\/eolo-tessuto-di-cotone-stropicciato-delave-per-lenzuola\/\">Tessuto<\/a> di Cotone leggermente stropicciato Delav\u00e8 raffinatissimo dai colori affascinanti Progetto Moda 2024 \/ 2025 <\/strong>che ben si abbina ad ambienti in stile moderno, o per un arredo shabby <em><a href=\"https:\/\/purolino.net\/tessuto\/\" target=\"_blank\" rel=\"noopener nofollow\">chic<\/a>,<\/em> adatto a spazi contemporanei. un Cotone morbido e piacevole sulla pelle dolce e delicato al tatto. <strong>TESSUTO COTONE NO STIRO<\/strong><\/p>\n\t\t<\/div>\n\t\t[vc_row_inner css=&#8221;.vc_custom_1640334247364{margin-top: 10px !important;}&#8221; woodmart_css_id=&#8221;61c5839b80aea&#8221; mobile_bg_img_hidden=&#8221;no&#8221; tablet_bg_img_hidden=&#8221;no&#8221; woodmart_parallax=&#8221;0&#8243; woodmart_gradient_switch=&#8221;no&#8221; woodmart_box_shadow=&#8221;no&#8221; wd_z_index=&#8221;no&#8221; woodmart_disable_overflow=&#8221;0&#8243; row_reverse_mobile=&#8221;0&#8243; row_reverse_tablet=&#8221;0&#8243;][vc_column_inner width=&#8221;1\/2&#8243;]\t\t\t<div class=\"info-box-wrapper\">\n\t\t\t\t<div id=\"wd-64c5b24e00d94\" class=\" wd-rs-64c5b24e00d94 wd-info-box wd-wpb text-left box-icon-align-left box-style-shadow color-scheme- wd-bg-none wd-items-top vc_custom_1690677855702\">\n\t\t\t\t\t\t\t\t\t\t\t<div class=\"box-icon-wrapper  box-with-icon box-icon-with-border\">\n\t\t\t\t\t\t\t<div class=\"info-box-icon\">\n\t\t\t\t\t\t\t\t<img decoding=\"async\" width=\"40\" height=\"40\" src=\"https:\/\/www.marinigerardi.it\/shop\/wp-content\/uploads\/2021\/02\/icons8_yarn_100px-40x40.png\" class=\"attachment-40x40 size-40x40\" alt=\"Composizione tessuti Marini e Gerardi\" \/>\t\t\t\t\t\t\t<\/div>\n\t\t\t\t\t\t<\/div>\n\t\t\t\t\t\t\t\t\t\t<div class=\"info-box-content\">\n\t\t\t\t\t\t<h4 class=\"info-box-title title box-title-style-default wd-fontsize-s\">COTONE DELAVE'<\/h4>\t\t\t\t\t\t<div class=\"info-box-inner reset-last-child\"><p>120 gr\/mq.<\/p>\n<\/div>\n\n\t\t\t\t\t\t\t\t\t\t\t<\/div>\n\n\t\t\t\t\t\n\t\t\t\t\t<style>#wd-64c5b24e00d94:hover .info-box-icon{background-color:  !important;}<\/style>\t\t\t\t<\/div>\n\t\t\t<\/div>\n\t\t[\/vc_column_inner][vc_column_inner width=&#8221;1\/2&#8243;]\t\t\t<div class=\"info-box-wrapper\">\n\t\t\t\t<div id=\"wd-628ea10ba7685\" class=\" wd-rs-628ea10ba7685 wd-info-box wd-wpb text-left box-icon-align-left box-style-shadow color-scheme-dark wd-bg-none wd-items-top vc_custom_1653514520938\">\n\t\t\t\t\t\t\t\t\t\t\t<div class=\"box-icon-wrapper  box-with-icon box-icon-with-border\">\n\t\t\t\t\t\t\t<div class=\"info-box-icon\">\n\t\t\t\t\t\t\t\t<img decoding=\"async\" width=\"40\" height=\"40\" src=\"https:\/\/www.marinigerardi.it\/shop\/wp-content\/uploads\/2021\/02\/icons8_wallpaper_roll_100px-40x40.png\" class=\"attachment-40x40 size-40x40\" alt=\"Altezza Tessuti - Marini e Gerardi\" \/>\t\t\t\t\t\t\t<\/div>\n\t\t\t\t\t\t<\/div>\n\t\t\t\t\t\t\t\t\t\t<div class=\"info-box-content\">\n\t\t\t\t\t\t<h4 class=\"info-box-title title box-title-style-default wd-fontsize-s\">ALTEZZA<\/h4>\t\t\t\t\t\t<div class=\"info-box-inner reset-last-child\"><p>h. 280 cm.<\/p>\n<\/div>\n\n\t\t\t\t\t\t\t\t\t\t\t<\/div>\n\n\t\t\t\t\t\n\t\t\t\t\t<style>#wd-628ea10ba7685:hover .info-box-icon{background-color:  !important;}<\/style>\t\t\t\t<\/div>\n\t\t\t<\/div>\n\t\t[\/vc_column_inner][\/vc_row_inner]<div id=\"wd-64c5b1cfda4b6\" class=\" wd-rs-64c5b1cfda4b6  wd-button-wrapper text-left\"><a href=\"https:\/\/www.marinigerardi.it\/shop\/guida-come-calcolare-il-metraggio-dei-tessuti\/\" title=\"Guida Come Calcolare il Metraggio dei Tessuti\" target=\"_blank\" class=\"btn btn-style-default btn-shape-semi-round btn-size-default btn-icon-pos-left\">Guida Come Calcolare il Metraggio dei Tessuti<span class=\"wd-btn-icon\"><span class=\"wd-icon far fa-arrow-alt-circle-right\"><\/span><\/span><\/a><\/div>\t\t\t<div class=\"info-box-wrapper\">\n\t\t\t\t<div id=\"wd-64c5b1a04ed38\" class=\" wd-rs-64c5b1a04ed38 wd-info-box wd-wpb text-left box-icon-align-top box-style-border color-scheme-dark wd-bg-none \">\n\t\t\t\t\t\t\t\t\t\t<div class=\"info-box-content\">\n\t\t\t\t\t\t\t\t\t\t\t\t<div class=\"info-box-inner reset-last-child\"><\/p>\n<p style=\"text-align: justify;\"><strong>Note:<\/strong> I colori dei tessuti presenti nelle immagini possono variare in base al monitor utilizzato.<br \/>\n<strong>Minimo acquisto 1 metro.<\/strong> Se avete bisogno di aiuto contattateci all&#8217; indirizzo mail assistenza@marinigerardi.it<\/p>\n<p>\n<\/div>\n\n\t\t\t\t\t\t\t\t\t\t\t<\/div>\n\n\t\t\t\t\t\n\t\t\t\t\t\t\t\t\t<\/div>\n\t\t\t<\/div>\n\t\t[\/vc_column][vc_column css=&#8221;.vc_custom_1612434787067{background-position: center !important;background-repeat: no-repeat !important;background-size: cover !important;}&#8221; offset=&#8221;vc_col-lg-6 vc_col-md-6&#8243; mobile_bg_img_hidden=&#8221;no&#8221; tablet_bg_img_hidden=&#8221;no&#8221; woodmart_parallax=&#8221;0&#8243; woodmart_sticky_column=&#8221;false&#8221; parallax_scroll=&#8221;no&#8221; mobile_reset_margin=&#8221;no&#8221; tablet_reset_margin=&#8221;no&#8221;][vc_single_image image=&#8221;37188&#8243; img_size=&#8221;large&#8221; add_caption=&#8221;yes&#8221; alignment=&#8221;center&#8221; style=&#8221;vc_box_shadow&#8221; onclick=&#8221;link_image&#8221; parallax_scroll=&#8221;no&#8221; woodmart_inline=&#8221;no&#8221;][\/vc_column][\/vc_row][vc_row][vc_column][vc_text_separator title=&#8221;EOLO &#8211; Tessuto di cotone doppia altezza&#8221; css=&#8221;.vc_custom_1653509216690{margin-top: 20px !important;}&#8221;]\n\t\t<div id=\"wd-66d4f9ebf3be8\" class=\"title-wrapper wd-wpb wd-set-mb reset-last-child  wd-rs-66d4f9ebf3be8 wd-title-color-default wd-title-style-default text-center  wd-underline-colored\">\n\t\t\t\n\t\t\t<div class=\"liner-continer\">\n\t\t\t\t<h2 class=\"woodmart-title-container title  wd-font-weight- wd-fontsize-l\" >Tessuto di Cotone Stropicciato Delav\u00e8 per Lenzuola<\/h2>\n\t\t\t\t\t\t\t<\/div>\n\t\t\t\n\t\t\t\n\t\t\t\n\t\t<\/div>\n\t\t\n\t\t[\/vc_column][\/vc_row][vc_row css=&#8221;.vc_custom_1690677328956{background-color: #f3f3f3 !important;}&#8221; woodmart_css_id=&#8221;64c5b046c84d5&#8243; responsive_spacing=&#8221;eyJwYXJhbV90eXBlIjoid29vZG1hcnRfcmVzcG9uc2l2ZV9zcGFjaW5nIiwic2VsZWN0b3JfaWQiOiI2NGM1YjA0NmM4NGQ1Iiwic2hvcnRjb2RlIjoidmNfcm93IiwiZGF0YSI6eyJ0YWJsZXQiOnt9LCJtb2JpbGUiOnt9fX0=&#8221; mobile_bg_img_hidden=&#8221;no&#8221; tablet_bg_img_hidden=&#8221;no&#8221; woodmart_parallax=&#8221;0&#8243; woodmart_gradient_switch=&#8221;no&#8221; woodmart_box_shadow=&#8221;yes&#8221; wd_box_shadow=&#8221;eyJkZXZpY2VzIjp7ImRlc2t0b3AiOnsiaG9yaXpvbnRhbCI6IjAiLCJ2ZXJ0aWNhbCI6IjAiLCJibHVyIjoiOSIsInNwcmVhZCI6IjAiLCJjb2xvciI6InJnYmEoMCwgMCwgMCwgLjE1KSJ9fX0=&#8221; wd_z_index=&#8221;no&#8221; woodmart_disable_overflow=&#8221;0&#8243; row_reverse_mobile=&#8221;0&#8243; row_reverse_tablet=&#8221;0&#8243;][vc_column width=&#8221;1\/2&#8243;][vc_single_image image=&#8221;37658&#8243; img_size=&#8221;large&#8221; add_caption=&#8221;yes&#8221; alignment=&#8221;center&#8221; style=&#8221;vc_box_shadow&#8221; onclick=&#8221;link_image&#8221; parallax_scroll=&#8221;no&#8221; woodmart_inline=&#8221;no&#8221;][\/vc_column][vc_column width=&#8221;1\/2&#8243;][vc_single_image image=&#8221;37192&#8243; img_size=&#8221;large&#8221; add_caption=&#8221;yes&#8221; alignment=&#8221;center&#8221; style=&#8221;vc_box_shadow&#8221; onclick=&#8221;link_image&#8221; parallax_scroll=&#8221;no&#8221; woodmart_inline=&#8221;no&#8221;][\/vc_column][\/vc_row][vc_row][vc_column]\n\t\t<div id=\"wd-66d4fa353189b\" class=\"title-wrapper wd-wpb wd-set-mb reset-last-child  wd-rs-66d4fa353189b wd-title-color-default wd-title-style-default text-center  wd-underline-colored\">\n\t\t\t\n\t\t\t<div class=\"liner-continer\">\n\t\t\t\t<h3 class=\"woodmart-title-container title  wd-font-weight- wd-fontsize-l\" >Tessuto di Cotone Stropicciato Delav\u00e8 per Lenzuola<\/h3>\n\t\t\t\t\t\t\t<\/div>\n\t\t\t\n\t\t\t\n\t\t\t\n\t\t<\/div>\n\t\t\n\t\t[\/vc_column][\/vc_row][vc_row css=&#8221;.vc_custom_1690677379185{background-color: #f3f3f3 !important;}&#8221; woodmart_css_id=&#8221;64c5b078af439&#8243; responsive_spacing=&#8221;eyJwYXJhbV90eXBlIjoid29vZG1hcnRfcmVzcG9uc2l2ZV9zcGFjaW5nIiwic2VsZWN0b3JfaWQiOiI2NGM1YjA3OGFmNDM5Iiwic2hvcnRjb2RlIjoidmNfcm93IiwiZGF0YSI6eyJ0YWJsZXQiOnt9LCJtb2JpbGUiOnt9fX0=&#8221; mobile_bg_img_hidden=&#8221;no&#8221; tablet_bg_img_hidden=&#8221;no&#8221; woodmart_parallax=&#8221;0&#8243; woodmart_gradient_switch=&#8221;no&#8221; woodmart_box_shadow=&#8221;yes&#8221; wd_box_shadow=&#8221;eyJkZXZpY2VzIjp7ImRlc2t0b3AiOnsiaG9yaXpvbnRhbCI6IjAiLCJ2ZXJ0aWNhbCI6IjAiLCJibHVyIjoiOSIsInNwcmVhZCI6IjAiLCJjb2xvciI6InJnYmEoMCwgMCwgMCwgLjE1KSJ9fX0=&#8221; wd_z_index=&#8221;no&#8221; woodmart_disable_overflow=&#8221;0&#8243; row_reverse_mobile=&#8221;0&#8243; row_reverse_tablet=&#8221;0&#8243;][vc_column width=&#8221;1\/2&#8243;][vc_single_image image=&#8221;37191&#8243; img_size=&#8221;large&#8221; add_caption=&#8221;yes&#8221; alignment=&#8221;center&#8221; style=&#8221;vc_box_shadow&#8221; onclick=&#8221;link_image&#8221; parallax_scroll=&#8221;no&#8221; woodmart_inline=&#8221;no&#8221;][\/vc_column][vc_column width=&#8221;1\/2&#8243;][vc_single_image image=&#8221;37190&#8243; img_size=&#8221;large&#8221; add_caption=&#8221;yes&#8221; alignment=&#8221;center&#8221; style=&#8221;vc_box_shadow&#8221; onclick=&#8221;link_image&#8221; parallax_scroll=&#8221;no&#8221; woodmart_inline=&#8221;no&#8221;][\/vc_column][\/vc_row][vc_row][vc_column width=&#8221;1\/3&#8243;][vc_single_image image=&#8221;37381&#8243; img_size=&#8221;large&#8221; add_caption=&#8221;yes&#8221; alignment=&#8221;center&#8221; style=&#8221;vc_box_shadow&#8221; onclick=&#8221;link_image&#8221; parallax_scroll=&#8221;no&#8221; woodmart_inline=&#8221;no&#8221;][\/vc_column][vc_column width=&#8221;1\/3&#8243;][vc_single_image image=&#8221;37187&#8243; img_size=&#8221;large&#8221; add_caption=&#8221;yes&#8221; alignment=&#8221;center&#8221; style=&#8221;vc_box_shadow&#8221; onclick=&#8221;link_image&#8221; parallax_scroll=&#8221;no&#8221; woodmart_inline=&#8221;no&#8221;][\/vc_column][vc_column width=&#8221;1\/3&#8243;][vc_single_image image=&#8221;37184&#8243; img_size=&#8221;large&#8221; add_caption=&#8221;yes&#8221; alignment=&#8221;center&#8221; style=&#8221;vc_box_shadow&#8221; onclick=&#8221;link_image&#8221; parallax_scroll=&#8221;no&#8221; woodmart_inline=&#8221;no&#8221;][\/vc_column][\/vc_row][vc_row][vc_column]\n\t\t<div id=\"wd-64c5b0e13fd2f\" class=\"title-wrapper wd-wpb wd-set-mb reset-last-child  wd-rs-64c5b0e13fd2f wd-title-color-primary wd-title-style-underlined text-center vc_custom_1690677478388 wd-underline-colored\">\n\t\t\t\n\t\t\t<div class=\"liner-continer\">\n\t\t\t\t<h3 class=\"woodmart-title-container title  wd-font-weight-500 wd-fontsize-l\" >EOLO - Tessuto di cotone Stropicciato Delav\u00e8 per lenzuola vendita al Metro<\/h3>\n\t\t\t\t\t\t\t<\/div>\n\t\t\t\n\t\t\t\n\t\t\t\n\t\t<\/div>\n\t\t\n\t\t\t\t<div id=\"wd-64d3cb174ac8a\" class=\"wd-text-block wd-wpb reset-last-child wd-rs-64d3cb174ac8a text-left \">\n\t\t\t<p style=\"text-align: justify;\"><strong>Ti presentiamo con entusiasmo EOLO, il raffinato tessuto di cotone stropicciato Delav\u00e8, una vera opera d&#8217;arte dei colori. Questo tessuto \u00e8 parte del Progetto Moda 2023 \/ 2024 e si integra perfettamente con ambienti moderni o arredi shabby chic, regalando uno stile unico agli spazi contemporanei.<\/strong><\/p>\n<p style=\"text-align: justify;\"><strong>Cotone Stropicciato Delav\u00e8 &#8211; Dolcezza e Raffinatezza:<\/strong> Sperimenta la dolcezza e la raffinatezza del cotone stropicciato Delav\u00e8. Questo tessuto vanta colori affascinanti e una trama leggermente stropicciata che aggiunge un tocco di fascino naturale. La morbidezza del cotone \u00e8 un piacere per la pelle e il delicato tocco conferisce una sensazione di lusso a ogni contatto.<br \/>\n<strong>Senza Stress: Tessuto Cotone NO STIRO:<\/strong> Scegli il comfort senza compromessi con il Tessuto Cotone EOLO. Questo tessuto \u00e8 progettato per essere resistente alle pieghe e alle grinze, eliminando la necessit\u00e0 di stirare. \u00c8 il compagno perfetto per creare un ambiente accogliente e invitante in casa tua.<br \/>\n<strong>Versatile ed Elegante:<\/strong> EOLO \u00e8 la chiave per un arredamento versatile e di grande eleganza. Disponibile in una vasta gamma di colori, da tonalit\u00e0 classiche a toni pop, questo tessuto si fonde perfettamente con ogni stile. Sfumando tra nuance chiare e intense, aggiunge un tocco di informalit\u00e0 e classe a ogni camera da letto.<br \/>\n<strong>Crea un Rifugio di Comfort:<\/strong> Scegli EOLO per rendere la tua casa confortevole e accogliente. Questo tessuto \u00e8 l&#8217;opzione ideale per la biancheria da letto, offrendo un aspetto naturale che si presta a innumerevoli abbinamenti. Trasforma il tuo spazio in un rifugio di comfort e stile.<\/p>\n\t\t<\/div>\n\t\t[\/vc_column][\/vc_row][vc_row enable_first_overlay=&#8221;true&#8221; first_overlay_opacity=&#8221;25&#8243; first_background_color=&#8221;#e5e5e5&#8243; woodmart_css_id=&#8221;61eb00306edf9&#8243; mobile_bg_img_hidden=&#8221;no&#8221; tablet_bg_img_hidden=&#8221;no&#8221; woodmart_parallax=&#8221;0&#8243; woodmart_gradient_switch=&#8221;no&#8221; woodmart_box_shadow=&#8221;no&#8221; wd_z_index=&#8221;no&#8221; woodmart_disable_overflow=&#8221;0&#8243; row_reverse_mobile=&#8221;0&#8243; row_reverse_tablet=&#8221;0&#8243;][vc_column][vc_single_image image=&#8221;37660&#8243; img_size=&#8221;full&#8221; add_caption=&#8221;yes&#8221; alignment=&#8221;center&#8221; style=&#8221;vc_box_shadow&#8221; onclick=&#8221;link_image&#8221; parallax_scroll=&#8221;no&#8221; woodmart_inline=&#8221;no&#8221;][\/vc_column][\/vc_row][vc_row][vc_column][vc_empty_space height=&#8221;20px&#8221; woodmart_hide_large=&#8221;0&#8243; woodmart_hide_medium=&#8221;0&#8243; woodmart_hide_small=&#8221;0&#8243;]\t\t<div id=\"wd-64e14de8b72dc\" class=\"wd-text-block wd-wpb reset-last-child wd-rs-64e14de8b72dc text-left \">\n\t\t\t<p style=\"text-align: justify;\"><strong>Vieni a scoprire la meraviglia di Marini&amp;Gerardi, dove la bellezza si trasforma in realt\u00e0 e il tuo stile trova la sua espressione perfetta. Siamo qui per offrirti solo il meglio, perch\u00e9 per noi, la tua soddisfazione \u00e8 ci\u00f2 che conta di pi\u00f9. Prepara la tua casa a un nuovo capitolo di eleganza e scopri l\u2019unicit\u00e0 dei nostri tessuti in cotone stropicciato!<\/strong><\/p>\n\t\t<\/div>\n\t\t[\/vc_column][\/vc_row]<\/p>\n<\/div>","protected":false},"excerpt":{"rendered":"<p><span style=\"color: #333333;\"><strong>EOLO &#8211; Tessuto di Cotone Stropicciato Delav\u00e8 per Lenzuola Fresco e leggero al tatto.<\/strong><\/span> Tessuto di qualit\u00e0 superiore.\u00a0 <strong>Questa Tela (No Stiro<\/strong>) leggermente stropicciata risulta soffice e piacevole al tatto, dall\u2019aspetto luminoso chic. <span style=\"color: #333333;\"><strong>Colori Moda 2023 \/ 2024<br \/>\n<\/strong><\/span><\/p>\n","protected":false},"featured_media":37377,"template":"","meta":[],"product_brand":[],"product_cat":[3639,3588,3057,653,3583,3612],"product_tag":[2544,2650,2651],"class_list":{"0":"post-37175","1":"product","2":"type-product","3":"status-publish","4":"has-post-thumbnail","6":"product_cat-cotone-percalle","7":"product_cat-stoffe-online","8":"product_cat-tessuti-di-cotone","9":"product_cat-tessuti-per-biancheria-letto","10":"product_cat-tessuti-per-la-casa","11":"product_cat-tessuti-per-lenzuola","12":"product_tag-tessuto-di-cotone","13":"product_tag-tessuto-di-cotone-per-lenzuola","14":"product_tag-tessuto-di-cotone-stropicciato","16":"first","17":"instock","18":"sale","19":"sold-individually","20":"taxable","21":"shipping-taxable","22":"purchasable","23":"product-type-simple"},"_links":{"self":[{"href":"https:\/\/www.marinigerardi.it\/shop\/wp-json\/wp\/v2\/product\/37175","targetHints":{"allow":["GET"]}}],"collection":[{"href":"https:\/\/www.marinigerardi.it\/shop\/wp-json\/wp\/v2\/product"}],"about":[{"href":"https:\/\/www.marinigerardi.it\/shop\/wp-json\/wp\/v2\/types\/product"}],"wp:featuredmedia":[{"embeddable":true,"href":"https:\/\/www.marinigerardi.it\/shop\/wp-json\/wp\/v2\/media\/37377"}],"wp:attachment":[{"href":"https:\/\/www.marinigerardi.it\/shop\/wp-json\/wp\/v2\/media?parent=37175"}],"wp:term":[{"taxonomy":"product_brand","embeddable":true,"href":"https:\/\/www.marinigerardi.it\/shop\/wp-json\/wp\/v2\/product_brand?post=37175"},{"taxonomy":"product_cat","embeddable":true,"href":"https:\/\/www.marinigerardi.it\/shop\/wp-json\/wp\/v2\/product_cat?post=37175"},{"taxonomy":"product_tag","embeddable":true,"href":"https:\/\/www.marinigerardi.it\/shop\/wp-json\/wp\/v2\/product_tag?post=37175"}],"curies":[{"name":"wp","href":"https:\/\/api.w.org\/{rel}","templated":true}]}}