{"id":37112,"date":"2022-05-22T22:26:02","date_gmt":"2022-05-22T22:26:02","guid":{"rendered":"https:\/\/www.marinigerardi.it\/shop\/?post_type=product&#038;p=37112"},"modified":"2025-12-21T01:13:42","modified_gmt":"2025-12-21T01:13:42","slug":"caterina-de-medici-copritavolo-rettangolare-elegante-in-lino-stropicciato-delave","status":"publish","type":"product","link":"https:\/\/www.marinigerardi.it\/shop\/prodotto\/caterina-de-medici-copritavolo-rettangolare-elegante-in-lino-stropicciato-delave\/","title":{"rendered":"CATERINA DE MEDICI Copritavolo Rettangolare Elegante in Lino Stropicciato Delav\u00e8"},"content":{"rendered":"<div class=\"wpb-content-wrapper\"><p>[vc_row equal_height=&#8221;yes&#8221; mobile_bg_img_hidden=&#8221;no&#8221; tablet_bg_img_hidden=&#8221;no&#8221; woodmart_parallax=&#8221;0&#8243; woodmart_gradient_switch=&#8221;no&#8221; row_reverse_mobile=&#8221;0&#8243; row_reverse_tablet=&#8221;0&#8243; woodmart_disable_overflow=&#8221;0&#8243;][vc_column offset=&#8221;vc_col-lg-6 vc_col-md-6&#8243; mobile_bg_img_hidden=&#8221;no&#8221; tablet_bg_img_hidden=&#8221;no&#8221; woodmart_parallax=&#8221;0&#8243; woodmart_sticky_column=&#8221;false&#8221; parallax_scroll=&#8221;no&#8221; mobile_reset_margin=&#8221;no&#8221; tablet_reset_margin=&#8221;no&#8221; css=&#8221;.vc_custom_1613071403480{margin-top: 0px !important;}&#8221;]\n\t\t<div id=\"wd-694749b37f342\" class=\"title-wrapper wd-wpb wd-set-mb reset-last-child  wd-rs-694749b37f342 wd-title-color-primary wd-title-style-bordered text-left vc_custom_1766279558613 wd-underline-colored\">\n\t\t\t\n\t\t\t<div class=\"liner-continer\">\n\t\t\t\t<h2 class=\"woodmart-title-container title  wd-font-weight- wd-fontsize-l\" >CATERINA DE MEDICI Copritavolo Rettangolare Elegante in Lino Stropicciato Delav\u00e8<\/h2>\n\t\t\t\t\t\t\t<\/div>\n\t\t\t\n\t\t\t\n\t\t\t\n\t\t<\/div>\n\t\t\n\t\t\t\t<div id=\"wd-64d17f43795de\" class=\"wd-text-block wd-wpb reset-last-child wd-rs-64d17f43795de text-left \">\n\t\t\t<p style=\"text-align: justify;\"><a href=\"https:\/\/www.marinigerardi.it\/shop\/prodotto\/caterina-de-medici-copritavolo-rettangolare-elegante-in-lino-stropicciato-delave\/\">Tovaglia realizzata in lino stropicciato delav\u00e8,<\/a> con cuciture sartoriali eseguite nel nostro laboratorio per esaltare le qualit\u00e0 innate di questo tessuto pregiato. Realizzata in un lino corposo, ma morbido, che trasuda raffinata semplicit\u00e0 in una nuova dimensione. Una tovaglia dall&#8217;aspetto naturale che si fonde armoniosamente con una scelta cromatica moderna e contemporanea, che\u00a0 diventa poesia per gli occhi e il tatto.<\/p>\n\t\t<\/div>\n\t\t[vc_message message_box_style=&#8221;outline&#8221; message_box_color=&#8221;grey&#8221; css=&#8221;&#8221;]<strong>Copritavolo Rettangolare Elegante con Tessuto No Stiro: <\/strong>100% Lino Stropicciato DELAV\u00e8.<br \/>\n<strong>Peso:<\/strong> 270 gr\/m\u00b2<br \/>\n<strong>Colori:<\/strong> Grigio Perla | Grigio Salvia<br \/>\n<strong>Misure:<\/strong> 220\u00d7220 | 230&#215;300 | 230&#215;350 | <strong>170&#215;170 | 170&#215;240 | 170&#215;300<\/strong> | 180&#215;260<br \/>\n<strong>Misure:<\/strong> Tovaglioli 40 x 40<br \/>\n<strong>La Vendita si riferisce ad una sola Tovaglia nel colore selezionato.<\/strong><\/p>\n<p><strong><span style=\"color: #333333;\">Per la doppia Tovaglia ed altre misure<\/span><\/strong> vi preghiamo di contattarci al Indirizzo mail <strong>assistenza@marinigerardi.it<\/strong>[\/vc_message][\/vc_column][vc_column css=&#8221;.vc_custom_1612434787067{background-position: center !important;background-repeat: no-repeat !important;background-size: cover !important;}&#8221; offset=&#8221;vc_col-lg-6 vc_col-md-6&#8243; mobile_bg_img_hidden=&#8221;no&#8221; tablet_bg_img_hidden=&#8221;no&#8221; woodmart_parallax=&#8221;0&#8243; woodmart_sticky_column=&#8221;false&#8221; parallax_scroll=&#8221;no&#8221; mobile_reset_margin=&#8221;no&#8221; tablet_reset_margin=&#8221;no&#8221;][vc_single_image image=&#8221;37115&#8243; img_size=&#8221;large&#8221; alignment=&#8221;center&#8221; onclick=&#8221;link_image&#8221; css=&#8221;.vc_custom_1653260570141{margin-right: 20px !important;}&#8221; parallax_scroll=&#8221;no&#8221; woodmart_inline=&#8221;no&#8221;][\/vc_column][\/vc_row][vc_row woodmart_css_id=&#8221;62aa366366745&#8243; responsive_spacing=&#8221;eyJwYXJhbV90eXBlIjoid29vZG1hcnRfcmVzcG9uc2l2ZV9zcGFjaW5nIiwic2VsZWN0b3JfaWQiOiI2MmFhMzY2MzY2NzQ1Iiwic2hvcnRjb2RlIjoidmNfcm93IiwiZGF0YSI6eyJ0YWJsZXQiOnt9LCJtb2JpbGUiOnt9fX0=&#8221; mobile_bg_img_hidden=&#8221;no&#8221; tablet_bg_img_hidden=&#8221;no&#8221; woodmart_parallax=&#8221;0&#8243; woodmart_gradient_switch=&#8221;no&#8221; woodmart_box_shadow=&#8221;no&#8221; wd_z_index=&#8221;no&#8221; woodmart_disable_overflow=&#8221;0&#8243; row_reverse_mobile=&#8221;0&#8243; row_reverse_tablet=&#8221;0&#8243;][vc_column][vc_empty_space woodmart_hide_large=&#8221;0&#8243; woodmart_hide_medium=&#8221;0&#8243; woodmart_hide_small=&#8221;0&#8243;]\n\t\t<div id=\"wd-694749a9d9db5\" class=\"title-wrapper wd-wpb wd-set-mb reset-last-child  wd-rs-694749a9d9db5 wd-title-color-primary wd-title-style-bordered text-center justify  wd-underline-colored\">\n\t\t\t\n\t\t\t<div class=\"liner-continer\">\n\t\t\t\t<h3 class=\"woodmart-title-container title  wd-font-weight- wd-fontsize-l\" >CATERINA DE MEDICI Copritavolo Rettangolare Elegante in Lino Stropicciato Delav\u00e8<\/h3>\n\t\t\t\t\t\t\t<\/div>\n\t\t\t\n\t\t\t\t\t\t\t<div class=\"title-after_title reset-last-child  wd-fontsize-xs\">Tovaglia che richiama eventi importanti<\/div>\n\t\t\t\n\t\t\t\n\t\t<\/div>\n\t\t\n\t\t[\/vc_column][\/vc_row][vc_row content_placement=&#8221;middle&#8221; woodmart_bg_position=&#8221;center-bottom&#8221; css=&#8221;.vc_custom_1612561188989{background-color: #e5e5e5 !important;background-position: 0 0 !important;background-repeat: no-repeat !important;}&#8221; el_class=&#8221;mobile-bg-img-hidden&#8221; mobile_bg_img_hidden=&#8221;no&#8221; tablet_bg_img_hidden=&#8221;no&#8221; woodmart_parallax=&#8221;0&#8243; woodmart_gradient_switch=&#8221;no&#8221; row_reverse_mobile=&#8221;0&#8243; row_reverse_tablet=&#8221;0&#8243; woodmart_disable_overflow=&#8221;0&#8243;][vc_column width=&#8221;1\/2&#8243; mobile_bg_img_hidden=&#8221;no&#8221; tablet_bg_img_hidden=&#8221;no&#8221; woodmart_parallax=&#8221;0&#8243; woodmart_sticky_column=&#8221;false&#8221; parallax_scroll=&#8221;no&#8221; mobile_reset_margin=&#8221;no&#8221; tablet_reset_margin=&#8221;no&#8221;][vc_single_image image=&#8221;37113&#8243; img_size=&#8221;large&#8221; alignment=&#8221;center&#8221; onclick=&#8221;link_image&#8221; css=&#8221;.vc_custom_1653260592224{margin-right: 20px !important;}&#8221; parallax_scroll=&#8221;no&#8221; woodmart_inline=&#8221;no&#8221;][\/vc_column][vc_column width=&#8221;1\/2&#8243; css=&#8221;.vc_custom_1535101510463{margin-top: 4vh !important;padding-top: 0px !important;}&#8221;][vc_single_image image=&#8221;37024&#8243; img_size=&#8221;large&#8221; alignment=&#8221;center&#8221; onclick=&#8221;link_image&#8221; css=&#8221;.vc_custom_1653261300167{margin-right: 20px !important;}&#8221; parallax_scroll=&#8221;no&#8221; woodmart_inline=&#8221;no&#8221;][\/vc_column][\/vc_row][vc_row][vc_column]\n\t\t<div id=\"wd-6947499f85a3b\" class=\"title-wrapper wd-wpb wd-set-mb reset-last-child  wd-rs-6947499f85a3b wd-title-color-default wd-title-style-bordered text-center  wd-underline-colored\">\n\t\t\t\n\t\t\t<div class=\"liner-continer\">\n\t\t\t\t<h3 class=\"woodmart-title-container title  wd-font-weight- wd-fontsize-l\" >Copritavolo Rettangolare Elegante<\/h3>\n\t\t\t\t\t\t\t<\/div>\n\t\t\t\n\t\t\t\n\t\t\t\n\t\t<\/div>\n\t\t\n\t\t[\/vc_column][\/vc_row][vc_row content_placement=&#8221;middle&#8221; woodmart_bg_position=&#8221;center-bottom&#8221; css=&#8221;.vc_custom_1612561188989{background-color: #e5e5e5 !important;background-position: 0 0 !important;background-repeat: no-repeat !important;}&#8221; el_class=&#8221;mobile-bg-img-hidden&#8221; mobile_bg_img_hidden=&#8221;no&#8221; tablet_bg_img_hidden=&#8221;no&#8221; woodmart_parallax=&#8221;0&#8243; woodmart_gradient_switch=&#8221;no&#8221; row_reverse_mobile=&#8221;0&#8243; row_reverse_tablet=&#8221;0&#8243; woodmart_disable_overflow=&#8221;0&#8243;][vc_column mobile_bg_img_hidden=&#8221;no&#8221; tablet_bg_img_hidden=&#8221;no&#8221; woodmart_parallax=&#8221;0&#8243; woodmart_sticky_column=&#8221;false&#8221; parallax_scroll=&#8221;no&#8221; mobile_reset_margin=&#8221;no&#8221; tablet_reset_margin=&#8221;no&#8221;][vc_single_image image=&#8221;37114&#8243; img_size=&#8221;large&#8221; alignment=&#8221;center&#8221; onclick=&#8221;link_image&#8221; css=&#8221;.vc_custom_1653300546104{margin-right: 20px !important;}&#8221; parallax_scroll=&#8221;no&#8221; woodmart_inline=&#8221;no&#8221;][\/vc_column][\/vc_row][vc_row][vc_column]\n\t\t<div id=\"wd-6947496c6b900\" class=\"title-wrapper wd-wpb wd-set-mb reset-last-child  wd-rs-6947496c6b900 wd-title-color-default wd-title-style-bordered text-left  wd-underline-colored\">\n\t\t\t\n\t\t\t<div class=\"liner-continer\">\n\t\t\t\t<h3 class=\"woodmart-title-container title  wd-font-weight- wd-fontsize-l\" >Copritavolo Rettangolare Elegante<\/h3>\n\t\t\t\t\t\t\t<\/div>\n\t\t\t\n\t\t\t\n\t\t\t\n\t\t<\/div>\n\t\t\n\t\t\t\t<div id=\"wd-694749815bc26\" class=\"wd-text-block wd-wpb reset-last-child wd-rs-694749815bc26 text-left \">\n\t\t\t<p style=\"text-align: justify;\"><strong>Nel cuore della nostra dimora, dove l&#8217;ospitalit\u00e0 si fonde con l&#8217;arte della tavola, nasce una creazione di pura eleganza: il copritavolo rettangolare elegante Caterina de&#8217; Medici.<\/strong> Con l&#8217;impiego sapiente del lino stropicciato delav\u00e9, tessuto pregiato che parla di tradizione e modernit\u00e0, diamo vita a un&#8217;opera sartoriale che esalta le qualit\u00e0 innate di questa fibra naturale.<br \/>\n<strong>La<a href=\"https:\/\/tovagliati.com\/tovaglie-eleganti-moderne\/\" target=\"_blank\" rel=\"noopener nofollow\"> Tovaglia Caterina<\/a> de&#8217; Medici \u00e8 frutto dell&#8217;abilit\u00e0 dei nostri artigiani,<\/strong> maestri nel cucire con passione e dedizione. L&#8217;arte si intreccia con la natura, poich\u00e9 il lino corposo e allo stesso tempo delicato diventa protagonista di una raffinata semplicit\u00e0. Le sue fibre, con lievi pieghe, creano un&#8217;atmosfera naturale e invitante, perfetta per accogliere momenti speciali.<br \/>\n<strong>I colori selezionati, Grigio Perla e Grigio Salvia, rappresentano una scelta cromatica che fonde tradizione e contemporaneit\u00e0.<\/strong> Ideali per pranzi e cene importanti, questi due toni trasmettono calma ed eleganza, impreziosendo l&#8217;ambiente con un tocco di classe. <strong>La Tovaglia Caterina de&#8217; Medici trasforma la tavola in un&#8217;affascinante opera d&#8217;arte, un tributo all&#8217;ospitalit\u00e0 da hotel a cinque stelle.<\/strong><\/p>\n\t\t<\/div>\n\t\t[\/vc_column][\/vc_row][vc_row content_placement=&#8221;middle&#8221; woodmart_bg_position=&#8221;center-bottom&#8221; css=&#8221;.vc_custom_1612561188989{background-color: #e5e5e5 !important;background-position: 0 0 !important;background-repeat: no-repeat !important;}&#8221; el_class=&#8221;mobile-bg-img-hidden&#8221; mobile_bg_img_hidden=&#8221;no&#8221; tablet_bg_img_hidden=&#8221;no&#8221; woodmart_parallax=&#8221;0&#8243; woodmart_gradient_switch=&#8221;no&#8221; row_reverse_mobile=&#8221;0&#8243; row_reverse_tablet=&#8221;0&#8243; woodmart_disable_overflow=&#8221;0&#8243;][vc_column mobile_bg_img_hidden=&#8221;no&#8221; tablet_bg_img_hidden=&#8221;no&#8221; woodmart_parallax=&#8221;0&#8243; woodmart_sticky_column=&#8221;false&#8221; parallax_scroll=&#8221;no&#8221; mobile_reset_margin=&#8221;no&#8221; tablet_reset_margin=&#8221;no&#8221;][vc_single_image image=&#8221;37020&#8243; img_size=&#8221;large&#8221; alignment=&#8221;center&#8221; onclick=&#8221;link_image&#8221; css=&#8221;.vc_custom_1653261325595{margin-right: 20px !important;}&#8221; parallax_scroll=&#8221;no&#8221; woodmart_inline=&#8221;no&#8221;][\/vc_column][\/vc_row][vc_row][vc_column]\n\t\t<div id=\"wd-694749622824e\" class=\"title-wrapper wd-wpb wd-set-mb reset-last-child  wd-rs-694749622824e wd-title-color-default wd-title-style-bordered text-left  wd-underline-colored\">\n\t\t\t\n\t\t\t<div class=\"liner-continer\">\n\t\t\t\t<h3 class=\"woodmart-title-container title  wd-font-weight- wd-fontsize-l\" >Copritavolo Rettangolare Elegante<\/h3>\n\t\t\t\t\t\t\t<\/div>\n\t\t\t\n\t\t\t\n\t\t\t\n\t\t<\/div>\n\t\t\n\t\t\t\t<div id=\"wd-6721f2f030007\" class=\"wd-text-block wd-wpb reset-last-child wd-rs-6721f2f030007 text-left \">\n\t\t\t<p style=\"text-align: justify;\"><strong>Nell&#8217;afa estiva, abbracciamo ancora di pi\u00f9 il lino, e le sue pieghe diventano parte del suo fascino.<\/strong> Questo tessuto ci avvolge con la sua texture leggera e fresca, creando un&#8217;atmosfera informale che richiama il mare, i profumi della terra e le acque serene. La connessione tra il tessuto e la nostra casa si rivela nell&#8217;anima del lino, che riflette la nostra essenza pi\u00f9 autentica.<br \/>\n<strong>Caterina de&#8217; Medici \u00e8 sintesi di anni di passione e dedizione.<\/strong> Marini&amp;Gerardi ha plasmato il lino con maestria, rendendolo non solo un tessuto, ma un&#8217;esperienza sensoriale. Questa \u00e8 solo solo una delle nostre proposte, il risultato di un amore profondo per il lino, che vogliamo condividere con voi. <strong>Fidatevi della nostra esperienza e della nostra passione: Caterina de&#8217; Medici \u00e8 pi\u00f9 di una tovaglia, \u00e8 un pezzo di cuore intessuto con fili di lino.<\/strong><\/p>\n\t\t<\/div>\n\t\t[\/vc_column][\/vc_row]<\/p>\n<\/div>","protected":false},"excerpt":{"rendered":"<p>CATERINA DE&#8217; MEDICI copritavolo rettangolare elegante : un&#8217;eccellenza tessile che esprime raffinatezza e passione in ogni filo, una tovaglia da amare per sempre, in Lino Stropicciato Delav\u00e9 di Qualit\u00e0, con Colori Unici per pranzi e cene esclusive.<br \/>\n<strong>NB: La Vendita si riferisce ad una sola Tovaglia nel colore selezionato.<\/strong><\/p>\n","protected":false},"featured_media":37114,"template":"","meta":[],"product_brand":[],"product_cat":[145],"product_tag":[],"class_list":{"0":"post-37112","1":"product","2":"type-product","3":"status-publish","4":"has-post-thumbnail","6":"product_cat-tovaglie-di-lino","8":"first","9":"instock","10":"taxable","11":"shipping-taxable","12":"purchasable","13":"product-type-simple"},"_links":{"self":[{"href":"https:\/\/www.marinigerardi.it\/shop\/wp-json\/wp\/v2\/product\/37112","targetHints":{"allow":["GET"]}}],"collection":[{"href":"https:\/\/www.marinigerardi.it\/shop\/wp-json\/wp\/v2\/product"}],"about":[{"href":"https:\/\/www.marinigerardi.it\/shop\/wp-json\/wp\/v2\/types\/product"}],"wp:featuredmedia":[{"embeddable":true,"href":"https:\/\/www.marinigerardi.it\/shop\/wp-json\/wp\/v2\/media\/37114"}],"wp:attachment":[{"href":"https:\/\/www.marinigerardi.it\/shop\/wp-json\/wp\/v2\/media?parent=37112"}],"wp:term":[{"taxonomy":"product_brand","embeddable":true,"href":"https:\/\/www.marinigerardi.it\/shop\/wp-json\/wp\/v2\/product_brand?post=37112"},{"taxonomy":"product_cat","embeddable":true,"href":"https:\/\/www.marinigerardi.it\/shop\/wp-json\/wp\/v2\/product_cat?post=37112"},{"taxonomy":"product_tag","embeddable":true,"href":"https:\/\/www.marinigerardi.it\/shop\/wp-json\/wp\/v2\/product_tag?post=37112"}],"curies":[{"name":"wp","href":"https:\/\/api.w.org\/{rel}","templated":true}]}}