{"id":35872,"date":"2022-03-29T19:48:47","date_gmt":"2022-03-29T19:48:47","guid":{"rendered":"https:\/\/www.marinigerardi.it\/shop\/?post_type=product&#038;p=35872"},"modified":"2026-01-18T19:32:48","modified_gmt":"2026-01-18T19:32:48","slug":"tende-moderne-da-interno-lino-desdemona","status":"publish","type":"product","link":"https:\/\/www.marinigerardi.it\/shop\/prodotto\/tende-moderne-da-interno-lino-desdemona\/","title":{"rendered":"DESDEMONA &#8211; Tende Moderne da Interno realizzata con tessuto in lino canapone"},"content":{"rendered":"<div class=\"wpb-content-wrapper\"><p>[vc_row equal_height=&#8221;yes&#8221; mobile_bg_img_hidden=&#8221;no&#8221; tablet_bg_img_hidden=&#8221;no&#8221; woodmart_parallax=&#8221;0&#8243; woodmart_gradient_switch=&#8221;no&#8221; row_reverse_mobile=&#8221;0&#8243; row_reverse_tablet=&#8221;0&#8243; woodmart_disable_overflow=&#8221;0&#8243;][vc_column offset=&#8221;vc_col-lg-6 vc_col-md-6&#8243; mobile_bg_img_hidden=&#8221;no&#8221; tablet_bg_img_hidden=&#8221;no&#8221; woodmart_parallax=&#8221;0&#8243; woodmart_sticky_column=&#8221;false&#8221; parallax_scroll=&#8221;no&#8221; mobile_reset_margin=&#8221;no&#8221; tablet_reset_margin=&#8221;no&#8221; css=&#8221;.vc_custom_1613071403480{margin-top: 0px !important;}&#8221;]\n\t\t<div id=\"wd-683acc7362a69\" class=\"title-wrapper wd-wpb wd-set-mb reset-last-child  wd-rs-683acc7362a69 wd-title-color-primary wd-title-style-bordered text-left vc_custom_1748683920497 wd-underline-colored\">\n\t\t\t\n\t\t\t<div class=\"liner-continer\">\n\t\t\t\t<h2 class=\"woodmart-title-container title  wd-font-weight-600 wd-fontsize-l\" >DESDEMONA - Tende Moderne da Interno lino con applicazioni Lino o Seta<\/h2>\n\t\t\t\t\t\t\t<\/div>\n\t\t\t\n\t\t\t\n\t\t\t\n\t\t<\/div>\n\t\t\n\t\t\t\t<div id=\"wd-66eb2e267a410\" class=\"wd-text-block wd-wpb reset-last-child wd-rs-66eb2e267a410 text-left \">\n\t\t\t<p><a href=\"https:\/\/www.marinigerardi.it\/shop\/prodotto\/tende-moderne-da-interno-lino-desdemona\/\">Straordinaria Tenda<\/a> realizzata con tessuto in Lino Canapone dalle trasparenze delicate, paricolarmente adatta anche ad ambienti classici ma con un tocco di grande modernit\u00e0. Da notare l&#8217;applicazione di bande laterali, nella parte superiore o inferiore in tinta come l&#8217;applicazione di palline in legno intervallate.<\/p>\n\t\t<\/div>\n\t\t<div id=\"wd-696d3548bbae4\" class=\" wd-rs-696d3548bbae4   wd-rs-696d3548bbae4 wd-button-wrapper text-left\"><a href=\"#my_popup\" title=\"\" class=\"btn btn-color-black btn-style-link btn-shape-rectangle btn-size-default wd-open-popup \">INFO &amp; SCHEDA PRODOTTO<\/a><\/div><div id=\"my_popup\" class=\"mfp-hide wd-popup wd-popup-element wd-scroll-content\" style=\"--wd-popup-width:800px;\">[vc_message message_box_color=&#8221;grey&#8221; css=&#8221;&#8221;]<\/p>\n<ul>\n<li>Tessuto in lino canapone italiano 100% qualit\u00e0 superiore;<\/li>\n<li>Tende Moderne da Interno con due inerti a colori lungo i bordi (Lino o Seta);<\/li>\n<li>Inserti Design a colori nella fascia superiore o inferiore (Lino o Seta);<\/li>\n<li>Tessuto corposo ma delicato, semitrasparente e luminoso.<\/li>\n<\/ul>\n<p><strong>Per le misure non incluse<\/strong>, si prega d\u2019inviare il dettaglio della dimensione desiderata all&#8217; indirizzo mail <strong>assistenza@marinigerardi.it<\/strong>[\/vc_message]<\/div>[\/vc_column][vc_column css=&#8221;.vc_custom_1612434787067{background-position: center !important;background-repeat: no-repeat !important;background-size: cover !important;}&#8221; offset=&#8221;vc_col-lg-6 vc_col-md-6&#8243; mobile_bg_img_hidden=&#8221;no&#8221; tablet_bg_img_hidden=&#8221;no&#8221; woodmart_parallax=&#8221;0&#8243; woodmart_sticky_column=&#8221;false&#8221; parallax_scroll=&#8221;no&#8221; mobile_reset_margin=&#8221;no&#8221; tablet_reset_margin=&#8221;no&#8221;][vc_single_image image=&#8221;35888&#8243; img_size=&#8221;full&#8221; alignment=&#8221;center&#8221; onclick=&#8221;link_image&#8221; parallax_scroll=&#8221;no&#8221; woodmart_inline=&#8221;no&#8221;][\/vc_column][\/vc_row][vc_row][vc_column][vc_empty_space woodmart_hide_large=&#8221;0&#8243; woodmart_hide_medium=&#8221;0&#8243; woodmart_hide_small=&#8221;0&#8243;]\n\t\t<div id=\"wd-683acc63d7a38\" class=\"title-wrapper wd-wpb wd-set-mb reset-last-child  wd-rs-683acc63d7a38 wd-title-color-default wd-title-style-default text-center  wd-underline-colored\">\n\t\t\t\n\t\t\t<div class=\"liner-continer\">\n\t\t\t\t<h3 class=\"woodmart-title-container title  wd-font-weight-600 wd-fontsize-l\" >Tende Moderne da Interno in Lino<\/h3>\n\t\t\t\t\t\t\t<\/div>\n\t\t\t\n\t\t\t\n\t\t\t\n\t\t<\/div>\n\t\t\n\t\t[\/vc_column][\/vc_row][vc_row css=&#8221;.vc_custom_1701594198685{background-color: #f3f3f3 !important;}&#8221; woodmart_css_id=&#8221;656c444dafe89&#8243; responsive_spacing=&#8221;eyJwYXJhbV90eXBlIjoid29vZG1hcnRfcmVzcG9uc2l2ZV9zcGFjaW5nIiwic2VsZWN0b3JfaWQiOiI2NTZjNDQ0ZGFmZTg5Iiwic2hvcnRjb2RlIjoidmNfcm93IiwiZGF0YSI6eyJ0YWJsZXQiOnt9LCJtb2JpbGUiOnt9fX0=&#8221; mobile_bg_img_hidden=&#8221;no&#8221; tablet_bg_img_hidden=&#8221;no&#8221; woodmart_parallax=&#8221;0&#8243; woodmart_gradient_switch=&#8221;no&#8221; woodmart_box_shadow=&#8221;yes&#8221; wd_box_shadow=&#8221;eyJkZXZpY2VzIjp7ImRlc2t0b3AiOnsiaG9yaXpvbnRhbCI6IjAiLCJ2ZXJ0aWNhbCI6IjAiLCJibHVyIjoiOSIsInNwcmVhZCI6IjAiLCJjb2xvciI6InJnYmEoMCwgMCwgMCwgLjE1KSJ9fX0=&#8221; wd_z_index=&#8221;no&#8221; woodmart_disable_overflow=&#8221;0&#8243; row_reverse_mobile=&#8221;0&#8243; row_reverse_tablet=&#8221;0&#8243;][vc_column][vc_single_image image=&#8221;35887&#8243; img_size=&#8221;full&#8221; alignment=&#8221;center&#8221; onclick=&#8221;link_image&#8221; parallax_scroll=&#8221;no&#8221; woodmart_inline=&#8221;no&#8221;][\/vc_column][\/vc_row][vc_row][vc_column]\n\t\t<div id=\"wd-683acd9ac74c5\" class=\"title-wrapper wd-wpb wd-set-mb reset-last-child  wd-rs-683acd9ac74c5 wd-title-color-primary wd-title-style-bordered text-center justify  wd-underline-colored\">\n\t\t\t\n\t\t\t<div class=\"liner-continer\">\n\t\t\t\t<h3 class=\"woodmart-title-container title  wd-font-weight-600 wd-fontsize-l\" >Tende Moderne da Interno Eleganza e Carattere con Dettagli in Lino o Seta<\/h3>\n\t\t\t\t\t\t\t<\/div>\n\t\t\t\n\t\t\t\t\t\t\t<div class=\"title-after_title reset-last-child  wd-fontsize-xs\">Tenda Straordinaria e Accattivante<\/div>\n\t\t\t\n\t\t\t\n\t\t<\/div>\n\t\t\n\t\t\t\t<div id=\"wd-683acd1d0ce4b\" class=\"wd-text-block wd-wpb reset-last-child wd-rs-683acd1d0ce4b text-left \">\n\t\t\t<p>Quando arredi la tua casa, sai bene che ogni scelta contribuisce a definire l&#8217;atmosfera e lo stile degli ambienti. Non si tratta solo di scegliere mobili, ma di dare risalto a ogni singolo dettaglio. E le <strong>tende moderne<\/strong> giocano un ruolo fondamentale in questo!<br \/>\nLa selezione del <strong>tessuto<\/strong> giusto \u00e8 cruciale. Non basta che sia bello, deve anche armonizzarsi con lo stile e gli spazi, esaltando al meglio l&#8217;ambiente. \u00c8 nei particolari, infatti, che si cela la vera differenza, e per questo nulla pu\u00f2 essere lasciato al caso.<\/p>\n<p>In questa occasione, vogliamo presentarti un tessuto per tende da interni davvero speciale: <strong>corposo e tenace<\/strong>, caratterizzato da colori chiari che donano luminosit\u00e0 e ampiezza. Ma la vera peculiarit\u00e0 sta nella possibilit\u00e0 di aggiungere <strong>inserti a colori in Lino o Seta<\/strong>. Questi dettagli, dal grande impatto visivo, non solo impreziosiscono la tenda, ma le conferiscono una personalit\u00e0 e un carattere unici, trasformandola in un elemento d&#8217;arredo straordinario e accattivante.<\/p>\n<p><strong>Con queste tende, non solo vestirai le tue finestre, ma aggiungerai un tocco di eleganza e raffinatezza che far\u00e0 la differenza.<\/strong><\/p>\n\t\t<\/div>\n\t\t[\/vc_column][\/vc_row]<\/p>\n<\/div>","protected":false},"excerpt":{"rendered":"<p>DESDEMONA &#8211; Tende Moderne da Interno Lino Esclusive &#8211; Una Straordinaria e Unica Tenda in lino canapone con applicazioni Lino o Seta.<\/p>\n","protected":false},"featured_media":35884,"template":"","meta":[],"product_brand":[],"product_cat":[3106,62,3682,3249,3582,3060,3581],"product_tag":[2285,1987,2797],"class_list":{"0":"post-35872","1":"product","2":"type-product","3":"status-publish","4":"has-post-thumbnail","6":"product_cat-tende-da-interni","7":"product_cat-tende-in-lino","8":"product_cat-tende-interni","9":"product_cat-tende-interno","10":"product_cat-tende-lino","11":"product_cat-tende-moderne","12":"product_cat-tende-su-misura","13":"product_tag-tende","14":"product_tag-tende-da-interni-moderne","15":"product_tag-tende-da-interno","17":"first","18":"instock","19":"taxable","20":"shipping-taxable","21":"purchasable","22":"product-type-simple"},"_links":{"self":[{"href":"https:\/\/www.marinigerardi.it\/shop\/wp-json\/wp\/v2\/product\/35872","targetHints":{"allow":["GET"]}}],"collection":[{"href":"https:\/\/www.marinigerardi.it\/shop\/wp-json\/wp\/v2\/product"}],"about":[{"href":"https:\/\/www.marinigerardi.it\/shop\/wp-json\/wp\/v2\/types\/product"}],"wp:featuredmedia":[{"embeddable":true,"href":"https:\/\/www.marinigerardi.it\/shop\/wp-json\/wp\/v2\/media\/35884"}],"wp:attachment":[{"href":"https:\/\/www.marinigerardi.it\/shop\/wp-json\/wp\/v2\/media?parent=35872"}],"wp:term":[{"taxonomy":"product_brand","embeddable":true,"href":"https:\/\/www.marinigerardi.it\/shop\/wp-json\/wp\/v2\/product_brand?post=35872"},{"taxonomy":"product_cat","embeddable":true,"href":"https:\/\/www.marinigerardi.it\/shop\/wp-json\/wp\/v2\/product_cat?post=35872"},{"taxonomy":"product_tag","embeddable":true,"href":"https:\/\/www.marinigerardi.it\/shop\/wp-json\/wp\/v2\/product_tag?post=35872"}],"curies":[{"name":"wp","href":"https:\/\/api.w.org\/{rel}","templated":true}]}}