{"id":35630,"date":"2022-03-20T18:33:05","date_gmt":"2022-03-20T18:33:05","guid":{"rendered":"https:\/\/www.marinigerardi.it\/shop\/?post_type=product&#038;p=35630"},"modified":"2024-08-16T15:25:10","modified_gmt":"2024-08-16T15:25:10","slug":"nettuno-tende-da-camera-da-letto","status":"publish","type":"product","link":"https:\/\/www.marinigerardi.it\/shop\/prodotto\/nettuno-tende-da-camera-da-letto\/","title":{"rendered":"NETTUNO &#8211; Tende da Camera da Letto in Lino e Seta"},"content":{"rendered":"<div class=\"wpb-content-wrapper\"><p>[vc_row equal_height=&#8221;yes&#8221; mobile_bg_img_hidden=&#8221;no&#8221; tablet_bg_img_hidden=&#8221;no&#8221; woodmart_parallax=&#8221;0&#8243; woodmart_gradient_switch=&#8221;no&#8221; row_reverse_mobile=&#8221;0&#8243; row_reverse_tablet=&#8221;0&#8243; woodmart_disable_overflow=&#8221;0&#8243;][vc_column offset=&#8221;vc_col-lg-6 vc_col-md-6&#8243; mobile_bg_img_hidden=&#8221;no&#8221; tablet_bg_img_hidden=&#8221;no&#8221; woodmart_parallax=&#8221;0&#8243; woodmart_sticky_column=&#8221;false&#8221; parallax_scroll=&#8221;no&#8221; mobile_reset_margin=&#8221;no&#8221; tablet_reset_margin=&#8221;no&#8221; css=&#8221;.vc_custom_1613071403480{margin-top: 0px !important;}&#8221;]\n\t\t<div id=\"wd-6238a3189d2f2\" class=\"title-wrapper wd-wpb wd-set-mb reset-last-child  wd-rs-6238a3189d2f2 wd-title-color-primary wd-title-style-bordered text-left vc_custom_1647878968474 wd-underline-colored\">\n\t\t\t\n\t\t\t<div class=\"liner-continer\">\n\t\t\t\t<h2 class=\"woodmart-title-container title  wd-font-weight-500 wd-fontsize-l\" >NETTUNO - Tende da Camera da Letto in Lino e Organza in Seta<\/h2>\n\t\t\t\t\t\t\t<\/div>\n\t\t\t\n\t\t\t\n\t\t\t\n\t\t<\/div>\n\t\t\n\t\t\t\t<div id=\"wd-64caedbda4d32\" class=\"wd-text-block wd-wpb reset-last-child wd-rs-64caedbda4d32 text-left \">\n\t\t\t<p style=\"text-align: justify;\">Esplorando nuovi orizzonti con le <a href=\"https:\/\/www.marinigerardi.it\/shop\/prodotto\/nettuno-tende-da-camera-da-letto\/\">Tende in Lino e Organza di Seta<\/a>: Con l&#8217;arrivo della stagione pi\u00f9 radiosa, \u00e8 tempo di trasformare la tua casa in un rifugio di luce e vivacit\u00e0. Lascia che le tende diventino la tela su cui dipingere un nuovo stile, con un semplice tocco di eleganza.<\/p>\n\t\t<\/div>\n\t\t\t\t\t<div class=\"info-box-wrapper\">\n\t\t\t\t<div id=\"wd-66bf6f0e57197\" class=\" wd-rs-66bf6f0e57197 wd-info-box wd-wpb text-left box-icon-align-top box-style-border color-scheme-dark wd-bg-none \">\n\t\t\t\t\t\t\t\t\t\t<div class=\"info-box-content\">\n\t\t\t\t\t\t\t\t\t\t\t\t<div class=\"info-box-inner reset-last-child\"><\/p>\n<ul>\n<li><strong>Tende da Camera da Letto in combinazione Organza Pura Seta e Lino;<\/strong><\/li>\n<li>Ogni telo \u00e8 cucito sartorialmente nel nostro laboratorio al momento dell\u2019ordine;<\/li>\n<li>Disegno e manifattura esclusiva Marini&amp;Gerardi<\/li>\n<\/ul>\n<p><strong>Per ulteriore informazioni<\/strong>, si prega d\u2019inviare richiesta all&#8217; indirizzo mail <strong>assistenza@marinigerardi.it<\/strong><\/p>\n<\/div>\n\n\t\t\t\t\t\t\t\t\t\t\t<\/div>\n\n\t\t\t\t\t\n\t\t\t\t\t\t\t\t\t<\/div>\n\t\t\t<\/div>\n\t\t[\/vc_column][vc_column css=&#8221;.vc_custom_1612434787067{background-position: center !important;background-repeat: no-repeat !important;background-size: cover !important;}&#8221; offset=&#8221;vc_col-lg-6 vc_col-md-6&#8243; mobile_bg_img_hidden=&#8221;no&#8221; tablet_bg_img_hidden=&#8221;no&#8221; woodmart_parallax=&#8221;0&#8243; woodmart_sticky_column=&#8221;false&#8221; parallax_scroll=&#8221;no&#8221; mobile_reset_margin=&#8221;no&#8221; tablet_reset_margin=&#8221;no&#8221;]\t\t<div id=\"gallery_340\" class=\"wd-images-gallery wd-wpb wd-rs-64bab84124488 photoswipe-images\" style=\"--wd-justify-content:left;--wd-align-items:center;\">\n\t\t\t\n\t\t\t<div class=\" wd-grid-g\" style=\"--wd-col-lg:2;--wd-col-md:2;--wd-col-sm:1;--wd-gap-lg:10px;\">\n\t\t\t\t\n\t\t\t\t\t\t\t\t\t\t\t\t\t\t\t<div class=\"wd-gallery-item wd-col\">\n\t\t\t\t\t\t\t\t\t\t\t\t\t\t<a href=\"https:\/\/www.marinigerardi.it\/shop\/wp-content\/uploads\/2022\/03\/tende-moderne-camera-da-letto-lino-e-seta-bordeaux.jpg\" data-elementor-open-lightbox=\"no\" data-index=\"1\" data-width=\"1024\" data-height=\"768\" \n\t\t\t\t\t\t\t\t\t\t\t\t\t\t\t\t\t\t\t\t\t\t\t\t\t\t\t\ttitle=\"tende moderne camera da letto lino e seta bordeaux\">\n\t\t\t\t\t\t\t\t\n\t\t\t\t\t\t\t\t<img decoding=\"async\" width=\"1024\" height=\"768\" src=\"https:\/\/www.marinigerardi.it\/shop\/wp-content\/uploads\/2022\/03\/tende-moderne-camera-da-letto-lino-e-seta-bordeaux.jpg.webp\" class=\"wd-gallery-image image-1\" alt=\"tende moderne camera da letto lino e seta bordeaux\" srcset=\"https:\/\/www.marinigerardi.it\/shop\/wp-content\/uploads\/2022\/03\/tende-moderne-camera-da-letto-lino-e-seta-bordeaux.jpg.webp 1024w, https:\/\/www.marinigerardi.it\/shop\/wp-content\/uploads\/2022\/03\/tende-moderne-camera-da-letto-lino-e-seta-bordeaux-450x338.jpg 450w, https:\/\/www.marinigerardi.it\/shop\/wp-content\/uploads\/2022\/03\/tende-moderne-camera-da-letto-lino-e-seta-bordeaux-1000x750.jpg 1000w, https:\/\/www.marinigerardi.it\/shop\/wp-content\/uploads\/2022\/03\/tende-moderne-camera-da-letto-lino-e-seta-bordeaux-300x225.jpg.webp 300w, https:\/\/www.marinigerardi.it\/shop\/wp-content\/uploads\/2022\/03\/tende-moderne-camera-da-letto-lino-e-seta-bordeaux-768x576.jpg.webp 768w\" sizes=\"(max-width: 1024px) 100vw, 1024px\" \/>\n\t\t\t\t\t\t\t\t\t\t\t\t\t\t\t<\/a>\n\t\t\t\t\t\t\t\t\t\t\t\t<\/div>\n\t\t\t\t\t\t\t\t\t\t\t<div class=\"wd-gallery-item wd-col\">\n\t\t\t\t\t\t\t\t\t\t\t\t\t\t<a href=\"https:\/\/www.marinigerardi.it\/shop\/wp-content\/uploads\/2022\/03\/tende-camera-da-letto-lino-organza-in-seta-arancio.jpg\" data-elementor-open-lightbox=\"no\" data-index=\"2\" data-width=\"1024\" data-height=\"768\" \n\t\t\t\t\t\t\t\t\t\t\t\t\t\t\t\t\t\t\t\t\t\t\t\t\t\t\t\ttitle=\"tende camera da letto lino organza in seta arancio\">\n\t\t\t\t\t\t\t\t\n\t\t\t\t\t\t\t\t<img decoding=\"async\" width=\"1024\" height=\"768\" src=\"https:\/\/www.marinigerardi.it\/shop\/wp-content\/uploads\/2022\/03\/tende-camera-da-letto-lino-organza-in-seta-arancio.jpg.webp\" class=\"wd-gallery-image image-2\" alt=\"tende camera da letto lino organza in seta arancio\" srcset=\"https:\/\/www.marinigerardi.it\/shop\/wp-content\/uploads\/2022\/03\/tende-camera-da-letto-lino-organza-in-seta-arancio.jpg.webp 1024w, https:\/\/www.marinigerardi.it\/shop\/wp-content\/uploads\/2022\/03\/tende-camera-da-letto-lino-organza-in-seta-arancio-450x338.jpg 450w, https:\/\/www.marinigerardi.it\/shop\/wp-content\/uploads\/2022\/03\/tende-camera-da-letto-lino-organza-in-seta-arancio-1000x750.jpg 1000w, https:\/\/www.marinigerardi.it\/shop\/wp-content\/uploads\/2022\/03\/tende-camera-da-letto-lino-organza-in-seta-arancio-300x225.jpg.webp 300w, https:\/\/www.marinigerardi.it\/shop\/wp-content\/uploads\/2022\/03\/tende-camera-da-letto-lino-organza-in-seta-arancio-768x576.jpg.webp 768w\" sizes=\"(max-width: 1024px) 100vw, 1024px\" \/>\n\t\t\t\t\t\t\t\t\t\t\t\t\t\t\t<\/a>\n\t\t\t\t\t\t\t\t\t\t\t\t<\/div>\n\t\t\t\t\t\t\t\t\t\n\t\t\t\t\t\t\t<\/div>\n\n\t\t\t\t\t<\/div>\n\t\t\t\t<div id=\"gallery_795\" class=\"wd-images-gallery wd-wpb wd-rs-64baba5430bae photoswipe-images\" style=\"--wd-justify-content:left;--wd-align-items:center;\">\n\t\t\t\n\t\t\t<div class=\" wd-grid-g\" style=\"--wd-col-lg:4;--wd-col-md:4;--wd-col-sm:1;--wd-gap-lg:10px;\">\n\t\t\t\t\n\t\t\t\t\t\t\t\t\t\t\t\t\t\t\t<div class=\"wd-gallery-item wd-col\">\n\t\t\t\t\t\t\t\t\t\t\t\t\t\t<a href=\"https:\/\/www.marinigerardi.it\/shop\/wp-content\/uploads\/2021\/02\/tessuto-lino-di-lusso-per-tende-classiche-bianco-ottico-A010.jpg\" data-elementor-open-lightbox=\"no\" data-index=\"1\" data-width=\"1024\" data-height=\"768\" \n\t\t\t\t\t\t\t\t\t\t\t\t\t\t\t\t\t\t\t\t\t\t\t\t\t\t\t\ttitle=\"Tessuto Salento Bianco Ottico 010\">\n\t\t\t\t\t\t\t\t\n\t\t\t\t\t\t\t\t<img decoding=\"async\" width=\"1024\" height=\"768\" src=\"https:\/\/www.marinigerardi.it\/shop\/wp-content\/uploads\/2021\/02\/tessuto-lino-di-lusso-per-tende-classiche-bianco-ottico-A010.jpg.webp\" class=\"wd-gallery-image image-1\" alt=\"SALENTO - Tessuto per Tende Lino Bianco Ottico 010 + 26 tonalit\u00e0 di colore\" srcset=\"https:\/\/www.marinigerardi.it\/shop\/wp-content\/uploads\/2021\/02\/tessuto-lino-di-lusso-per-tende-classiche-bianco-ottico-A010.jpg.webp 1024w, https:\/\/www.marinigerardi.it\/shop\/wp-content\/uploads\/2021\/02\/tessuto-lino-di-lusso-per-tende-classiche-bianco-ottico-A010-450x338.jpg 450w, https:\/\/www.marinigerardi.it\/shop\/wp-content\/uploads\/2021\/02\/tessuto-lino-di-lusso-per-tende-classiche-bianco-ottico-A010-1000x750.jpg 1000w, https:\/\/www.marinigerardi.it\/shop\/wp-content\/uploads\/2021\/02\/tessuto-lino-di-lusso-per-tende-classiche-bianco-ottico-A010-300x225.jpg.webp 300w, https:\/\/www.marinigerardi.it\/shop\/wp-content\/uploads\/2021\/02\/tessuto-lino-di-lusso-per-tende-classiche-bianco-ottico-A010-768x576.jpg.webp 768w\" sizes=\"(max-width: 1024px) 100vw, 1024px\" \/>\n\t\t\t\t\t\t\t\t\t\t\t\t\t\t\t<\/a>\n\t\t\t\t\t\t\t\t\t\t\t\t<\/div>\n\t\t\t\t\t\t\t\t\t\t\t<div class=\"wd-gallery-item wd-col\">\n\t\t\t\t\t\t\t\t\t\t\t\t\t\t<a href=\"https:\/\/www.marinigerardi.it\/shop\/wp-content\/uploads\/2021\/02\/tessuto-lino-per-tende-classiche-di-lusso-bianco-naturale-000.jpg\" data-elementor-open-lightbox=\"no\" data-index=\"2\" data-width=\"1024\" data-height=\"768\" \n\t\t\t\t\t\t\t\t\t\t\t\t\t\t\t\t\t\t\t\t\t\t\t\t\t\t\t\ttitle=\"Tessuto Salento Bianco Naturale 000\">\n\t\t\t\t\t\t\t\t\n\t\t\t\t\t\t\t\t<img decoding=\"async\" width=\"1024\" height=\"768\" src=\"https:\/\/www.marinigerardi.it\/shop\/wp-content\/uploads\/2021\/02\/tessuto-lino-per-tende-classiche-di-lusso-bianco-naturale-000.jpg.webp\" class=\"wd-gallery-image image-2\" alt=\"Tessuto Lino Per Tende Classiche Di Lusso Bianco Naturale 000\" srcset=\"https:\/\/www.marinigerardi.it\/shop\/wp-content\/uploads\/2021\/02\/tessuto-lino-per-tende-classiche-di-lusso-bianco-naturale-000.jpg.webp 1024w, https:\/\/www.marinigerardi.it\/shop\/wp-content\/uploads\/2021\/02\/tessuto-lino-per-tende-classiche-di-lusso-bianco-naturale-000-450x338.jpg 450w, https:\/\/www.marinigerardi.it\/shop\/wp-content\/uploads\/2021\/02\/tessuto-lino-per-tende-classiche-di-lusso-bianco-naturale-000-1000x750.jpg 1000w, https:\/\/www.marinigerardi.it\/shop\/wp-content\/uploads\/2021\/02\/tessuto-lino-per-tende-classiche-di-lusso-bianco-naturale-000-300x225.jpg.webp 300w, https:\/\/www.marinigerardi.it\/shop\/wp-content\/uploads\/2021\/02\/tessuto-lino-per-tende-classiche-di-lusso-bianco-naturale-000-768x576.jpg.webp 768w\" sizes=\"(max-width: 1024px) 100vw, 1024px\" \/>\n\t\t\t\t\t\t\t\t\t\t\t\t\t\t\t<\/a>\n\t\t\t\t\t\t\t\t\t\t\t\t<\/div>\n\t\t\t\t\t\t\t\t\t\t\t<div class=\"wd-gallery-item wd-col\">\n\t\t\t\t\t\t\t\t\t\t\t\t\t\t<a href=\"https:\/\/www.marinigerardi.it\/shop\/wp-content\/uploads\/2021\/02\/tessuto-lino-liscio-salento-panna-A33-per-tende-moderne.jpg\" data-elementor-open-lightbox=\"no\" data-index=\"3\" data-width=\"1024\" data-height=\"768\" \n\t\t\t\t\t\t\t\t\t\t\t\t\t\t\t\t\t\t\t\t\t\t\t\t\t\t\t\ttitle=\"Tessuto Salento Panna A33\">\n\t\t\t\t\t\t\t\t\n\t\t\t\t\t\t\t\t<img decoding=\"async\" width=\"1024\" height=\"768\" src=\"https:\/\/www.marinigerardi.it\/shop\/wp-content\/uploads\/2021\/02\/tessuto-lino-liscio-salento-panna-A33-per-tende-moderne.jpg.webp\" class=\"wd-gallery-image image-3\" alt=\"Tessuto Lino Liscio Salento Panna A33 Per Tende Moderne\" srcset=\"https:\/\/www.marinigerardi.it\/shop\/wp-content\/uploads\/2021\/02\/tessuto-lino-liscio-salento-panna-A33-per-tende-moderne.jpg.webp 1024w, https:\/\/www.marinigerardi.it\/shop\/wp-content\/uploads\/2021\/02\/tessuto-lino-liscio-salento-panna-A33-per-tende-moderne-450x338.jpg 450w, https:\/\/www.marinigerardi.it\/shop\/wp-content\/uploads\/2021\/02\/tessuto-lino-liscio-salento-panna-A33-per-tende-moderne-1000x750.jpg 1000w, https:\/\/www.marinigerardi.it\/shop\/wp-content\/uploads\/2021\/02\/tessuto-lino-liscio-salento-panna-A33-per-tende-moderne-300x225.jpg.webp 300w, https:\/\/www.marinigerardi.it\/shop\/wp-content\/uploads\/2021\/02\/tessuto-lino-liscio-salento-panna-A33-per-tende-moderne-768x576.jpg.webp 768w\" sizes=\"(max-width: 1024px) 100vw, 1024px\" \/>\n\t\t\t\t\t\t\t\t\t\t\t\t\t\t\t<\/a>\n\t\t\t\t\t\t\t\t\t\t\t\t<\/div>\n\t\t\t\t\t\t\t\t\t\t\t<div class=\"wd-gallery-item wd-col\">\n\t\t\t\t\t\t\t\t\t\t\t\t\t\t<a href=\"https:\/\/www.marinigerardi.it\/shop\/wp-content\/uploads\/2021\/02\/tessuto-lino-salento-liscio-grigio-perla-B01-per-tende-soggiorno.jpg\" data-elementor-open-lightbox=\"no\" data-index=\"4\" data-width=\"1024\" data-height=\"768\" \n\t\t\t\t\t\t\t\t\t\t\t\t\t\t\t\t\t\t\t\t\t\t\t\t\t\t\t\ttitle=\"Tessuto Grigio Perla B01\">\n\t\t\t\t\t\t\t\t\n\t\t\t\t\t\t\t\t<img decoding=\"async\" width=\"1024\" height=\"768\" src=\"https:\/\/www.marinigerardi.it\/shop\/wp-content\/uploads\/2021\/02\/tessuto-lino-salento-liscio-grigio-perla-B01-per-tende-soggiorno.jpg.webp\" class=\"wd-gallery-image image-4\" alt=\"Tessuto Lino Salento Liscio Grigio Perla B01 Per Tende Soggiorno\" srcset=\"https:\/\/www.marinigerardi.it\/shop\/wp-content\/uploads\/2021\/02\/tessuto-lino-salento-liscio-grigio-perla-B01-per-tende-soggiorno.jpg.webp 1024w, https:\/\/www.marinigerardi.it\/shop\/wp-content\/uploads\/2021\/02\/tessuto-lino-salento-liscio-grigio-perla-B01-per-tende-soggiorno-450x338.jpg 450w, https:\/\/www.marinigerardi.it\/shop\/wp-content\/uploads\/2021\/02\/tessuto-lino-salento-liscio-grigio-perla-B01-per-tende-soggiorno-1000x750.jpg 1000w, https:\/\/www.marinigerardi.it\/shop\/wp-content\/uploads\/2021\/02\/tessuto-lino-salento-liscio-grigio-perla-B01-per-tende-soggiorno-300x225.jpg.webp 300w, https:\/\/www.marinigerardi.it\/shop\/wp-content\/uploads\/2021\/02\/tessuto-lino-salento-liscio-grigio-perla-B01-per-tende-soggiorno-768x576.jpg.webp 768w\" sizes=\"(max-width: 1024px) 100vw, 1024px\" \/>\n\t\t\t\t\t\t\t\t\t\t\t\t\t\t\t<\/a>\n\t\t\t\t\t\t\t\t\t\t\t\t<\/div>\n\t\t\t\t\t\t\t\t\t\n\t\t\t\t\t\t\t<\/div>\n\n\t\t\t\t\t<\/div>\n\t\t[\/vc_column][\/vc_row][vc_row][vc_column][vc_text_separator title=&#8221;Tessuti Naturali&#8221; css=&#8221;.vc_custom_1621409662539{margin-top: 20px !important;margin-bottom: 20px !important;}&#8221;]\n\t\t<div id=\"wd-66bf6ebf0b496\" class=\"title-wrapper wd-wpb wd-set-mb reset-last-child  wd-rs-66bf6ebf0b496 wd-title-color-default wd-title-style-default text-center  wd-underline-colored\">\n\t\t\t\n\t\t\t<div class=\"liner-continer\">\n\t\t\t\t<h2 class=\"woodmart-title-container title  wd-font-weight- wd-fontsize-l\" >Tende da Camera da Letto<\/h2>\n\t\t\t\t\t\t\t<\/div>\n\t\t\t\n\t\t\t\n\t\t\t\n\t\t<\/div>\n\t\t\n\t\t[\/vc_column][\/vc_row][vc_row content_placement=&#8221;middle&#8221; woodmart_bg_position=&#8221;center-bottom&#8221; css=&#8221;.vc_custom_1689958549979{background-color: #f3f3f3 !important;background-position: 0 0 !important;background-repeat: no-repeat !important;}&#8221; el_class=&#8221;mobile-bg-img-hidden&#8221; mobile_bg_img_hidden=&#8221;no&#8221; tablet_bg_img_hidden=&#8221;no&#8221; woodmart_parallax=&#8221;0&#8243; woodmart_gradient_switch=&#8221;no&#8221; row_reverse_mobile=&#8221;0&#8243; row_reverse_tablet=&#8221;0&#8243; woodmart_disable_overflow=&#8221;0&#8243; woodmart_css_id=&#8221;64bab88adfbca&#8221; responsive_spacing=&#8221;eyJwYXJhbV90eXBlIjoid29vZG1hcnRfcmVzcG9uc2l2ZV9zcGFjaW5nIiwic2VsZWN0b3JfaWQiOiI2NGJhYjg4YWRmYmNhIiwic2hvcnRjb2RlIjoidmNfcm93IiwiZGF0YSI6eyJ0YWJsZXQiOnt9LCJtb2JpbGUiOnt9fX0=&#8221; woodmart_box_shadow=&#8221;yes&#8221; wd_box_shadow=&#8221;eyJkZXZpY2VzIjp7ImRlc2t0b3AiOnsiaG9yaXpvbnRhbCI6IjAiLCJ2ZXJ0aWNhbCI6IjAiLCJibHVyIjoiOSIsInNwcmVhZCI6IjAiLCJjb2xvciI6InJnYmEoMCwgMCwgMCwgLjE1KSJ9fX0=&#8221; wd_z_index=&#8221;no&#8221;][vc_column mobile_bg_img_hidden=&#8221;no&#8221; tablet_bg_img_hidden=&#8221;no&#8221; woodmart_parallax=&#8221;0&#8243; woodmart_sticky_column=&#8221;false&#8221; parallax_scroll=&#8221;no&#8221; mobile_reset_margin=&#8221;no&#8221; tablet_reset_margin=&#8221;no&#8221;][vc_single_image image=&#8221;35635&#8243; img_size=&#8221;full&#8221; alignment=&#8221;center&#8221; onclick=&#8221;link_image&#8221; parallax_scroll=&#8221;no&#8221; woodmart_inline=&#8221;no&#8221;][\/vc_column][\/vc_row][vc_row][vc_column]\n\t\t<div id=\"wd-64bab85ad8113\" class=\"title-wrapper wd-wpb wd-set-mb reset-last-child  wd-rs-64bab85ad8113 wd-title-color-primary wd-title-style-bordered text-center justify  wd-underline-colored\">\n\t\t\t\t\t\t\t\n\t\t\t\t<div class=\"title-subtitle  subtitle-color-primary font-alt subtitle-style-default wd-font-weight- wd-fontsize-xs\">Tende di qualit\u00e0 originali e in esclusiva<\/div>\n\t\t\t\n\t\t\t<div class=\"liner-continer\">\n\t\t\t\t<h3 class=\"woodmart-title-container title  wd-font-weight-400 wd-fontsize-m\" >NETTUNO - Tende da Camera da Letto in Lino e Organza in Pura Seta<\/h3>\n\t\t\t\t\t\t\t<\/div>\n\t\t\t\n\t\t\t\n\t\t\t\n\t\t<\/div>\n\t\t\n\t\t[vc_column_text text_larger=&#8221;no&#8221; woodmart_inline=&#8221;no&#8221;]<\/p>\n<p style=\"text-align: justify;\"><strong>Il lino e la seta sono i tuoi alleati per questa avventura di decorazione. <\/strong>Addio ai materiali pesanti e scuri: ora \u00e8 il momento di abbracciare la leggerezza e la delicatezza. Le tende in lino, con la loro trama naturale e stropicciata, ti donano un look casual-chic che si fonde splendidamente con la freschezza della stagione. Se invece cerchi un tocco di raffinata eleganza, la seta \u00e8 la scelta perfetta. Il suo luccichio sottile cattura e riflette la luce solare, diffondendo una magia sottile in ogni angolo.<\/p>\n<p style=\"text-align: justify;\"><strong>Ma non \u00e8 solo l&#8217;aspetto che conta. <\/strong>Le tende svolgono una danza pratica di funzionalit\u00e0 e stile. Preservano la tua privacy con grazia, mentre filtrano la luce in modo incantevole, creando un&#8217;atmosfera calda e accogliente. Sei tu il regista di questa opera d&#8217;arte: lunghezza, colore, trama &#8211; ogni dettaglio \u00e8 un pennello sulla tua tavolozza di design.<\/p>\n<p style=\"text-align: justify;\"><strong>E hai mai pensato alle tende come architetti di spazio?<\/strong> Oltre a vestire le finestre, possono dividere e conquistare. Tracciano confini sottili all&#8217;interno di una stanza, creando angoli privati \u200b\u200bo unendo mondi separati. Un angolo ufficio discreto, un lettino soleggiato, una zona di meditazione &#8211; tutto \u00e8 possibile con le tue tende come partner creativo.<\/p>\n<p style=\"text-align: justify;\"><strong>E mentre rifletti sull&#8217;atmosfera desiderata,<\/strong> non dimenticare l&#8217;aspetto giocoso. Scegli tende in tinte audaci e fantasie vivaci per un tocco di divertimento. Ora, c&#8217;\u00e8 persino una tendenza che permette di scambiare i tuoi tessuti in un battito di ciglia. Basta agganciare nuovi pannelli e il tuo spazio si trasforma di nuovo, come per magia.<\/p>\n<p style=\"text-align: justify;\"><strong>Quest&#8217;estate, lasciati ispirare dalle tende in lino e seta.<\/strong> Creano molto pi\u00f9 di uno sfondo elegante: sono gli attori principali nel tuo dramma domestico, portando luce, stile e una ventata di freschezza. Scegli con cura, gioca con audacia e goditi la magia mutevole delle tue tende.<\/p>\n<p>[\/vc_column_text][\/vc_column][\/vc_row]<\/p>\n<\/div>","protected":false},"excerpt":{"rendered":"<p style=\"text-align: justify;\"><strong>NETTUNO &#8211; Tende da Camera da Letto &#8211;<\/strong> Lino, seta, stile: aggiungi un tocco di eleganza alla tua vita.<\/p>\n","protected":false},"featured_media":35640,"template":"","meta":[],"product_brand":[],"product_cat":[1936],"product_tag":[],"class_list":{"0":"post-35630","1":"product","2":"type-product","3":"status-publish","4":"has-post-thumbnail","6":"product_cat-tende-in-seta","8":"first","9":"instock","10":"taxable","11":"shipping-taxable","12":"purchasable","13":"product-type-simple"},"_links":{"self":[{"href":"https:\/\/www.marinigerardi.it\/shop\/wp-json\/wp\/v2\/product\/35630","targetHints":{"allow":["GET"]}}],"collection":[{"href":"https:\/\/www.marinigerardi.it\/shop\/wp-json\/wp\/v2\/product"}],"about":[{"href":"https:\/\/www.marinigerardi.it\/shop\/wp-json\/wp\/v2\/types\/product"}],"wp:featuredmedia":[{"embeddable":true,"href":"https:\/\/www.marinigerardi.it\/shop\/wp-json\/wp\/v2\/media\/35640"}],"wp:attachment":[{"href":"https:\/\/www.marinigerardi.it\/shop\/wp-json\/wp\/v2\/media?parent=35630"}],"wp:term":[{"taxonomy":"product_brand","embeddable":true,"href":"https:\/\/www.marinigerardi.it\/shop\/wp-json\/wp\/v2\/product_brand?post=35630"},{"taxonomy":"product_cat","embeddable":true,"href":"https:\/\/www.marinigerardi.it\/shop\/wp-json\/wp\/v2\/product_cat?post=35630"},{"taxonomy":"product_tag","embeddable":true,"href":"https:\/\/www.marinigerardi.it\/shop\/wp-json\/wp\/v2\/product_tag?post=35630"}],"curies":[{"name":"wp","href":"https:\/\/api.w.org\/{rel}","templated":true}]}}