{"id":35440,"date":"2024-03-10T09:10:11","date_gmt":"2024-03-10T09:10:11","guid":{"rendered":"https:\/\/www.marinigerardi.it\/shop\/?post_type=product&#038;p=35440"},"modified":"2025-03-29T17:23:17","modified_gmt":"2025-03-29T17:23:17","slug":"tende-a-vetro-di-lino-ricamate-rha-mini","status":"publish","type":"product","link":"https:\/\/www.marinigerardi.it\/shop\/prodotto\/tende-a-vetro-di-lino-ricamate-rha-mini\/","title":{"rendered":"RHA mini &#8211; Tende a Vetro di Lino Ricamate"},"content":{"rendered":"<div class=\"wpb-content-wrapper\"><p>[vc_row equal_height=&#8221;yes&#8221; mobile_bg_img_hidden=&#8221;no&#8221; tablet_bg_img_hidden=&#8221;no&#8221; woodmart_parallax=&#8221;0&#8243; woodmart_gradient_switch=&#8221;no&#8221; row_reverse_mobile=&#8221;0&#8243; row_reverse_tablet=&#8221;0&#8243; woodmart_disable_overflow=&#8221;0&#8243;][vc_column offset=&#8221;vc_col-lg-6 vc_col-md-6&#8243; mobile_bg_img_hidden=&#8221;no&#8221; tablet_bg_img_hidden=&#8221;no&#8221; woodmart_parallax=&#8221;0&#8243; woodmart_sticky_column=&#8221;false&#8221; parallax_scroll=&#8221;no&#8221; mobile_reset_margin=&#8221;no&#8221; tablet_reset_margin=&#8221;no&#8221; css=&#8221;.vc_custom_1613071403480{margin-top: 0px !important;}&#8221;]\n\t\t<div id=\"wd-623adff08e3ec\" class=\"title-wrapper wd-wpb wd-set-mb reset-last-child  wd-rs-623adff08e3ec wd-title-color-primary wd-title-style-bordered text-left vc_custom_1648025591321 wd-underline-colored\">\n\t\t\t\n\t\t\t<div class=\"liner-continer\">\n\t\t\t\t<h2 class=\"woodmart-title-container title  wd-font-weight-500 wd-fontsize-l\" >RHA mini - Tende a Vetro di Lino Ricamate Per Interni Di Lusso<\/h2>\n\t\t\t\t\t\t\t<\/div>\n\t\t\t\n\t\t\t\n\t\t\t\n\t\t<\/div>\n\t\t\n\t\t\t\t<div id=\"wd-67e1a3505d18c\" class=\"wd-text-block wd-wpb reset-last-child wd-rs-67e1a3505d18c text-left \">\n\t\t\t<p style=\"text-align: justify;\"><a href=\"https:\/\/www.marinigerardi.it\/shop\/prodotto\/tende-a-vetro-di-lino-ricamate-rha-mini\/\">Tende a vetro di ricamate<\/a> realizzate con tessuto in puro lino in combinazione con ricamo realizzato artigianalmente in esclusiva; inoltre la trama del tessuto rendono bello, piacevole ed elegantemente unico il risultato finale.<br \/>\nQuesta Tenda progettata ad hoc per il suo aspetto sobrio di tradizione e impianto classico, ben si abbina ad ambienti in stile moderno o spazi minimali e contemporanei.<\/p>\n\t\t<\/div>\n\t\t[vc_message message_box_style=&#8221;outline&#8221; message_box_color=&#8221;grey&#8221; css=&#8221;&#8221;]<\/p>\n<ul>\n<li>Base tenda tessuto e colore unico;<\/li>\n<li>Una fascia di ricamo applica nella zona centrale e plissettature laterali.<\/li>\n<li>Opzione 1 \u2013 <a href=\"https:\/\/www.tendeavetro.com\/\" target=\"_blank\" rel=\"noopener nofollow\">Tende a vetro<\/a> con tunnel passante da 2 cm in alto e in basso.<\/li>\n<li>Opzione 2 \u2013 Tende a vetro con asole a passanti in alto e tunnel da 2 cm. in basso.<\/li>\n<\/ul>\n<p><strong>Per le misure non incluse<\/strong>, si prega inviare il dettaglio della dimensione desiderata all&#8217; indirizzo mail <strong>assistenza@marinigerardi.it<\/strong>[\/vc_message][\/vc_column][vc_column css=&#8221;.vc_custom_1612434787067{background-position: center !important;background-repeat: no-repeat !important;background-size: cover !important;}&#8221; offset=&#8221;vc_col-lg-6 vc_col-md-6&#8243; mobile_bg_img_hidden=&#8221;no&#8221; tablet_bg_img_hidden=&#8221;no&#8221; woodmart_parallax=&#8221;0&#8243; woodmart_sticky_column=&#8221;false&#8221; parallax_scroll=&#8221;no&#8221; mobile_reset_margin=&#8221;no&#8221; tablet_reset_margin=&#8221;no&#8221;][vc_single_image image=&#8221;35444&#8243; img_size=&#8221;large&#8221; onclick=&#8221;link_image&#8221; parallax_scroll=&#8221;no&#8221; woodmart_inline=&#8221;no&#8221;][\/vc_column][\/vc_row][vc_row][vc_column][vc_empty_space woodmart_hide_large=&#8221;0&#8243; woodmart_hide_medium=&#8221;0&#8243; woodmart_hide_small=&#8221;0&#8243;]\n\t\t<div id=\"wd-67e1a187628b6\" class=\"title-wrapper wd-wpb wd-set-mb reset-last-child  wd-rs-67e1a187628b6 wd-title-color-default wd-title-style-bordered text-center  wd-underline-colored\">\n\t\t\t\n\t\t\t<div class=\"liner-continer\">\n\t\t\t\t<h3 class=\"woodmart-title-container title  wd-font-weight-600 wd-fontsize-l\" >Tende a Vetro di Lino Ricamate<\/h3>\n\t\t\t\t\t\t\t<\/div>\n\t\t\t\n\t\t\t\t\t\t\t<div class=\"title-after_title reset-last-child  wd-fontsize-xs\">il lusso discreto che fa la differenza.<\/div>\n\t\t\t\n\t\t\t\n\t\t<\/div>\n\t\t\n\t\t[\/vc_column][\/vc_row][vc_row content_placement=&#8221;middle&#8221; woodmart_bg_position=&#8221;center-bottom&#8221; css=&#8221;.vc_custom_1712511013020{background-color: #f3f3f3 !important;background-position: 0 0 !important;background-repeat: no-repeat !important;}&#8221; el_class=&#8221;mobile-bg-img-hidden&#8221; mobile_bg_img_hidden=&#8221;no&#8221; tablet_bg_img_hidden=&#8221;no&#8221; woodmart_parallax=&#8221;0&#8243; woodmart_gradient_switch=&#8221;no&#8221; row_reverse_mobile=&#8221;0&#8243; row_reverse_tablet=&#8221;0&#8243; woodmart_disable_overflow=&#8221;0&#8243; woodmart_css_id=&#8221;6612d7f9a2863&#8243; responsive_spacing=&#8221;eyJwYXJhbV90eXBlIjoid29vZG1hcnRfcmVzcG9uc2l2ZV9zcGFjaW5nIiwic2VsZWN0b3JfaWQiOiI2NjEyZDdmOWEyODYzIiwic2hvcnRjb2RlIjoidmNfcm93IiwiZGF0YSI6eyJ0YWJsZXQiOnt9LCJtb2JpbGUiOnt9fX0=&#8221; woodmart_box_shadow=&#8221;no&#8221; wd_z_index=&#8221;no&#8221;][vc_column mobile_bg_img_hidden=&#8221;no&#8221; tablet_bg_img_hidden=&#8221;no&#8221; woodmart_parallax=&#8221;0&#8243; woodmart_sticky_column=&#8221;false&#8221; parallax_scroll=&#8221;no&#8221; mobile_reset_margin=&#8221;no&#8221; tablet_reset_margin=&#8221;no&#8221;][vc_single_image image=&#8221;12744&#8243; img_size=&#8221;full&#8221; alignment=&#8221;center&#8221; onclick=&#8221;link_image&#8221; parallax_scroll=&#8221;no&#8221; woodmart_inline=&#8221;no&#8221;][\/vc_column][\/vc_row][vc_row][vc_column]\n\t\t<div id=\"wd-67e1a1d0e8d81\" class=\"title-wrapper wd-wpb wd-set-mb reset-last-child  wd-rs-67e1a1d0e8d81 wd-title-color-default wd-title-style-bordered text-center  wd-underline-colored\">\n\t\t\t\n\t\t\t<div class=\"liner-continer\">\n\t\t\t\t<h3 class=\"woodmart-title-container title  wd-font-weight-600 wd-fontsize-l\" >RHA mini - Tende a Vetro di Lino Ricamate Moderne per Interni Di Lusso<\/h3>\n\t\t\t\t\t\t\t<\/div>\n\t\t\t\n\t\t\t\t\t\t\t<div class=\"title-after_title reset-last-child  wd-fontsize-xs\">Ricami delicati, lino pregiato: la tua casa risplende.<\/div>\n\t\t\t\n\t\t\t\n\t\t<\/div>\n\t\t\n\t\t\t\t<div id=\"wd-67e1a2036f790\" class=\"wd-text-block wd-wpb reset-last-child wd-rs-67e1a2036f790 text-left \">\n\t\t\t<p><strong>Lino e Minimalismo: l&#8217;Eleganza che Respira Leggerezza.<\/strong><br \/>\nAmici dell&#8217;home decor, parliamoci chiaro: quando si tratta di eleganza, meno \u00e8 decisamente di pi\u00f9! E se c&#8217;\u00e8 un tessuto che incarna alla perfezione questo concetto, \u00e8 proprio il lino.<br \/>\nImmaginate un soggiorno o una camera da letto in cui la luce filtra delicatamente attraverso tende minimaliste in lino. Un&#8217;immagine che sa di poesia, di semplicit\u00e0 raffinata, di un&#8217;eleganza che non ha bisogno di gridare per farsi notare.<br \/>\nIl lino, con la sua texture naturale e la sua versatilit\u00e0, \u00e8 il protagonista indiscusso dell&#8217;interior design contemporaneo. Si adatta a ogni stile, dal rustico al moderno, dal classico al boh\u00e9mien, portando con s\u00e9 un&#8217;aura di leggerezza e di autenticit\u00e0.<\/p>\n\t\t<\/div>\n\t\t[\/vc_column][\/vc_row]<\/p>\n<\/div>","protected":false},"excerpt":{"rendered":"<p>Siamo Unici e Diversi nel Design! RHA realizzata in puro lino, per un look Classico di Tradizione ma si inseriscono splendidamente in un soggiorno Moderno. Tende a Vetro di Lino Ricamate <strong>PRODUZIONE ESCLUSIVA E LIMITATA<\/strong><\/p>\n","protected":false},"featured_media":36885,"template":"","meta":[],"product_brand":[],"product_cat":[2411,3094],"product_tag":[],"class_list":{"0":"post-35440","1":"product","2":"type-product","3":"status-publish","4":"has-post-thumbnail","6":"product_cat-tende-a-vetro","7":"product_cat-tende-a-vetro-classiche","9":"first","10":"instock","11":"featured","12":"taxable","13":"shipping-taxable","14":"purchasable","15":"product-type-simple"},"_links":{"self":[{"href":"https:\/\/www.marinigerardi.it\/shop\/wp-json\/wp\/v2\/product\/35440","targetHints":{"allow":["GET"]}}],"collection":[{"href":"https:\/\/www.marinigerardi.it\/shop\/wp-json\/wp\/v2\/product"}],"about":[{"href":"https:\/\/www.marinigerardi.it\/shop\/wp-json\/wp\/v2\/types\/product"}],"wp:featuredmedia":[{"embeddable":true,"href":"https:\/\/www.marinigerardi.it\/shop\/wp-json\/wp\/v2\/media\/36885"}],"wp:attachment":[{"href":"https:\/\/www.marinigerardi.it\/shop\/wp-json\/wp\/v2\/media?parent=35440"}],"wp:term":[{"taxonomy":"product_brand","embeddable":true,"href":"https:\/\/www.marinigerardi.it\/shop\/wp-json\/wp\/v2\/product_brand?post=35440"},{"taxonomy":"product_cat","embeddable":true,"href":"https:\/\/www.marinigerardi.it\/shop\/wp-json\/wp\/v2\/product_cat?post=35440"},{"taxonomy":"product_tag","embeddable":true,"href":"https:\/\/www.marinigerardi.it\/shop\/wp-json\/wp\/v2\/product_tag?post=35440"}],"curies":[{"name":"wp","href":"https:\/\/api.w.org\/{rel}","templated":true}]}}