{"id":35251,"date":"2022-02-23T14:35:20","date_gmt":"2022-02-23T14:35:20","guid":{"rendered":"https:\/\/www.marinigerardi.it\/shop\/?post_type=product&#038;p=35251"},"modified":"2024-09-02T07:41:04","modified_gmt":"2024-09-02T07:41:04","slug":"copripiumino-matrimoniale-bianco-naturale","status":"publish","type":"product","link":"https:\/\/www.marinigerardi.it\/shop\/prodotto\/copripiumino-matrimoniale-bianco-naturale\/","title":{"rendered":"CLASSIC 01 &#8211; Copripiumino Matrimoniale Bianco Lino 100%"},"content":{"rendered":"<div class=\"wpb-content-wrapper\"><p>[vc_row equal_height=&#8221;yes&#8221; mobile_bg_img_hidden=&#8221;no&#8221; tablet_bg_img_hidden=&#8221;no&#8221; woodmart_parallax=&#8221;0&#8243; woodmart_gradient_switch=&#8221;no&#8221; row_reverse_mobile=&#8221;0&#8243; row_reverse_tablet=&#8221;0&#8243; woodmart_disable_overflow=&#8221;0&#8243;][vc_column offset=&#8221;vc_col-lg-6 vc_col-md-6&#8243; mobile_bg_img_hidden=&#8221;no&#8221; tablet_bg_img_hidden=&#8221;no&#8221; woodmart_parallax=&#8221;0&#8243; woodmart_sticky_column=&#8221;false&#8221; parallax_scroll=&#8221;no&#8221; mobile_reset_margin=&#8221;no&#8221; tablet_reset_margin=&#8221;no&#8221; css=&#8221;.vc_custom_1613071403480{margin-top: 0px !important;}&#8221;]\n\t\t<div id=\"wd-64f9d93a6290f\" class=\"title-wrapper wd-wpb wd-set-mb reset-last-child  wd-rs-64f9d93a6290f wd-title-color-primary wd-title-style-bordered text-left vc_custom_1694095683016 wd-underline-colored\">\n\t\t\t\n\t\t\t<div class=\"liner-continer\">\n\t\t\t\t<h2 class=\"woodmart-title-container title  wd-font-weight-500 wd-fontsize-l\" >CLASSIC 01 - Copripiumino Matrimoniale Bianco Naturale con Applicazione Ricamata in Lino<\/h2>\n\t\t\t\t\t\t\t<\/div>\n\t\t\t\n\t\t\t\t\t\t\t<div class=\"title-after_title reset-last-child  wd-fontsize-xs\">Offerta include un Copri piumino sacco, realizzato in tessuto puro lino stropicciato di primissima qualit\u00e0 Italiana. Per noi questo \u00e8 il vero aspetto della biancheria casa ! Comfort, Lusso, ma anche una certa Informalit\u00e0.<\/div>\n\t\t\t\n\t\t\t\n\t\t<\/div>\n\t\t\n\t\t\t\t\t<div class=\"info-box-wrapper\">\n\t\t\t\t<div id=\"wd-64fa32fc3b5e7\" class=\" wd-rs-64fa32fc3b5e7 wd-info-box wd-wpb text-left box-icon-align-top box-style-border color-scheme-dark wd-bg-none \">\n\t\t\t\t\t\t\t\t\t\t<div class=\"info-box-content\">\n\t\t\t\t\t\t\t\t\t\t\t\t<div class=\"info-box-inner reset-last-child\"><\/p>\n<p style=\"text-align: justify;\"><span class=\"a-list-item\"><a href=\"https:\/\/www.marinigerardi.it\/shop\/prodotto\/copripiumino-matrimoniale-bianco-naturale\/\">Questa offerta<\/a> include solo <strong>Il Copri piumino<\/strong>. Se avete necessit\u00e0 di lenzuolo con angoli, si prega di ricercare:<a href=\"https:\/\/marinigerardi.it\/shop\/prodotto\/basic-lenzuola-sotto-in-puro-lino\/\"><strong>Basic-Lenzuolo Sotto<\/strong><\/a>, per il lenzuolo sopra, ricercare:<a href=\"https:\/\/marinigerardi.it\/shop\/prodotto\/basic-lenzuola-piane-sopra\/\"><strong> Basic-Lenzuolo Sopra<\/strong>,<\/a> per le federe, ricercare: <strong><a href=\"https:\/\/marinigerardi.it\/shop\/prodotto\/basic-federe-cuscino-federe-in-lino-tutto-italiano\/\">Basic-Federe<\/a>. <\/strong>Per altre misure o combinazioni letto contattateci ad: <strong>assistenza@marinigerardi.it<\/strong><\/span><\/p>\n<p>\n<\/div>\n\n\t\t\t\t\t\t\t\t\t\t\t<\/div>\n\n\t\t\t\t\t\n\t\t\t\t\t\t\t\t\t<\/div>\n\t\t\t<\/div>\n\t\t<div id=\"wd-653a366cdd609\" class=\" wd-rs-653a366cdd609  wd-button-wrapper text-left\"><a href=\"https:\/\/www.marinigerardi.it\/shop\/guida-misure-per-la-biancheria-letto\/\" title=\"GUIDA MISURE PER LA BIANCHERIA LETTO\" target=\"_blank\" class=\"btn btn-style-default btn-shape-rectangle btn-size-default\">Guida misure Biancheria Letto<\/a><\/div>[\/vc_column][vc_column css=&#8221;.vc_custom_1612434787067{background-position: center !important;background-repeat: no-repeat !important;background-size: cover !important;}&#8221; offset=&#8221;vc_col-lg-6 vc_col-md-6&#8243; mobile_bg_img_hidden=&#8221;no&#8221; tablet_bg_img_hidden=&#8221;no&#8221; woodmart_parallax=&#8221;0&#8243; woodmart_sticky_column=&#8221;false&#8221; parallax_scroll=&#8221;no&#8221; mobile_reset_margin=&#8221;no&#8221; tablet_reset_margin=&#8221;no&#8221;][vc_single_image image=&#8221;35254&#8243; img_size=&#8221;large&#8221; alignment=&#8221;center&#8221; style=&#8221;vc_box_shadow&#8221; onclick=&#8221;link_image&#8221; parallax_scroll=&#8221;no&#8221; woodmart_inline=&#8221;no&#8221;][\/vc_column][\/vc_row][vc_row][vc_column][vc_empty_space woodmart_hide_large=&#8221;0&#8243; woodmart_hide_medium=&#8221;0&#8243; woodmart_hide_small=&#8221;0&#8243;][vc_text_separator title=&#8221;Tessuti Naturali&#8221;]\n\t\t<div id=\"wd-66d56b6f931ad\" class=\"title-wrapper wd-wpb wd-set-mb reset-last-child  wd-rs-66d56b6f931ad wd-title-color-default wd-title-style-default text-center  wd-underline-colored\">\n\t\t\t\n\t\t\t<div class=\"liner-continer\">\n\t\t\t\t<h2 class=\"woodmart-title-container title  wd-font-weight- wd-fontsize-l\" >Copripiumino Matrimoniale Bianco Lino<\/h2>\n\t\t\t\t\t\t\t<\/div>\n\t\t\t\n\t\t\t\n\t\t\t\n\t\t<\/div>\n\t\t\n\t\t[\/vc_column][\/vc_row][vc_row content_placement=&#8221;middle&#8221; woodmart_bg_position=&#8221;center-bottom&#8221; css=&#8221;.vc_custom_1698313816102{background-position: 0 0 !important;background-repeat: no-repeat !important;}&#8221; el_class=&#8221;mobile-bg-img-hidden&#8221; mobile_bg_img_hidden=&#8221;no&#8221; tablet_bg_img_hidden=&#8221;no&#8221; woodmart_parallax=&#8221;0&#8243; woodmart_gradient_switch=&#8221;no&#8221; row_reverse_mobile=&#8221;0&#8243; row_reverse_tablet=&#8221;0&#8243; woodmart_disable_overflow=&#8221;0&#8243; woodmart_css_id=&#8221;653a364c7af05&#8243; responsive_spacing=&#8221;eyJwYXJhbV90eXBlIjoid29vZG1hcnRfcmVzcG9uc2l2ZV9zcGFjaW5nIiwic2VsZWN0b3JfaWQiOiI2NTNhMzY0YzdhZjA1Iiwic2hvcnRjb2RlIjoidmNfcm93IiwiZGF0YSI6eyJ0YWJsZXQiOnt9LCJtb2JpbGUiOnt9fX0=&#8221; woodmart_box_shadow=&#8221;yes&#8221; wd_box_shadow=&#8221;eyJkZXZpY2VzIjp7ImRlc2t0b3AiOnsiaG9yaXpvbnRhbCI6IjAiLCJ2ZXJ0aWNhbCI6IjAiLCJibHVyIjoiOSIsInNwcmVhZCI6IjAiLCJjb2xvciI6InJnYmEoMCwgMCwgMCwgLjE1KSJ9fX0=&#8221; wd_z_index=&#8221;no&#8221;][vc_column mobile_bg_img_hidden=&#8221;no&#8221; tablet_bg_img_hidden=&#8221;no&#8221; woodmart_parallax=&#8221;0&#8243; woodmart_sticky_column=&#8221;false&#8221; parallax_scroll=&#8221;no&#8221; mobile_reset_margin=&#8221;no&#8221; tablet_reset_margin=&#8221;no&#8221;][vc_single_image image=&#8221;35257&#8243; img_size=&#8221;full&#8221; alignment=&#8221;center&#8221; style=&#8221;vc_box_shadow&#8221; onclick=&#8221;link_image&#8221; parallax_scroll=&#8221;no&#8221; woodmart_inline=&#8221;no&#8221;][\/vc_column][\/vc_row][vc_row][vc_column]\n\t\t<div id=\"wd-64f9d8efc930c\" class=\"title-wrapper wd-wpb wd-set-mb reset-last-child  wd-rs-64f9d8efc930c wd-title-color-primary wd-title-style-underlined text-center justify  wd-underline-colored\">\n\t\t\t\t\t\t\t\n\t\t\t\t<div class=\"title-subtitle  subtitle-color-primary font-alt subtitle-style-default wd-font-weight- wd-fontsize-xs\">Biancheria Casa Esclusiva in Lino di qualit\u00e0<\/div>\n\t\t\t\n\t\t\t<div class=\"liner-continer\">\n\t\t\t\t<h3 class=\"woodmart-title-container title  wd-font-weight-500 wd-fontsize-xl\" >CLASSIC 01 - Copripiumino Matrimoniale Bianco Naturale con Ricamo<\/h3>\n\t\t\t\t\t\t\t<\/div>\n\t\t\t\n\t\t\t\n\t\t\t\n\t\t<\/div>\n\t\t\n\t\t[vc_column_text text_larger=&#8221;no&#8221; woodmart_inline=&#8221;no&#8221;]<\/p>\n<p style=\"text-align: justify;\"><strong>La nostra offerta comprende un copripiumino a sacco con patella, realizzato con tessuto in puro lino stropicciato di primissima qualit\u00e0 italiana. Questo materiale di alta gamma \u00e8 sinonimo di comfort e durabilit\u00e0, garantendo che il tuo riposo notturno sia abbracciato da un lusso senza paragoni.<br \/>\n<\/strong>Il copripiumino CLASSIC \u00e8 caratterizzato da un&#8217;applicazione centrale ricamata in lino, un dettaglio che conferisce un tocco di classe e sofisticatezza alla tua camera da letto.<\/p>\n<p>[\/vc_column_text][\/vc_column][\/vc_row][vc_row content_placement=&#8221;middle&#8221; woodmart_bg_position=&#8221;center-bottom&#8221; css=&#8221;.vc_custom_1698313833055{background-position: 0 0 !important;background-repeat: no-repeat !important;}&#8221; el_class=&#8221;mobile-bg-img-hidden&#8221; mobile_bg_img_hidden=&#8221;no&#8221; tablet_bg_img_hidden=&#8221;no&#8221; woodmart_parallax=&#8221;0&#8243; woodmart_gradient_switch=&#8221;no&#8221; row_reverse_mobile=&#8221;0&#8243; row_reverse_tablet=&#8221;0&#8243; woodmart_disable_overflow=&#8221;0&#8243; woodmart_css_id=&#8221;653a365d9f525&#8243; responsive_spacing=&#8221;eyJwYXJhbV90eXBlIjoid29vZG1hcnRfcmVzcG9uc2l2ZV9zcGFjaW5nIiwic2VsZWN0b3JfaWQiOiI2NTNhMzY1ZDlmNTI1Iiwic2hvcnRjb2RlIjoidmNfcm93IiwiZGF0YSI6eyJ0YWJsZXQiOnt9LCJtb2JpbGUiOnt9fX0=&#8221; woodmart_box_shadow=&#8221;yes&#8221; wd_box_shadow=&#8221;eyJkZXZpY2VzIjp7ImRlc2t0b3AiOnsiaG9yaXpvbnRhbCI6IjAiLCJ2ZXJ0aWNhbCI6IjAiLCJibHVyIjoiOSIsInNwcmVhZCI6IjAiLCJjb2xvciI6InJnYmEoMCwgMCwgMCwgLjE1KSJ9fX0=&#8221; wd_z_index=&#8221;no&#8221;][vc_column mobile_bg_img_hidden=&#8221;no&#8221; tablet_bg_img_hidden=&#8221;no&#8221; woodmart_parallax=&#8221;0&#8243; woodmart_sticky_column=&#8221;false&#8221; parallax_scroll=&#8221;no&#8221; mobile_reset_margin=&#8221;no&#8221; tablet_reset_margin=&#8221;no&#8221;][vc_single_image image=&#8221;35258&#8243; img_size=&#8221;full&#8221; alignment=&#8221;center&#8221; style=&#8221;vc_box_shadow&#8221; onclick=&#8221;link_image&#8221; parallax_scroll=&#8221;no&#8221; woodmart_inline=&#8221;no&#8221;][\/vc_column][\/vc_row][vc_row][vc_column]\n\t\t<div id=\"wd-66d56b87790c0\" class=\"title-wrapper wd-wpb wd-set-mb reset-last-child  wd-rs-66d56b87790c0 wd-title-color-default wd-title-style-default text-center  wd-underline-colored\">\n\t\t\t\n\t\t\t<div class=\"liner-continer\">\n\t\t\t\t<h3 class=\"woodmart-title-container title  wd-font-weight- wd-fontsize-l\" >Copripiumino Matrimoniale Bianco Lino<\/h3>\n\t\t\t\t\t\t\t<\/div>\n\t\t\t\n\t\t\t\n\t\t\t\n\t\t<\/div>\n\t\t\n\t\t[vc_column_text text_larger=&#8221;no&#8221; woodmart_inline=&#8221;no&#8221;]<\/p>\n<p style=\"text-align: justify;\">Per noi, la biancheria per la casa rappresenta l&#8217;armoniosa fusione tra comfort, lusso e un&#8217;irresistibile aura di familiarit\u00e0. <strong>Quando ti immergi nel tuo letto coperto da questo capolavoro, sentirai la differenza immediatamente.<br \/>\n<\/strong>Siamo qui per soddisfare le tue esigenze e garantire che la tua esperienza di sonno sia sempre all&#8217;altezza delle tue aspettative. <strong>Acquista con fiducia da Marini&amp;Gerardi, perch\u00e9 la tua soddisfazione \u00e8 la nostra priorit\u00e0.<\/strong><\/p>\n<p style=\"text-align: justify;\">Rendiamo il lusso e il comfort accessibili direttamente nella tua camera da letto grazie alla vendita online. Non lasciarti sfuggire l&#8217;opportunit\u00e0 di trasformare la tua zona notte in un&#8217;oasi di eleganza e comfort con il nostro CLASSIC &#8211; Copripiumino Matrimoniale Bianco Naturale con Applicazione Centrale Ricamata in Lino.<\/p>\n<p>[\/vc_column_text][\/vc_column][\/vc_row]<\/p>\n<\/div>","protected":false},"excerpt":{"rendered":"<p style=\"text-align: justify;\"><strong>CLASSIC 01\u00a0 &#8211; Copripiumino in Puro Lino<\/strong> Stropicciato di primissima qualit\u00e0, la Biancheria di Lusso con il familiare comfort del tradizionale letto della nonna.<br \/>\n<strong>Offerta limitata nel tempo.<\/strong><\/p>\n","protected":false},"featured_media":35252,"template":"","meta":[],"product_brand":[],"product_cat":[460,461,2889],"product_tag":[598],"class_list":{"0":"post-35251","1":"product","2":"type-product","3":"status-publish","4":"has-post-thumbnail","6":"product_cat-biancheria-letto","7":"product_cat-copripiumini","8":"product_cat-copripiumini-puro-lino","9":"product_tag-copripiumino","11":"first","12":"instock","13":"taxable","14":"shipping-taxable","15":"purchasable","16":"product-type-simple"},"_links":{"self":[{"href":"https:\/\/www.marinigerardi.it\/shop\/wp-json\/wp\/v2\/product\/35251","targetHints":{"allow":["GET"]}}],"collection":[{"href":"https:\/\/www.marinigerardi.it\/shop\/wp-json\/wp\/v2\/product"}],"about":[{"href":"https:\/\/www.marinigerardi.it\/shop\/wp-json\/wp\/v2\/types\/product"}],"wp:featuredmedia":[{"embeddable":true,"href":"https:\/\/www.marinigerardi.it\/shop\/wp-json\/wp\/v2\/media\/35252"}],"wp:attachment":[{"href":"https:\/\/www.marinigerardi.it\/shop\/wp-json\/wp\/v2\/media?parent=35251"}],"wp:term":[{"taxonomy":"product_brand","embeddable":true,"href":"https:\/\/www.marinigerardi.it\/shop\/wp-json\/wp\/v2\/product_brand?post=35251"},{"taxonomy":"product_cat","embeddable":true,"href":"https:\/\/www.marinigerardi.it\/shop\/wp-json\/wp\/v2\/product_cat?post=35251"},{"taxonomy":"product_tag","embeddable":true,"href":"https:\/\/www.marinigerardi.it\/shop\/wp-json\/wp\/v2\/product_tag?post=35251"}],"curies":[{"name":"wp","href":"https:\/\/api.w.org\/{rel}","templated":true}]}}