{"id":34965,"date":"2022-02-16T15:09:54","date_gmt":"2022-02-16T15:09:54","guid":{"rendered":"https:\/\/www.marinigerardi.it\/shop\/?post_type=product&#038;p=34965"},"modified":"2025-03-23T11:20:35","modified_gmt":"2025-03-23T11:20:35","slug":"lenzuola-sotto-con-angoli-matrimoniale-di-cotone","status":"publish","type":"product","link":"https:\/\/www.marinigerardi.it\/shop\/prodotto\/lenzuola-sotto-con-angoli-matrimoniale-di-cotone\/","title":{"rendered":"FLORENCE 200 &#8211; Lenzuola Sotto con angoli Matrimoniale (sotto) &#8211; Singole e alla Francese"},"content":{"rendered":"<div class=\"wpb-content-wrapper\"><p>[vc_row equal_height=&#8221;yes&#8221; mobile_bg_img_hidden=&#8221;no&#8221; tablet_bg_img_hidden=&#8221;no&#8221; woodmart_parallax=&#8221;0&#8243; woodmart_gradient_switch=&#8221;no&#8221; row_reverse_mobile=&#8221;0&#8243; row_reverse_tablet=&#8221;0&#8243; woodmart_disable_overflow=&#8221;0&#8243;][vc_column offset=&#8221;vc_col-lg-6 vc_col-md-6&#8243; mobile_bg_img_hidden=&#8221;no&#8221; tablet_bg_img_hidden=&#8221;no&#8221; woodmart_parallax=&#8221;0&#8243; woodmart_sticky_column=&#8221;false&#8221; parallax_scroll=&#8221;no&#8221; mobile_reset_margin=&#8221;no&#8221; tablet_reset_margin=&#8221;no&#8221; css=&#8221;.vc_custom_1613071403480{margin-top: 0px !important;}&#8221;]\n\t\t<div id=\"wd-67dfed03bdbbe\" class=\"title-wrapper wd-wpb wd-set-mb reset-last-child  wd-rs-67dfed03bdbbe wd-title-color-primary wd-title-style-bordered text-left vc_custom_1742728479856 wd-underline-colored\">\n\t\t\t\n\t\t\t<div class=\"liner-continer\">\n\t\t\t\t<h2 class=\"woodmart-title-container title  wd-font-weight-600 wd-fontsize-l\" >FLORENCE 200 - Lenzuola Sotto con angoli Matrimoniale, una piazza e mezza, Lenzuola singole<\/h2>\n\t\t\t\t\t\t\t<\/div>\n\t\t\t\n\t\t\t\t\t\t\t<div class=\"title-after_title reset-last-child  wd-fontsize-xs\">Lenzuola Percalle di Cotone TU | Sotto<\/div>\n\t\t\t\n\t\t\t\n\t\t<\/div>\n\t\t\n\t\t\t\t<div id=\"wd-6537c6b465500\" class=\"wd-text-block wd-wpb reset-last-child wd-rs-6537c6b465500 text-left \">\n\t\t\t<p style=\"text-align: justify;\">Le Lenzuola in Cotone sono di manifattura artigianale realizzate con il tessuto <strong>Zefiro Florece<\/strong> 100% cotone italiano di primissima qualit\u00e0, liscio e vellutato, per una morbida emozione sul tuo corpo. Un soffio di luce dal fascino mediterraneo:<strong> il tuo letto sar\u00e0 sempre protagonista della bella stagione<\/strong><\/p>\n\t\t<\/div>\n\t\t[vc_message message_box_style=&#8221;outline&#8221; message_box_color=&#8221;grey&#8221; css=&#8221;&#8221;]Questa offerta include solo <strong>un <a href=\"https:\/\/www.marinigerardi.it\/shop\/prodotto\/lenzuola-sotto-con-angoli-matrimoniale-di-cotone\/\">Lenzuolo Sotto<\/a><\/strong>. Per lenzuolo sopra, si prega di ricercare:\u00a0 <span style=\"color: #0000ff;\"><a style=\"color: #0000ff;\" href=\"https:\/\/www.marinigerardi.it\/shop\/prodotto\/lenzuola-percalle-di-cotone-tinta-unita\/\"><strong>Florence\/Lenzuolo Sopra<\/strong><\/a>,<\/span> per le federe, ricercare:<strong>\u00a0 <span style=\"color: #0000ff;\"><a style=\"color: #0000ff;\" href=\"https:\/\/www.marinigerardi.it\/shop\/prodotto\/tramontana-federe-cuscini-letto-in-puro-cotone\/\">Florence\/Federe<\/a>. <\/span><\/strong>Se avete necessit\u00e0 di altre misure contattateci ad: <strong>assistenza@marinigerardi.it<\/strong>[\/vc_message]<div id=\"wd-6537c6846b3fa\" class=\" wd-rs-6537c6846b3fa  wd-button-wrapper text-left\"><a href=\"https:\/\/www.marinigerardi.it\/shop\/guida-misure-per-la-biancheria-letto\/\" title=\"GUIDA MISURE PER LA BIANCHERIA LETTO\" target=\"_blank\" class=\"btn btn-style-default btn-shape-rectangle btn-size-default btn-icon-pos-left\">GUIDA MISURE PER LA BIANCHERIA LETTO<span class=\"wd-btn-icon\"><span class=\"wd-icon far fa-arrow-alt-circle-right\"><\/span><\/span><\/a><\/div>[\/vc_column][vc_column css=&#8221;.vc_custom_1612434787067{background-position: center !important;background-repeat: no-repeat !important;background-size: cover !important;}&#8221; offset=&#8221;vc_col-lg-6 vc_col-md-6&#8243; mobile_bg_img_hidden=&#8221;no&#8221; tablet_bg_img_hidden=&#8221;no&#8221; woodmart_parallax=&#8221;0&#8243; woodmart_sticky_column=&#8221;false&#8221; parallax_scroll=&#8221;no&#8221; mobile_reset_margin=&#8221;no&#8221; tablet_reset_margin=&#8221;no&#8221;][vc_single_image image=&#8221;34959&#8243; img_size=&#8221;large&#8221; alignment=&#8221;center&#8221; style=&#8221;vc_box_shadow&#8221; onclick=&#8221;link_image&#8221; parallax_scroll=&#8221;no&#8221; woodmart_inline=&#8221;no&#8221;][\/vc_column][\/vc_row][vc_row][vc_column][vc_empty_space woodmart_hide_large=&#8221;0&#8243; woodmart_hide_medium=&#8221;0&#8243; woodmart_hide_small=&#8221;0&#8243;]\n\t\t<div id=\"wd-67dfed1cf2d8a\" class=\"title-wrapper wd-wpb wd-set-mb reset-last-child  wd-rs-67dfed1cf2d8a wd-title-color-default wd-title-style-default text-center  wd-underline-colored\">\n\t\t\t\n\t\t\t<div class=\"liner-continer\">\n\t\t\t\t<h3 class=\"woodmart-title-container title  wd-font-weight- wd-fontsize-l\" >Lenzuola Sotto con angoli Matrimoniale, una piazza e mezza, Lenzuola singole<\/h3>\n\t\t\t\t\t\t\t<\/div>\n\t\t\t\n\t\t\t\n\t\t\t\n\t\t<\/div>\n\t\t\n\t\t[\/vc_column][\/vc_row][vc_row content_placement=&#8221;middle&#8221; woodmart_bg_position=&#8221;center-bottom&#8221; css=&#8221;.vc_custom_1698154274823{background-color: #f3f3f3 !important;background-position: 0 0 !important;background-repeat: no-repeat !important;}&#8221; el_class=&#8221;mobile-bg-img-hidden&#8221; mobile_bg_img_hidden=&#8221;no&#8221; tablet_bg_img_hidden=&#8221;no&#8221; woodmart_parallax=&#8221;0&#8243; woodmart_gradient_switch=&#8221;no&#8221; row_reverse_mobile=&#8221;0&#8243; row_reverse_tablet=&#8221;0&#8243; woodmart_disable_overflow=&#8221;0&#8243; woodmart_css_id=&#8221;6537c7183ac90&#8243; responsive_spacing=&#8221;eyJwYXJhbV90eXBlIjoid29vZG1hcnRfcmVzcG9uc2l2ZV9zcGFjaW5nIiwic2VsZWN0b3JfaWQiOiI2NTM3YzcxODNhYzkwIiwic2hvcnRjb2RlIjoidmNfcm93IiwiZGF0YSI6eyJ0YWJsZXQiOnt9LCJtb2JpbGUiOnt9fX0=&#8221; woodmart_box_shadow=&#8221;yes&#8221; wd_box_shadow=&#8221;eyJkZXZpY2VzIjp7ImRlc2t0b3AiOnsiaG9yaXpvbnRhbCI6IjAiLCJ2ZXJ0aWNhbCI6IjAiLCJibHVyIjoiOSIsInNwcmVhZCI6IjAiLCJjb2xvciI6InJnYmEoMCwgMCwgMCwgLjE1KSJ9fX0=&#8221; wd_z_index=&#8221;no&#8221;][vc_column mobile_bg_img_hidden=&#8221;no&#8221; tablet_bg_img_hidden=&#8221;no&#8221; woodmart_parallax=&#8221;0&#8243; woodmart_sticky_column=&#8221;false&#8221; parallax_scroll=&#8221;no&#8221; mobile_reset_margin=&#8221;no&#8221; tablet_reset_margin=&#8221;no&#8221;][vc_single_image image=&#8221;34943&#8243; img_size=&#8221;large&#8221; alignment=&#8221;center&#8221; style=&#8221;vc_box_shadow&#8221; onclick=&#8221;link_image&#8221; parallax_scroll=&#8221;no&#8221; woodmart_inline=&#8221;no&#8221;][\/vc_column][\/vc_row][vc_row][vc_column]\n\t\t<div id=\"wd-67dfed2d49855\" class=\"title-wrapper wd-wpb wd-set-mb reset-last-child  wd-rs-67dfed2d49855 wd-title-color-primary wd-title-style-bordered text-center justify  wd-underline-colored\">\n\t\t\t\n\t\t\t<div class=\"liner-continer\">\n\t\t\t\t<h3 class=\"woodmart-title-container title  wd-font-weight-400 wd-fontsize-l\" >FLORENCE 200 - Lenzuola Sotto con angoli Matrimoniale, una piazza e mezza, singole<\/h3>\n\t\t\t\t\t\t\t<\/div>\n\t\t\t\n\t\t\t\t\t\t\t<div class=\"title-after_title reset-last-child  wd-fontsize-xs\">Lenzuola Percalle di Cotone Tinta Unita - Qualit\u00e0 Italiana<br \/>\nHome Fashion Marini&amp;Gerardi<\/div>\n\t\t\t\n\t\t\t\n\t\t<\/div>\n\t\t\n\t\t[vc_column_text text_larger=&#8221;no&#8221; woodmart_inline=&#8221;no&#8221;]<\/p>\n<p style=\"text-align: justify;\"><strong>Un Lenzuolo Cotone Percalle speciale per progettare una casa confortevole e accogliente.<\/strong><br \/>\nVersatile e dal look contemporaneo, questo articolo \u00e8 disponibile in un\u2019ampia palette di colori che spazia dai toni classici a quelli pi\u00f9 pop, che sfumano da nuance chiare a quelle pi\u00f9 intense. <a href=\"https:\/\/www.marinigerardi.it\/shop\/prodotto\/tessuto-percalle-di-cotone-florence\/\">Tessuto per biancheria letto<\/a>, dall\u2019 aspetto naturale si presta agli abbinamenti pi\u00f9 svariati, capaci d\u2019infondere una nota di grande eleganza. Morbido e piacevole sulla pelle e dolce al tatto, versione sofisticata e contemporanea di un tessuto tradizionale.<br \/>\nLe nostre lenzuola in Cotone sono di facile manutenzione, si lavano in lavatrice con cautela perch\u00e8 belle e preziose.<\/p>\n<p>[\/vc_column_text][\/vc_column][\/vc_row][vc_row css=&#8221;.vc_custom_1698154215167{background-color: #f3f3f3 !important;}&#8221; woodmart_css_id=&#8221;6537c6de62533&#8243; responsive_spacing=&#8221;eyJwYXJhbV90eXBlIjoid29vZG1hcnRfcmVzcG9uc2l2ZV9zcGFjaW5nIiwic2VsZWN0b3JfaWQiOiI2NTM3YzZkZTYyNTMzIiwic2hvcnRjb2RlIjoidmNfcm93IiwiZGF0YSI6eyJ0YWJsZXQiOnt9LCJtb2JpbGUiOnt9fX0=&#8221; mobile_bg_img_hidden=&#8221;no&#8221; tablet_bg_img_hidden=&#8221;no&#8221; woodmart_parallax=&#8221;0&#8243; woodmart_gradient_switch=&#8221;no&#8221; woodmart_box_shadow=&#8221;yes&#8221; wd_box_shadow=&#8221;eyJkZXZpY2VzIjp7ImRlc2t0b3AiOnsiaG9yaXpvbnRhbCI6IjAiLCJ2ZXJ0aWNhbCI6IjAiLCJibHVyIjoiOSIsInNwcmVhZCI6IjAiLCJjb2xvciI6InJnYmEoMCwgMCwgMCwgLjE1KSJ9fX0=&#8221; wd_z_index=&#8221;no&#8221; woodmart_disable_overflow=&#8221;0&#8243; row_reverse_mobile=&#8221;0&#8243; row_reverse_tablet=&#8221;0&#8243;][vc_column][vc_single_image image=&#8221;36428&#8243; img_size=&#8221;full&#8221; alignment=&#8221;center&#8221; style=&#8221;vc_box_shadow&#8221; onclick=&#8221;link_image&#8221; parallax_scroll=&#8221;no&#8221; woodmart_inline=&#8221;no&#8221;][\/vc_column][\/vc_row][vc_row][vc_column]\n\t\t<div id=\"wd-67dfeddd30807\" class=\"title-wrapper wd-wpb wd-set-mb reset-last-child  wd-rs-67dfeddd30807 wd-title-color-default wd-title-style-bordered text-center  wd-underline-colored\">\n\t\t\t\n\t\t\t<div class=\"liner-continer\">\n\t\t\t\t<h3 class=\"woodmart-title-container title  wd-font-weight-600 wd-fontsize-l\" >Lenzuola Sotto con angoli Matrimoniale<\/h3>\n\t\t\t\t\t\t\t<\/div>\n\t\t\t\n\t\t\t\n\t\t\t\n\t\t<\/div>\n\t\t\n\t\t[\/vc_column][\/vc_row][vc_row css=&#8221;.vc_custom_1698154215167{background-color: #f3f3f3 !important;}&#8221; woodmart_css_id=&#8221;6537c6de62533&#8243; responsive_spacing=&#8221;eyJwYXJhbV90eXBlIjoid29vZG1hcnRfcmVzcG9uc2l2ZV9zcGFjaW5nIiwic2VsZWN0b3JfaWQiOiI2NTM3YzZkZTYyNTMzIiwic2hvcnRjb2RlIjoidmNfcm93IiwiZGF0YSI6eyJ0YWJsZXQiOnt9LCJtb2JpbGUiOnt9fX0=&#8221; mobile_bg_img_hidden=&#8221;no&#8221; tablet_bg_img_hidden=&#8221;no&#8221; woodmart_parallax=&#8221;0&#8243; woodmart_gradient_switch=&#8221;no&#8221; woodmart_box_shadow=&#8221;yes&#8221; wd_box_shadow=&#8221;eyJkZXZpY2VzIjp7ImRlc2t0b3AiOnsiaG9yaXpvbnRhbCI6IjAiLCJ2ZXJ0aWNhbCI6IjAiLCJibHVyIjoiOSIsInNwcmVhZCI6IjAiLCJjb2xvciI6InJnYmEoMCwgMCwgMCwgLjE1KSJ9fX0=&#8221; wd_z_index=&#8221;no&#8221; woodmart_disable_overflow=&#8221;0&#8243; row_reverse_mobile=&#8221;0&#8243; row_reverse_tablet=&#8221;0&#8243;][vc_column][vc_single_image image=&#8221;64997&#8243; img_size=&#8221;full&#8221; alignment=&#8221;center&#8221; style=&#8221;vc_box_shadow&#8221; onclick=&#8221;link_image&#8221; parallax_scroll=&#8221;no&#8221; woodmart_inline=&#8221;no&#8221;][\/vc_column][\/vc_row][vc_row][vc_column]\n\t\t<div id=\"wd-67dfee41882ee\" class=\"title-wrapper wd-wpb wd-set-mb reset-last-child  wd-rs-67dfee41882ee wd-title-color-default wd-title-style-bordered text-center  wd-underline-colored\">\n\t\t\t\n\t\t\t<div class=\"liner-continer\">\n\t\t\t\t<h3 class=\"woodmart-title-container title  wd-font-weight-600 wd-fontsize-l\" >Lenzuola Sotto con angoli Matrimoniale, una piazza e mezza, singolo<\/h3>\n\t\t\t\t\t\t\t<\/div>\n\t\t\t\n\t\t\t\t\t\t\t<div class=\"title-after_title reset-last-child  wd-fontsize-xs\">Spigolature: Il Cotone Percalle COSA \u00c8<\/div>\n\t\t\t\n\t\t\t\n\t\t<\/div>\n\t\t\n\t\t[\/vc_column][\/vc_row][vc_row][vc_column][vc_message message_box_style=&#8221;outline&#8221;]<\/p>\n<p style=\"text-align: justify;\">Il cotone percalle \u00e8 noto per la sua leggerezza, la sua trama liscia e il suo aspetto fresco e pulito. Il nome \u201cpercalle\u201d deriva dal francese \u201cpercale,\u201d che a sua volta ha radici persiane, indicando la sua origine e diffusione attraverso la Persia (l\u2019attuale Iran).<br \/>\nLe caratteristiche distintive del cotone percalle includono un tessuto a armatura semplice con fili altamente ritorti e un\u2019elevata densit\u00e0 di fili per pollice quadrato. Questa costruzione tessile conferisce al percalle la sua superficie liscia, resistente e fresca al tatto. Il cotone percalle \u00e8 noto per essere traspirante e adatto all\u2019uso durante le stagioni calde, poich\u00e9 favorisce la circolazione dell\u2019aria e assorbe l\u2019umidit\u00e0 corporea.<br \/>\nSolitamente, il cotone percalle \u00e8 utilizzato nella produzione di biancheria da letto, come lenzuola, federe, e coperte estive, ma pu\u00f2 anche essere utilizzato per abiti leggeri, camicie e abbigliamento da casa. Grazie alla sua sensazione di freschezza e leggerezza, il cotone percalle \u00e8 una scelta popolare per coloro che cercano tessuti di alta qualit\u00e0 per le stagioni pi\u00f9 calde.<\/p>\n<p>[\/vc_message][\/vc_column][\/vc_row]<\/p>\n<\/div>","protected":false},"excerpt":{"rendered":"<p style=\"text-align: justify;\"><strong>FLORENCE 200 &#8211; Lenzuola Sotto con angoli Matrimoniale Una Piazza e Mezza e la Singola <\/strong>confezionate con Zefiro Florence tessuto di Cotone Percalle Extra Lusso, fresco, leggero e vellutato al tatto, di primissima qualit\u00e0 Italiana.<\/p>\n","protected":false},"featured_media":34966,"template":"","meta":[],"product_brand":[],"product_cat":[460,614,3611,1563],"product_tag":[1615,503,1629],"class_list":{"0":"post-34965","1":"product","2":"type-product","3":"status-publish","4":"has-post-thumbnail","6":"product_cat-biancheria-letto","7":"product_cat-lenzuola","8":"product_cat-lenzuola-con-angoli","9":"product_cat-lenzuolo-sotto","10":"product_tag-biancheria-letto","11":"product_tag-lenzuola-con-angoli","12":"product_tag-lenzuola-sotto","14":"first","15":"instock","16":"taxable","17":"shipping-taxable","18":"purchasable","19":"product-type-simple"},"_links":{"self":[{"href":"https:\/\/www.marinigerardi.it\/shop\/wp-json\/wp\/v2\/product\/34965","targetHints":{"allow":["GET"]}}],"collection":[{"href":"https:\/\/www.marinigerardi.it\/shop\/wp-json\/wp\/v2\/product"}],"about":[{"href":"https:\/\/www.marinigerardi.it\/shop\/wp-json\/wp\/v2\/types\/product"}],"wp:featuredmedia":[{"embeddable":true,"href":"https:\/\/www.marinigerardi.it\/shop\/wp-json\/wp\/v2\/media\/34966"}],"wp:attachment":[{"href":"https:\/\/www.marinigerardi.it\/shop\/wp-json\/wp\/v2\/media?parent=34965"}],"wp:term":[{"taxonomy":"product_brand","embeddable":true,"href":"https:\/\/www.marinigerardi.it\/shop\/wp-json\/wp\/v2\/product_brand?post=34965"},{"taxonomy":"product_cat","embeddable":true,"href":"https:\/\/www.marinigerardi.it\/shop\/wp-json\/wp\/v2\/product_cat?post=34965"},{"taxonomy":"product_tag","embeddable":true,"href":"https:\/\/www.marinigerardi.it\/shop\/wp-json\/wp\/v2\/product_tag?post=34965"}],"curies":[{"name":"wp","href":"https:\/\/api.w.org\/{rel}","templated":true}]}}