{"id":34901,"date":"2022-02-13T22:02:29","date_gmt":"2022-02-13T22:02:29","guid":{"rendered":"https:\/\/www.marinigerardi.it\/shop\/?post_type=product&#038;p=34901"},"modified":"2025-12-19T23:42:31","modified_gmt":"2025-12-19T23:42:31","slug":"set-completo-lenzuola-matrimoniali-cotone-percalle","status":"publish","type":"product","link":"https:\/\/www.marinigerardi.it\/shop\/prodotto\/set-completo-lenzuola-matrimoniali-cotone-percalle\/","title":{"rendered":"MAESTRALE 200 &#8211; Set Completo Lenzuola Matrimoniali Cotone Percalle"},"content":{"rendered":"<div class=\"wpb-content-wrapper\"><p>[vc_row equal_height=&#8221;yes&#8221; mobile_bg_img_hidden=&#8221;no&#8221; tablet_bg_img_hidden=&#8221;no&#8221; woodmart_parallax=&#8221;0&#8243; woodmart_gradient_switch=&#8221;no&#8221; row_reverse_mobile=&#8221;0&#8243; row_reverse_tablet=&#8221;0&#8243; woodmart_disable_overflow=&#8221;0&#8243;][vc_column offset=&#8221;vc_col-lg-6 vc_col-md-6&#8243; mobile_bg_img_hidden=&#8221;no&#8221; tablet_bg_img_hidden=&#8221;no&#8221; woodmart_parallax=&#8221;0&#8243; woodmart_sticky_column=&#8221;false&#8221; parallax_scroll=&#8221;no&#8221; mobile_reset_margin=&#8221;no&#8221; tablet_reset_margin=&#8221;no&#8221; css=&#8221;.vc_custom_1613071403480{margin-top: 0px !important;}&#8221;]\n\t\t<div id=\"wd-6945e2b431937\" class=\"title-wrapper wd-wpb wd-set-mb reset-last-child  wd-rs-6945e2b431937 wd-title-color-primary wd-title-style-bordered text-left vc_custom_1766187650588 wd-underline-colored\">\n\t\t\t\n\t\t\t<div class=\"liner-continer\">\n\t\t\t\t<h2 class=\"woodmart-title-container title  wd-font-weight- wd-fontsize-l\" >MAESTRALE 200 - Set Completo Lenzuola Matrimoniali Cotone Percalle<\/h2>\n\t\t\t\t\t\t\t<\/div>\n\t\t\t\n\t\t\t\n\t\t\t\n\t\t<\/div>\n\t\t\n\t\t\t\t<div id=\"wd-6838c242bedb7\" class=\"wd-text-block wd-wpb reset-last-child wd-rs-6838c242bedb7 text-left \">\n\t\t\t<p style=\"text-align: justify;\"><strong>Set Lenzuola Matrimoniali Cotone realizzate in percalle raffinatissimo per una versione sofisticata, seducente e contemporanea di un tessuto tradizionale<\/strong>. <strong>MAESTRALE<\/strong> regala alla tua pelle sensazioni ed emozioni mai provate con una lucentezza appena percettibile. <strong>New design ad incrocio centrale con inserto a colore Alta Sartoria,<\/strong> morbido e piacevole sulla pelle e dolce e vellutato al tatto. Maestrale \u00e8 disponibile nei toni neutri e nei meravigliosi colori di stagione<br \/>\nLe nostre Lenzuola sono di facile manutenzione, si lavano in lavatrice con cautela perch\u00e8 belle e preziose.<\/p>\n\t\t<\/div>\n\t\t\t\t\t<div class=\"info-box-wrapper\">\n\t\t\t\t<div id=\"wd-6838c227c420c\" class=\" wd-rs-6838c227c420c wd-info-box wd-wpb text-left box-icon-align-top box-style-border color-scheme- wd-bg-none \">\n\t\t\t\t\t\t\t\t\t\t<div class=\"info-box-content\">\n\t\t\t\t\t\t\t\t\t\t\t\t<div class=\"info-box-inner reset-last-child\"><\/p>\n<p style=\"text-align: justify;\"><a href=\"https:\/\/www.marinigerardi.it\/shop\/prodotto\/set-completo-lenzuola-matrimoniali-cotone-percalle\/\">Questa offerta include<\/a> n.1<strong>\u00a0Lenzuola Matrimoniali Cotone sopra con inserto in doppio colore + un lenzuolo sotto Tinta Unita + federe cuscino in combinazione.<\/strong><br \/>\nPer altre misure contattate: <strong>assistenza@marinigerardi.it <\/strong><\/p>\n<p>\n<\/div>\n\n\t\t\t\t\t\t\t\t\t\t\t<\/div>\n\n\t\t\t\t\t\n\t\t\t\t\t\t\t\t\t<\/div>\n\t\t\t<\/div>\n\t\t<div id=\"wd-61a480de23dff\" class=\" wd-rs-61a480de23dff  wd-button-wrapper text-left\"><a href=\"https:\/\/www.marinigerardi.it\/shop\/guida-misure-per-la-biancheria-letto\/\" title=\"GUIDA MISURE PER LA BIANCHERIA LETTO\" target=\"_blank\" class=\"btn btn-style-link btn-shape-rectangle btn-size-default\">Guida misure Biancheria Letto<\/a><\/div>[\/vc_column][vc_column css=&#8221;.vc_custom_1612434787067{background-position: center !important;background-repeat: no-repeat !important;background-size: cover !important;}&#8221; offset=&#8221;vc_col-lg-6 vc_col-md-6&#8243; mobile_bg_img_hidden=&#8221;no&#8221; tablet_bg_img_hidden=&#8221;no&#8221; woodmart_parallax=&#8221;0&#8243; woodmart_sticky_column=&#8221;false&#8221; parallax_scroll=&#8221;no&#8221; mobile_reset_margin=&#8221;no&#8221; tablet_reset_margin=&#8221;no&#8221;][vc_single_image image=&#8221;34907&#8243; img_size=&#8221;large&#8221; alignment=&#8221;center&#8221; style=&#8221;vc_box_shadow&#8221; onclick=&#8221;link_image&#8221; parallax_scroll=&#8221;no&#8221; woodmart_inline=&#8221;no&#8221;][\/vc_column][\/vc_row][vc_row][vc_column][vc_empty_space woodmart_hide_large=&#8221;0&#8243; woodmart_hide_medium=&#8221;0&#8243; woodmart_hide_small=&#8221;0&#8243;]\n\t\t<div id=\"wd-6945e2bf262d9\" class=\"title-wrapper wd-wpb wd-set-mb reset-last-child  wd-rs-6945e2bf262d9 wd-title-color-primary wd-title-style-bordered text-center justify  wd-underline-colored\">\n\t\t\t\n\t\t\t<div class=\"liner-continer\">\n\t\t\t\t<h3 class=\"woodmart-title-container title  wd-font-weight- wd-fontsize-l\" >MAESTRALE - Set Completo Lenzuola Matrimoniali Cotone Percalle<\/h3>\n\t\t\t\t\t\t\t<\/div>\n\t\t\t\n\t\t\t\t\t\t\t<div class=\"title-after_title reset-last-child  wd-fontsize-xs\">Set Lenzuola Singole - Set lenzuola una Piazza e Mezza<\/div>\n\t\t\t\n\t\t\t\n\t\t<\/div>\n\t\t\n\t\t[\/vc_column][\/vc_row][vc_row content_placement=&#8221;middle&#8221; woodmart_bg_position=&#8221;center-bottom&#8221; css=&#8221;.vc_custom_1612561188989{background-color: #e5e5e5 !important;background-position: 0 0 !important;background-repeat: no-repeat !important;}&#8221; el_class=&#8221;mobile-bg-img-hidden&#8221; mobile_bg_img_hidden=&#8221;no&#8221; tablet_bg_img_hidden=&#8221;no&#8221; woodmart_parallax=&#8221;0&#8243; woodmart_gradient_switch=&#8221;no&#8221; row_reverse_mobile=&#8221;0&#8243; row_reverse_tablet=&#8221;0&#8243; woodmart_disable_overflow=&#8221;0&#8243;][vc_column mobile_bg_img_hidden=&#8221;no&#8221; tablet_bg_img_hidden=&#8221;no&#8221; woodmart_parallax=&#8221;0&#8243; woodmart_sticky_column=&#8221;false&#8221; parallax_scroll=&#8221;no&#8221; mobile_reset_margin=&#8221;no&#8221; tablet_reset_margin=&#8221;no&#8221;][vc_single_image image=&#8221;64892&#8243; img_size=&#8221;full&#8221; alignment=&#8221;center&#8221; style=&#8221;vc_box_shadow&#8221; onclick=&#8221;link_image&#8221; parallax_scroll=&#8221;no&#8221; woodmart_inline=&#8221;no&#8221;][\/vc_column][\/vc_row][vc_row][vc_column]\n\t\t<div id=\"wd-6945e2d422fc1\" class=\"title-wrapper wd-wpb wd-set-mb reset-last-child  wd-rs-6945e2d422fc1 wd-title-color-default wd-title-style-bordered text-left  wd-underline-colored\">\n\t\t\t\n\t\t\t<div class=\"liner-continer\">\n\t\t\t\t<h3 class=\"woodmart-title-container title  wd-font-weight- wd-fontsize-l\" >Set Completo Lenzuola Matrimoniali Cotone Percalle<\/h3>\n\t\t\t\t\t\t\t<\/div>\n\t\t\t\n\t\t\t\n\t\t\t\n\t\t<\/div>\n\t\t\n\t\t\t\t<div id=\"wd-6526dc879de8c\" class=\"wd-text-block wd-wpb reset-last-child wd-rs-6526dc879de8c text-left \">\n\t\t\t<p style=\"text-align: justify;\"><strong>Questa \u00e8 l\u2019ITALIA della tradizione tessile: Bella ed Informale.<br \/>\n<\/strong>Tessuti <a href=\"https:\/\/lenzuola.eu\/\" target=\"_blank\" rel=\"noopener nofollow\">Italiani<\/a> professionali firmati Marini&amp;Gerardi \u2026. Benvenuti a Maestrale Collection che rappresenta l\u2019interpretazione moderna e Fashion di come gli ambienti della casa possono essere rimessi completamente a nuovo. Tenendo sempre presente la praticit\u00e0, la qualit\u00e0 e il gusto delle moderne tendenze senza dimenticare le esigenze del vivere dei nostro quotidiano.<\/p>\n\t\t<\/div>\n\t\t[vc_message message_box_style=&#8221;outline&#8221;]<\/p>\n<p style=\"text-align: justify;\">Il cotone percalle \u00e8 noto per la sua leggerezza, la sua trama liscia e il suo aspetto fresco e pulito. Il nome \u201cpercalle\u201d deriva dal francese \u201cpercale,\u201d che a sua volta ha radici persiane, indicando la sua origine e diffusione attraverso la Persia (l\u2019attuale Iran).<br \/>\nLe caratteristiche distintive del cotone percalle includono un tessuto a armatura semplice con fili altamente ritorti e un\u2019elevata densit\u00e0 di fili per pollice quadrato. Questa costruzione tessile conferisce al percalle la sua superficie liscia, resistente e fresca al tatto. Il cotone percalle \u00e8 noto per essere traspirante e adatto all\u2019uso durante le stagioni calde, poich\u00e9 favorisce la circolazione dell\u2019aria e assorbe l\u2019umidit\u00e0 corporea.<br \/>\nSolitamente, il cotone percalle \u00e8 utilizzato nella produzione di biancheria da letto, come lenzuola, federe, e coperte estive, ma pu\u00f2 anche essere utilizzato per abiti leggeri, camicie e abbigliamento da casa. Grazie alla sua sensazione di freschezza e leggerezza, il cotone percalle \u00e8 una scelta popolare per coloro che cercano tessuti di alta qualit\u00e0 per le stagioni pi\u00f9 calde.<\/p>\n<p>[\/vc_message][\/vc_column][\/vc_row]<\/p>\n<\/div>","protected":false},"excerpt":{"rendered":"<p><strong>MAESTRALE 200 &#8211; Completo Lenzuola Matrimoniali Cotone, Set Lenzuolo Singolo e Una Piazza e Mezzo di<\/strong> Qualit\u00e0 Extra Lusso. Eccezionale Design e cura dei particolari per una collezione dai colori veramente esclusivi, la migliore espressione del gusto italiano.<\/p>\n","protected":false},"featured_media":34904,"template":"","meta":[],"product_brand":[],"product_cat":[460,614,1524,3672],"product_tag":[1606],"class_list":{"0":"post-34901","1":"product","2":"type-product","3":"status-publish","4":"has-post-thumbnail","6":"product_cat-biancheria-letto","7":"product_cat-lenzuola","8":"product_cat-set-lenzuola","9":"product_cat-set-lenzuola-cotone","10":"product_tag-set-lenzuola","12":"first","13":"instock","14":"taxable","15":"shipping-taxable","16":"purchasable","17":"product-type-simple"},"_links":{"self":[{"href":"https:\/\/www.marinigerardi.it\/shop\/wp-json\/wp\/v2\/product\/34901","targetHints":{"allow":["GET"]}}],"collection":[{"href":"https:\/\/www.marinigerardi.it\/shop\/wp-json\/wp\/v2\/product"}],"about":[{"href":"https:\/\/www.marinigerardi.it\/shop\/wp-json\/wp\/v2\/types\/product"}],"wp:featuredmedia":[{"embeddable":true,"href":"https:\/\/www.marinigerardi.it\/shop\/wp-json\/wp\/v2\/media\/34904"}],"wp:attachment":[{"href":"https:\/\/www.marinigerardi.it\/shop\/wp-json\/wp\/v2\/media?parent=34901"}],"wp:term":[{"taxonomy":"product_brand","embeddable":true,"href":"https:\/\/www.marinigerardi.it\/shop\/wp-json\/wp\/v2\/product_brand?post=34901"},{"taxonomy":"product_cat","embeddable":true,"href":"https:\/\/www.marinigerardi.it\/shop\/wp-json\/wp\/v2\/product_cat?post=34901"},{"taxonomy":"product_tag","embeddable":true,"href":"https:\/\/www.marinigerardi.it\/shop\/wp-json\/wp\/v2\/product_tag?post=34901"}],"curies":[{"name":"wp","href":"https:\/\/api.w.org\/{rel}","templated":true}]}}