{"id":34862,"date":"2022-02-11T15:05:18","date_gmt":"2022-02-11T15:05:18","guid":{"rendered":"https:\/\/www.marinigerardi.it\/shop\/?post_type=product&#038;p=34862"},"modified":"2025-12-20T00:29:51","modified_gmt":"2025-12-20T00:29:51","slug":"sacco-piumino-matrimoniale-cotone-pettinato","status":"publish","type":"product","link":"https:\/\/www.marinigerardi.it\/shop\/prodotto\/sacco-piumino-matrimoniale-cotone-pettinato\/","title":{"rendered":"MAESTRALE 200 &#8211; Sacco Piumino Matrimoniale Cotone Pettinato"},"content":{"rendered":"<div class=\"wpb-content-wrapper\"><p>[vc_row content_placement=&#8221;middle&#8221; woodmart_css_id=&#8221;61d6c2242280b&#8221; mobile_bg_img_hidden=&#8221;no&#8221; tablet_bg_img_hidden=&#8221;no&#8221; woodmart_parallax=&#8221;0&#8243; woodmart_gradient_switch=&#8221;no&#8221; woodmart_box_shadow=&#8221;no&#8221; wd_z_index=&#8221;no&#8221; woodmart_disable_overflow=&#8221;0&#8243; row_reverse_mobile=&#8221;0&#8243; row_reverse_tablet=&#8221;0&#8243;][vc_column width=&#8221;1\/2&#8243;]\n\t\t<div id=\"wd-6945edbbcd97c\" class=\"title-wrapper wd-wpb wd-set-mb reset-last-child  wd-rs-6945edbbcd97c wd-title-color-primary wd-title-style-default text-left vc_custom_1766190479614 wd-width-enabled wd-underline-colored\" style=\"--wd-max-width: 90%;\">\n\t\t\t\n\t\t\t<div class=\"liner-continer\">\n\t\t\t\t<h2 class=\"woodmart-title-container title  wd-font-weight- wd-fontsize-l\" >MAESTRALE 200 - Sacco Piumino Matrimoniale Cotone pettinato Mattone Arancio \/ Argilla<\/h2>\n\t\t\t\t\t\t\t<\/div>\n\t\t\t\n\t\t\t\n\t\t\t\n\t\t<\/div>\n\t\t\n\t\t[vc_message message_box_style=&#8221;outline&#8221; message_box_color=&#8221;grey&#8221; css=&#8221;&#8221;]Un Sacco Piumino Matrimoniale di manifattura artigianale realizzato con tessuto di cotone italiano di primissima qualit\u00e0 raffinatissimo.\u00a0 Biancheria Casa che avvolge di grande\u00a0 Comfort, di Lusso, ma anche di una certa Informalit\u00e0.<\/p>\n<ul>\n<li>Per questa offerta\u00a0 \u00e8 possibile ordinare: <strong><a href=\"https:\/\/www.marinigerardi.it\/shop\/prodotto\/sacco-piumino-matrimoniale-cotone-pettinato\/\">Sacco Piumino Matrimoniale Cotone + patella<\/a> + federe cuscino + <a href=\"https:\/\/lenzuola.eu\/\" rel=\"nofollow noopener\" target=\"_blank\">Lenzuolo<\/a> Sotto<\/strong>.<\/li>\n<li>Double Face colore da un lato Set Singolo o Set Una Piazza e Mezzo o\u00a0Set Matrimoniale.<\/li>\n<li><strong>Cotone Percalle SUPIMA\u00ae<\/strong> liscio 200 fili con <strong>trattamento indanthrene<\/strong><\/li>\n<li><strong>Design: <\/strong>Unione due colori e cuciture con pieghe che attraversano centralmente il copripiumino a 1\/3.<\/li>\n<\/ul>\n<p>N.B.: I colori dei tessuti presenti nelle immagini possono variare in base al monitor utilizzato. Segnalare nelle note dell&#8217;Ordine eventuale disposizioni aggiuntive. Per altre misure contattare\u00a0 <strong>assistenza@marinigerardi.it<\/strong>[\/vc_message]<div id=\"wd-653a1a03b9ac9\" class=\" wd-rs-653a1a03b9ac9  wd-button-wrapper text-left\"><a href=\"https:\/\/www.marinigerardi.it\/shop\/guida-misure-per-la-biancheria-letto\/\" title=\"\" target=\"_blank\" class=\"btn btn-color-primary btn-style-default btn-shape-rectangle btn-size-default btn-icon-pos-left\">GUIDA MISURE PER LA BIANCHERIA LETTO<span class=\"wd-btn-icon\"><span class=\"wd-icon far fa-arrow-alt-circle-right\"><\/span><\/span><\/a><\/div>[\/vc_column][vc_column width=&#8221;1\/2&#8243; el_class=&#8221;text-center&#8221;][vc_gallery type=&#8221;image_grid&#8221; images=&#8221;34866&#8243; img_size=&#8221;large&#8221;][\/vc_column][\/vc_row][vc_row mobile_bg_img_hidden=&#8221;no&#8221; tablet_bg_img_hidden=&#8221;no&#8221; woodmart_parallax=&#8221;0&#8243; woodmart_gradient_switch=&#8221;no&#8221; row_reverse_mobile=&#8221;0&#8243; row_reverse_tablet=&#8221;0&#8243; woodmart_disable_overflow=&#8221;0&#8243; woodmart_css_id=&#8221;61d6c208158d3&#8243; woodmart_box_shadow=&#8221;no&#8221; wd_z_index=&#8221;no&#8221;][vc_column][vc_empty_space woodmart_hide_large=&#8221;0&#8243; woodmart_hide_medium=&#8221;0&#8243; woodmart_hide_small=&#8221;0&#8243;]\n\t\t<div id=\"wd-6945edcd99956\" class=\"title-wrapper wd-wpb wd-set-mb reset-last-child  wd-rs-6945edcd99956 wd-title-color-default wd-title-style-default text-center  wd-underline-colored\">\n\t\t\t\n\t\t\t<div class=\"liner-continer\">\n\t\t\t\t<h3 class=\"woodmart-title-container title  wd-font-weight- wd-fontsize-l\" >Sacco Piumino Matrimoniale Cotone Pettinato<\/h3>\n\t\t\t\t\t\t\t<\/div>\n\t\t\t\n\t\t\t\n\t\t\t\n\t\t<\/div>\n\t\t\n\t\t\t\t<div id=\"wd-6799285a2c4fc\" class=\"wd-text-block wd-wpb reset-last-child wd-rs-6799285a2c4fc text-left \">\n\t\t\t<p>Il copripiumino <strong>MAESTRALE<\/strong> regala alla tua pelle sensazioni ed emozioni mai provate: <strong>new design ad incrocio centrale ed inserto a colore,<\/strong> morbido e piacevole sulla pelle come velluto e dolce al tatto. <strong>Realizzato in Cotone percalle in una palette cromatica ampia, con varianti di colore neutri dai forti ed inconsueti contrasti per una versione sofisticata e contemporanea alla moda.<\/strong><br \/>\nIl nostro copripiumino \u00e8 di facile manutenzione, si lava in lavatrice con cautela perch\u00e8 bello e prezioso.<\/p>\n\t\t<\/div>\n\t\t[\/vc_column][\/vc_row][vc_row content_placement=&#8221;middle&#8221; woodmart_bg_position=&#8221;center-bottom&#8221; css=&#8221;.vc_custom_1698306635649{background-color: #f3f3f3 !important;background-position: 0 0 !important;background-repeat: no-repeat !important;}&#8221; el_class=&#8221;mobile-bg-img-hidden&#8221; mobile_bg_img_hidden=&#8221;no&#8221; tablet_bg_img_hidden=&#8221;no&#8221; woodmart_parallax=&#8221;0&#8243; woodmart_gradient_switch=&#8221;no&#8221; row_reverse_mobile=&#8221;0&#8243; row_reverse_tablet=&#8221;0&#8243; woodmart_disable_overflow=&#8221;0&#8243; woodmart_css_id=&#8221;653a1a3e3e861&#8243; responsive_spacing=&#8221;eyJwYXJhbV90eXBlIjoid29vZG1hcnRfcmVzcG9uc2l2ZV9zcGFjaW5nIiwic2VsZWN0b3JfaWQiOiI2NTNhMWEzZTNlODYxIiwic2hvcnRjb2RlIjoidmNfcm93IiwiZGF0YSI6eyJ0YWJsZXQiOnt9LCJtb2JpbGUiOnt9fX0=&#8221; woodmart_box_shadow=&#8221;yes&#8221; wd_box_shadow=&#8221;eyJkZXZpY2VzIjp7ImRlc2t0b3AiOnsiaG9yaXpvbnRhbCI6IjAiLCJ2ZXJ0aWNhbCI6IjAiLCJibHVyIjoiOSIsInNwcmVhZCI6IjAiLCJjb2xvciI6InJnYmEoMCwgMCwgMCwgLjE1KSJ9fX0=&#8221; wd_z_index=&#8221;no&#8221;][vc_column mobile_bg_img_hidden=&#8221;no&#8221; tablet_bg_img_hidden=&#8221;no&#8221; woodmart_parallax=&#8221;0&#8243; woodmart_sticky_column=&#8221;false&#8221; parallax_scroll=&#8221;no&#8221; mobile_reset_margin=&#8221;no&#8221; tablet_reset_margin=&#8221;no&#8221;][vc_single_image image=&#8221;34867&#8243; img_size=&#8221;full&#8221; alignment=&#8221;center&#8221; onclick=&#8221;link_image&#8221; parallax_scroll=&#8221;no&#8221; woodmart_inline=&#8221;no&#8221;][\/vc_column][\/vc_row][vc_row][vc_column]\n\t\t<div id=\"wd-6945edda42f5f\" class=\"title-wrapper wd-wpb wd-set-mb reset-last-child  wd-rs-6945edda42f5f wd-title-color-primary wd-title-style-bordered text-left justify  wd-underline-colored\">\n\t\t\t\n\t\t\t<div class=\"liner-continer\">\n\t\t\t\t<h3 class=\"woodmart-title-container title  wd-font-weight- wd-fontsize-l\" >MAESTRALE - Sacco Piumino Matrimoniale Cotone Percalle - Mattone Arancio \/ Argilla<\/h3>\n\t\t\t\t\t\t\t<\/div>\n\t\t\t\n\t\t\t\t\t\t\t<div class=\"title-after_title reset-last-child  wd-fontsize-xs\">Il familiare comfort del tradizionale letto della nonna.<\/div>\n\t\t\t\n\t\t\t\n\t\t<\/div>\n\t\t\n\t\t[vc_column_text css=&#8221;&#8221; text_larger=&#8221;no&#8221; woodmart_inline=&#8221;no&#8221;]<\/p>\n<p style=\"text-align: justify;\"><strong>Questa \u00e8 l\u2019ITALIA della tradizione tessile: Bella ed Informale.<br \/>\n<\/strong>Tessuti Italiani professionali firmati Marini&amp;Gerardi \u2026. Benvenuti a Maestrale Collection che rappresenta l\u2019interpretazione moderna e Fashion di come gli ambienti della casa possono essere rimessi completamente a nuovo. Tenendo sempre presente la praticit\u00e0, la qualit\u00e0 e il gusto delle moderne tendenze senza dimenticare le esigenze del vivere dei nostro quotidiano.<\/p>\n<p>[\/vc_column_text][vc_message message_box_style=&#8221;outline&#8221;]<\/p>\n<p style=\"text-align: justify;\">Il cotone percalle \u00e8 noto per la sua leggerezza, la sua trama liscia e il suo aspetto fresco e pulito. Il nome \u201cpercalle\u201d deriva dal francese \u201cpercale,\u201d che a sua volta ha radici persiane, indicando la sua origine e diffusione attraverso la Persia (l\u2019attuale Iran).<br \/>\nLe caratteristiche distintive del cotone percalle includono un tessuto a armatura semplice con fili altamente ritorti e un\u2019elevata densit\u00e0 di fili per pollice quadrato. Questa costruzione tessile conferisce al percalle la sua superficie liscia, resistente e fresca al tatto. Il cotone percalle \u00e8 noto per essere traspirante e adatto all\u2019uso durante le stagioni calde, poich\u00e9 favorisce la circolazione dell\u2019aria e assorbe l\u2019umidit\u00e0 corporea.<br \/>\nSolitamente, il cotone percalle \u00e8 utilizzato nella produzione di biancheria da letto, come lenzuola, federe, e coperte estive, ma pu\u00f2 anche essere utilizzato per abiti leggeri, camicie e abbigliamento da casa. Grazie alla sua sensazione di freschezza e leggerezza, il cotone percalle \u00e8 una scelta popolare per coloro che cercano tessuti di alta qualit\u00e0 per le stagioni pi\u00f9 calde.<\/p>\n<p>[\/vc_message][\/vc_column][\/vc_row]<\/p>\n<\/div>","protected":false},"excerpt":{"rendered":"<p>Sacco Piumino Matrimoniale Cotone Pettinato\u00a0 <strong>MAESTRALE 200<\/strong> fili &#8211; Qualit\u00e0 Extra Lusso, Eccezionale Design e cura dei particolari per una collezione dai colori veramente esclusivi, la migliore espressione del gusto italiano, dalle linee pulite, con chiusura tradizionale con patella.<\/p>\n","protected":false},"featured_media":34863,"template":"","meta":[],"product_brand":[],"product_cat":[460,461,2888],"product_tag":[1615,598],"class_list":{"0":"post-34862","1":"product","2":"type-product","3":"status-publish","4":"has-post-thumbnail","6":"product_cat-biancheria-letto","7":"product_cat-copripiumini","8":"product_cat-copripiumini-cotone","9":"product_tag-biancheria-letto","10":"product_tag-copripiumino","12":"first","13":"instock","14":"taxable","15":"shipping-taxable","16":"purchasable","17":"product-type-simple"},"_links":{"self":[{"href":"https:\/\/www.marinigerardi.it\/shop\/wp-json\/wp\/v2\/product\/34862","targetHints":{"allow":["GET"]}}],"collection":[{"href":"https:\/\/www.marinigerardi.it\/shop\/wp-json\/wp\/v2\/product"}],"about":[{"href":"https:\/\/www.marinigerardi.it\/shop\/wp-json\/wp\/v2\/types\/product"}],"wp:featuredmedia":[{"embeddable":true,"href":"https:\/\/www.marinigerardi.it\/shop\/wp-json\/wp\/v2\/media\/34863"}],"wp:attachment":[{"href":"https:\/\/www.marinigerardi.it\/shop\/wp-json\/wp\/v2\/media?parent=34862"}],"wp:term":[{"taxonomy":"product_brand","embeddable":true,"href":"https:\/\/www.marinigerardi.it\/shop\/wp-json\/wp\/v2\/product_brand?post=34862"},{"taxonomy":"product_cat","embeddable":true,"href":"https:\/\/www.marinigerardi.it\/shop\/wp-json\/wp\/v2\/product_cat?post=34862"},{"taxonomy":"product_tag","embeddable":true,"href":"https:\/\/www.marinigerardi.it\/shop\/wp-json\/wp\/v2\/product_tag?post=34862"}],"curies":[{"name":"wp","href":"https:\/\/api.w.org\/{rel}","templated":true}]}}