{"id":31667,"date":"2022-01-10T09:18:40","date_gmt":"2022-01-10T09:18:40","guid":{"rendered":"https:\/\/www.marinigerardi.it\/shop\/?post_type=product&#038;p=31667"},"modified":"2026-03-06T11:27:04","modified_gmt":"2026-03-06T11:27:04","slug":"letto-in-legno-massello-shabby-06","status":"publish","type":"product","link":"https:\/\/www.marinigerardi.it\/shop\/prodotto\/letto-in-legno-massello-shabby-06\/","title":{"rendered":"SHABBY 06 &#8211; Letto Legno Massello Shabby Chic"},"content":{"rendered":"<div class=\"wpb-content-wrapper\"><p>[vc_row equal_height=&#8221;yes&#8221; mobile_bg_img_hidden=&#8221;no&#8221; tablet_bg_img_hidden=&#8221;no&#8221; woodmart_parallax=&#8221;0&#8243; woodmart_gradient_switch=&#8221;no&#8221; row_reverse_mobile=&#8221;0&#8243; row_reverse_tablet=&#8221;0&#8243; woodmart_disable_overflow=&#8221;0&#8243;][vc_column offset=&#8221;vc_col-lg-6 vc_col-md-6&#8243; mobile_bg_img_hidden=&#8221;no&#8221; tablet_bg_img_hidden=&#8221;no&#8221; woodmart_parallax=&#8221;0&#8243; woodmart_sticky_column=&#8221;false&#8221; parallax_scroll=&#8221;no&#8221; mobile_reset_margin=&#8221;no&#8221; tablet_reset_margin=&#8221;no&#8221; css=&#8221;.vc_custom_1613071403480{margin-top: 0px !important;}&#8221;]\n\t\t<div id=\"wd-69aab98b59efe\" class=\"title-wrapper wd-wpb wd-set-mb reset-last-child  wd-rs-69aab98b59efe wd-title-color-primary wd-title-style-default text-left vc_custom_1772796306818 wd-underline-colored\">\n\t\t\t\n\t\t\t<div class=\"liner-continer\">\n\t\t\t\t<h2 class=\"woodmart-title-container title  wd-font-weight- wd-fontsize-l\" >SHABBY 06 - Letto Legno Massello Shabby Chic per Camera da Letto<\/h2>\n\t\t\t\t\t\t\t<\/div>\n\t\t\t\n\t\t\t\n\t\t\t\n\t\t<\/div>\n\t\t\n\t\t\t\t<div id=\"wd-69aab76c08206\" class=\"wd-text-block wd-wpb reset-last-child wd-rs-69aab76c08206 text-left \">\n\t\t\t<p style=\"text-align: justify;\"><strong>Struttura:<\/strong><span style=\"color: #333333;\"> letto legno massello <\/span>di abete e doghe in legno incluso il Kit da montaggio. Finitura legno decapato trattato a cera. Base materasso realizzata in fasce di abete. Spalla sagomata. Altezza da terra 30 cm circa.<\/p>\n<ul>\n<li style=\"text-align: justify;\"><strong>Nota Bene:<\/strong> Prodotto realizzato Artigianalmente pertanto i Colori sono Puramente Indicativi.<\/li>\n<\/ul>\n\t\t<\/div>\n\t\t[vc_tta_accordion title_tag=&#8221;h3&#8243; section_title_tag=&#8221;h3&#8243; active_section=&#8221;&#8221; collapsible_all=&#8221;true&#8221;][vc_tta_section title=&#8221;Info &amp; Scheda Prodotto&#8221; tab_id=&#8221;1772795483303-e26c5635-d9f6&#8243;]\t\t<div id=\"wd-69aab7bd6a2a5\" class=\"wd-text-block wd-wpb reset-last-child wd-rs-69aab7bd6a2a5 text-left \">\n\t\t\t<ul>\n<li><strong><span style=\"color: #333333;\"><a style=\"color: #333333;\" href=\"https:\/\/www.marinigerardi.it\/shop\/prodotto\/letto-in-legno-massello-shabby-06\/\">Letto Legno Massello<\/a><\/span> Singolo<\/strong> \u2013 80 x 200 cm<\/li>\n<li><strong>Letto Legno Massello Piazza e Mezzo<\/strong> \u2013 120 \u00d7 200 cm<\/li>\n<li><strong>Letto Legno Massello Francese<\/strong> \u2013 140 \u00d7 200 cm<\/li>\n<li>Letto Legno Massello <a href=\"https:\/\/www.marinigerardi.it\/shop\/dimensioni-misure-letto-matrimoniale\/\"><strong>Matrimoniale<\/strong> \u2013 160 x 200 cm<\/a><\/li>\n<li><strong>Matrimoniale Extra<\/strong> \u2013 180 x 200 cm<\/li>\n<\/ul>\n<p><strong>Questo articolo \u00e8 spedito solo in Italia. <\/strong>Se avete bisogno di altre misure o combinazioni contattateci a: <strong>assistenza@marinigerardi.it <\/strong><\/p>\n\t\t<\/div>\n\t\t[\/vc_tta_section][\/vc_tta_accordion][\/vc_column][vc_column css=&#8221;.vc_custom_1612434787067{background-position: center !important;background-repeat: no-repeat !important;background-size: cover !important;}&#8221; offset=&#8221;vc_col-lg-6 vc_col-md-6&#8243; mobile_bg_img_hidden=&#8221;no&#8221; tablet_bg_img_hidden=&#8221;no&#8221; woodmart_parallax=&#8221;0&#8243; woodmart_sticky_column=&#8221;false&#8221; parallax_scroll=&#8221;no&#8221; mobile_reset_margin=&#8221;no&#8221; tablet_reset_margin=&#8221;no&#8221;][vc_single_image image=&#8221;31668&#8243; img_size=&#8221;large&#8221; alignment=&#8221;center&#8221; style=&#8221;vc_box_shadow&#8221; onclick=&#8221;link_image&#8221; parallax_scroll=&#8221;no&#8221; woodmart_inline=&#8221;no&#8221;][\/vc_column][\/vc_row][vc_row][vc_column]\n\t\t<div id=\"wd-69aab6c796fb8\" class=\"title-wrapper wd-wpb wd-set-mb reset-last-child  wd-rs-69aab6c796fb8 wd-title-color-primary wd-title-style-simple text-center vc_custom_1772795602920 wd-underline-colored\">\n\t\t\t\n\t\t\t<div class=\"liner-continer\">\n\t\t\t\t<h3 class=\"woodmart-title-container title  wd-font-weight- wd-fontsize-l\" >SHABBY 06 - Letto Legno Massello per Camera da Letto Shabby Chic<\/h3>\n\t\t\t\t\t\t\t<\/div>\n\t\t\t\n\t\t\t\n\t\t\t\n\t\t<\/div>\n\t\t\n\t\t\t\t<div id=\"wd-64df479c0c1ad\" class=\"wd-text-block wd-wpb reset-last-child wd-rs-64df479c0c1ad text-left \">\n\t\t\t<p style=\"text-align: justify;\">Testata Letto sagomata, doppia per letto matrimoniale e singola per letto singolo, realizzate con assi da recupero. Originale by Marini &amp; Gerardi. Montaggio con <strong>ferramenta di manifattura artigianale<\/strong><strong>. <\/strong>Inoltre, realizziamo prodotti similari su misura in legno massello trattato e decapato con finitura a cera.<\/p>\n\t\t<\/div>\n\t\t[\/vc_column][\/vc_row][vc_row css=&#8221;.vc_custom_1772796316845{background-color: #f3f3f3 !important;}&#8221; woodmart_css_id=&#8221;69aab997123c9&#8243; responsive_spacing=&#8221;eyJwYXJhbV90eXBlIjoid29vZG1hcnRfcmVzcG9uc2l2ZV9zcGFjaW5nIiwic2VsZWN0b3JfaWQiOiI2OWFhYjk5NzEyM2M5Iiwic2hvcnRjb2RlIjoidmNfcm93IiwiZGF0YSI6eyJ0YWJsZXQiOnt9LCJtb2JpbGUiOnt9fX0=&#8221; mobile_bg_img_hidden=&#8221;no&#8221; tablet_bg_img_hidden=&#8221;no&#8221; woodmart_parallax=&#8221;0&#8243; woodmart_gradient_switch=&#8221;no&#8221; woodmart_box_shadow=&#8221;no&#8221; wd_z_index=&#8221;no&#8221; woodmart_disable_overflow=&#8221;0&#8243; row_reverse_mobile=&#8221;0&#8243; row_reverse_tablet=&#8221;0&#8243;][vc_column][vc_single_image image=&#8221;37420&#8243; img_size=&#8221;full&#8221; alignment=&#8221;center&#8221; style=&#8221;vc_box_shadow&#8221; onclick=&#8221;link_image&#8221; parallax_scroll=&#8221;no&#8221; woodmart_inline=&#8221;no&#8221;][\/vc_column][\/vc_row][vc_row][vc_column]\t\t<div id=\"wd-64df476a69a41\" class=\"wd-text-block wd-wpb reset-last-child wd-rs-64df476a69a41 text-left \">\n\t\t\t<p style=\"text-align: justify;\"><strong>Benvenuti nel mondo incantevole dei nostri letti in legno artigianali, dedicati a chi desidera trasformare la propria residenza in citt\u00e0, in campagna, al mare , in montagna o per agriturismi, Bed &amp; Breakfast<\/strong>. in autentiche oasi di comfort e stile. La nostra passione per il legno e l&#8217;artigianalit\u00e0 ci ha portato a creare opere uniche e originali, e la nostra Testata Letto sagomata \u00e8 l&#8217;emblema di questa dedizione.<br \/>\n<strong>Ogni Testata Letto \u00e8 realizzata con cura e maestria dai nostri artigiani,<\/strong> utilizzando assi da recupero selezionate con attenzione per trasformarle in pezzi di valore senza tempo. Il legno recuperato non solo conferisce un carattere distintivo a ogni letto, ma sottolinea anche il nostro impegno per l&#8217;ecosostenibilit\u00e0 e il rispetto per la natura.<br \/>\n<strong>Le nostre Testate Letto sono disponibili in diverse colorazioni e finiture,<\/strong> pensate per adattarsi perfettamente a ogni ambiente. Sia che tu desideri un&#8217;elegante e raffinata Testata per un letto matrimoniale o un&#8217;originale versione singola per un letto singolo, troverai da noi la scelta ideale per impreziosire il tuo spazio.<\/p>\n\t\t<\/div>\n\t\t[\/vc_column][\/vc_row][vc_row css=&#8221;.vc_custom_1772796417408{background-color: #f3f3f3 !important;}&#8221; woodmart_css_id=&#8221;69aab9fce6f0a&#8221; responsive_spacing=&#8221;eyJwYXJhbV90eXBlIjoid29vZG1hcnRfcmVzcG9uc2l2ZV9zcGFjaW5nIiwic2VsZWN0b3JfaWQiOiI2OWFhYjlmY2U2ZjBhIiwic2hvcnRjb2RlIjoidmNfcm93IiwiZGF0YSI6eyJ0YWJsZXQiOnt9LCJtb2JpbGUiOnt9fX0=&#8221; mobile_bg_img_hidden=&#8221;no&#8221; tablet_bg_img_hidden=&#8221;no&#8221; woodmart_parallax=&#8221;0&#8243; woodmart_gradient_switch=&#8221;no&#8221; woodmart_box_shadow=&#8221;no&#8221; wd_z_index=&#8221;no&#8221; woodmart_disable_overflow=&#8221;0&#8243; row_reverse_mobile=&#8221;0&#8243; row_reverse_tablet=&#8221;0&#8243;][vc_column]\n\t\t<div id=\"wd-69aab6ee6c57d\" class=\"title-wrapper wd-wpb wd-set-mb reset-last-child  wd-rs-69aab6ee6c57d wd-title-color-primary wd-title-style-default text-center vc_custom_1772795638730 wd-underline-colored\">\n\t\t\t\n\t\t\t<div class=\"liner-continer\">\n\t\t\t\t<h3 class=\"woodmart-title-container title  wd-font-weight- wd-fontsize-l\" >Arredo Bagno in Legno Massello Shabby Chic<\/h3>\n\t\t\t\t\t\t\t<\/div>\n\t\t\t\n\t\t\t\n\t\t\t\n\t\t<\/div>\n\t\t\n\t\t[vc_single_image image=&#8221;61314&#8243; img_size=&#8221;full&#8221; alignment=&#8221;center&#8221; style=&#8221;vc_box_shadow&#8221; onclick=&#8221;link_image&#8221; parallax_scroll=&#8221;no&#8221; woodmart_inline=&#8221;no&#8221;][\/vc_column][\/vc_row][vc_row][vc_column]\n\t\t<div id=\"wd-68f36d55e76b9\" class=\"title-wrapper wd-wpb wd-set-mb reset-last-child  wd-rs-68f36d55e76b9 wd-title-color-default wd-title-style-simple text-center  wd-underline-colored\">\n\t\t\t\n\t\t\t<div class=\"liner-continer\">\n\t\t\t\t<h3 class=\"woodmart-title-container title  wd-font-weight-600 wd-fontsize-l\" >Letto Legno Massello Shabby Chic<\/h3>\n\t\t\t\t\t\t\t<\/div>\n\t\t\t\n\t\t\t\n\t\t\t\n\t\t<\/div>\n\t\t\n\t\t\t\t<div id=\"wd-64df4736351e9\" class=\"wd-text-block wd-wpb reset-last-child wd-rs-64df4736351e9 text-left \">\n\t\t\t<p style=\"text-align: justify;\"><strong>La passione per l&#8217;artigianalit\u00e0 \u00e8 nel nostro DNA,<\/strong> e per questo ogni pezzo \u00e8 realizzato con ferramenta di manifattura artigianale, garantendo una solidit\u00e0 e una durata senza compromessi. Concediti la sicurezza di un letto che durer\u00e0 nel tempo, resistendo ai segni dell&#8217;usura e del passare delle stagioni.<br \/>\n<strong>Ma la nostra dedizione alla personalizzazione non si ferma qui.<\/strong> Oltre alle Testate Letto sagomate, possiamo realizzare per te prodotti similari su misura in legno massello, trattato e decapato con finitura a cera. Sarai tu a decidere le dimensioni, il design e il tipo di legno che meglio si sposano con il tuo gusto e l&#8217;ambiente in cui verranno collocati.<br \/>\n<strong>Immagina di immergerti nella calda e accogliente atmosfera dei nostri letti in legno,<\/strong> circondato da una cornice unica e avvolgente che cattura lo sguardo e riscalda il cuore. I nostri letti artigianali doneranno alla tua struttura la bellezza e l&#8217;autenticit\u00e0 che conquisteranno i tuoi ospiti, rendendo ogni soggiorno un&#8217;esperienza indimenticabile.<\/p>\n<p style=\"text-align: justify;\"><strong>Affidati a noi, Marini &amp; Gerardi, per trasformare il tuo spazio in una dimora da sogno, in cui la tradizione dell&#8217;artigianalit\u00e0 incontra l&#8217;eleganza senza tempo del legno.<\/strong> Scegli la qualit\u00e0, l&#8217;originalit\u00e0 e la cura dei dettagli. <strong>Acquista ora e scopri la bellezza di avere un letto su misura che render\u00e0 il tuo ambiente ancora pi\u00f9 speciale e accogliente.<\/strong><\/p>\n\t\t<\/div>\n\t\t[\/vc_column][\/vc_row][vc_row css=&#8221;.vc_custom_1772796402705{background-color: #f3f3f3 !important;}&#8221; woodmart_css_id=&#8221;69aab9eb90dcb&#8221; responsive_spacing=&#8221;eyJwYXJhbV90eXBlIjoid29vZG1hcnRfcmVzcG9uc2l2ZV9zcGFjaW5nIiwic2VsZWN0b3JfaWQiOiI2OWFhYjllYjkwZGNiIiwic2hvcnRjb2RlIjoidmNfcm93IiwiZGF0YSI6eyJ0YWJsZXQiOnt9LCJtb2JpbGUiOnt9fX0=&#8221; mobile_bg_img_hidden=&#8221;no&#8221; tablet_bg_img_hidden=&#8221;no&#8221; woodmart_parallax=&#8221;0&#8243; woodmart_gradient_switch=&#8221;no&#8221; woodmart_box_shadow=&#8221;no&#8221; wd_z_index=&#8221;no&#8221; woodmart_disable_overflow=&#8221;0&#8243; row_reverse_mobile=&#8221;0&#8243; row_reverse_tablet=&#8221;0&#8243;][vc_column][vc_single_image image=&#8221;61313&#8243; img_size=&#8221;full&#8221; alignment=&#8221;center&#8221; style=&#8221;vc_box_shadow&#8221; onclick=&#8221;link_image&#8221; parallax_scroll=&#8221;no&#8221; woodmart_inline=&#8221;no&#8221;]\n\t\t<div id=\"wd-69aab6fa7aee8\" class=\"title-wrapper wd-wpb wd-set-mb reset-last-child  wd-rs-69aab6fa7aee8 wd-title-color-default wd-title-style-simple text-center  wd-underline-colored\">\n\t\t\t\n\t\t\t<div class=\"liner-continer\">\n\t\t\t\t<h3 class=\"woodmart-title-container title  wd-font-weight- wd-fontsize-l\" >Letto Legno Massello Shabby Chic<\/h3>\n\t\t\t\t\t\t\t<\/div>\n\t\t\t\n\t\t\t\n\t\t\t\n\t\t<\/div>\n\t\t\n\t\t[\/vc_column][\/vc_row]<\/p>\n<\/div>","protected":false},"excerpt":{"rendered":"<p style=\"text-align: justify;\">Letto legno massello singolo o matrimoniale Offerta &#8211; SHABBY 06\u00a0 &#8211;\u00a0 Un letto di linea moderna e romantica in Kit e su Misura<\/p>\n","protected":false},"featured_media":31669,"template":"","meta":[],"product_brand":[],"product_cat":[1768,930],"product_tag":[2934,2936,964,2933],"class_list":{"0":"post-31667","1":"product","2":"type-product","3":"status-publish","4":"has-post-thumbnail","6":"product_cat-letti","7":"product_cat-letto-massello","8":"product_tag-letti","9":"product_tag-letti-in-legno","10":"product_tag-letti-in-legno-massello","11":"product_tag-letto","12":"product_shipping_class-ar-lb","14":"first","15":"instock","16":"taxable","17":"shipping-taxable","18":"purchasable","19":"product-type-simple"},"_links":{"self":[{"href":"https:\/\/www.marinigerardi.it\/shop\/wp-json\/wp\/v2\/product\/31667","targetHints":{"allow":["GET"]}}],"collection":[{"href":"https:\/\/www.marinigerardi.it\/shop\/wp-json\/wp\/v2\/product"}],"about":[{"href":"https:\/\/www.marinigerardi.it\/shop\/wp-json\/wp\/v2\/types\/product"}],"wp:featuredmedia":[{"embeddable":true,"href":"https:\/\/www.marinigerardi.it\/shop\/wp-json\/wp\/v2\/media\/31669"}],"wp:attachment":[{"href":"https:\/\/www.marinigerardi.it\/shop\/wp-json\/wp\/v2\/media?parent=31667"}],"wp:term":[{"taxonomy":"product_brand","embeddable":true,"href":"https:\/\/www.marinigerardi.it\/shop\/wp-json\/wp\/v2\/product_brand?post=31667"},{"taxonomy":"product_cat","embeddable":true,"href":"https:\/\/www.marinigerardi.it\/shop\/wp-json\/wp\/v2\/product_cat?post=31667"},{"taxonomy":"product_tag","embeddable":true,"href":"https:\/\/www.marinigerardi.it\/shop\/wp-json\/wp\/v2\/product_tag?post=31667"}],"curies":[{"name":"wp","href":"https:\/\/api.w.org\/{rel}","templated":true}]}}