{"id":30118,"date":"2021-12-18T10:16:49","date_gmt":"2021-12-18T10:16:49","guid":{"rendered":"https:\/\/www.marinigerardi.it\/shop\/?post_type=product&#038;p=30118"},"modified":"2025-12-20T00:05:51","modified_gmt":"2025-12-20T00:05:51","slug":"infinito-sacco-copripiumino-matrimoniale","status":"publish","type":"product","link":"https:\/\/www.marinigerardi.it\/shop\/prodotto\/infinito-sacco-copripiumino-matrimoniale\/","title":{"rendered":"INFINITO 1 &#8211; Sacco Copripiumino Matrimoniale in Lino"},"content":{"rendered":"<div class=\"wpb-content-wrapper\"><p>[vc_row content_placement=&#8221;middle&#8221; woodmart_css_id=&#8221;61d600b976c8f&#8221; mobile_bg_img_hidden=&#8221;no&#8221; tablet_bg_img_hidden=&#8221;no&#8221; woodmart_parallax=&#8221;0&#8243; woodmart_gradient_switch=&#8221;no&#8221; woodmart_box_shadow=&#8221;no&#8221; wd_z_index=&#8221;no&#8221; woodmart_disable_overflow=&#8221;0&#8243; row_reverse_mobile=&#8221;0&#8243; row_reverse_tablet=&#8221;0&#8243;][vc_column width=&#8221;1\/2&#8243;]\n\t\t<div id=\"wd-6945e81e89a0a\" class=\"title-wrapper wd-wpb wd-set-mb reset-last-child  wd-rs-6945e81e89a0a wd-title-color-primary wd-title-style-default text-left vc_custom_1766189037356 wd-width-enabled wd-underline-colored\" style=\"--wd-max-width: 90%;\">\n\t\t\t\n\t\t\t<div class=\"liner-continer\">\n\t\t\t\t<h2 class=\"woodmart-title-container title  wd-font-weight- wd-fontsize-l\" >INFINITO 1 - Sacco Copripiumino Matrimoniale in Lino Design Tagli<\/h2>\n\t\t\t\t\t\t\t<\/div>\n\t\t\t\n\t\t\t\n\t\t\t\n\t\t<\/div>\n\t\t\n\t\t[vc_message message_box_style=&#8221;outline&#8221; message_box_color=&#8221;grey&#8221; css=&#8221;&#8221;]<\/p>\n<ul>\n<li>Per questa offerta\u00a0 \u00e8 possibile ordinare: <strong><a href=\"https:\/\/www.marinigerardi.it\/shop\/prodotto\/infinito-sacco-copripiumino-matrimoniale\/\">sacco copripiumino matrimoniale in lino leggermente stropicciato<\/a> + federe cuscino + Lenzuolo Sotto<\/strong>.<\/li>\n<li>Set Singolo o Set Una Piazza e Mezzo o\u00a0Set Matrimoniale.<\/li>\n<li><strong>Design:<\/strong> lino Rustico Naturale + taglio colori<\/li>\n<\/ul>\n<p>N.B.: I colori dei tessuti presenti nelle immagini possono variare in base al monitor utilizzato. Segnalare nelle note dell&#8217;Ordine eventuale disposizioni aggiuntive. Per altre misure contattare\u00a0 <strong>assistenza@marinigerardi.it <\/strong>[\/vc_message]<div id=\"wd-61d3638c64420\" class=\" wd-rs-61d3638c64420  wd-button-wrapper text-left\"><a href=\"https:\/\/www.marinigerardi.it\/shop\/guida-misure-per-la-biancheria-letto\/\" title=\"\" target=\"_blank\" class=\"btn btn-style-link btn-shape-rectangle btn-size-default\">GUIDA MISURE PER LA BIANCHERIA LETTO<\/a><\/div>[\/vc_column][vc_column width=&#8221;1\/2&#8243; el_class=&#8221;text-center&#8221;][vc_single_image image=&#8221;30119&#8243; img_size=&#8221;large&#8221; alignment=&#8221;center&#8221; style=&#8221;vc_box_shadow&#8221; onclick=&#8221;link_image&#8221; parallax_scroll=&#8221;no&#8221; woodmart_inline=&#8221;no&#8221;][\/vc_column][\/vc_row][vc_row css=&#8221;.vc_custom_1617786903233{margin-top: 20px !important;margin-bottom: 20px !important;}&#8221; mobile_bg_img_hidden=&#8221;no&#8221; tablet_bg_img_hidden=&#8221;no&#8221; woodmart_parallax=&#8221;0&#8243; woodmart_gradient_switch=&#8221;no&#8221; row_reverse_mobile=&#8221;0&#8243; row_reverse_tablet=&#8221;0&#8243; woodmart_disable_overflow=&#8221;0&#8243;][vc_column][vc_text_separator title=&#8221;&#8221; css=&#8221;&#8221;]\n\t\t<div id=\"wd-6945e82b16dd2\" class=\"title-wrapper wd-wpb wd-set-mb reset-last-child  wd-rs-6945e82b16dd2 wd-title-color-default wd-title-style-default text-center  wd-underline-colored\">\n\t\t\t\n\t\t\t<div class=\"liner-continer\">\n\t\t\t\t<h3 class=\"woodmart-title-container title  wd-font-weight- wd-fontsize-l\" >Sacco Copripiumino Matrimoniale in Lino<\/h3>\n\t\t\t\t\t\t\t<\/div>\n\t\t\t\n\t\t\t\t\t\t\t<div class=\"title-after_title reset-last-child  wd-fontsize-xs\">Tessuti Naturali Eleganza e Design Raffinato<\/div>\n\t\t\t\n\t\t\t\n\t\t<\/div>\n\t\t\n\t\t\t\t<div id=\"wd-679bf53777846\" class=\"wd-text-block wd-wpb reset-last-child wd-rs-679bf53777846 text-left \">\n\t\t\t<p>Il nostro sacco copripiumino \u00e8 un autentico capolavoro di manifattura artigianale, realizzato con tessuto 100% lino italiano di primissima qualit\u00e0, nella pratica versione <strong>No Stiro<\/strong>. La chiusura con bottoni e patella assicura una perfetta vestibilit\u00e0, mentre il sovra pannello in lino grezzo, applicato con bottoni, aggiunge un dettaglio distintivo con aperture a taglio orizzontale e inserti a contrasto.<\/p>\n<p>Per noi, il letto \u00e8 molto pi\u00f9 di un semplice spazio di riposo: \u00e8 un\u2019espressione di <strong>design, comfort e lusso<\/strong>, ma sempre con un tocco di <strong>eleganza informale<\/strong>. Scegli la qualit\u00e0 e l\u2019artigianalit\u00e0 italiana per trasformare la tua camera da letto in un ambiente accogliente e sofisticato<\/p>\n\t\t<\/div>\n\t\t[\/vc_column][\/vc_row][vc_row content_placement=&#8221;middle&#8221; woodmart_bg_position=&#8221;center-bottom&#8221; css=&#8221;.vc_custom_1695776885908{background-color: #f3f3f3 !important;background-position: 0 0 !important;background-repeat: no-repeat !important;}&#8221; el_class=&#8221;mobile-bg-img-hidden&#8221; mobile_bg_img_hidden=&#8221;no&#8221; tablet_bg_img_hidden=&#8221;no&#8221; woodmart_parallax=&#8221;0&#8243; woodmart_gradient_switch=&#8221;no&#8221; row_reverse_mobile=&#8221;0&#8243; row_reverse_tablet=&#8221;0&#8243; woodmart_disable_overflow=&#8221;0&#8243; woodmart_css_id=&#8221;6513806d03bc0&#8243; responsive_spacing=&#8221;eyJwYXJhbV90eXBlIjoid29vZG1hcnRfcmVzcG9uc2l2ZV9zcGFjaW5nIiwic2VsZWN0b3JfaWQiOiI2NTEzODA2ZDAzYmMwIiwic2hvcnRjb2RlIjoidmNfcm93IiwiZGF0YSI6eyJ0YWJsZXQiOnt9LCJtb2JpbGUiOnt9fX0=&#8221; woodmart_box_shadow=&#8221;yes&#8221; wd_box_shadow=&#8221;eyJkZXZpY2VzIjp7ImRlc2t0b3AiOnsiaG9yaXpvbnRhbCI6IjAiLCJ2ZXJ0aWNhbCI6IjAiLCJibHVyIjoiOSIsInNwcmVhZCI6IjAiLCJjb2xvciI6InJnYmEoMCwgMCwgMCwgLjE1KSJ9fX0=&#8221; wd_z_index=&#8221;no&#8221;][vc_column mobile_bg_img_hidden=&#8221;no&#8221; tablet_bg_img_hidden=&#8221;no&#8221; woodmart_parallax=&#8221;0&#8243; woodmart_sticky_column=&#8221;false&#8221; parallax_scroll=&#8221;no&#8221; mobile_reset_margin=&#8221;no&#8221; tablet_reset_margin=&#8221;no&#8221;][vc_single_image image=&#8221;30121&#8243; img_size=&#8221;full&#8221; alignment=&#8221;center&#8221; style=&#8221;vc_box_shadow&#8221; onclick=&#8221;link_image&#8221; parallax_scroll=&#8221;no&#8221; woodmart_inline=&#8221;no&#8221;][\/vc_column][\/vc_row][vc_row][vc_column]\n\t\t<div id=\"wd-6945e836ced0a\" class=\"title-wrapper wd-wpb wd-set-mb reset-last-child  wd-rs-6945e836ced0a wd-title-color-primary wd-title-style-bordered text-left justify  wd-underline-colored\">\n\t\t\t\n\t\t\t<div class=\"liner-continer\">\n\t\t\t\t<h3 class=\"woodmart-title-container title  wd-font-weight- wd-fontsize-l\" >INFINITO 1 - Sacco Copripiumino Matrimoniale in Lino stropicciato con applicazione i Tagli<\/h3>\n\t\t\t\t\t\t\t<\/div>\n\t\t\t\n\t\t\t\t\t\t\t<div class=\"title-after_title reset-last-child  wd-fontsize-xs\">Modernit\u00e0 e familiare comfort del tradizionale letto della nonna.<\/div>\n\t\t\t\n\t\t\t\n\t\t<\/div>\n\t\t\n\t\t[vc_column_text css=&#8221;&#8221; text_larger=&#8221;no&#8221; woodmart_inline=&#8221;no&#8221;]<\/p>\n<p style=\"text-align: justify;\"><strong>Infinito 1 sacco copripiumino<\/strong>\u00a0ci regala, il giusto<b> calore al nostro relax: <\/b>Morbido e piacevole sulla pelle e al tatto, versione sofisticata e contemporanea realizzato ispirandosi ad un design trasgressivo come <a href=\"https:\/\/www.fondazioneluciofontana.it\/lucio-fontana\/biografia\/\" rel=\"nofollow noopener\" target=\"_blank\">Lucio Fontana<\/a>.<br \/>\n<strong>tessuto base in PURO LINO stropicciato <\/strong> dalle linee pulite nato da un progetto dal gusto Mediterraneo per vivere con la sua sobria eleganza e modernit\u00e0 una perfetta solitudine! Una finestra aperta da cui osservare l&#8217;orizzonte INFINITO. <a href=\"https:\/\/copripiumini.net\/\" target=\"_blank\" rel=\"noopener nofollow\">Il Letto<\/a>, quasi una scatola bianca e candida, dal tocco discreto, dal sapore familiare, per respirare l&#8217;aria calda sospinta dal vento sulla sabbia candida del Salento.<\/p>\n<p>[\/vc_column_text][\/vc_column][\/vc_row][vc_row css=&#8221;.vc_custom_1695777801662{background-color: #f3f3f3 !important;}&#8221; woodmart_css_id=&#8221;65138401116fa&#8221; responsive_spacing=&#8221;eyJwYXJhbV90eXBlIjoid29vZG1hcnRfcmVzcG9uc2l2ZV9zcGFjaW5nIiwic2VsZWN0b3JfaWQiOiI2NTEzODQwMTExNmZhIiwic2hvcnRjb2RlIjoidmNfcm93IiwiZGF0YSI6eyJ0YWJsZXQiOnt9LCJtb2JpbGUiOnt9fX0=&#8221; mobile_bg_img_hidden=&#8221;no&#8221; tablet_bg_img_hidden=&#8221;no&#8221; woodmart_parallax=&#8221;0&#8243; woodmart_gradient_switch=&#8221;no&#8221; woodmart_box_shadow=&#8221;yes&#8221; wd_box_shadow=&#8221;eyJkZXZpY2VzIjp7ImRlc2t0b3AiOnsiaG9yaXpvbnRhbCI6IjAiLCJ2ZXJ0aWNhbCI6IjAiLCJibHVyIjoiOSIsInNwcmVhZCI6IjAiLCJjb2xvciI6InJnYmEoMCwgMCwgMCwgLjE1KSJ9fX0=&#8221; wd_z_index=&#8221;no&#8221; woodmart_disable_overflow=&#8221;0&#8243; row_reverse_mobile=&#8221;0&#8243; row_reverse_tablet=&#8221;0&#8243;][vc_column][vc_single_image image=&#8221;30124&#8243; img_size=&#8221;full&#8221; alignment=&#8221;center&#8221; style=&#8221;vc_box_shadow&#8221; onclick=&#8221;link_image&#8221; parallax_scroll=&#8221;no&#8221; woodmart_inline=&#8221;no&#8221;][\/vc_column][\/vc_row][vc_row][vc_column]\n\t\t<div id=\"wd-6945e84935bda\" class=\"title-wrapper wd-wpb wd-set-mb reset-last-child  wd-rs-6945e84935bda wd-title-color-default wd-title-style-default text-left  wd-underline-colored\">\n\t\t\t\n\t\t\t<div class=\"liner-continer\">\n\t\t\t\t<h3 class=\"woodmart-title-container title  wd-font-weight- wd-fontsize-l\" >Sacco Copripiumino Matrimoniale in Lino<\/h3>\n\t\t\t\t\t\t\t<\/div>\n\t\t\t\n\t\t\t\n\t\t\t\n\t\t<\/div>\n\t\t\n\t\t[vc_column_text css=&#8221;&#8221; text_larger=&#8221;no&#8221; woodmart_inline=&#8221;no&#8221;]<strong>L&#8217;eccellenza della tradizione tessile italiana<\/strong><\/p>\n<p>Questa \u00e8 l&#8217;Italia della grande tradizione tessile, dove artigianalit\u00e0 e qualit\u00e0 si intrecciano per dare vita a tessuti unici. I nostri tessuti in <a href=\"https:\/\/www.puro-lino.com\/\" rel=\"nofollow noopener\" target=\"_blank\"><strong>puro lino italiano<\/strong><\/a>, firmati <strong>Marini &amp; Gerardi<\/strong>, rappresentano il perfetto equilibrio tra bellezza, funzionalit\u00e0 e durata nel tempo.<\/p>\n<p>Il nostro lino, grazie alla sua naturale traspirabilit\u00e0, ti mantiene fresco durante le calde notti estive, mentre in inverno si rivela un eccellente isolante termico, assicurando il giusto livello di calore e umidit\u00e0. Una fibra preziosa, 100% naturale, che diventa una vera compagna di vita, capace di donarti comfort e benessere in ogni stagione.[\/vc_column_text][\/vc_column][\/vc_row]<\/p>\n<\/div>","protected":false},"excerpt":{"rendered":"<p style=\"text-align: justify;\"><strong>INFINITO 1 &#8211; Sacco Copripiumino Matrimoniale in Lino tinta unita<\/strong>. Una <strong>Intimit\u00e0 Romantica<\/strong> che ci piace e ci emoziona. Semplice e dalle linee pulite, con Pannello sovrapposto con Tagli in Orizzontale e una chiusura a bottoni + patella.<\/p>\n","protected":false},"featured_media":30119,"template":"","meta":[],"product_brand":[],"product_cat":[460,461,2889],"product_tag":[598],"class_list":{"0":"post-30118","1":"product","2":"type-product","3":"status-publish","4":"has-post-thumbnail","6":"product_cat-biancheria-letto","7":"product_cat-copripiumini","8":"product_cat-copripiumini-puro-lino","9":"product_tag-copripiumino","11":"first","12":"instock","13":"taxable","14":"shipping-taxable","15":"purchasable","16":"product-type-simple"},"_links":{"self":[{"href":"https:\/\/www.marinigerardi.it\/shop\/wp-json\/wp\/v2\/product\/30118","targetHints":{"allow":["GET"]}}],"collection":[{"href":"https:\/\/www.marinigerardi.it\/shop\/wp-json\/wp\/v2\/product"}],"about":[{"href":"https:\/\/www.marinigerardi.it\/shop\/wp-json\/wp\/v2\/types\/product"}],"wp:featuredmedia":[{"embeddable":true,"href":"https:\/\/www.marinigerardi.it\/shop\/wp-json\/wp\/v2\/media\/30119"}],"wp:attachment":[{"href":"https:\/\/www.marinigerardi.it\/shop\/wp-json\/wp\/v2\/media?parent=30118"}],"wp:term":[{"taxonomy":"product_brand","embeddable":true,"href":"https:\/\/www.marinigerardi.it\/shop\/wp-json\/wp\/v2\/product_brand?post=30118"},{"taxonomy":"product_cat","embeddable":true,"href":"https:\/\/www.marinigerardi.it\/shop\/wp-json\/wp\/v2\/product_cat?post=30118"},{"taxonomy":"product_tag","embeddable":true,"href":"https:\/\/www.marinigerardi.it\/shop\/wp-json\/wp\/v2\/product_tag?post=30118"}],"curies":[{"name":"wp","href":"https:\/\/api.w.org\/{rel}","templated":true}]}}