{"id":29592,"date":"2021-11-30T16:51:12","date_gmt":"2021-11-30T16:51:12","guid":{"rendered":"https:\/\/www.marinigerardi.it\/shop\/?post_type=product&#038;p=29592"},"modified":"2024-09-02T08:59:32","modified_gmt":"2024-09-02T08:59:32","slug":"medea-tovaglia-copritavolo-elegante-in-seta","status":"publish","type":"product","link":"https:\/\/www.marinigerardi.it\/shop\/prodotto\/medea-tovaglia-copritavolo-elegante-in-seta\/","title":{"rendered":"MEDEA &#8211; Copritavolo Elegante in Seta"},"content":{"rendered":"<div class=\"wpb-content-wrapper\"><p>[vc_row equal_height=&#8221;yes&#8221; mobile_bg_img_hidden=&#8221;no&#8221; tablet_bg_img_hidden=&#8221;no&#8221; woodmart_parallax=&#8221;0&#8243; woodmart_gradient_switch=&#8221;no&#8221; row_reverse_mobile=&#8221;0&#8243; row_reverse_tablet=&#8221;0&#8243; woodmart_disable_overflow=&#8221;0&#8243;][vc_column offset=&#8221;vc_col-lg-6 vc_col-md-6&#8243; mobile_bg_img_hidden=&#8221;no&#8221; tablet_bg_img_hidden=&#8221;no&#8221; woodmart_parallax=&#8221;0&#8243; woodmart_sticky_column=&#8221;false&#8221; parallax_scroll=&#8221;no&#8221; mobile_reset_margin=&#8221;no&#8221; tablet_reset_margin=&#8221;no&#8221; css=&#8221;.vc_custom_1613071403480{margin-top: 0px !important;}&#8221;]\n\t\t<div id=\"wd-61a658cd277dd\" class=\"title-wrapper wd-wpb wd-set-mb reset-last-child  wd-rs-61a658cd277dd wd-title-color-primary wd-title-style-bordered text-left vc_custom_1638291682530 wd-underline-colored\">\n\t\t\t\n\t\t\t<div class=\"liner-continer\">\n\t\t\t\t<h2 class=\"woodmart-title-container title  wd-font-weight-500 wd-fontsize-l\" >MEDEA - Tovaglia Copritavolo Elegante in Seta<\/h2>\n\t\t\t\t\t\t\t<\/div>\n\t\t\t\n\t\t\t\n\t\t\t\n\t\t<\/div>\n\t\t\n\t\t\t\t<div id=\"wd-650d47236cf07\" class=\"wd-text-block wd-wpb reset-last-child wd-rs-650d47236cf07 text-left \">\n\t\t\t<p><a href=\"https:\/\/www.marinigerardi.it\/shop\/prodotto\/medea-tovaglia-copritavolo-elegante-in-seta\/\">Tovaglia Copritavolo<\/a> per un arredo unico. La scelta cromatica \u00e8 fondamentale, soprattutto <em>per<\/em> non rinuncire ad un bel colpo d&#8217;occhio nella zona <em>soggiorno. Se poi tutto questo avviene aggiungendo Eleganza e Bellezza e scelta dei materiali! il successo \u00e8 assicurato<br \/>\n<\/em><\/p>\n\t\t<\/div>\n\t\t\t\t\t<div class=\"info-box-wrapper\">\n\t\t\t\t<div id=\"wd-650d46b4dacab\" class=\" wd-rs-650d46b4dacab wd-info-box wd-wpb text-left box-icon-align-top box-style-border color-scheme-dark wd-bg-none \">\n\t\t\t\t\t\t\t\t\t\t<div class=\"info-box-content\">\n\t\t\t\t\t\t\t\t\t\t\t\t<div class=\"info-box-inner reset-last-child\"><\/p>\n<p style=\"text-align: justify;\"><span class=\"a-list-item\">Questa offerta include <strong>un copritavolo<\/strong> dimensioni 150 x 180 cm. Motivo centrale con un fascio di fili seta intrecciati con un prezioso, quanto unico, bordo in Shantung Blu Turchese o Rosso Bordeaux.<br \/>\nPer informazioni: <strong>assistenza@marinigerardi.it <\/strong><\/span><\/p>\n<p>\n<\/div>\n\n\t\t\t\t\t\t\t\t\t\t\t<\/div>\n\n\t\t\t\t\t\n\t\t\t\t\t\t\t\t\t<\/div>\n\t\t\t<\/div>\n\t\t[\/vc_column][vc_column css=&#8221;.vc_custom_1612434787067{background-position: center !important;background-repeat: no-repeat !important;background-size: cover !important;}&#8221; offset=&#8221;vc_col-lg-6 vc_col-md-6&#8243; mobile_bg_img_hidden=&#8221;no&#8221; tablet_bg_img_hidden=&#8221;no&#8221; woodmart_parallax=&#8221;0&#8243; woodmart_sticky_column=&#8221;false&#8221; parallax_scroll=&#8221;no&#8221; mobile_reset_margin=&#8221;no&#8221; tablet_reset_margin=&#8221;no&#8221;][vc_single_image image=&#8221;29597&#8243; img_size=&#8221;full&#8221; alignment=&#8221;center&#8221; style=&#8221;vc_box_shadow_border&#8221; onclick=&#8221;link_image&#8221; parallax_scroll=&#8221;no&#8221; woodmart_inline=&#8221;no&#8221;][\/vc_column][\/vc_row][vc_row][vc_column][vc_text_separator title=&#8221;Tessuti Naturali&#8221;]\n\t\t<div id=\"wd-66d57e539de3d\" class=\"title-wrapper wd-wpb wd-set-mb reset-last-child  wd-rs-66d57e539de3d wd-title-color-default wd-title-style-default text-center  wd-underline-colored\">\n\t\t\t\n\t\t\t<div class=\"liner-continer\">\n\t\t\t\t<h2 class=\"woodmart-title-container title  wd-font-weight- wd-fontsize-l\" >Copritavolo Elegante in Seta<\/h2>\n\t\t\t\t\t\t\t<\/div>\n\t\t\t\n\t\t\t\n\t\t\t\n\t\t<\/div>\n\t\t\n\t\t[\/vc_column][\/vc_row][vc_row content_placement=&#8221;middle&#8221; woodmart_bg_position=&#8221;center-bottom&#8221; css=&#8221;.vc_custom_1695368686343{background-color: #f3f3f3 !important;background-position: 0 0 !important;background-repeat: no-repeat !important;}&#8221; el_class=&#8221;mobile-bg-img-hidden&#8221; mobile_bg_img_hidden=&#8221;no&#8221; tablet_bg_img_hidden=&#8221;no&#8221; woodmart_parallax=&#8221;0&#8243; woodmart_gradient_switch=&#8221;no&#8221; row_reverse_mobile=&#8221;0&#8243; row_reverse_tablet=&#8221;0&#8243; woodmart_disable_overflow=&#8221;0&#8243; woodmart_css_id=&#8221;650d45e5a9c87&#8243; responsive_spacing=&#8221;eyJwYXJhbV90eXBlIjoid29vZG1hcnRfcmVzcG9uc2l2ZV9zcGFjaW5nIiwic2VsZWN0b3JfaWQiOiI2NTBkNDVlNWE5Yzg3Iiwic2hvcnRjb2RlIjoidmNfcm93IiwiZGF0YSI6eyJ0YWJsZXQiOnt9LCJtb2JpbGUiOnt9fX0=&#8221; woodmart_box_shadow=&#8221;yes&#8221; wd_box_shadow=&#8221;eyJkZXZpY2VzIjp7ImRlc2t0b3AiOnsiaG9yaXpvbnRhbCI6IjAiLCJ2ZXJ0aWNhbCI6IjAiLCJibHVyIjoiOSIsInNwcmVhZCI6IjAiLCJjb2xvciI6InJnYmEoMCwgMCwgMCwgLjE1KSJ9fX0=&#8221; wd_z_index=&#8221;no&#8221;][vc_column width=&#8221;1\/2&#8243; mobile_bg_img_hidden=&#8221;no&#8221; tablet_bg_img_hidden=&#8221;no&#8221; woodmart_parallax=&#8221;0&#8243; woodmart_sticky_column=&#8221;false&#8221; parallax_scroll=&#8221;no&#8221; mobile_reset_margin=&#8221;no&#8221; tablet_reset_margin=&#8221;no&#8221;][vc_single_image image=&#8221;36991&#8243; img_size=&#8221;large&#8221; alignment=&#8221;center&#8221; onclick=&#8221;link_image&#8221; parallax_scroll=&#8221;no&#8221; woodmart_inline=&#8221;no&#8221;][\/vc_column][vc_column width=&#8221;1\/2&#8243; css=&#8221;.vc_custom_1535101510463{margin-top: 4vh !important;padding-top: 0px !important;}&#8221;][vc_single_image image=&#8221;29532&#8243; img_size=&#8221;large&#8221; alignment=&#8221;center&#8221; onclick=&#8221;link_image&#8221; parallax_scroll=&#8221;no&#8221; woodmart_inline=&#8221;no&#8221;][\/vc_column][\/vc_row][vc_row][vc_column][vc_single_image image=&#8221;29598&#8243; img_size=&#8221;full&#8221; alignment=&#8221;center&#8221; style=&#8221;vc_box_shadow_border&#8221; onclick=&#8221;link_image&#8221; parallax_scroll=&#8221;no&#8221; woodmart_inline=&#8221;no&#8221;]\n\t\t<div id=\"wd-650d48f074628\" class=\"title-wrapper wd-wpb wd-set-mb reset-last-child  wd-rs-650d48f074628 wd-title-color-primary wd-title-style-underlined text-center justify  wd-underline-colored\">\n\t\t\t\n\t\t\t<div class=\"liner-continer\">\n\t\t\t\t<h3 class=\"woodmart-title-container title  wd-font-weight-500 wd-fontsize-xl\" >MEDEA - Copritavolo elegante in pura Seta<\/h3>\n\t\t\t\t\t\t\t<\/div>\n\t\t\t\n\t\t\t\n\t\t\t\n\t\t<\/div>\n\t\t\n\t\t\t\t<div id=\"wd-650d4609e9997\" class=\"wd-text-block wd-wpb reset-last-child wd-rs-650d4609e9997 text-left \">\n\t\t\t<p><strong>Qualit\u00e0 Eccelsa, Emozioni antiche per un Impatto Duraturo<\/strong><\/p>\n<p style=\"text-align: justify;\">La qualit\u00e0 di questo Copritavolo \u00e8 ineguagliabile. Realizzato in Seta di primissima qualit\u00e0, \u00e8 un tessuto che si distingue per la sua lucentezza. Questo significa che potrai godere della sua bellezza e del suo fascino per molto tempo a venire.<\/p>\n<p><strong>Stile Moderno e Attenzione ai Dettagli<\/strong><\/p>\n<p style=\"text-align: justify;\">Questo Copritavolo non \u00e8 solo un capolavoro di design, ma anche un esempio di attenzione ai dettagli. Le cuciture impeccabili e il taglio preciso lo rendono un pezzo di qualit\u00e0 superiore. La sua modernit\u00e0 e attualit\u00e0 lo rendono perfetto per decorare un tavolo, per delle riunioni informali con gli amici.<\/p>\n<p><strong>Porta la Bellezza a Tavola Ogni Giorno<\/strong><\/p>\n<p style=\"text-align: justify;\">Aggiungi un tocco di eleganza e creativit\u00e0 alla tua tavola con MEDEA: un copritavolo elegante, moderno dalle fantastiche colorazioni.\u00a0 Questo copritavolo trasformer\u00e0 ogni tavola in un&#8217;esperienza straordinaria e far\u00e0 s\u00ec che ogni giorno sia un&#8217;occasione speciale.<br \/>\n<strong>Articolo pensato, progettato e realizzato interamente da Marini&amp;Gerardi.<\/strong><\/p>\n\t\t<\/div>\n\t\t[\/vc_column][\/vc_row]<\/p>\n<\/div>","protected":false},"excerpt":{"rendered":"<p><strong>MEDEA<\/strong> &#8211; Regalati o regala un Copritavolo in Seta e Shantung di primissima qualit\u00e0 da vivere con grande eleganza.<\/p>\n","protected":false},"featured_media":29594,"template":"","meta":[],"product_brand":[],"product_cat":[1496],"product_tag":[3610],"class_list":{"0":"post-29592","1":"product","2":"type-product","3":"status-publish","4":"has-post-thumbnail","6":"product_cat-tovaglie","7":"product_tag-copritavolo","9":"first","10":"instock","11":"taxable","12":"shipping-taxable","13":"purchasable","14":"product-type-simple"},"_links":{"self":[{"href":"https:\/\/www.marinigerardi.it\/shop\/wp-json\/wp\/v2\/product\/29592","targetHints":{"allow":["GET"]}}],"collection":[{"href":"https:\/\/www.marinigerardi.it\/shop\/wp-json\/wp\/v2\/product"}],"about":[{"href":"https:\/\/www.marinigerardi.it\/shop\/wp-json\/wp\/v2\/types\/product"}],"wp:featuredmedia":[{"embeddable":true,"href":"https:\/\/www.marinigerardi.it\/shop\/wp-json\/wp\/v2\/media\/29594"}],"wp:attachment":[{"href":"https:\/\/www.marinigerardi.it\/shop\/wp-json\/wp\/v2\/media?parent=29592"}],"wp:term":[{"taxonomy":"product_brand","embeddable":true,"href":"https:\/\/www.marinigerardi.it\/shop\/wp-json\/wp\/v2\/product_brand?post=29592"},{"taxonomy":"product_cat","embeddable":true,"href":"https:\/\/www.marinigerardi.it\/shop\/wp-json\/wp\/v2\/product_cat?post=29592"},{"taxonomy":"product_tag","embeddable":true,"href":"https:\/\/www.marinigerardi.it\/shop\/wp-json\/wp\/v2\/product_tag?post=29592"}],"curies":[{"name":"wp","href":"https:\/\/api.w.org\/{rel}","templated":true}]}}