{"id":28958,"date":"2021-11-13T15:17:40","date_gmt":"2021-11-13T15:17:40","guid":{"rendered":"https:\/\/marinigerardi.it\/shop\/?post_type=product&#038;p=28958"},"modified":"2025-12-21T00:08:37","modified_gmt":"2025-12-21T00:08:37","slug":"tovaglia-in-lino-bianco-con-runner-rosso","status":"publish","type":"product","link":"https:\/\/www.marinigerardi.it\/shop\/prodotto\/tovaglia-in-lino-bianco-con-runner-rosso\/","title":{"rendered":"Red Carpet &#8211; Tovaglia in Lino Bianco o Corda con Runner Rosso"},"content":{"rendered":"<div class=\"wpb-content-wrapper\"><p>[vc_row equal_height=&#8221;yes&#8221; mobile_bg_img_hidden=&#8221;no&#8221; tablet_bg_img_hidden=&#8221;no&#8221; woodmart_parallax=&#8221;0&#8243; woodmart_gradient_switch=&#8221;no&#8221; row_reverse_mobile=&#8221;0&#8243; row_reverse_tablet=&#8221;0&#8243; woodmart_disable_overflow=&#8221;0&#8243;][vc_column offset=&#8221;vc_col-lg-6 vc_col-md-6&#8243; mobile_bg_img_hidden=&#8221;no&#8221; tablet_bg_img_hidden=&#8221;no&#8221; woodmart_parallax=&#8221;0&#8243; woodmart_sticky_column=&#8221;false&#8221; parallax_scroll=&#8221;no&#8221; mobile_reset_margin=&#8221;no&#8221; tablet_reset_margin=&#8221;no&#8221; css=&#8221;.vc_custom_1613071403480{margin-top: 0px !important;}&#8221;]\n\t\t<div id=\"wd-69473a4967395\" class=\"title-wrapper wd-wpb wd-set-mb reset-last-child  wd-rs-69473a4967395 wd-title-color-primary wd-title-style-bordered text-left vc_custom_1766275613987 wd-underline-colored\">\n\t\t\t\n\t\t\t<div class=\"liner-continer\">\n\t\t\t\t<h2 class=\"woodmart-title-container title  wd-font-weight- wd-fontsize-l\" >RED CARPET 2022 - Tovaglia in Lino Bianco o Corda con Runner Rosso<\/h2>\n\t\t\t\t\t\t\t<\/div>\n\t\t\t\n\t\t\t\n\t\t\t\n\t\t<\/div>\n\t\t\n\t\t\t\t<div id=\"wd-6548437e5b841\" class=\"wd-text-block wd-wpb reset-last-child wd-rs-6548437e5b841 text-left \">\n\t\t\t<p style=\"text-align: justify;\"><a href=\"https:\/\/www.marinigerardi.it\/shop\/prodotto\/natale-2021-tovaglia-in-lino-bianco-con-runner-rosso\/\">Tovaglia<\/a> realizzata in tessuto di lino, cucita sartorialmente nel nostro laboratorio al momento dell\u2019ordine Una Grande bella Tovaglia, dal design insolito e piacevolmente accattivante per fare la differenza, che sa essere perfetta per le grandi occasioni. Disponibile in due combinazioni e tonalit\u00e0 di colore, con bordo vezzosamente ripiegato e sfilacciato.<\/p>\n\t\t<\/div>\n\t\t[vc_message message_box_style=&#8221;outline&#8221; message_box_color=&#8221;grey&#8221; css=&#8221;&#8221;]<strong>Tessuto: <\/strong>100% lino.<br \/>\n<strong>Peso:<\/strong> 390 gr\/m2<br \/>\n<strong>RED CARPET<\/strong> in Rosso<br \/>\n<strong>Colori:<\/strong> Panna Acida, Corda Naturale<br \/>\n<strong>Misure:<\/strong>\u00a0 170\u00d7180 | 170\u00d7200 | 170\u00d7240 | 170\u00d7260 | 170\u00d7280 | 170\u00d7300 | 170\u00d7320 | 170\u00d7340 | 170\u00d7360 |<br \/>\n<strong>Misure Tovaglioli:<\/strong> 40&#215;40<\/p>\n<p>Per altre misure vi preghiamo di contattarci al Indirizzo mail <strong>assistenza@marinigerardi.it<\/strong>[\/vc_message][\/vc_column][vc_column css=&#8221;.vc_custom_1612434787067{background-position: center !important;background-repeat: no-repeat !important;background-size: cover !important;}&#8221; offset=&#8221;vc_col-lg-6 vc_col-md-6&#8243; mobile_bg_img_hidden=&#8221;no&#8221; tablet_bg_img_hidden=&#8221;no&#8221; woodmart_parallax=&#8221;0&#8243; woodmart_sticky_column=&#8221;false&#8221; parallax_scroll=&#8221;no&#8221; mobile_reset_margin=&#8221;no&#8221; tablet_reset_margin=&#8221;no&#8221;]\t\t<div id=\"gallery_596\" class=\"wd-images-gallery wd-wpb wd-rs-61dbf94a0aabc photoswipe-images\" style=\"--wd-justify-content:center;--wd-align-items:center;\">\n\t\t\t\n\t\t\t<div class=\" wd-grid-g\" style=\"--wd-col-lg:2;--wd-col-md:2;--wd-col-sm:1;--wd-gap-lg:10px;\">\n\t\t\t\t\n\t\t\t\t\t\t\t\t\t\t\t\t\t\t\t<div class=\"wd-gallery-item wd-col\">\n\t\t\t\t\t\t\t\t\t\t\t\t\t\t<a href=\"https:\/\/www.marinigerardi.it\/shop\/wp-content\/uploads\/2021\/11\/tovaglia-elegante-con-runner-rosso-tovaglioli-in-lino-bianco.jpg\" data-elementor-open-lightbox=\"no\" data-index=\"1\" data-width=\"1024\" data-height=\"768\" \n\t\t\t\t\t\t\t\t\t\t\t\t\t\t\t\t\t\t\t\t\t\t\t\t\t\t\t\ttitle=\"tovaglia elegante con runner rosso tovaglioli in lino bianco\">\n\t\t\t\t\t\t\t\t\n\t\t\t\t\t\t\t\t<img decoding=\"async\" width=\"1024\" height=\"768\" src=\"https:\/\/www.marinigerardi.it\/shop\/wp-content\/uploads\/2021\/11\/tovaglia-elegante-con-runner-rosso-tovaglioli-in-lino-bianco.jpg\" class=\"wd-gallery-image image-1\" alt=\"tovaglia elegante con runner rosso tovaglioli in lino bianco\" srcset=\"https:\/\/www.marinigerardi.it\/shop\/wp-content\/uploads\/2021\/11\/tovaglia-elegante-con-runner-rosso-tovaglioli-in-lino-bianco.jpg 1024w, https:\/\/www.marinigerardi.it\/shop\/wp-content\/uploads\/2021\/11\/tovaglia-elegante-con-runner-rosso-tovaglioli-in-lino-bianco-450x338.jpg 450w, https:\/\/www.marinigerardi.it\/shop\/wp-content\/uploads\/2021\/11\/tovaglia-elegante-con-runner-rosso-tovaglioli-in-lino-bianco-1000x750.jpg 1000w, https:\/\/www.marinigerardi.it\/shop\/wp-content\/uploads\/2021\/11\/tovaglia-elegante-con-runner-rosso-tovaglioli-in-lino-bianco-300x225.jpg 300w, https:\/\/www.marinigerardi.it\/shop\/wp-content\/uploads\/2021\/11\/tovaglia-elegante-con-runner-rosso-tovaglioli-in-lino-bianco-768x576.jpg 768w, https:\/\/www.marinigerardi.it\/shop\/wp-content\/uploads\/2021\/11\/tovaglia-elegante-con-runner-rosso-tovaglioli-in-lino-bianco-150x113.jpg 150w\" sizes=\"(max-width: 1024px) 100vw, 1024px\" \/>\n\t\t\t\t\t\t\t\t\t\t\t\t\t\t\t<\/a>\n\t\t\t\t\t\t\t\t\t\t\t\t<\/div>\n\t\t\t\t\t\t\t\t\t\t\t<div class=\"wd-gallery-item wd-col\">\n\t\t\t\t\t\t\t\t\t\t\t\t\t\t<a href=\"https:\/\/www.marinigerardi.it\/shop\/wp-content\/uploads\/2021\/11\/tovaglia-in-lino-bianca-con-tovaglioli-e-runner-rosso.jpg\" data-elementor-open-lightbox=\"no\" data-index=\"2\" data-width=\"1024\" data-height=\"768\" \n\t\t\t\t\t\t\t\t\t\t\t\t\t\t\t\t\t\t\t\t\t\t\t\t\t\t\t\ttitle=\"tovaglia in lino bianca con tovaglioli e runner rosso\">\n\t\t\t\t\t\t\t\t\n\t\t\t\t\t\t\t\t<img decoding=\"async\" width=\"1024\" height=\"768\" src=\"https:\/\/www.marinigerardi.it\/shop\/wp-content\/uploads\/2021\/11\/tovaglia-in-lino-bianca-con-tovaglioli-e-runner-rosso.jpg\" class=\"wd-gallery-image image-2\" alt=\"tovaglia in lino bianca con tovaglioli e runner rosso\" srcset=\"https:\/\/www.marinigerardi.it\/shop\/wp-content\/uploads\/2021\/11\/tovaglia-in-lino-bianca-con-tovaglioli-e-runner-rosso.jpg 1024w, https:\/\/www.marinigerardi.it\/shop\/wp-content\/uploads\/2021\/11\/tovaglia-in-lino-bianca-con-tovaglioli-e-runner-rosso-450x338.jpg 450w, https:\/\/www.marinigerardi.it\/shop\/wp-content\/uploads\/2021\/11\/tovaglia-in-lino-bianca-con-tovaglioli-e-runner-rosso-1000x750.jpg 1000w, https:\/\/www.marinigerardi.it\/shop\/wp-content\/uploads\/2021\/11\/tovaglia-in-lino-bianca-con-tovaglioli-e-runner-rosso-300x225.jpg 300w, https:\/\/www.marinigerardi.it\/shop\/wp-content\/uploads\/2021\/11\/tovaglia-in-lino-bianca-con-tovaglioli-e-runner-rosso-768x576.jpg 768w, https:\/\/www.marinigerardi.it\/shop\/wp-content\/uploads\/2021\/11\/tovaglia-in-lino-bianca-con-tovaglioli-e-runner-rosso-150x113.jpg 150w\" sizes=\"(max-width: 1024px) 100vw, 1024px\" \/>\n\t\t\t\t\t\t\t\t\t\t\t\t\t\t\t<\/a>\n\t\t\t\t\t\t\t\t\t\t\t\t<\/div>\n\t\t\t\t\t\t\t\t\t\t\t<div class=\"wd-gallery-item wd-col\">\n\t\t\t\t\t\t\t\t\t\t\t\t\t\t<a href=\"https:\/\/www.marinigerardi.it\/shop\/wp-content\/uploads\/2021\/11\/runner-roosso-con-tovaglia-bianca-natale-2021-tovaglioli-in-lino.jpg\" data-elementor-open-lightbox=\"no\" data-index=\"3\" data-width=\"1024\" data-height=\"768\" \n\t\t\t\t\t\t\t\t\t\t\t\t\t\t\t\t\t\t\t\t\t\t\t\t\t\t\t\ttitle=\"Runner Roosso Con Tovaglia Bianca Natale 2023 Tovaglioli In Lino\">\n\t\t\t\t\t\t\t\t\n\t\t\t\t\t\t\t\t<img decoding=\"async\" width=\"1024\" height=\"768\" src=\"https:\/\/www.marinigerardi.it\/shop\/wp-content\/uploads\/2021\/11\/runner-roosso-con-tovaglia-bianca-natale-2021-tovaglioli-in-lino.jpg\" class=\"wd-gallery-image image-3\" alt=\"Runner Roosso Con Tovaglia Bianca Natale 2023 Tovaglioli In Lino\" srcset=\"https:\/\/www.marinigerardi.it\/shop\/wp-content\/uploads\/2021\/11\/runner-roosso-con-tovaglia-bianca-natale-2021-tovaglioli-in-lino.jpg 1024w, https:\/\/www.marinigerardi.it\/shop\/wp-content\/uploads\/2021\/11\/runner-roosso-con-tovaglia-bianca-natale-2021-tovaglioli-in-lino-450x338.jpg 450w, https:\/\/www.marinigerardi.it\/shop\/wp-content\/uploads\/2021\/11\/runner-roosso-con-tovaglia-bianca-natale-2021-tovaglioli-in-lino-1000x750.jpg 1000w, https:\/\/www.marinigerardi.it\/shop\/wp-content\/uploads\/2021\/11\/runner-roosso-con-tovaglia-bianca-natale-2021-tovaglioli-in-lino-300x225.jpg 300w, https:\/\/www.marinigerardi.it\/shop\/wp-content\/uploads\/2021\/11\/runner-roosso-con-tovaglia-bianca-natale-2021-tovaglioli-in-lino-768x576.jpg 768w, https:\/\/www.marinigerardi.it\/shop\/wp-content\/uploads\/2021\/11\/runner-roosso-con-tovaglia-bianca-natale-2021-tovaglioli-in-lino-150x113.jpg 150w\" sizes=\"(max-width: 1024px) 100vw, 1024px\" \/>\n\t\t\t\t\t\t\t\t\t\t\t\t\t\t\t<\/a>\n\t\t\t\t\t\t\t\t\t\t\t\t<\/div>\n\t\t\t\t\t\t\t\t\t\t\t<div class=\"wd-gallery-item wd-col\">\n\t\t\t\t\t\t\t\t\t\t\t\t\t\t<a href=\"https:\/\/www.marinigerardi.it\/shop\/wp-content\/uploads\/2021\/11\/runnert-rosso-con-tovaglia-in-lino-corda-natale-2021.jpg\" data-elementor-open-lightbox=\"no\" data-index=\"4\" data-width=\"1024\" data-height=\"768\" \n\t\t\t\t\t\t\t\t\t\t\t\t\t\t\t\t\t\t\t\t\t\t\t\t\t\t\t\ttitle=\"Runnert Rosso Con Tovaglia In Lino Corda Natale 2023\">\n\t\t\t\t\t\t\t\t\n\t\t\t\t\t\t\t\t<img decoding=\"async\" width=\"1024\" height=\"768\" src=\"https:\/\/www.marinigerardi.it\/shop\/wp-content\/uploads\/2021\/11\/runnert-rosso-con-tovaglia-in-lino-corda-natale-2021.jpg\" class=\"wd-gallery-image image-4\" alt=\"Runnert Rosso Con Tovaglia In Lino Corda Natale 2023\" srcset=\"https:\/\/www.marinigerardi.it\/shop\/wp-content\/uploads\/2021\/11\/runnert-rosso-con-tovaglia-in-lino-corda-natale-2021.jpg 1024w, https:\/\/www.marinigerardi.it\/shop\/wp-content\/uploads\/2021\/11\/runnert-rosso-con-tovaglia-in-lino-corda-natale-2021-450x338.jpg 450w, https:\/\/www.marinigerardi.it\/shop\/wp-content\/uploads\/2021\/11\/runnert-rosso-con-tovaglia-in-lino-corda-natale-2021-1000x750.jpg 1000w, https:\/\/www.marinigerardi.it\/shop\/wp-content\/uploads\/2021\/11\/runnert-rosso-con-tovaglia-in-lino-corda-natale-2021-300x225.jpg 300w, https:\/\/www.marinigerardi.it\/shop\/wp-content\/uploads\/2021\/11\/runnert-rosso-con-tovaglia-in-lino-corda-natale-2021-768x576.jpg 768w, https:\/\/www.marinigerardi.it\/shop\/wp-content\/uploads\/2021\/11\/runnert-rosso-con-tovaglia-in-lino-corda-natale-2021-150x113.jpg 150w\" sizes=\"(max-width: 1024px) 100vw, 1024px\" \/>\n\t\t\t\t\t\t\t\t\t\t\t\t\t\t\t<\/a>\n\t\t\t\t\t\t\t\t\t\t\t\t<\/div>\n\t\t\t\t\t\t\t\t\t\n\t\t\t\t\t\t\t<\/div>\n\n\t\t\t\t\t<\/div>\n\t\t[\/vc_column][\/vc_row][vc_row][vc_column][vc_empty_space woodmart_hide_large=&#8221;0&#8243; woodmart_hide_medium=&#8221;0&#8243; woodmart_hide_small=&#8221;0&#8243;]\n\t\t<div id=\"wd-69473a5cbf501\" class=\"title-wrapper wd-wpb wd-set-mb reset-last-child  wd-rs-69473a5cbf501 wd-title-color-default wd-title-style-bordered text-center  wd-underline-colored\">\n\t\t\t\n\t\t\t<div class=\"liner-continer\">\n\t\t\t\t<h3 class=\"woodmart-title-container title  wd-font-weight- wd-fontsize-l\" >Tovaglia in Lino Bianco<\/h3>\n\t\t\t\t\t\t\t<\/div>\n\t\t\t\n\t\t\t\n\t\t\t\n\t\t<\/div>\n\t\t\n\t\t[\/vc_column][\/vc_row][vc_row content_placement=&#8221;middle&#8221; woodmart_bg_position=&#8221;center-bottom&#8221; css=&#8221;.vc_custom_1699234626372{background-color: #f3f3f3 !important;background-position: 0 0 !important;background-repeat: no-repeat !important;}&#8221; el_class=&#8221;mobile-bg-img-hidden&#8221; mobile_bg_img_hidden=&#8221;no&#8221; tablet_bg_img_hidden=&#8221;no&#8221; woodmart_parallax=&#8221;0&#8243; woodmart_gradient_switch=&#8221;no&#8221; row_reverse_mobile=&#8221;0&#8243; row_reverse_tablet=&#8221;0&#8243; woodmart_disable_overflow=&#8221;0&#8243; woodmart_css_id=&#8221;654843375f3ed&#8221; responsive_spacing=&#8221;eyJwYXJhbV90eXBlIjoid29vZG1hcnRfcmVzcG9uc2l2ZV9zcGFjaW5nIiwic2VsZWN0b3JfaWQiOiI2NTQ4NDMzNzVmM2VkIiwic2hvcnRjb2RlIjoidmNfcm93IiwiZGF0YSI6eyJ0YWJsZXQiOnt9LCJtb2JpbGUiOnt9fX0=&#8221; woodmart_box_shadow=&#8221;yes&#8221; wd_box_shadow=&#8221;eyJkZXZpY2VzIjp7ImRlc2t0b3AiOnsiaG9yaXpvbnRhbCI6IjAiLCJ2ZXJ0aWNhbCI6IjAiLCJibHVyIjoiOSIsInNwcmVhZCI6IjAiLCJjb2xvciI6InJnYmEoMCwgMCwgMCwgLjE1KSJ9fX0=&#8221; wd_z_index=&#8221;no&#8221;][vc_column mobile_bg_img_hidden=&#8221;no&#8221; tablet_bg_img_hidden=&#8221;no&#8221; woodmart_parallax=&#8221;0&#8243; woodmart_sticky_column=&#8221;false&#8221; parallax_scroll=&#8221;no&#8221; mobile_reset_margin=&#8221;no&#8221; tablet_reset_margin=&#8221;no&#8221;][vc_single_image image=&#8221;28963&#8243; img_size=&#8221;full&#8221; alignment=&#8221;center&#8221; onclick=&#8221;link_image&#8221; parallax_scroll=&#8221;no&#8221; woodmart_inline=&#8221;no&#8221;][\/vc_column][\/vc_row][vc_row][vc_column]\n\t\t<div id=\"wd-69473a672e544\" class=\"title-wrapper wd-wpb wd-set-mb reset-last-child  wd-rs-69473a672e544 wd-title-color-primary wd-title-style-bordered text-center justify  wd-underline-colored\">\n\t\t\t\n\t\t\t<div class=\"liner-continer\">\n\t\t\t\t<h3 class=\"woodmart-title-container title  wd-font-weight- wd-fontsize-l\" >RED CARPET - Classica tovaglia in lino bianco per le grandi occasioni<\/h3>\n\t\t\t\t\t\t\t<\/div>\n\t\t\t\n\t\t\t\t\t\t\t<div class=\"title-after_title reset-last-child  wd-fontsize-xs\">in combinazione un Runner sovrapposto<\/div>\n\t\t\t\n\t\t\t\n\t\t<\/div>\n\t\t\n\t\t\t\t<div id=\"wd-6548430977266\" class=\"wd-text-block wd-wpb reset-last-child wd-rs-6548430977266 text-left \">\n\t\t\t<p style=\"text-align: justify;\">una <a href=\"http:\/\/tovaglie.info\" target=\"_blank\" rel=\"noopener nofollow\">Tovaglia<\/a>\u00a0di <a href=\"http:\/\/purolino.net\/\" target=\"_blank\" rel=\"noopener nofollow\">lino<\/a> ispirata e dedicata alle suggestioni e alle tradizioni del Natale. Questa Tovaglia in lino \u00e8 fatta per una cucina all\u2019insegna della famiglia, ricca di sapori intensi e umori antichi, una cucina speciale che da piacere agli occhi e la gola.<br \/>\nE\u2019 iniziato il conto alla rovescia per il pranzo o la cena della Vigilia\u2026 il Natale accorcia il passo, e gia si sognano memorabili giornate in famiglia all\u2019insegna del buon umore, della tombola e del buon cibo!<br \/>\nRinnoviamo la tavola con una tovaglia in Puro Lino in una unica tonalit\u00e0 di colore, con un bel runner rosso, una Tovaglia che sa essere Elegante quanto Informale, veramente Esclusiva per un regalo raffinato da fare o da ricevere<\/p>\n\t\t<\/div>\n\t\t[\/vc_column][\/vc_row]<\/p>\n<\/div>","protected":false},"excerpt":{"rendered":"<p>Red Carpet -Tovaglia in lino bianco acido dal sapore vintage o Corda Naturale con effetto corposo ma delicato al tatto per un <strong>Pranzo Elegante<\/strong> con <strong>antipasti, primi piatti, contorni, dolci, torte e biscotti ed un bel Runner Rosso<\/strong><\/p>\n","protected":false},"featured_media":28959,"template":"","meta":[],"product_brand":[],"product_cat":[145,3607,3606,3633],"product_tag":[738,1951,739],"class_list":{"0":"post-28958","1":"product","2":"type-product","3":"status-publish","4":"has-post-thumbnail","6":"product_cat-tovaglie-di-lino","7":"product_cat-tovaglie-eleganti","8":"product_cat-tovaglie-personalizzate","9":"product_cat-tovaglie-su-misura-online","10":"product_tag-tovaglia-bianca","11":"product_tag-tovaglia-rossa","12":"product_tag-tovaglia-shabby","14":"first","15":"instock","16":"taxable","17":"shipping-taxable","18":"purchasable","19":"product-type-simple"},"_links":{"self":[{"href":"https:\/\/www.marinigerardi.it\/shop\/wp-json\/wp\/v2\/product\/28958","targetHints":{"allow":["GET"]}}],"collection":[{"href":"https:\/\/www.marinigerardi.it\/shop\/wp-json\/wp\/v2\/product"}],"about":[{"href":"https:\/\/www.marinigerardi.it\/shop\/wp-json\/wp\/v2\/types\/product"}],"wp:featuredmedia":[{"embeddable":true,"href":"https:\/\/www.marinigerardi.it\/shop\/wp-json\/wp\/v2\/media\/28959"}],"wp:attachment":[{"href":"https:\/\/www.marinigerardi.it\/shop\/wp-json\/wp\/v2\/media?parent=28958"}],"wp:term":[{"taxonomy":"product_brand","embeddable":true,"href":"https:\/\/www.marinigerardi.it\/shop\/wp-json\/wp\/v2\/product_brand?post=28958"},{"taxonomy":"product_cat","embeddable":true,"href":"https:\/\/www.marinigerardi.it\/shop\/wp-json\/wp\/v2\/product_cat?post=28958"},{"taxonomy":"product_tag","embeddable":true,"href":"https:\/\/www.marinigerardi.it\/shop\/wp-json\/wp\/v2\/product_tag?post=28958"}],"curies":[{"name":"wp","href":"https:\/\/api.w.org\/{rel}","templated":true}]}}