{"id":28931,"date":"2021-11-11T09:22:52","date_gmt":"2021-11-11T09:22:52","guid":{"rendered":"https:\/\/marinigerardi.it\/shop\/?post_type=product&#038;p=28931"},"modified":"2025-12-20T00:42:10","modified_gmt":"2025-12-20T00:42:10","slug":"zefiro-copripiumino-in-cotone-tinta-unita","status":"publish","type":"product","link":"https:\/\/www.marinigerardi.it\/shop\/prodotto\/zefiro-copripiumino-in-cotone-tinta-unita\/","title":{"rendered":"ZEFIRO 200 &#8211; Copripiumino in cotone tinta unita"},"content":{"rendered":"<div class=\"wpb-content-wrapper\"><p>[vc_row content_placement=&#8221;middle&#8221; css=&#8221;.vc_custom_1535552883928{margin-bottom: 8vh !important;}&#8221;][vc_column width=&#8221;1\/2&#8243;]\n\t\t<div id=\"wd-6945f0919a2df\" class=\"title-wrapper wd-wpb wd-set-mb reset-last-child  wd-rs-6945f0919a2df wd-title-color-primary wd-title-style-default text-left vc_custom_1766191205475 wd-width-enabled wd-underline-colored\" style=\"--wd-max-width: 90%;\">\n\t\t\t\n\t\t\t<div class=\"liner-continer\">\n\t\t\t\t<h2 class=\"woodmart-title-container title  wd-font-weight- wd-fontsize-l\" >ZEFIRO 200 fili - Copripiumino in cotone tinta unita in cotone<\/h2>\n\t\t\t\t\t\t\t<\/div>\n\t\t\t\n\t\t\t\n\t\t\t\n\t\t<\/div>\n\t\t\n\t\t[vc_message message_box_style=&#8221;outline&#8221; message_box_color=&#8221;grey&#8221; css=&#8221;&#8221;]Un Copripiumino di manifattura artigianale realizzato con tessuto cotone percalle italiano di primissima qualit\u00e0.<\/p>\n<ul>\n<li>Per questa offerta\u00a0 \u00e8 possibile ordinare: <strong><a href=\"https:\/\/www.marinigerardi.it\/shop\/prodotto\/zefiro-copripiumino-in-cotone-tinta-unita\/\">Copripiumino in cotone tinta unita Chiusura a sacco + patella<\/a> + federe cuscino + <a href=\"https:\/\/lenzuola.eu\/\" rel=\"nofollow noopener\" target=\"_blank\">Lenzuolo<\/a> Sotto<\/strong>.<\/li>\n<li>Set Singolo o Set Una Piazza e Mezzo o Set Matrimoniale.<\/li>\n<li><strong>Cotone Percalle SUPIMA\u00ae<\/strong> liscio 200 fili con <strong>trattamento indanthrene<\/strong><\/li>\n<li><strong>Design:<\/strong> cuciture con pieghe attraversano centralmente il Tessuto in orizzontale..<\/li>\n<\/ul>\n<p>N.B.: I colori dei tessuti presenti nelle immagini possono variare in base al monitor utilizzato. Segnalare nelle note dell&#8217;Ordine eventuale disposizioni aggiuntive. Per altre misure contattare\u00a0 <strong>assistenza@marinigerardi.it<\/strong>[\/vc_message]<div id=\"wd-6537ce547b2a0\" class=\" wd-rs-6537ce547b2a0  wd-button-wrapper text-left\"><a href=\"https:\/\/www.marinigerardi.it\/shop\/guida-misure-per-la-biancheria-letto\/\" title=\"\" target=\"_blank\" class=\"btn btn-style-default btn-shape-rectangle btn-size-default\">GUIDA MISURE PER LA BIANCHERIA LETTO<\/a><\/div>[\/vc_column][vc_column width=&#8221;1\/2&#8243; el_class=&#8221;text-center&#8221;][vc_single_image image=&#8221;28935&#8243; img_size=&#8221;large&#8221; alignment=&#8221;center&#8221; onclick=&#8221;link_image&#8221; css=&#8221;&#8221; parallax_scroll=&#8221;no&#8221; woodmart_inline=&#8221;no&#8221;][\/vc_column][\/vc_row][vc_row css=&#8221;.vc_custom_1617786903233{margin-top: 20px !important;margin-bottom: 20px !important;}&#8221; mobile_bg_img_hidden=&#8221;no&#8221; tablet_bg_img_hidden=&#8221;no&#8221; woodmart_parallax=&#8221;0&#8243; woodmart_gradient_switch=&#8221;no&#8221; row_reverse_mobile=&#8221;0&#8243; row_reverse_tablet=&#8221;0&#8243; woodmart_disable_overflow=&#8221;0&#8243;][vc_column][vc_empty_space woodmart_hide_large=&#8221;0&#8243; woodmart_hide_medium=&#8221;0&#8243; woodmart_hide_small=&#8221;0&#8243;]\n\t\t<div id=\"wd-6945f0a3b7792\" class=\"title-wrapper wd-wpb wd-set-mb reset-last-child  wd-rs-6945f0a3b7792 wd-title-color-default wd-title-style-default text-center  wd-underline-colored\">\n\t\t\t\n\t\t\t<div class=\"liner-continer\">\n\t\t\t\t<h3 class=\"woodmart-title-container title  wd-font-weight- wd-fontsize-l\" >Copripiumino in cotone tinta unita<\/h3>\n\t\t\t\t\t\t\t<\/div>\n\t\t\t\n\t\t\t\n\t\t\t\n\t\t<\/div>\n\t\t\n\t\t\t\t<div id=\"wd-66d823f49a02b\" class=\"wd-text-block wd-wpb reset-last-child wd-rs-66d823f49a02b text-left \">\n\t\t\t<p style=\"text-align: justify;\"><strong>ZEFIRO<\/strong> un Copripiumino sacco, di manifattura artigianale realizzato con tessuto di cotone italiano di primissima qualit\u00e0.<br \/>\nLa stanza pi\u00f9 intima della nostra casa \u00e8 quella che maggiormente esalta le nostre emozioni, ci porta, ci coccola al giusto riposo, il copri piumino ZEFIRO regala alla tua pelle sensazioni ed emozioni mai provate: <strong>new design,<\/strong> colore, passione, inoltre morbido e piacevole sulla pelle e dolce al tatto. <strong>Copripiumino in cotone tinta unita r<\/strong><strong>ealizzato in percalle 200 fili per una versione sofisticata e contemporanea di un tessuto tradizionale.<\/strong><br \/>\nIl nostro copri piumino \u00e8 di facile manutenzione, si lava in lavatrice con cautela perch\u00e8 prezioso.<\/p>\n\t\t<\/div>\n\t\t[\/vc_column][\/vc_row][vc_row content_placement=&#8221;middle&#8221; woodmart_bg_position=&#8221;center-bottom&#8221; css=&#8221;.vc_custom_1698155943198{background-color: #f3f3f3 !important;background-position: 0 0 !important;background-repeat: no-repeat !important;}&#8221; el_class=&#8221;mobile-bg-img-hidden&#8221; mobile_bg_img_hidden=&#8221;no&#8221; tablet_bg_img_hidden=&#8221;no&#8221; woodmart_parallax=&#8221;0&#8243; woodmart_gradient_switch=&#8221;no&#8221; row_reverse_mobile=&#8221;0&#8243; row_reverse_tablet=&#8221;0&#8243; woodmart_disable_overflow=&#8221;0&#8243; woodmart_css_id=&#8221;6537cd9d8d4ac&#8221; responsive_spacing=&#8221;eyJwYXJhbV90eXBlIjoid29vZG1hcnRfcmVzcG9uc2l2ZV9zcGFjaW5nIiwic2VsZWN0b3JfaWQiOiI2NTM3Y2Q5ZDhkNGFjIiwic2hvcnRjb2RlIjoidmNfcm93IiwiZGF0YSI6eyJ0YWJsZXQiOnt9LCJtb2JpbGUiOnt9fX0=&#8221; woodmart_box_shadow=&#8221;yes&#8221; wd_box_shadow=&#8221;eyJkZXZpY2VzIjp7ImRlc2t0b3AiOnsiaG9yaXpvbnRhbCI6IjAiLCJ2ZXJ0aWNhbCI6IjAiLCJibHVyIjoiOSIsInNwcmVhZCI6IjAiLCJjb2xvciI6InJnYmEoMCwgMCwgMCwgLjE1KSJ9fX0=&#8221; wd_z_index=&#8221;no&#8221;][vc_column mobile_bg_img_hidden=&#8221;no&#8221; tablet_bg_img_hidden=&#8221;no&#8221; woodmart_parallax=&#8221;0&#8243; woodmart_sticky_column=&#8221;false&#8221; parallax_scroll=&#8221;no&#8221; mobile_reset_margin=&#8221;no&#8221; tablet_reset_margin=&#8221;no&#8221;][vc_single_image image=&#8221;28937&#8243; img_size=&#8221;full&#8221; alignment=&#8221;center&#8221; style=&#8221;vc_box_shadow&#8221; onclick=&#8221;link_image&#8221; parallax_scroll=&#8221;no&#8221; woodmart_inline=&#8221;no&#8221;][\/vc_column][\/vc_row][vc_row][vc_column]\n\t\t<div id=\"wd-6945f0b0a8f51\" class=\"title-wrapper wd-wpb wd-set-mb reset-last-child  wd-rs-6945f0b0a8f51 wd-title-color-primary wd-title-style-bordered text-center justify  wd-underline-colored\">\n\t\t\t\n\t\t\t<div class=\"liner-continer\">\n\t\t\t\t<h3 class=\"woodmart-title-container title  wd-font-weight- wd-fontsize-l\" >ZEFIRO - Copripiumino in cotone tinta unita in Cotone percalle 200 fili<\/h3>\n\t\t\t\t\t\t\t<\/div>\n\t\t\t\n\t\t\t\t\t\t\t<div class=\"title-after_title reset-last-child  wd-fontsize-xs\">Il familiare comfort del tradizionale letto della nonna.<\/div>\n\t\t\t\n\t\t\t\n\t\t<\/div>\n\t\t\n\t\t[vc_column_text css=&#8221;&#8221; text_larger=&#8221;no&#8221; woodmart_inline=&#8221;no&#8221;]C&#8217;era una volta, in un piccolo borgo italiano, dove la tradizione tessile si tramandava di generazione in generazione, nacque il copripiumino in cotone ZEFIRO. Realizzato con le mani sapienti degli artigiani e con il pregiato cotone percalle pettinato 200 fili, questo capolavoro \u00e8 un inno alla bellezza e al comfort. Avvolgiti nel suo calore e lasciati trasportare in un mondo di sogni e relax.[\/vc_column_text][vc_message message_box_style=&#8221;outline&#8221;]<strong>Il cotone percalle<\/strong> \u00e8 noto per la sua leggerezza, la sua trama liscia e il suo aspetto fresco e pulito. Il nome \u201cpercalle\u201d deriva dal francese \u201cpercale,\u201d che a sua volta ha radici persiane, indicando la sua origine e diffusione attraverso la Persia (l\u2019attuale Iran).<br \/>\n<strong>Le caratteristiche distintive del cotone percalle<\/strong> includono un tessuto a armatura semplice con fili altamente ritorti e un\u2019elevata densit\u00e0 di fili per pollice quadrato. Questa costruzione tessile conferisce al percalle la sua superficie liscia, resistente e fresca al tatto. Il cotone percalle \u00e8 noto per essere traspirante e adatto all\u2019uso durante le stagioni calde, poich\u00e9 favorisce la circolazione dell\u2019aria e assorbe l\u2019umidit\u00e0 corporea.<br \/>\n<strong>Solitamente, il cotone percalle \u00e8 utilizzato nella produzione di biancheria da letto,<\/strong> come lenzuola, federe, e coperte estive, ma pu\u00f2 anche essere utilizzato per abiti leggeri, camicie e abbigliamento da casa. Grazie alla sua sensazione di freschezza e leggerezza, il cotone percalle \u00e8 una scelta popolare per coloro che cercano tessuti di alta qualit\u00e0 per le stagioni pi\u00f9 calde.[\/vc_message][\/vc_column][\/vc_row]<\/p>\n<\/div>","protected":false},"excerpt":{"rendered":"<p><strong>ZEFIRO 200 &#8211; Copripiumino in cotone tinta unita &#8211;<\/strong>\u00a0La qualit\u00e0, il lusso e la cura dei particolari fanno di questa collezione dal design esclusivo la migliore espressione del gusto italiano Semplice e dalle linee pulite, con una chiusura tradizionale con patella.<\/p>\n","protected":false},"featured_media":28932,"template":"","meta":[],"product_brand":[],"product_cat":[460,461,2888],"product_tag":[1615,598],"class_list":{"0":"post-28931","1":"product","2":"type-product","3":"status-publish","4":"has-post-thumbnail","6":"product_cat-biancheria-letto","7":"product_cat-copripiumini","8":"product_cat-copripiumini-cotone","9":"product_tag-biancheria-letto","10":"product_tag-copripiumino","12":"first","13":"instock","14":"taxable","15":"shipping-taxable","16":"purchasable","17":"product-type-simple"},"_links":{"self":[{"href":"https:\/\/www.marinigerardi.it\/shop\/wp-json\/wp\/v2\/product\/28931","targetHints":{"allow":["GET"]}}],"collection":[{"href":"https:\/\/www.marinigerardi.it\/shop\/wp-json\/wp\/v2\/product"}],"about":[{"href":"https:\/\/www.marinigerardi.it\/shop\/wp-json\/wp\/v2\/types\/product"}],"wp:featuredmedia":[{"embeddable":true,"href":"https:\/\/www.marinigerardi.it\/shop\/wp-json\/wp\/v2\/media\/28932"}],"wp:attachment":[{"href":"https:\/\/www.marinigerardi.it\/shop\/wp-json\/wp\/v2\/media?parent=28931"}],"wp:term":[{"taxonomy":"product_brand","embeddable":true,"href":"https:\/\/www.marinigerardi.it\/shop\/wp-json\/wp\/v2\/product_brand?post=28931"},{"taxonomy":"product_cat","embeddable":true,"href":"https:\/\/www.marinigerardi.it\/shop\/wp-json\/wp\/v2\/product_cat?post=28931"},{"taxonomy":"product_tag","embeddable":true,"href":"https:\/\/www.marinigerardi.it\/shop\/wp-json\/wp\/v2\/product_tag?post=28931"}],"curies":[{"name":"wp","href":"https:\/\/api.w.org\/{rel}","templated":true}]}}