{"id":28876,"date":"2021-11-09T12:11:36","date_gmt":"2021-11-09T12:11:36","guid":{"rendered":"https:\/\/marinigerardi.it\/shop\/?post_type=product&#038;p=28876"},"modified":"2026-04-03T13:44:21","modified_gmt":"2026-04-03T13:44:21","slug":"tenda-moderna-in-lino-con-foglie-noa","status":"publish","type":"product","link":"https:\/\/www.marinigerardi.it\/shop\/prodotto\/tenda-moderna-in-lino-con-foglie-noa\/","title":{"rendered":"La Poesia del Lino che danza con la luce: Tenda Moderna NOA"},"content":{"rendered":"<div class=\"wpb-content-wrapper\"><p>[vc_row equal_height=&#8221;yes&#8221; mobile_bg_img_hidden=&#8221;no&#8221; tablet_bg_img_hidden=&#8221;no&#8221; woodmart_parallax=&#8221;0&#8243; woodmart_gradient_switch=&#8221;no&#8221; row_reverse_mobile=&#8221;0&#8243; row_reverse_tablet=&#8221;0&#8243; woodmart_disable_overflow=&#8221;0&#8243;][vc_column offset=&#8221;vc_col-lg-6 vc_col-md-6&#8243; mobile_bg_img_hidden=&#8221;no&#8221; tablet_bg_img_hidden=&#8221;no&#8221; woodmart_parallax=&#8221;0&#8243; woodmart_sticky_column=&#8221;false&#8221; parallax_scroll=&#8221;no&#8221; mobile_reset_margin=&#8221;no&#8221; tablet_reset_margin=&#8221;no&#8221; css=&#8221;.vc_custom_1613071403480{margin-top: 0px !important;}&#8221;]\n\t\t<div id=\"wd-69cfc1cd50d76\" class=\"title-wrapper wd-wpb wd-set-mb reset-last-child  wd-rs-69cfc1cd50d76 wd-title-color-primary wd-title-style-bordered text-left vc_custom_1775223356196 wd-underline-colored\">\n\t\t\t\n\t\t\t<div class=\"liner-continer\">\n\t\t\t\t<h2 class=\"woodmart-title-container title  wd-font-weight- wd-fontsize-l\" >Un invito costante alla bellezza: quando la semplicit\u00e0 del lino si trasforma in pura poesia visiva.<\/h2>\n\t\t\t\t\t\t\t<\/div>\n\t\t\t\n\t\t\t\n\t\t\t\n\t\t<\/div>\n\t\t\n\t\t[vc_column_text css=&#8221;&#8221; text_larger=&#8221;no&#8221; woodmart_inline=&#8221;no&#8221;]Esiste un&#8217;eleganza che non ha bisogno di gridare per farsi notare, ed \u00e8 l&#8217;essenza di NOA. Questa tenda moderna in lino \u00e8 un inno alla &#8220;sottrazione&#8221;: meno rumore visivo, pi\u00f9 spazio alla qualit\u00e0 della fibra naturale. La poesia del tessuto che danza con la brezza marina rende NOA il rifugio ideale per chi desidera una casa che parli di freschezza.[\/vc_column_text][vc_tta_accordion title_tag=&#8221;h3&#8243; section_title_tag=&#8221;h3&#8243; active_section=&#8221;&#8221; collapsible_all=&#8221;true&#8221;][vc_tta_section title=&#8221;Info. &amp; Scheda Prodotto&#8221; tab_id=&#8221;1769100710794-86648b2f-c429&#8243;]\t\t<div id=\"wd-69cfc2c55927a\" class=\"wd-text-block wd-wpb reset-last-child wd-rs-69cfc2c55927a text-left \">\n\t\t\t<ul>\n<li><b>Anima del Tessuto:<\/b> 100% Puro Lino Italiano tinto in filo in 4 colori base (per una profondit\u00e0 cromatica eterna) e 6 Colori Design Disponibili<\/li>\n<li><b>Consistenza:<\/b> Grammatura di 115 gr\/mq, studiata per una caduta fluida e architettonica.<\/li>\n<li><b>Mano del Lino:<\/b> Finissaggio <i>Soft-Touch<\/i> per una morbidezza inaspettata al tatto.<\/li>\n<li><b>Cura del Capo:<\/b> Lavabile a 30\u00b0 (il lino si rigenera ad ogni lavaggio).<\/li>\n<li><b>Origine:<\/b> Prodotto interamente nei nostri laboratori di Sartoria Italiana.<\/li>\n<\/ul>\n<p>Scopri l&#8217;intera gamma di <strong><a href=\"https:\/\/www.marinigerardi.it\/shop\/categoria-prodotto\/tende-da-interni\/\">tende da interni<\/a><\/strong> firmata Marini &amp; Gerardi per vestire ogni stanza con stile. <strong>Per le misure non incluse<\/strong>, si prega d\u2019inviare il dettaglio della dimensione desiderate all&#8217; indirizzo mail <strong>assistenza@marinigerardi.it<\/strong><\/p>\n\t\t<\/div>\n\t\t[\/vc_tta_section][\/vc_tta_accordion][\/vc_column][vc_column css=&#8221;.vc_custom_1612434787067{background-position: center !important;background-repeat: no-repeat !important;background-size: cover !important;}&#8221; offset=&#8221;vc_col-lg-6 vc_col-md-6&#8243; mobile_bg_img_hidden=&#8221;no&#8221; tablet_bg_img_hidden=&#8221;no&#8221; woodmart_parallax=&#8221;0&#8243; woodmart_sticky_column=&#8221;false&#8221; parallax_scroll=&#8221;no&#8221; mobile_reset_margin=&#8221;no&#8221; tablet_reset_margin=&#8221;no&#8221;][vc_single_image image=&#8221;28879&#8243; img_size=&#8221;large&#8221; alignment=&#8221;center&#8221; onclick=&#8221;link_image&#8221; css=&#8221;&#8221; parallax_scroll=&#8221;no&#8221; woodmart_inline=&#8221;no&#8221;][\/vc_column][\/vc_row][vc_row][vc_column][vc_empty_space height=&#8221;20px&#8221; woodmart_hide_large=&#8221;0&#8243; woodmart_hide_medium=&#8221;0&#8243; woodmart_hide_small=&#8221;0&#8243;]\n\t\t<div id=\"wd-69cfc24b96d87\" class=\"title-wrapper wd-wpb wd-set-mb reset-last-child  wd-rs-69cfc24b96d87 wd-title-color-default wd-title-style-default text-center  wd-underline-colored\">\n\t\t\t\n\t\t\t<div class=\"liner-continer\">\n\t\t\t\t<h3 class=\"woodmart-title-container title  wd-font-weight- wd-fontsize-l\" >Essenza di freschezza: come il lino bianco trasforma la percezione degli spazi.<\/h3>\n\t\t\t\t\t\t\t<\/div>\n\t\t\t\n\t\t\t\n\t\t\t\n\t\t<\/div>\n\t\t\n\t\t\t\t<div id=\"wd-69cfc3637c194\" class=\"wd-text-block wd-wpb reset-last-child wd-rs-69cfc3637c194 text-left \">\n\t\t\t<p>La forza della <strong><a href=\"https:\/\/www.marinigerardi.it\/shop\/categoria-prodotto\/tende-da-interni\/tende-in-lino\/\">tenda in lino<\/a><\/strong> NOA \u00e8 la sua capacit\u00e0 di sparire per lasciare spazio alla luce, pur restando una presenza di classe assoluta. La rifinitura sartoriale dei bordi e la purezza della fibra naturale creano un ambiente &#8220;pulito&#8221;, ideale per un tempio di ordine e silenzio visivo.<\/p>\n\t\t<\/div>\n\t\t[\/vc_column][\/vc_row][vc_row content_placement=&#8221;middle&#8221; woodmart_bg_position=&#8221;center-bottom&#8221; css=&#8221;.vc_custom_1702838728808{background-color: #f3f3f3 !important;background-position: 0 0 !important;background-repeat: no-repeat !important;}&#8221; el_class=&#8221;mobile-bg-img-hidden&#8221; mobile_bg_img_hidden=&#8221;no&#8221; tablet_bg_img_hidden=&#8221;no&#8221; woodmart_parallax=&#8221;0&#8243; woodmart_gradient_switch=&#8221;no&#8221; row_reverse_mobile=&#8221;0&#8243; row_reverse_tablet=&#8221;0&#8243; woodmart_disable_overflow=&#8221;0&#8243; woodmart_css_id=&#8221;657f41c1db6ac&#8221; responsive_spacing=&#8221;eyJwYXJhbV90eXBlIjoid29vZG1hcnRfcmVzcG9uc2l2ZV9zcGFjaW5nIiwic2VsZWN0b3JfaWQiOiI2NTdmNDFjMWRiNmFjIiwic2hvcnRjb2RlIjoidmNfcm93IiwiZGF0YSI6eyJ0YWJsZXQiOnt9LCJtb2JpbGUiOnt9fX0=&#8221; woodmart_box_shadow=&#8221;yes&#8221; wd_box_shadow=&#8221;eyJkZXZpY2VzIjp7ImRlc2t0b3AiOnsiaG9yaXpvbnRhbCI6IjAiLCJ2ZXJ0aWNhbCI6IjAiLCJibHVyIjoiOSIsInNwcmVhZCI6IjAiLCJjb2xvciI6InJnYmEoMCwgMCwgMCwgLjE1KSJ9fX0=&#8221; wd_z_index=&#8221;no&#8221;][vc_column mobile_bg_img_hidden=&#8221;no&#8221; tablet_bg_img_hidden=&#8221;no&#8221; woodmart_parallax=&#8221;0&#8243; woodmart_sticky_column=&#8221;false&#8221; parallax_scroll=&#8221;no&#8221; mobile_reset_margin=&#8221;no&#8221; tablet_reset_margin=&#8221;no&#8221;][vc_single_image image=&#8221;28880&#8243; img_size=&#8221;full&#8221; alignment=&#8221;center&#8221; onclick=&#8221;link_image&#8221; parallax_scroll=&#8221;no&#8221; woodmart_inline=&#8221;no&#8221;][\/vc_column][\/vc_row][vc_row content_placement=&#8221;middle&#8221; woodmart_bg_position=&#8221;center-bottom&#8221; css=&#8221;.vc_custom_1702838728808{background-color: #f3f3f3 !important;background-position: 0 0 !important;background-repeat: no-repeat !important;}&#8221; el_class=&#8221;mobile-bg-img-hidden&#8221; mobile_bg_img_hidden=&#8221;no&#8221; tablet_bg_img_hidden=&#8221;no&#8221; woodmart_parallax=&#8221;0&#8243; woodmart_gradient_switch=&#8221;no&#8221; row_reverse_mobile=&#8221;0&#8243; row_reverse_tablet=&#8221;0&#8243; woodmart_disable_overflow=&#8221;0&#8243; woodmart_css_id=&#8221;657f41c1db6ac&#8221; responsive_spacing=&#8221;eyJwYXJhbV90eXBlIjoid29vZG1hcnRfcmVzcG9uc2l2ZV9zcGFjaW5nIiwic2VsZWN0b3JfaWQiOiI2NTdmNDFjMWRiNmFjIiwic2hvcnRjb2RlIjoidmNfcm93IiwiZGF0YSI6eyJ0YWJsZXQiOnt9LCJtb2JpbGUiOnt9fX0=&#8221; woodmart_box_shadow=&#8221;yes&#8221; wd_box_shadow=&#8221;eyJkZXZpY2VzIjp7ImRlc2t0b3AiOnsiaG9yaXpvbnRhbCI6IjAiLCJ2ZXJ0aWNhbCI6IjAiLCJibHVyIjoiOSIsInNwcmVhZCI6IjAiLCJjb2xvciI6InJnYmEoMCwgMCwgMCwgLjE1KSJ9fX0=&#8221; wd_z_index=&#8221;no&#8221;][vc_column mobile_bg_img_hidden=&#8221;no&#8221; tablet_bg_img_hidden=&#8221;no&#8221; woodmart_parallax=&#8221;0&#8243; woodmart_sticky_column=&#8221;false&#8221; parallax_scroll=&#8221;no&#8221; mobile_reset_margin=&#8221;no&#8221; tablet_reset_margin=&#8221;no&#8221;][vc_single_image image=&#8221;28877&#8243; img_size=&#8221;full&#8221; alignment=&#8221;center&#8221; onclick=&#8221;link_image&#8221; css=&#8221;&#8221; parallax_scroll=&#8221;no&#8221; woodmart_inline=&#8221;no&#8221;][\/vc_column][\/vc_row]<\/p>\n<\/div>","protected":false},"excerpt":{"rendered":"<p>L&#8217;essenza della freschezza racchiusa in una trama naturale d&#8217;eccellenza. <b>NOA<\/b> \u00e8 la poesia del lino che danza con la luce: una tenda moderna pensata per chi ama la raffinatezza della semplicit\u00e0 e desidera un invito costante alla bellezza essenziale.<\/p>\n","protected":false},"featured_media":28881,"template":"","meta":[],"product_brand":[],"product_cat":[3168,3106,62,3682,3582,3060,3581],"product_tag":[2285,64,79,2877,547,577],"class_list":{"0":"post-28876","1":"product","2":"type-product","3":"status-publish","4":"has-post-thumbnail","6":"product_cat-doppie-tende","7":"product_cat-tende-da-interni","8":"product_cat-tende-in-lino","9":"product_cat-tende-interni","10":"product_cat-tende-lino","11":"product_cat-tende-moderne","12":"product_cat-tende-su-misura","13":"product_tag-tende","14":"product_tag-tende-di-lino","15":"product_tag-tende-di-lino-moderne","16":"product_tag-tende-in-lino","17":"product_tag-tende-moderne","18":"product_tag-tende-soggiorno","20":"first","21":"instock","22":"taxable","23":"shipping-taxable","24":"purchasable","25":"product-type-simple"},"_links":{"self":[{"href":"https:\/\/www.marinigerardi.it\/shop\/wp-json\/wp\/v2\/product\/28876","targetHints":{"allow":["GET"]}}],"collection":[{"href":"https:\/\/www.marinigerardi.it\/shop\/wp-json\/wp\/v2\/product"}],"about":[{"href":"https:\/\/www.marinigerardi.it\/shop\/wp-json\/wp\/v2\/types\/product"}],"wp:featuredmedia":[{"embeddable":true,"href":"https:\/\/www.marinigerardi.it\/shop\/wp-json\/wp\/v2\/media\/28881"}],"wp:attachment":[{"href":"https:\/\/www.marinigerardi.it\/shop\/wp-json\/wp\/v2\/media?parent=28876"}],"wp:term":[{"taxonomy":"product_brand","embeddable":true,"href":"https:\/\/www.marinigerardi.it\/shop\/wp-json\/wp\/v2\/product_brand?post=28876"},{"taxonomy":"product_cat","embeddable":true,"href":"https:\/\/www.marinigerardi.it\/shop\/wp-json\/wp\/v2\/product_cat?post=28876"},{"taxonomy":"product_tag","embeddable":true,"href":"https:\/\/www.marinigerardi.it\/shop\/wp-json\/wp\/v2\/product_tag?post=28876"}],"curies":[{"name":"wp","href":"https:\/\/api.w.org\/{rel}","templated":true}]}}