{"id":12884,"date":"2021-09-13T15:57:57","date_gmt":"2021-09-13T15:57:57","guid":{"rendered":"https:\/\/marinigerardi.it\/shop\/?post_type=product&#038;p=12884"},"modified":"2024-08-16T15:30:49","modified_gmt":"2024-08-16T15:30:49","slug":"neviano-tende-tendaggi-da-interni-eleganti","status":"publish","type":"product","link":"https:\/\/www.marinigerardi.it\/shop\/prodotto\/neviano-tende-tendaggi-da-interni-eleganti\/","title":{"rendered":"NEVIANO &#8211; Tende e Tendaggi da interni in lino"},"content":{"rendered":"<div class=\"wpb-content-wrapper\"><p>[vc_row equal_height=&#8221;yes&#8221; mobile_bg_img_hidden=&#8221;no&#8221; tablet_bg_img_hidden=&#8221;no&#8221; woodmart_parallax=&#8221;0&#8243; woodmart_gradient_switch=&#8221;no&#8221; row_reverse_mobile=&#8221;0&#8243; row_reverse_tablet=&#8221;0&#8243; woodmart_disable_overflow=&#8221;0&#8243;][vc_column offset=&#8221;vc_col-lg-6 vc_col-md-6&#8243; mobile_bg_img_hidden=&#8221;no&#8221; tablet_bg_img_hidden=&#8221;no&#8221; woodmart_parallax=&#8221;0&#8243; woodmart_sticky_column=&#8221;false&#8221; parallax_scroll=&#8221;no&#8221; mobile_reset_margin=&#8221;no&#8221; tablet_reset_margin=&#8221;no&#8221; css=&#8221;.vc_custom_1613071403480{margin-top: 0px !important;}&#8221;]\n\t\t<div id=\"wd-64fed0323a8c3\" class=\"title-wrapper wd-wpb wd-set-mb reset-last-child  wd-rs-64fed0323a8c3 wd-title-color-primary wd-title-style-bordered text-left vc_custom_1694421050426 wd-underline-colored\">\n\t\t\t\n\t\t\t<div class=\"liner-continer\">\n\t\t\t\t<h2 class=\"woodmart-title-container title  wd-font-weight-500 wd-fontsize-xl\" >NEVIANO \u2013 Tende da Interni - Tendaggi da interni in lino per le pi\u00f9 belle case al mondo.<\/h2>\n\t\t\t\t\t\t\t<\/div>\n\t\t\t\n\t\t\t\n\t\t\t\n\t\t<\/div>\n\t\t\n\t\t\t\t<div id=\"wd-66bf6f9093e9d\" class=\"wd-text-block wd-wpb reset-last-child wd-rs-66bf6f9093e9d text-left \">\n\t\t\t<p style=\"text-align: justify;\"><a href=\"https:\/\/www.marinigerardi.it\/shop\/prodotto\/neviano-tende-tendaggi-da-interni-eleganti\/\">Tenda<\/a> realizzata con tessuto in Lino tinto in filo, di primissima qualit\u00e0 a trama fitta e dalle trasparenze delicate.<\/p>\n\t\t<\/div>\n\t\t\t\t\t<div class=\"info-box-wrapper\">\n\t\t\t\t<div id=\"wd-64fec63843707\" class=\" wd-rs-64fec63843707 wd-info-box wd-wpb text-left box-icon-align-top box-style-border color-scheme-dark wd-bg-none \">\n\t\t\t\t\t\t\t\t\t\t<div class=\"info-box-content\">\n\t\t\t\t\t\t\t\t\t\t\t\t<div class=\"info-box-inner reset-last-child\"><\/p>\n<ul>\n<li style=\"list-style-type: none;\">\n<ul>\n<li>Tessuto puro lino 100% italiano<\/li>\n<li>Mantovana superiore a righe 80\/90 cm circa<\/li>\n<li>Pannello inferiore in combinazioner di colore in lino semi coprente;<\/li>\n<li>Tessuto con finissaggio morbido e delicato al tatto.<\/li>\n<\/ul>\n<\/li>\n<\/ul>\n<p><strong>Per le misure non incluse<\/strong>, si prega d\u2019inviare il dettaglio della dimensione desiderata all&#8217; indirizzo mail <strong>assistenza@marinigerardi.it<\/strong><\/p>\n<\/div>\n\n\t\t\t\t\t\t\t\t\t\t\t<\/div>\n\n\t\t\t\t\t\n\t\t\t\t\t\t\t\t\t<\/div>\n\t\t\t<\/div>\n\t\t[\/vc_column][vc_column css=&#8221;.vc_custom_1612434787067{background-position: center !important;background-repeat: no-repeat !important;background-size: cover !important;}&#8221; offset=&#8221;vc_col-lg-6 vc_col-md-6&#8243; mobile_bg_img_hidden=&#8221;no&#8221; tablet_bg_img_hidden=&#8221;no&#8221; woodmart_parallax=&#8221;0&#8243; woodmart_sticky_column=&#8221;false&#8221; parallax_scroll=&#8221;no&#8221; mobile_reset_margin=&#8221;no&#8221; tablet_reset_margin=&#8221;no&#8221;][vc_gallery interval=&#8221;3&#8243; images=&#8221;12881,12883&#8243; img_size=&#8221;large&#8221;][\/vc_column][\/vc_row][vc_row][vc_column][vc_text_separator title=&#8221;Tessuti Naturali&#8221; css=&#8221;.vc_custom_1621409662539{margin-top: 20px !important;margin-bottom: 20px !important;}&#8221;]\n\t\t<div id=\"wd-66bf6fdd37fda\" class=\"title-wrapper wd-wpb wd-set-mb reset-last-child  wd-rs-66bf6fdd37fda wd-title-color-default wd-title-style-default text-center  wd-underline-colored\">\n\t\t\t\n\t\t\t<div class=\"liner-continer\">\n\t\t\t\t<h2 class=\"woodmart-title-container title  wd-font-weight- wd-fontsize-l\" >Tendaggi da interni<\/h2>\n\t\t\t\t\t\t\t<\/div>\n\t\t\t\n\t\t\t\n\t\t\t\n\t\t<\/div>\n\t\t\n\t\t[\/vc_column][\/vc_row][vc_row content_placement=&#8221;middle&#8221; woodmart_bg_position=&#8221;center-bottom&#8221; css=&#8221;.vc_custom_1694418367507{background-color: #f3f3f3 !important;background-position: 0 0 !important;background-repeat: no-repeat !important;}&#8221; el_class=&#8221;mobile-bg-img-hidden&#8221; mobile_bg_img_hidden=&#8221;no&#8221; tablet_bg_img_hidden=&#8221;no&#8221; woodmart_parallax=&#8221;0&#8243; woodmart_gradient_switch=&#8221;no&#8221; row_reverse_mobile=&#8221;0&#8243; row_reverse_tablet=&#8221;0&#8243; woodmart_disable_overflow=&#8221;0&#8243; woodmart_css_id=&#8221;64fec5b1b1f51&#8243; responsive_spacing=&#8221;eyJwYXJhbV90eXBlIjoid29vZG1hcnRfcmVzcG9uc2l2ZV9zcGFjaW5nIiwic2VsZWN0b3JfaWQiOiI2NGZlYzViMWIxZjUxIiwic2hvcnRjb2RlIjoidmNfcm93IiwiZGF0YSI6eyJ0YWJsZXQiOnt9LCJtb2JpbGUiOnt9fX0=&#8221; woodmart_box_shadow=&#8221;yes&#8221; wd_box_shadow=&#8221;eyJkZXZpY2VzIjp7ImRlc2t0b3AiOnsiaG9yaXpvbnRhbCI6IjAiLCJ2ZXJ0aWNhbCI6IjAiLCJibHVyIjoiOSIsInNwcmVhZCI6IjAiLCJjb2xvciI6InJnYmEoMCwgMCwgMCwgLjE1KSJ9fX0=&#8221; wd_z_index=&#8221;no&#8221;][vc_column mobile_bg_img_hidden=&#8221;no&#8221; tablet_bg_img_hidden=&#8221;no&#8221; woodmart_parallax=&#8221;0&#8243; woodmart_sticky_column=&#8221;false&#8221; parallax_scroll=&#8221;no&#8221; mobile_reset_margin=&#8221;no&#8221; tablet_reset_margin=&#8221;no&#8221;][vc_single_image image=&#8221;12887&#8243; img_size=&#8221;full&#8221; alignment=&#8221;center&#8221; onclick=&#8221;link_image&#8221; parallax_scroll=&#8221;no&#8221; woodmart_inline=&#8221;no&#8221;][\/vc_column][\/vc_row][vc_row][vc_column]\n\t\t<div id=\"wd-66bf705dc5ce8\" class=\"title-wrapper wd-wpb wd-set-mb reset-last-child  wd-rs-66bf705dc5ce8 wd-title-color-primary wd-title-style-underlined text-center justify  wd-underline-colored\">\n\t\t\t\t\t\t\t\n\t\t\t\t<div class=\"title-subtitle  subtitle-color-primary font-alt subtitle-style-default wd-font-weight- wd-fontsize-xs\">Tenda di qualit\u00e0 a buon prezzo!<\/div>\n\t\t\t\n\t\t\t<div class=\"liner-continer\">\n\t\t\t\t<h3 class=\"woodmart-title-container title  wd-font-weight-500 wd-fontsize-xl\" >Tende e Tendaggi da interni in lino con la freschezza, gli amori e gli umori della giovent\u00f9.<\/h3>\n\t\t\t\t\t\t\t<\/div>\n\t\t\t\n\t\t\t\n\t\t\t\n\t\t<\/div>\n\t\t\n\t\t[vc_column_text text_larger=&#8221;no&#8221; woodmart_inline=&#8221;no&#8221;]<\/p>\n<p style=\"text-align: justify;\"><strong>Se sei alla ricerca di un tocco di raffinatezza per il tuo spazio interno, la tenda Neviano \u00e8 la scelta perfetta.<\/strong> Realizzata con tessuto in lino al 100%, questa tenda combina l&#8217;eleganza intrinseca del lino con una palette di colori unica.<\/p>\n<p style=\"text-align: justify;\"><strong>Il tessuto in lino \u00e8 tinto in filo, garantendo una qualit\u00e0 primissima con una trama fitta e delicate trasparenze.<\/strong> La Neviano \u00e8 una fusione di due elementi distinti: nella parte superiore, troverai una mantovana a righe in lino che aggiunge un tocco di stile senza tempo, mentre nella parte inferiore, il puro lino tinto unito regala delicate trasparenze che diffondono la luce in modo sublimemente armonioso.<br \/>\n<strong>Questo non \u00e8 solo un prodotto per le tue finestre; \u00e8 un&#8217;opera d&#8217;arte per le dimore pi\u00f9 belle.<\/strong> La tenda in lino Neviano \u00e8 come &#8220;una vera e propria signora della casa&#8221;, aggiungendo un tocco di classe a qualsiasi ambiente. \u00c8 la scelta ideale per creare un angolo di relax contemporaneo, in cui la bellezza e la qualit\u00e0 si fondono perfettamente.<br \/>\n<strong>La produzione della Neviano \u00e8 un esempio di artigianato italiano di altissimo livello,<\/strong> testimoniando il nostro impegno a promuovere il design unico e la qualit\u00e0 senza compromessi. Scegli la tenda Neviano e trasforma le tue finestre in un&#8217;opera d&#8217;arte vivente, perch\u00e9 la bellezza sta nei dettagli e la nostra sfida \u00e8 raccontarti la qualit\u00e0 del prodotto italiano, un filo di stile che si intreccia con la tradizione.<\/p>\n<p style=\"text-align: justify;\"><strong>Collezioni e modelli unici, altamente professionali creati e firmati Marini&amp;Gerardi<\/strong><\/p>\n<p>[\/vc_column_text][\/vc_column][\/vc_row]<\/p>\n<\/div>","protected":false},"excerpt":{"rendered":"<p style=\"text-align: justify;\"><strong>NEVIANO<\/strong> &#8211; Tendaggi da interni in Lino, una tenda composita estremamente elegante con combinazione di colori.<\/p>\n","protected":false},"featured_media":12882,"template":"","meta":[],"product_brand":[],"product_cat":[62],"product_tag":[],"class_list":{"0":"post-12884","1":"product","2":"type-product","3":"status-publish","4":"has-post-thumbnail","6":"product_cat-tende-in-lino","8":"first","9":"instock","10":"taxable","11":"shipping-taxable","12":"purchasable","13":"product-type-simple"},"_links":{"self":[{"href":"https:\/\/www.marinigerardi.it\/shop\/wp-json\/wp\/v2\/product\/12884","targetHints":{"allow":["GET"]}}],"collection":[{"href":"https:\/\/www.marinigerardi.it\/shop\/wp-json\/wp\/v2\/product"}],"about":[{"href":"https:\/\/www.marinigerardi.it\/shop\/wp-json\/wp\/v2\/types\/product"}],"wp:featuredmedia":[{"embeddable":true,"href":"https:\/\/www.marinigerardi.it\/shop\/wp-json\/wp\/v2\/media\/12882"}],"wp:attachment":[{"href":"https:\/\/www.marinigerardi.it\/shop\/wp-json\/wp\/v2\/media?parent=12884"}],"wp:term":[{"taxonomy":"product_brand","embeddable":true,"href":"https:\/\/www.marinigerardi.it\/shop\/wp-json\/wp\/v2\/product_brand?post=12884"},{"taxonomy":"product_cat","embeddable":true,"href":"https:\/\/www.marinigerardi.it\/shop\/wp-json\/wp\/v2\/product_cat?post=12884"},{"taxonomy":"product_tag","embeddable":true,"href":"https:\/\/www.marinigerardi.it\/shop\/wp-json\/wp\/v2\/product_tag?post=12884"}],"curies":[{"name":"wp","href":"https:\/\/api.w.org\/{rel}","templated":true}]}}