{"id":12130,"date":"2021-06-12T10:38:14","date_gmt":"2021-06-12T10:38:14","guid":{"rendered":"https:\/\/marinigerardi.it\/shop\/?post_type=product&#038;p=12130"},"modified":"2025-04-10T14:51:14","modified_gmt":"2025-04-10T14:51:14","slug":"tovagliette-americane-di-lino-tinta-unita","status":"publish","type":"product","link":"https:\/\/www.marinigerardi.it\/shop\/prodotto\/tovagliette-americane-di-lino-tinta-unita\/","title":{"rendered":"Barcellona &#8211; Set 2 pz. Tovagliette Americane di lino tinta unita"},"content":{"rendered":"<div class=\"wpb-content-wrapper\"><p>[vc_row equal_height=&#8221;yes&#8221; mobile_bg_img_hidden=&#8221;no&#8221; tablet_bg_img_hidden=&#8221;no&#8221; woodmart_parallax=&#8221;0&#8243; woodmart_gradient_switch=&#8221;no&#8221; row_reverse_mobile=&#8221;0&#8243; row_reverse_tablet=&#8221;0&#8243; woodmart_disable_overflow=&#8221;0&#8243;][vc_column offset=&#8221;vc_col-lg-6 vc_col-md-6&#8243; mobile_bg_img_hidden=&#8221;no&#8221; tablet_bg_img_hidden=&#8221;no&#8221; woodmart_parallax=&#8221;0&#8243; woodmart_sticky_column=&#8221;false&#8221; parallax_scroll=&#8221;no&#8221; mobile_reset_margin=&#8221;no&#8221; tablet_reset_margin=&#8221;no&#8221; css=&#8221;.vc_custom_1613071403480{margin-top: 0px !important;}&#8221;]\n\t\t<div id=\"wd-67f7dacac48ad\" class=\"title-wrapper wd-wpb wd-set-mb reset-last-child  wd-rs-67f7dacac48ad wd-title-color-primary wd-title-style-bordered text-left vc_custom_1744296677015 wd-underline-colored\">\n\t\t\t\n\t\t\t<div class=\"liner-continer\">\n\t\t\t\t<h2 class=\"woodmart-title-container title  wd-font-weight-600 wd-fontsize-l\" >BARCELLONA - Tovagliette Americane di lino tinta unita<\/h2>\n\t\t\t\t\t\t\t<\/div>\n\t\t\t\n\t\t\t\n\t\t\t\n\t\t<\/div>\n\t\t\n\t\t\t\t<div id=\"wd-64e3aa44bcec3\" class=\"wd-text-block wd-wpb reset-last-child wd-rs-64e3aa44bcec3 text-left \">\n\t\t\t<p style=\"text-align: justify;\">Barcellona, <a href=\"https:\/\/www.marinigerardi.it\/shop\/prodotto\/tovagliette-americane-di-lino-tinta-unita\/\">Tovagliette Americane<\/a> realizzate in tessuto di puro lino, cucite sartorialmente nel nostro laboratorio al momento dell\u2019ordine. Design semplice con piega ai bordi a cappuccio da 1 cm., perfette e adatte per ogni occasione.<br \/>\n<strong>Noi crediamo che la Biancheria da TAVOLA in LINO sia un ritorno ai valori essenziali della vita:<\/strong> semplicit\u00e0 e confort, ma soprattutto qualit\u00e0 senza compromessi.<\/p>\n\t\t<\/div>\n\t\t[vc_message message_box_style=&#8221;outline&#8221; message_box_color=&#8221;grey&#8221; css=&#8221;&#8221;]<\/p>\n<ul>\n<li><strong>Tessuto: <\/strong>100% lino grezzo naturale.<\/li>\n<li><strong>Peso:<\/strong> 320 gr\/m\u00b2<\/li>\n<li><strong>17 Colori sempre disponibili:<\/strong> Pistacchio | Verde Marcio | Glicine | Salmone | Caff\u00e8 Latte | Tabacco | Panna | Bianco Naturale | Avio | Cielo | Grigio Antracite | Cenere | Pannocchia | Zucca | Denim | Corda<\/li>\n<li><strong>Misure: <\/strong>tovaglietta Americana set 2 pz. da 35 x 53\u00a0 | tovaglioli set 2 pz. da 40 x 40 | <strong>(bordo a cappuccio da 1 cm.)<\/strong><\/li>\n<\/ul>\n<p>Per altre misure vi preghiamo di contattarci al Indirizzo mail <strong>assistenza@marinigerardi.it<\/strong>[\/vc_message][\/vc_column][vc_column css=&#8221;.vc_custom_1612434787067{background-position: center !important;background-repeat: no-repeat !important;background-size: cover !important;}&#8221; offset=&#8221;vc_col-lg-6 vc_col-md-6&#8243; mobile_bg_img_hidden=&#8221;no&#8221; tablet_bg_img_hidden=&#8221;no&#8221; woodmart_parallax=&#8221;0&#8243; woodmart_sticky_column=&#8221;false&#8221; parallax_scroll=&#8221;no&#8221; mobile_reset_margin=&#8221;no&#8221; tablet_reset_margin=&#8221;no&#8221;][vc_single_image image=&#8221;62263&#8243; img_size=&#8221;large&#8221; alignment=&#8221;center&#8221; onclick=&#8221;link_image&#8221; parallax_scroll=&#8221;no&#8221; woodmart_inline=&#8221;no&#8221;][\/vc_column][\/vc_row][vc_row][vc_column][vc_empty_space woodmart_hide_large=&#8221;0&#8243; woodmart_hide_medium=&#8221;0&#8243; woodmart_hide_small=&#8221;0&#8243;]\n\t\t<div id=\"wd-67f7d73b72183\" class=\"title-wrapper wd-wpb wd-set-mb reset-last-child  wd-rs-67f7d73b72183 wd-title-color-primary wd-title-style-underlined text-center justify  wd-underline-colored\">\n\t\t\t\n\t\t\t<div class=\"liner-continer\">\n\t\t\t\t<h3 class=\"woodmart-title-container title  wd-font-weight-600 wd-fontsize-l\" >BARCELLONA - Tovagliette Americane di lino tinta unita: Lascia che Parli di Eleganza.<\/h3>\n\t\t\t\t\t\t\t<\/div>\n\t\t\t\n\t\t\t\t\t\t\t<div class=\"title-after_title reset-last-child  wd-fontsize-xs\">Marini&amp;Gerardi - la Tovaglietta da ristorante 10 e lode<\/div>\n\t\t\t\n\t\t\t\n\t\t<\/div>\n\t\t\n\t\t[\/vc_column][\/vc_row][vc_row content_placement=&#8221;middle&#8221; woodmart_bg_position=&#8221;center-bottom&#8221; css=&#8221;.vc_custom_1692640057339{background-color: #f3f3f3 !important;background-position: 0 0 !important;background-repeat: no-repeat !important;}&#8221; el_class=&#8221;mobile-bg-img-hidden&#8221; mobile_bg_img_hidden=&#8221;no&#8221; tablet_bg_img_hidden=&#8221;no&#8221; woodmart_parallax=&#8221;0&#8243; woodmart_gradient_switch=&#8221;no&#8221; row_reverse_mobile=&#8221;0&#8243; row_reverse_tablet=&#8221;0&#8243; woodmart_disable_overflow=&#8221;0&#8243; woodmart_css_id=&#8221;64e3a32d3fa24&#8243; responsive_spacing=&#8221;eyJwYXJhbV90eXBlIjoid29vZG1hcnRfcmVzcG9uc2l2ZV9zcGFjaW5nIiwic2VsZWN0b3JfaWQiOiI2NGUzYTMyZDNmYTI0Iiwic2hvcnRjb2RlIjoidmNfcm93IiwiZGF0YSI6eyJ0YWJsZXQiOnt9LCJtb2JpbGUiOnt9fX0=&#8221; woodmart_box_shadow=&#8221;yes&#8221; wd_box_shadow=&#8221;eyJkZXZpY2VzIjp7ImRlc2t0b3AiOnsiaG9yaXpvbnRhbCI6IjAiLCJ2ZXJ0aWNhbCI6IjAiLCJibHVyIjoiOSIsInNwcmVhZCI6IjAiLCJjb2xvciI6InJnYmEoMCwgMCwgMCwgLjE1KSJ9fX0=&#8221; wd_z_index=&#8221;no&#8221;][vc_column mobile_bg_img_hidden=&#8221;no&#8221; tablet_bg_img_hidden=&#8221;no&#8221; woodmart_parallax=&#8221;0&#8243; woodmart_sticky_column=&#8221;false&#8221; parallax_scroll=&#8221;no&#8221; mobile_reset_margin=&#8221;no&#8221; tablet_reset_margin=&#8221;no&#8221;][vc_single_image image=&#8221;62266&#8243; img_size=&#8221;full&#8221; alignment=&#8221;center&#8221; onclick=&#8221;link_image&#8221; parallax_scroll=&#8221;no&#8221; woodmart_inline=&#8221;no&#8221;][\/vc_column][\/vc_row][vc_row][vc_column]\n\t\t<div id=\"wd-67f7d700496cf\" class=\"title-wrapper wd-wpb wd-set-mb reset-last-child  wd-rs-67f7d700496cf wd-title-color-primary wd-title-style-underlined text-center justify  wd-underline-colored\">\n\t\t\t\n\t\t\t<div class=\"liner-continer\">\n\t\t\t\t<h3 class=\"woodmart-title-container title  wd-font-weight-600 wd-fontsize-l\" >Set 2 pz. Tovagliette Americane di lino tinta unita - Il Tessuto dell'Eleganza per Ogni Pasto.<\/h3>\n\t\t\t\t\t\t\t<\/div>\n\t\t\t\n\t\t\t\n\t\t\t\n\t\t<\/div>\n\t\t\n\t\t\t\t<div id=\"wd-64e46bc010e7d\" class=\"wd-text-block wd-wpb reset-last-child wd-rs-64e46bc010e7d text-left \">\n\t\t\t<p style=\"text-align: justify;\"><strong>Le Tovagliette Americane in Lino incarnano l&#8217;eleganza senza tempo e si fondono perfettamente in ogni ambiente, dal classico al moderno.<\/strong> Questi versatili complementi per la tavola sono un&#8217;ode all&#8217;arte tessile e alla bellezza della semplicit\u00e0.<br \/>\n<strong>Lino di Prestigio<\/strong>: Il lino, con la sua storia centenaria, \u00e8 un tessuto rinomato per la sua qualit\u00e0 e raffinatezza. Le nostre tovagliette sono confezionate con lino di prestigio che incarna la tradizione e la modernit\u00e0, garantendo durata e comfort ineguagliabili.<br \/>\n<strong>Ambiente Classico<\/strong>: In un ambiente classico, queste tovagliette aggiungono un tocco di classe e tradizione. La trama fitta e la lucentezza naturale del lino si sposano perfettamente con lo stile classico, creando un&#8217;atmosfera di raffinata eleganza che evoca epoche passate.<br \/>\n<strong>Ambiente Moderno<\/strong>: Allo stesso tempo, le Tovagliette Americane in Lino si integrano perfettamente anche in ambienti moderni. La loro semplicit\u00e0 ed eleganza minimalista le rendono un complemento ideale per tavole dal design contemporaneo. I colori audaci e le finiture impeccabili si abbinano alla perfezione a interni moderni, creando un contrasto affascinante.<\/p>\n\t\t<\/div>\n\t\t[\/vc_column][\/vc_row][vc_row css=&#8221;.vc_custom_1692691548017{background-color: #f3f3f3 !important;}&#8221; woodmart_css_id=&#8221;64e46c5071215&#8243; responsive_spacing=&#8221;eyJwYXJhbV90eXBlIjoid29vZG1hcnRfcmVzcG9uc2l2ZV9zcGFjaW5nIiwic2VsZWN0b3JfaWQiOiI2NGU0NmM1MDcxMjE1Iiwic2hvcnRjb2RlIjoidmNfcm93IiwiZGF0YSI6eyJ0YWJsZXQiOnt9LCJtb2JpbGUiOnt9fX0=&#8221; mobile_bg_img_hidden=&#8221;no&#8221; tablet_bg_img_hidden=&#8221;no&#8221; woodmart_parallax=&#8221;0&#8243; woodmart_gradient_switch=&#8221;no&#8221; woodmart_box_shadow=&#8221;yes&#8221; wd_box_shadow=&#8221;eyJkZXZpY2VzIjp7ImRlc2t0b3AiOnsiaG9yaXpvbnRhbCI6IjAiLCJ2ZXJ0aWNhbCI6IjAiLCJibHVyIjoiOSIsInNwcmVhZCI6IjAiLCJjb2xvciI6InJnYmEoMCwgMCwgMCwgLjE1KSJ9fX0=&#8221; wd_z_index=&#8221;no&#8221; woodmart_disable_overflow=&#8221;0&#8243; row_reverse_mobile=&#8221;0&#8243; row_reverse_tablet=&#8221;0&#8243;][vc_column][vc_gallery type=&#8221;nivo&#8221; interval=&#8221;3&#8243; images=&#8221;12133,12123,12125,12147,12119,12126,12116&#8243; img_size=&#8221;full&#8221;][\/vc_column][\/vc_row][vc_row][vc_column]\n\t\t<div id=\"wd-67f7d71a4d615\" class=\"title-wrapper wd-wpb wd-set-mb reset-last-child  wd-rs-67f7d71a4d615 wd-title-color-primary wd-title-style-underlined text-center justify  wd-underline-colored\">\n\t\t\t\n\t\t\t<div class=\"liner-continer\">\n\t\t\t\t<h3 class=\"woodmart-title-container title  wd-font-weight-600 wd-fontsize-l\" >Set 2 pz. Tovagliette Americane di lino tinta unita: Il Cuore della Tavola, la Storia della Tua Casa.<\/h3>\n\t\t\t\t\t\t\t<\/div>\n\t\t\t\n\t\t\t\n\t\t\t\n\t\t<\/div>\n\t\t\n\t\t\t\t<div id=\"wd-64e46b950b4de\" class=\"wd-text-block wd-wpb reset-last-child wd-rs-64e46b950b4de text-left \">\n\t\t\t<p style=\"text-align: justify;\"><strong>Una Dichiarazione di Stile<\/strong>: Queste tovagliette non sono solo pezzi di tessuto; sono dichiarazioni di stile. Possono trasformare una tavola in un palcoscenico per la vostra creativit\u00e0, permettendovi di esprimere il vostro gusto unico sia in un ambiente classico che moderno.<br \/>\n<strong>Versatilit\u00e0 Illimitata<\/strong>: La versatilit\u00e0 delle Tovagliette Americane in Lino \u00e8 sorprendente. Possono adornare la tavola per una cena formale o un pranzo casuale, donando a ogni occasione una dose di eleganza discreta. Sono il connubio perfetto tra tradizione e innovazione.<br \/>\n<strong>Scegliete l&#8217;Eleganza Senza Tempo<\/strong>: Scegliete le Tovagliette Americane in Lino per trasformare ogni pasto in un&#8217;esperienza straordinaria. Sia che vi troviate in un ambiente classico o moderno, queste tovagliette si adatteranno con grazia e stile, dimostrando che l&#8217;eleganza non conosce confini. Entra nel mondo della raffinatezza con le Tovagliette Americane in Lino.<\/p>\n\t\t<\/div>\n\t\t[\/vc_column][\/vc_row]<\/p>\n<\/div>","protected":false},"excerpt":{"rendered":"<p><strong>Set 2 pz. Tovagliette Americane di Lino &#8211; L&#8217;Arte dei Colori in Tavola:<\/strong> possono essere utilizzate a partire dalla prima colazione o per una splendida cena in due.\u00a0 <strong>Caratteristiche:<\/strong> Tessuto a trama fitta con piccole annodature.<\/p>\n","protected":false},"featured_media":12133,"template":"","meta":[],"product_brand":[],"product_cat":[69,3616,3609,3634,3631,3615],"product_tag":[796,2637,192],"class_list":{"0":"post-12130","1":"product","2":"type-product","3":"status-publish","4":"has-post-thumbnail","6":"product_cat-tovagliette-americane","7":"product_cat-tovagliette-americane-eleganti","8":"product_cat-tovagliette-colazione","9":"product_cat-tovagliette-e-tovaglioli","10":"product_cat-tovagliette-online","11":"product_cat-tovagliette-personalizzate","12":"product_tag-tovagliette-americane","13":"product_tag-tovagliette-americane-in-lino","14":"product_tag-tovagliette-colazione","16":"first","17":"instock","18":"taxable","19":"shipping-taxable","20":"purchasable","21":"product-type-simple"},"_links":{"self":[{"href":"https:\/\/www.marinigerardi.it\/shop\/wp-json\/wp\/v2\/product\/12130","targetHints":{"allow":["GET"]}}],"collection":[{"href":"https:\/\/www.marinigerardi.it\/shop\/wp-json\/wp\/v2\/product"}],"about":[{"href":"https:\/\/www.marinigerardi.it\/shop\/wp-json\/wp\/v2\/types\/product"}],"wp:featuredmedia":[{"embeddable":true,"href":"https:\/\/www.marinigerardi.it\/shop\/wp-json\/wp\/v2\/media\/12133"}],"wp:attachment":[{"href":"https:\/\/www.marinigerardi.it\/shop\/wp-json\/wp\/v2\/media?parent=12130"}],"wp:term":[{"taxonomy":"product_brand","embeddable":true,"href":"https:\/\/www.marinigerardi.it\/shop\/wp-json\/wp\/v2\/product_brand?post=12130"},{"taxonomy":"product_cat","embeddable":true,"href":"https:\/\/www.marinigerardi.it\/shop\/wp-json\/wp\/v2\/product_cat?post=12130"},{"taxonomy":"product_tag","embeddable":true,"href":"https:\/\/www.marinigerardi.it\/shop\/wp-json\/wp\/v2\/product_tag?post=12130"}],"curies":[{"name":"wp","href":"https:\/\/api.w.org\/{rel}","templated":true}]}}