{"id":12003,"date":"2021-06-08T07:03:22","date_gmt":"2021-06-08T07:03:22","guid":{"rendered":"https:\/\/marinigerardi.it\/shop\/?post_type=product&#038;p=12003"},"modified":"2025-12-21T01:18:43","modified_gmt":"2025-12-21T01:18:43","slug":"badessa-tovaglia-con-runner","status":"publish","type":"product","link":"https:\/\/www.marinigerardi.it\/shop\/prodotto\/badessa-tovaglia-con-runner\/","title":{"rendered":"BADESSA 02 &#8211; Tovaglia in Lino con Runner la 1\u00b0 della Classe"},"content":{"rendered":"<div class=\"wpb-content-wrapper\"><p>[vc_row equal_height=&#8221;yes&#8221; mobile_bg_img_hidden=&#8221;no&#8221; tablet_bg_img_hidden=&#8221;no&#8221; woodmart_parallax=&#8221;0&#8243; woodmart_gradient_switch=&#8221;no&#8221; row_reverse_mobile=&#8221;0&#8243; row_reverse_tablet=&#8221;0&#8243; woodmart_disable_overflow=&#8221;0&#8243;][vc_column offset=&#8221;vc_col-lg-6 vc_col-md-6&#8243; mobile_bg_img_hidden=&#8221;no&#8221; tablet_bg_img_hidden=&#8221;no&#8221; woodmart_parallax=&#8221;0&#8243; woodmart_sticky_column=&#8221;false&#8221; parallax_scroll=&#8221;no&#8221; mobile_reset_margin=&#8221;no&#8221; tablet_reset_margin=&#8221;no&#8221; css=&#8221;.vc_custom_1613071403480{margin-top: 0px !important;}&#8221;]\n\t\t<div id=\"wd-69474ac17697d\" class=\"title-wrapper wd-wpb wd-set-mb reset-last-child  wd-rs-69474ac17697d wd-title-color-primary wd-title-style-bordered text-left vc_custom_1766279829946 wd-underline-colored\">\n\t\t\t\n\t\t\t<div class=\"liner-continer\">\n\t\t\t\t<h2 class=\"woodmart-title-container title  wd-font-weight- wd-fontsize-l\" >BADESSA 02 - Tovaglia in Lino con Runner 1\u00b0 della Classe<\/h2>\n\t\t\t\t\t\t\t<\/div>\n\t\t\t\n\t\t\t\n\t\t\t\n\t\t<\/div>\n\t\t\n\t\t\t\t<div id=\"wd-67f68e9266ffd\" class=\"wd-text-block wd-wpb reset-last-child wd-rs-67f68e9266ffd text-left \">\n\t\t\t<p style=\"text-align: justify;\">Badessa, una <a href=\"https:\/\/www.marinigerardi.it\/shop\/prodotto\/badessa-tovaglia-con-runner\/\">tovaglia ricamata con runner<\/a> realizzata in tessuto di puro lino \u00e8 cucita sartorialmente nel nostro laboratorio al momento dell\u2019ordine. Una Grande Tovaglia, fatta come si deve per fare la differenza, perfetta e adatta per ogni occasione. Una Musa ispiratrice che pu\u00f2 essere utilizzata in casa secondo le diverse interpretazioni d&#8217;arredo.<\/p>\n\t\t<\/div>\n\t\t[vc_message message_box_style=&#8221;outline&#8221; message_box_color=&#8221;grey&#8221; css=&#8221;&#8221;]<strong>Tessuto: <\/strong>100% lino.<br \/>\n<strong>Peso tessuto: <\/strong>210 gr\/m\u00b2<br \/>\n<strong>Colori:<\/strong> <em>Tovaglia<\/em> (Tortora | Terra Umbra); <em>Runner<\/em> (Panna con ricamo Ecr\u00f9);<br \/>\n<strong>Misure:<\/strong> 160\u00d7160 | 160\u00d7180 | 160\u00d7200 | 160\u00d7240 | 160\u00d7260 | 160\u00d7280 | 160\u00d7300;<br \/>\n<strong>Misure runner:<\/strong> 52 x 107.<\/p>\n<p>Per misure particolari vi preghiamo di contattarci all&#8217;Indirizzo mail <strong>assistenza@marinigerardi.it<\/strong>[\/vc_message][\/vc_column][vc_column css=&#8221;.vc_custom_1612434787067{background-position: center !important;background-repeat: no-repeat !important;background-size: cover !important;}&#8221; offset=&#8221;vc_col-lg-6 vc_col-md-6&#8243; mobile_bg_img_hidden=&#8221;no&#8221; tablet_bg_img_hidden=&#8221;no&#8221; woodmart_parallax=&#8221;0&#8243; woodmart_sticky_column=&#8221;false&#8221; parallax_scroll=&#8221;no&#8221; mobile_reset_margin=&#8221;no&#8221; tablet_reset_margin=&#8221;no&#8221;][vc_single_image image=&#8221;36551&#8243; img_size=&#8221;large&#8221; alignment=&#8221;center&#8221; style=&#8221;vc_box_shadow&#8221; onclick=&#8221;link_image&#8221; parallax_scroll=&#8221;no&#8221; woodmart_inline=&#8221;no&#8221;][\/vc_column][\/vc_row][vc_row content_placement=&#8221;middle&#8221; woodmart_bg_position=&#8221;center-bottom&#8221; css=&#8221;.vc_custom_1699220539743{background-color: #f3f3f3 !important;background-position: 0 0 !important;background-repeat: no-repeat !important;}&#8221; el_class=&#8221;mobile-bg-img-hidden&#8221; mobile_bg_img_hidden=&#8221;no&#8221; tablet_bg_img_hidden=&#8221;no&#8221; woodmart_parallax=&#8221;0&#8243; woodmart_gradient_switch=&#8221;no&#8221; row_reverse_mobile=&#8221;0&#8243; row_reverse_tablet=&#8221;0&#8243; woodmart_disable_overflow=&#8221;0&#8243; woodmart_css_id=&#8221;65480c2f880df&#8221; responsive_spacing=&#8221;eyJwYXJhbV90eXBlIjoid29vZG1hcnRfcmVzcG9uc2l2ZV9zcGFjaW5nIiwic2VsZWN0b3JfaWQiOiI2NTQ4MGMyZjg4MGRmIiwic2hvcnRjb2RlIjoidmNfcm93IiwiZGF0YSI6eyJ0YWJsZXQiOnt9LCJtb2JpbGUiOnt9fX0=&#8221; woodmart_box_shadow=&#8221;yes&#8221; wd_box_shadow=&#8221;eyJkZXZpY2VzIjp7ImRlc2t0b3AiOnsiaG9yaXpvbnRhbCI6IjAiLCJ2ZXJ0aWNhbCI6IjAiLCJibHVyIjoiOSIsInNwcmVhZCI6IjAiLCJjb2xvciI6InJnYmEoMCwgMCwgMCwgLjE1KSJ9fX0=&#8221; wd_z_index=&#8221;no&#8221;][vc_column width=&#8221;1\/2&#8243; mobile_bg_img_hidden=&#8221;no&#8221; tablet_bg_img_hidden=&#8221;no&#8221; woodmart_parallax=&#8221;0&#8243; woodmart_sticky_column=&#8221;false&#8221; parallax_scroll=&#8221;no&#8221; mobile_reset_margin=&#8221;no&#8221; tablet_reset_margin=&#8221;no&#8221;][vc_single_image image=&#8221;42582&#8243; img_size=&#8221;full&#8221; alignment=&#8221;center&#8221; onclick=&#8221;link_image&#8221; parallax_scroll=&#8221;no&#8221; woodmart_inline=&#8221;no&#8221;][\/vc_column][vc_column width=&#8221;1\/2&#8243; css=&#8221;.vc_custom_1535101510463{margin-top: 4vh !important;padding-top: 0px !important;}&#8221;][vc_single_image image=&#8221;36553&#8243; img_size=&#8221;large&#8221; alignment=&#8221;center&#8221; onclick=&#8221;link_image&#8221; parallax_scroll=&#8221;no&#8221; woodmart_inline=&#8221;no&#8221;][\/vc_column][\/vc_row][vc_row][vc_column][vc_text_separator title=&#8221;&#8221; css=&#8221;&#8221;]\n\t\t<div id=\"wd-69474ad5b1e56\" class=\"title-wrapper wd-wpb wd-set-mb reset-last-child  wd-rs-69474ad5b1e56 wd-title-color-default wd-title-style-default text-center  wd-underline-colored\">\n\t\t\t\n\t\t\t<div class=\"liner-continer\">\n\t\t\t\t<h3 class=\"woodmart-title-container title  wd-font-weight- wd-fontsize-l\" >Tovaglia in Lino con Runne<\/h3>\n\t\t\t\t\t\t\t<\/div>\n\t\t\t\n\t\t\t\n\t\t\t\n\t\t<\/div>\n\t\t\n\t\t[\/vc_column][\/vc_row][vc_row css=&#8221;.vc_custom_1699220523797{background-color: #f3f3f3 !important;}&#8221; woodmart_css_id=&#8221;65480c219a8bc&#8221; responsive_spacing=&#8221;eyJwYXJhbV90eXBlIjoid29vZG1hcnRfcmVzcG9uc2l2ZV9zcGFjaW5nIiwic2VsZWN0b3JfaWQiOiI2NTQ4MGMyMTlhOGJjIiwic2hvcnRjb2RlIjoidmNfcm93IiwiZGF0YSI6eyJ0YWJsZXQiOnt9LCJtb2JpbGUiOnt9fX0=&#8221; mobile_bg_img_hidden=&#8221;no&#8221; tablet_bg_img_hidden=&#8221;no&#8221; woodmart_parallax=&#8221;0&#8243; woodmart_gradient_switch=&#8221;no&#8221; woodmart_box_shadow=&#8221;yes&#8221; wd_box_shadow=&#8221;eyJkZXZpY2VzIjp7ImRlc2t0b3AiOnsiaG9yaXpvbnRhbCI6IjAiLCJ2ZXJ0aWNhbCI6IjAiLCJibHVyIjoiOSIsInNwcmVhZCI6IjAiLCJjb2xvciI6InJnYmEoMCwgMCwgMCwgLjE1KSJ9fX0=&#8221; wd_z_index=&#8221;no&#8221; woodmart_disable_overflow=&#8221;0&#8243; row_reverse_mobile=&#8221;0&#8243; row_reverse_tablet=&#8221;0&#8243;][vc_column][vc_single_image image=&#8221;36552&#8243; img_size=&#8221;full&#8221; alignment=&#8221;center&#8221; onclick=&#8221;link_image&#8221; parallax_scroll=&#8221;no&#8221; woodmart_inline=&#8221;no&#8221;][\/vc_column][\/vc_row][vc_row][vc_column]\n\t\t<div id=\"wd-69474ae237664\" class=\"title-wrapper wd-wpb wd-set-mb reset-last-child  wd-rs-69474ae237664 wd-title-color-primary wd-title-style-underlined text-center vc_custom_1766279858736 wd-underline-colored\">\n\t\t\t\n\t\t\t<div class=\"liner-continer\">\n\t\t\t\t<h3 class=\"woodmart-title-container title  wd-font-weight- wd-fontsize-l\" >BADESSA 02 - Tovaglia in lino con Runner Tavolo in Lino Ricamato<\/h3>\n\t\t\t\t\t\t\t<\/div>\n\t\t\t\n\t\t\t\t\t\t\t<div class=\"title-after_title reset-last-child  wd-fontsize-xs\">Runner tavolo moderno secondo il classico corredo della nonna.<\/div>\n\t\t\t\n\t\t\t\n\t\t<\/div>\n\t\t\n\t\t\t\t<div id=\"wd-65e2f43768b2a\" class=\"wd-text-block wd-wpb reset-last-child wd-rs-65e2f43768b2a text-left \">\n\t\t\t<p style=\"text-align: justify;\">La tradizione e il fascino dei tessuti e i ricordi di un tempo\u2026. Ideali per conferire <a href=\"https:\/\/tovagliati.com\/\" target=\"_blank\" rel=\"noopener nofollow\">alla tua tavola<\/a> freschezza\u00a0 estetica e semplicit\u00e0,\u00a0 lucentezza, volume, forza e dolcezza. Tovaglie a Tavola Moderne per arricchire con esclusiva eleganza il tuo mondo a Tavola.<br \/>\nSolo materiali di prima qualit\u00e0 <strong>\u201c<a href=\"https:\/\/purolino.net\/tessuto\/\" target=\"_blank\" rel=\"noopener nofollow\">base di Lino 100%<\/a> \u2026<\/strong> Soft Touch ma pesante e corposa.<\/p>\n<h4><strong>Progettata per Te, da Marini&amp;Gerardi<\/strong><\/h4>\n<p>Prodotti disegnati e distribuiti con amore e dedizione da Marini&amp;Gerardi, il nostro obiettivo \u00e8 creare pezzi unici che aggiungano stile e classe ai momenti speciali della tua vita. Scopri il mondo di BADESSA 02 e lasciati conquistare dalla bellezza senza tempo dei nostri tessuti.<\/p>\n\t\t<\/div>\n\t\t[\/vc_column][\/vc_row]<\/p>\n<\/div>","protected":false},"excerpt":{"rendered":"<p>Tovaglia in Lino con runner ricamato.\u00a0 <strong>BADESSA 02 &#8211; Una tovaglia Moderna, fresca ed elegante <\/strong>realizzata a mano dalle nostre sarte. Una splendida Tovaglia con un bordo da 5 cm. rifinito a cappuccio.<\/p>\n","protected":false},"featured_media":42580,"template":"","meta":[],"product_brand":[],"product_cat":[145],"product_tag":[],"class_list":{"0":"post-12003","1":"product","2":"type-product","3":"status-publish","4":"has-post-thumbnail","6":"product_cat-tovaglie-di-lino","8":"first","9":"instock","10":"taxable","11":"shipping-taxable","12":"purchasable","13":"product-type-simple"},"_links":{"self":[{"href":"https:\/\/www.marinigerardi.it\/shop\/wp-json\/wp\/v2\/product\/12003","targetHints":{"allow":["GET"]}}],"collection":[{"href":"https:\/\/www.marinigerardi.it\/shop\/wp-json\/wp\/v2\/product"}],"about":[{"href":"https:\/\/www.marinigerardi.it\/shop\/wp-json\/wp\/v2\/types\/product"}],"wp:featuredmedia":[{"embeddable":true,"href":"https:\/\/www.marinigerardi.it\/shop\/wp-json\/wp\/v2\/media\/42580"}],"wp:attachment":[{"href":"https:\/\/www.marinigerardi.it\/shop\/wp-json\/wp\/v2\/media?parent=12003"}],"wp:term":[{"taxonomy":"product_brand","embeddable":true,"href":"https:\/\/www.marinigerardi.it\/shop\/wp-json\/wp\/v2\/product_brand?post=12003"},{"taxonomy":"product_cat","embeddable":true,"href":"https:\/\/www.marinigerardi.it\/shop\/wp-json\/wp\/v2\/product_cat?post=12003"},{"taxonomy":"product_tag","embeddable":true,"href":"https:\/\/www.marinigerardi.it\/shop\/wp-json\/wp\/v2\/product_tag?post=12003"}],"curies":[{"name":"wp","href":"https:\/\/api.w.org\/{rel}","templated":true}]}}