{"id":11756,"date":"2021-05-25T11:14:35","date_gmt":"2021-05-25T11:14:35","guid":{"rendered":"https:\/\/marinigerardi.it\/shop\/?post_type=product&#038;p=11756"},"modified":"2025-12-21T01:09:04","modified_gmt":"2025-12-21T01:09:04","slug":"tovaglia-moderna-in-lino","status":"publish","type":"product","link":"https:\/\/www.marinigerardi.it\/shop\/prodotto\/tovaglia-moderna-in-lino\/","title":{"rendered":"CYCAS &#8211; Tovaglia Moderna Elegante in Lino un Sogno a Tavola"},"content":{"rendered":"<div class=\"wpb-content-wrapper\"><p>[vc_row equal_height=&#8221;yes&#8221; mobile_bg_img_hidden=&#8221;no&#8221; tablet_bg_img_hidden=&#8221;no&#8221; woodmart_parallax=&#8221;0&#8243; woodmart_gradient_switch=&#8221;no&#8221; row_reverse_mobile=&#8221;0&#8243; row_reverse_tablet=&#8221;0&#8243; woodmart_disable_overflow=&#8221;0&#8243;][vc_column offset=&#8221;vc_col-lg-6 vc_col-md-6&#8243; mobile_bg_img_hidden=&#8221;no&#8221; tablet_bg_img_hidden=&#8221;no&#8221; woodmart_parallax=&#8221;0&#8243; woodmart_sticky_column=&#8221;false&#8221; parallax_scroll=&#8221;no&#8221; mobile_reset_margin=&#8221;no&#8221; tablet_reset_margin=&#8221;no&#8221; css=&#8221;.vc_custom_1613071403480{margin-top: 0px !important;}&#8221;]\n\t\t<div id=\"wd-69474881ed802\" class=\"title-wrapper wd-wpb wd-set-mb reset-last-child  wd-rs-69474881ed802 wd-title-color-primary wd-title-style-default text-left vc_custom_1766279250450 wd-underline-colored\">\n\t\t\t\n\t\t\t<div class=\"liner-continer\">\n\t\t\t\t<h2 class=\"woodmart-title-container title  wd-font-weight- wd-fontsize-l\" >CYCAS - Tovaglia Moderna in Lino<\/h2>\n\t\t\t\t\t\t\t<\/div>\n\t\t\t\n\t\t\t\n\t\t\t\n\t\t<\/div>\n\t\t\n\t\t\t\t<div id=\"wd-654eaefda9c4a\" class=\"wd-text-block wd-wpb reset-last-child wd-rs-654eaefda9c4a text-left \">\n\t\t\t<p style=\"text-align: justify;\"><a href=\"https:\/\/www.marinigerardi.it\/shop\/prodotto\/cycas-tovaglia-moderna-in-lino\/\">Tovaglia<\/a> realizzata in tessuto di puro lino \u00e8 cucita sartorialmente nel nostro laboratorio al momento dell\u2019ordine Una Grande Tovaglia, fatta a regola d&#8217;arte per fare la differenza, perfetta e adatta per ogni occasione. Una Musa ispiratrice, profumo di luoghi meravigliosi. Una collezione esclusiva per un classico a righe sempre di moda.<\/p>\n\t\t<\/div>\n\t\t[vc_message message_box_style=&#8221;outline&#8221; message_box_color=&#8221;grey&#8221; css=&#8221;&#8221;]<\/p>\n<ul>\n<li><strong>Tessuto: <\/strong>100% Lino<\/li>\n<li><strong>Peso:<\/strong> 170 gr\/m\u00b2<\/li>\n<li><strong>Colori:<\/strong> Un unico colore &#8211; Sfondo Panna con righe in Grigio<\/li>\n<li><strong>Misure:<\/strong> 160\u00d7160 | 160\u00d7180 | 160\u00d7200 | 160\u00d7240 | 160\u00d7260 | 160\u00d7280 | 160\u00d7300<\/li>\n<\/ul>\n<p>Per misure particolari vi preghiamo di contattarci al Indirizzo mail <strong>assistenza@marinigerardi.it<\/strong>[\/vc_message][\/vc_column][vc_column css=&#8221;.vc_custom_1612434787067{background-position: center !important;background-repeat: no-repeat !important;background-size: cover !important;}&#8221; offset=&#8221;vc_col-lg-6 vc_col-md-6&#8243; mobile_bg_img_hidden=&#8221;no&#8221; tablet_bg_img_hidden=&#8221;no&#8221; woodmart_parallax=&#8221;0&#8243; woodmart_sticky_column=&#8221;false&#8221; parallax_scroll=&#8221;no&#8221; mobile_reset_margin=&#8221;no&#8221; tablet_reset_margin=&#8221;no&#8221;][vc_single_image image=&#8221;11743&#8243; img_size=&#8221;full&#8221; alignment=&#8221;center&#8221; style=&#8221;vc_box_shadow&#8221; onclick=&#8221;link_image&#8221; parallax_scroll=&#8221;no&#8221;][\/vc_column][\/vc_row][vc_row][vc_column][vc_empty_space woodmart_hide_large=&#8221;0&#8243; woodmart_hide_medium=&#8221;0&#8243; woodmart_hide_small=&#8221;0&#8243;]\n\t\t<div id=\"wd-694748919d939\" class=\"title-wrapper wd-wpb wd-set-mb reset-last-child  wd-rs-694748919d939 wd-title-color-default wd-title-style-simple text-center  wd-underline-colored\">\n\t\t\t\n\t\t\t<div class=\"liner-continer\">\n\t\t\t\t<h3 class=\"woodmart-title-container title  wd-font-weight- wd-fontsize-l\" >Tovaglia Moderna Elegante in Lino<\/h3>\n\t\t\t\t\t\t\t<\/div>\n\t\t\t\n\t\t\t\n\t\t\t\n\t\t<\/div>\n\t\t\n\t\t[\/vc_column][\/vc_row][vc_row content_placement=&#8221;middle&#8221; woodmart_bg_position=&#8221;center-bottom&#8221; css=&#8221;.vc_custom_1699655348102{background-color: #f3f3f3 !important;background-position: 0 0 !important;background-repeat: no-repeat !important;}&#8221; el_class=&#8221;mobile-bg-img-hidden&#8221; mobile_bg_img_hidden=&#8221;no&#8221; tablet_bg_img_hidden=&#8221;no&#8221; woodmart_parallax=&#8221;0&#8243; woodmart_gradient_switch=&#8221;no&#8221; row_reverse_mobile=&#8221;0&#8243; row_reverse_tablet=&#8221;0&#8243; woodmart_disable_overflow=&#8221;0&#8243; woodmart_css_id=&#8221;654eaea7dcaf3&#8243; responsive_spacing=&#8221;eyJwYXJhbV90eXBlIjoid29vZG1hcnRfcmVzcG9uc2l2ZV9zcGFjaW5nIiwic2VsZWN0b3JfaWQiOiI2NTRlYWVhN2RjYWYzIiwic2hvcnRjb2RlIjoidmNfcm93IiwiZGF0YSI6eyJ0YWJsZXQiOnt9LCJtb2JpbGUiOnt9fX0=&#8221; woodmart_box_shadow=&#8221;yes&#8221; wd_box_shadow=&#8221;eyJkZXZpY2VzIjp7ImRlc2t0b3AiOnsiaG9yaXpvbnRhbCI6IjAiLCJ2ZXJ0aWNhbCI6IjAiLCJibHVyIjoiOSIsInNwcmVhZCI6IjAiLCJjb2xvciI6InJnYmEoMCwgMCwgMCwgLjE1KSJ9fX0=&#8221; wd_z_index=&#8221;no&#8221;][vc_column mobile_bg_img_hidden=&#8221;no&#8221; tablet_bg_img_hidden=&#8221;no&#8221; woodmart_parallax=&#8221;0&#8243; woodmart_sticky_column=&#8221;false&#8221; parallax_scroll=&#8221;no&#8221; mobile_reset_margin=&#8221;no&#8221; tablet_reset_margin=&#8221;no&#8221;][vc_single_image image=&#8221;11739&#8243; img_size=&#8221;full&#8221; alignment=&#8221;center&#8221; style=&#8221;vc_box_shadow&#8221; onclick=&#8221;link_image&#8221; css=&#8221;.vc_custom_1699655333272{margin-right: 20px !important;}&#8221; parallax_scroll=&#8221;no&#8221; woodmart_inline=&#8221;no&#8221;][\/vc_column][\/vc_row][vc_row][vc_column]\n\t\t<div id=\"wd-6947489c32460\" class=\"title-wrapper wd-wpb wd-set-mb reset-last-child  wd-rs-6947489c32460 wd-title-color-primary wd-title-style-bordered text-center justify  wd-underline-colored\">\n\t\t\t\n\t\t\t<div class=\"liner-continer\">\n\t\t\t\t<h3 class=\"woodmart-title-container title  wd-font-weight- wd-fontsize-l\" >CYCAS - Tovaglia Moderna Elegante in Lino | Non ha bisogno di presentazioni!<\/h3>\n\t\t\t\t\t\t\t<\/div>\n\t\t\t\n\t\t\t\t\t\t\t<div class=\"title-after_title reset-last-child  wd-fontsize-xs\">Una Tovaglia spiritosa, fresca, di classe.<\/div>\n\t\t\t\n\t\t\t\n\t\t<\/div>\n\t\t\n\t\t\t\t<div id=\"wd-654eae7d2375e\" class=\"wd-text-block wd-wpb reset-last-child wd-rs-654eae7d2375e text-left \">\n\t\t\t<p style=\"text-align: justify;\"><strong>UN PICCOLO SOGNO IN CASA!<br \/>\n<\/strong>\u00a0In estate ci piace, ancora di pi\u00f9, <a href=\"https:\/\/www.marinigerardi.it\/shop\/prodotto\/tovaglia-moderna-in-lino\/\">vestire la nostra tavola in lino<\/a>, e nessuno si preoccupa per le pieghe! Dopo tutto, fa caldo e il lino crea atmosfera, parla di mare, profumi di terra e acque ridenti e pulite. Se ci sono connessioni tra il tessuto e la nostra casa: Il Lino \u00e8 la pianta dell\u2019anima.<br \/>\nBene! Avete gi\u00e0 scelto il vostro <a href=\"https:\/\/lenzuola.eu\/\" target=\"_blank\" rel=\"noopener nofollow\">tessuto<\/a>?\u00a0 Questa \u00e8 la nostra proposta: Fidatevi di Marini&amp;Gerardi.<\/p>\n<p style=\"text-align: justify;\"><b>Cycas la Tovaglia Moderna in Lino <\/b>per rinnovare la tavola con un prodotto che sa essere Elegante quanto Informale, veramente Esclusivo per un regalo raffinato da fare o da ricevere.<\/p>\n\t\t<\/div>\n\t\t[\/vc_column][\/vc_row]<\/p>\n<\/div>","protected":false},"excerpt":{"rendered":"<p>CYCAS &#8211; La Tovaglia moderna elegante in lino a righe: Solare, accogliente e suggestiva. Un progetto deliziosamente elegante e moderno. Un tessuto spiritoso, fresco e di classe: WE LOVE LINEN.<\/p>\n","protected":false},"featured_media":11740,"template":"","meta":[],"product_brand":[],"product_cat":[145],"product_tag":[1121,2641,1678,2634],"class_list":{"0":"post-11756","1":"product","2":"type-product","3":"status-publish","4":"has-post-thumbnail","6":"product_cat-tovaglie-di-lino","7":"product_tag-tovaglia-da-tavola-elegante","8":"product_tag-tovaglia-moderna-elegante-in-lino","9":"product_tag-tovaglia-moderna-in-lino","10":"product_tag-tovagliati","12":"first","13":"instock","14":"taxable","15":"shipping-taxable","16":"purchasable","17":"product-type-simple"},"_links":{"self":[{"href":"https:\/\/www.marinigerardi.it\/shop\/wp-json\/wp\/v2\/product\/11756","targetHints":{"allow":["GET"]}}],"collection":[{"href":"https:\/\/www.marinigerardi.it\/shop\/wp-json\/wp\/v2\/product"}],"about":[{"href":"https:\/\/www.marinigerardi.it\/shop\/wp-json\/wp\/v2\/types\/product"}],"wp:featuredmedia":[{"embeddable":true,"href":"https:\/\/www.marinigerardi.it\/shop\/wp-json\/wp\/v2\/media\/11740"}],"wp:attachment":[{"href":"https:\/\/www.marinigerardi.it\/shop\/wp-json\/wp\/v2\/media?parent=11756"}],"wp:term":[{"taxonomy":"product_brand","embeddable":true,"href":"https:\/\/www.marinigerardi.it\/shop\/wp-json\/wp\/v2\/product_brand?post=11756"},{"taxonomy":"product_cat","embeddable":true,"href":"https:\/\/www.marinigerardi.it\/shop\/wp-json\/wp\/v2\/product_cat?post=11756"},{"taxonomy":"product_tag","embeddable":true,"href":"https:\/\/www.marinigerardi.it\/shop\/wp-json\/wp\/v2\/product_tag?post=11756"}],"curies":[{"name":"wp","href":"https:\/\/api.w.org\/{rel}","templated":true}]}}