{"id":11632,"date":"2021-05-18T07:18:39","date_gmt":"2021-05-18T07:18:39","guid":{"rendered":"https:\/\/marinigerardi.it\/shop\/?post_type=product&#038;p=11632"},"modified":"2025-07-15T10:50:12","modified_gmt":"2025-07-15T10:50:12","slug":"barocco-il-tessuto-di-lino-di-eccellenza-italiana","status":"publish","type":"product","link":"https:\/\/www.marinigerardi.it\/shop\/prodotto\/barocco-il-tessuto-di-lino-di-eccellenza-italiana\/","title":{"rendered":"BAROCCO &#8211; Tessuto di Lino per Tende e Tovaglie &#8211; Eccellenza Italiana"},"content":{"rendered":"<div class=\"wpb-content-wrapper\"><p>[vc_row equal_height=&#8221;yes&#8221; mobile_bg_img_hidden=&#8221;no&#8221; tablet_bg_img_hidden=&#8221;no&#8221; woodmart_parallax=&#8221;0&#8243; woodmart_gradient_switch=&#8221;no&#8221; row_reverse_mobile=&#8221;0&#8243; row_reverse_tablet=&#8221;0&#8243; woodmart_disable_overflow=&#8221;0&#8243;][vc_column offset=&#8221;vc_col-lg-6 vc_col-md-6&#8243; mobile_bg_img_hidden=&#8221;no&#8221; tablet_bg_img_hidden=&#8221;no&#8221; woodmart_parallax=&#8221;0&#8243; woodmart_sticky_column=&#8221;false&#8221; parallax_scroll=&#8221;no&#8221; mobile_reset_margin=&#8221;no&#8221; tablet_reset_margin=&#8221;no&#8221; css=&#8221;.vc_custom_1613071403480{margin-top: 0px !important;}&#8221;]\n\t\t<div id=\"wd-63879001616c7\" class=\"title-wrapper wd-wpb wd-set-mb reset-last-child  wd-rs-63879001616c7 wd-title-color-primary wd-title-style-bordered text-left vc_custom_1669828630062 wd-underline-colored\">\n\t\t\t\n\t\t\t<div class=\"liner-continer\">\n\t\t\t\t<h2 class=\"woodmart-title-container title  wd-font-weight-500 wd-fontsize-l\" >BAROCCO Tessuto di Lino per Tende e Tovaglie - Eccellenza Italiana<\/h2>\n\t\t\t\t\t\t\t<\/div>\n\t\t\t\n\t\t\t\t\t\t\t<div class=\"title-after_title reset-last-child  wd-fontsize-xs\">Tessuto 100% italiano. Testure del tessuto consistente e piacevole al tatto. Lo abbiamo in due colori tinti in filo di bianco naturale e grezzo naturale. Non per niente lo abbiamo chiamato BAROCCO, perch\u00e9 lo consideriamo un tessuto molto importante e prestigioso, che rende la vostra casa affascinante e viva.<\/div>\n\t\t\t\n\t\t\t\n\t\t<\/div>\n\t\t\n\t\t[vc_row_inner][vc_column_inner width=&#8221;1\/2&#8243;]\t\t\t<div class=\"info-box-wrapper\">\n\t\t\t\t<div id=\"wd-6040981761852\" class=\" wd-rs-6040981761852 wd-info-box wd-wpb text-left box-icon-align-left box-style-shadow color-scheme- wd-bg-none wd-items-top vc_custom_1614846001324\">\n\t\t\t\t\t\t\t\t\t\t\t<div class=\"box-icon-wrapper  box-with-icon box-icon-with-border\">\n\t\t\t\t\t\t\t<div class=\"info-box-icon\">\n\t\t\t\t\t\t\t\t<img decoding=\"async\" width=\"40\" height=\"40\" src=\"https:\/\/www.marinigerardi.it\/shop\/wp-content\/uploads\/2021\/02\/icons8_yarn_100px-40x40.png\" class=\"attachment-40x40 size-40x40\" alt=\"Composizione tessuti Marini e Gerardi\" \/>\t\t\t\t\t\t\t<\/div>\n\t\t\t\t\t\t<\/div>\n\t\t\t\t\t\t\t\t\t\t<div class=\"info-box-content\">\n\t\t\t\t\t\t<h4 class=\"info-box-title title box-title-style-default font-text wd-fontsize-s\">LINO 100%<\/h4>\t\t\t\t\t\t<div class=\"info-box-inner reset-last-child\"><p>Peso: 516 gr\/m.l<\/p>\n<\/div>\n\n\t\t\t\t\t\t\t\t\t\t\t<\/div>\n\n\t\t\t\t\t\n\t\t\t\t\t<style>#wd-6040981761852:hover .info-box-icon{background-color:  !important;}<\/style>\t\t\t\t<\/div>\n\t\t\t<\/div>\n\t\t[\/vc_column_inner][vc_column_inner width=&#8221;1\/2&#8243;]\t\t\t<div class=\"info-box-wrapper\">\n\t\t\t\t<div id=\"wd-6040983f25821\" class=\" wd-rs-6040983f25821 wd-info-box wd-wpb text-left box-icon-align-left box-style-shadow color-scheme-dark wd-bg-none wd-items-top vc_custom_1614846035560\">\n\t\t\t\t\t\t\t\t\t\t\t<div class=\"box-icon-wrapper  box-with-icon box-icon-with-border\">\n\t\t\t\t\t\t\t<div class=\"info-box-icon\">\n\t\t\t\t\t\t\t\t<img decoding=\"async\" width=\"40\" height=\"40\" src=\"https:\/\/www.marinigerardi.it\/shop\/wp-content\/uploads\/2021\/02\/icons8_wallpaper_roll_100px-40x40.png\" class=\"attachment-40x40 size-40x40\" alt=\"Altezza Tessuti - Marini e Gerardi\" \/>\t\t\t\t\t\t\t<\/div>\n\t\t\t\t\t\t<\/div>\n\t\t\t\t\t\t\t\t\t\t<div class=\"info-box-content\">\n\t\t\t\t\t\t<h4 class=\"info-box-title title box-title-style-default font-text wd-fontsize-s\">ALTEZZA<\/h4>\t\t\t\t\t\t<div class=\"info-box-inner reset-last-child\"><p>h. 300 cm.<\/p>\n<\/div>\n\n\t\t\t\t\t\t\t\t\t\t\t<\/div>\n\n\t\t\t\t\t\n\t\t\t\t\t<style>#wd-6040983f25821:hover .info-box-icon{background-color:  !important;}<\/style>\t\t\t\t<\/div>\n\t\t\t<\/div>\n\t\t[\/vc_column_inner][\/vc_row_inner][vc_column_text css=&#8221;&#8221; woodmart_inline=&#8221;no&#8221; text_larger=&#8221;no&#8221;]<\/p>\n<p style=\"text-align: justify;\">Dalla Mano Forte e Morbida con una struttura solida. Tessuto di <a href=\"https:\/\/www.marinigerardi.it\/shop\/prodotto\/barocco-il-tessuto-di-lino-di-eccellenza-italiana\/\">lino<\/a> 100% <a href=\"https:\/\/www.puro-lino.com\/\" rel=\"nofollow noopener\" target=\"_blank\">di grande pregio<\/a> e qualit\u00e0 a trama stretta con struttura a rete visibile, luminoso, corposo e piacevole al tatto.\u00a0 Tanta riservatezza e lontani da occhi indiscreti. La vostra casa pi\u00f9 confortevole e accogliente.<\/p>\n<p><strong>Minimo acquisto 1 metro.<\/strong> Se avete bisogno di aiuto contattateci all&#8217; indirizzo mail assistenza@marinigerardi.it[\/vc_column_text]<div id=\"wd-61d4535f72b8d\" class=\" wd-rs-61d4535f72b8d  wd-button-wrapper text-left\"><a href=\"https:\/\/www.marinigerardi.it\/shop\/guida-come-calcolare-il-metraggio-dei-tessuti\/\" title=\"Guida Come Calcolare il Metraggio dei Tessuti\" target=\"_blank\" class=\"btn btn-style-link btn-shape-rectangle btn-size-default btn-icon-pos-left\">Come Calcolare il Metraggio dei Tessuti<span class=\"wd-btn-icon\"><span class=\"wd-icon far fa-arrow-alt-circle-right\"><\/span><\/span><\/a><\/div>[\/vc_column][vc_column css=&#8221;.vc_custom_1612434787067{background-position: center !important;background-repeat: no-repeat !important;background-size: cover !important;}&#8221; offset=&#8221;vc_col-lg-6 vc_col-md-6&#8243; mobile_bg_img_hidden=&#8221;no&#8221; tablet_bg_img_hidden=&#8221;no&#8221; woodmart_parallax=&#8221;0&#8243; woodmart_sticky_column=&#8221;false&#8221; parallax_scroll=&#8221;no&#8221; mobile_reset_margin=&#8221;no&#8221; tablet_reset_margin=&#8221;no&#8221;][vc_single_image image=&#8221;28676&#8243; img_size=&#8221;full&#8221; alignment=&#8221;center&#8221; style=&#8221;vc_box_shadow&#8221; onclick=&#8221;link_image&#8221; parallax_scroll=&#8221;no&#8221; woodmart_inline=&#8221;no&#8221;][\/vc_column][\/vc_row][vc_row][vc_column][vc_text_separator title=&#8221;Tessuti Naturali&#8221; css=&#8221;.vc_custom_1641305004710{margin-top: 20px !important;}&#8221;]\n\t\t<div id=\"wd-66c472da7eb22\" class=\"title-wrapper wd-wpb wd-set-mb reset-last-child  wd-rs-66c472da7eb22 wd-title-color-default wd-title-style-default text-center  wd-underline-colored\">\n\t\t\t\n\t\t\t<div class=\"liner-continer\">\n\t\t\t\t<h2 class=\"woodmart-title-container title  wd-font-weight- wd-fontsize-l\" >Tessuto di Lino per Tende e Tovaglie<\/h2>\n\t\t\t\t\t\t\t<\/div>\n\t\t\t\n\t\t\t\n\t\t\t\n\t\t<\/div>\n\t\t\n\t\t[\/vc_column][\/vc_row][vc_row content_placement=&#8221;middle&#8221; woodmart_bg_position=&#8221;center-bottom&#8221; css=&#8221;.vc_custom_1612561188989{background-color: #e5e5e5 !important;background-position: 0 0 !important;background-repeat: no-repeat !important;}&#8221; el_class=&#8221;mobile-bg-img-hidden&#8221; mobile_bg_img_hidden=&#8221;no&#8221; tablet_bg_img_hidden=&#8221;no&#8221; woodmart_parallax=&#8221;0&#8243; woodmart_gradient_switch=&#8221;no&#8221; row_reverse_mobile=&#8221;0&#8243; row_reverse_tablet=&#8221;0&#8243; woodmart_disable_overflow=&#8221;0&#8243;][vc_column mobile_bg_img_hidden=&#8221;no&#8221; tablet_bg_img_hidden=&#8221;no&#8221; woodmart_parallax=&#8221;0&#8243; woodmart_sticky_column=&#8221;false&#8221; parallax_scroll=&#8221;no&#8221; mobile_reset_margin=&#8221;no&#8221; tablet_reset_margin=&#8221;no&#8221;][vc_single_image image=&#8221;28677&#8243; img_size=&#8221;full&#8221; alignment=&#8221;center&#8221; style=&#8221;vc_box_shadow&#8221; parallax_scroll=&#8221;no&#8221; woodmart_inline=&#8221;no&#8221;][\/vc_column][\/vc_row][vc_row][vc_column]\n\t\t<div id=\"wd-64b9a1312f8de\" class=\"title-wrapper wd-wpb wd-set-mb reset-last-child  wd-rs-64b9a1312f8de wd-title-color-primary wd-title-style-bordered text-center justify  wd-underline-colored\">\n\t\t\t\t\t\t\t\n\t\t\t\t<div class=\"title-subtitle  subtitle-color-primary font-alt subtitle-style-default wd-font-weight- wd-fontsize-xs\">Stoffa di qualit\u00e0 tutto al naturale<\/div>\n\t\t\t\n\t\t\t<div class=\"liner-continer\">\n\t\t\t\t<h3 class=\"woodmart-title-container title  wd-font-weight-400 wd-fontsize-xxl\" >BAROQUE - Tessuto di Lino per Tende e Tovaglie - Eccellenza Italiana<\/h3>\n\t\t\t\t\t\t\t<\/div>\n\t\t\t\n\t\t\t\n\t\t\t\n\t\t<\/div>\n\t\t\n\t\t[vc_column_text css=&#8221;&#8221; text_larger=&#8221;no&#8221; woodmart_inline=&#8221;no&#8221;]<\/p>\n<p style=\"text-align: justify;\"><strong>Dai un tocco di freschezza e stile ai tuoi ambienti<\/strong> con le tende in lino di Marini&amp;Gerardi! Sappiamo quanto sia importante per te avere una casa accogliente e ben curata, e con le nostre tende, potrai ottenere il massimo risultato con una spesa ragionevole e senza rinunciare alla qualit\u00e0.<br \/>\n<strong>Che tu stia lavorando, riposando o semplicemente trascorrendo del tempo con la tua famiglia, l<\/strong>e nostre tende in lino ti aiuteranno a rendere ogni momento speciale. Grazie ai nostri tessuti attentamente selezionati e al design curato, potrai creare l&#8217;atmosfera perfetta per ogni occasione.<br \/>\n<strong>Di notte, le nostre tende<\/strong> impediscono l&#8217;ingresso della luce, favorendo un riposo notturno rigenerante. Durante il giorno, proteggono dai raggi del sole, migliorando la qualit\u00e0 della luce all&#8217;interno dei tuoi spazi. E quando arriva la sera, le tende in lino creano un&#8217;atmosfera intima e accogliente, perfetta per i tuoi momenti di relax.<br \/>\n<strong>Tessuto di lino una scelta eccellente per le tende,<\/strong> poich\u00e9 il lino \u00e8 noto per la sua eleganza e la sua capacit\u00e0 di filtrare la luce in modo delicato. Le nostre tende in lino aggiungeranno un tocco di raffinatezza a qualsiasi ambiente, trasformando la tua casa in uno spazio unico e personale.<\/p>\n<p style=\"text-align: justify;\"><strong>Con Marini&amp;Gerardi, puoi contare su prodotti di alta qualit\u00e0,<\/strong> progettati per durare nel tempo e mantenere la loro bellezza nel corso degli anni. Siamo appassionati di design e dedichiamo la massima cura e attenzione ai dettagli per offrirti tende che superino le tue aspettative.<br \/>\n<strong>Rinfresca i tuoi ambienti di casa e crea uno spazio che rifletta il tuo stile e la tua personalit\u00e0<\/strong> con le tende in lino di Marini&amp;Gerardi. Esplora la nostra collezione e lasciati ispirare dalle molteplici opzioni disponibili. Siamo certi che troverai le tende perfette per trasformare la tua casa in un luogo speciale, dove ogni momento sar\u00e0 avvolto da un&#8217;atmosfera di calore e armonia.<\/p>\n<p>[\/vc_column_text][\/vc_column][\/vc_row]<\/p>\n<\/div>","protected":false},"excerpt":{"rendered":"<p><strong>BAROCCO &#8211; Un straordinario tessuto italiano,<\/strong> in pure Lino. Ideale per la Biancheria Casa &#8211; Tessuto di Lino per Tende e Tovaglie<\/p>\n","protected":false},"featured_media":28673,"template":"","meta":[],"product_brand":[],"product_cat":[285],"product_tag":[],"class_list":{"0":"post-11632","1":"product","2":"type-product","3":"status-publish","4":"has-post-thumbnail","6":"product_cat-lino-per-tovaglie","8":"first","9":"instock","10":"sale","11":"sold-individually","12":"taxable","13":"shipping-taxable","14":"purchasable","15":"product-type-simple"},"_links":{"self":[{"href":"https:\/\/www.marinigerardi.it\/shop\/wp-json\/wp\/v2\/product\/11632","targetHints":{"allow":["GET"]}}],"collection":[{"href":"https:\/\/www.marinigerardi.it\/shop\/wp-json\/wp\/v2\/product"}],"about":[{"href":"https:\/\/www.marinigerardi.it\/shop\/wp-json\/wp\/v2\/types\/product"}],"wp:featuredmedia":[{"embeddable":true,"href":"https:\/\/www.marinigerardi.it\/shop\/wp-json\/wp\/v2\/media\/28673"}],"wp:attachment":[{"href":"https:\/\/www.marinigerardi.it\/shop\/wp-json\/wp\/v2\/media?parent=11632"}],"wp:term":[{"taxonomy":"product_brand","embeddable":true,"href":"https:\/\/www.marinigerardi.it\/shop\/wp-json\/wp\/v2\/product_brand?post=11632"},{"taxonomy":"product_cat","embeddable":true,"href":"https:\/\/www.marinigerardi.it\/shop\/wp-json\/wp\/v2\/product_cat?post=11632"},{"taxonomy":"product_tag","embeddable":true,"href":"https:\/\/www.marinigerardi.it\/shop\/wp-json\/wp\/v2\/product_tag?post=11632"}],"curies":[{"name":"wp","href":"https:\/\/api.w.org\/{rel}","templated":true}]}}