{"id":10987,"date":"2021-04-08T10:41:14","date_gmt":"2021-04-08T10:41:14","guid":{"rendered":"https:\/\/marinigerardi.it\/shop\/?post_type=product&#038;p=10987"},"modified":"2025-04-10T17:41:45","modified_gmt":"2025-04-10T17:41:45","slug":"lenzuola-letto-lino-lavato","status":"publish","type":"product","link":"https:\/\/www.marinigerardi.it\/shop\/prodotto\/lenzuola-letto-lino-lavato\/","title":{"rendered":"LADY BYRON sp &#8211; Lenzuola Letto Lino lavato (sopra) in lino &#8211; Singole e alla Francese"},"content":{"rendered":"<div class=\"wpb-content-wrapper\"><p>[vc_row equal_height=&#8221;yes&#8221; mobile_bg_img_hidden=&#8221;no&#8221; tablet_bg_img_hidden=&#8221;no&#8221; woodmart_parallax=&#8221;0&#8243; woodmart_gradient_switch=&#8221;no&#8221; row_reverse_mobile=&#8221;0&#8243; row_reverse_tablet=&#8221;0&#8243; woodmart_disable_overflow=&#8221;0&#8243;][vc_column offset=&#8221;vc_col-lg-6 vc_col-md-6&#8243; mobile_bg_img_hidden=&#8221;no&#8221; tablet_bg_img_hidden=&#8221;no&#8221; woodmart_parallax=&#8221;0&#8243; woodmart_sticky_column=&#8221;false&#8221; parallax_scroll=&#8221;no&#8221; mobile_reset_margin=&#8221;no&#8221; tablet_reset_margin=&#8221;no&#8221; css=&#8221;.vc_custom_1613071403480{margin-top: 0px !important;}&#8221;]\n\t\t<div id=\"wd-67f8028a10a56\" class=\"title-wrapper wd-wpb wd-set-mb reset-last-child  wd-rs-67f8028a10a56 wd-title-color-primary wd-title-style-bordered text-left vc_custom_1744306852891 wd-underline-colored\">\n\t\t\t\n\t\t\t<div class=\"liner-continer\">\n\t\t\t\t<h2 class=\"woodmart-title-container title  wd-font-weight-600 wd-fontsize-l\" >LADY BYRON - Lenzuola Letto Lino lavato (sopra) \u201cno stiro EXCELLENT\u201d<\/h2>\n\t\t\t\t\t\t\t<\/div>\n\t\t\t\n\t\t\t\t\t\t\t<div class=\"title-after_title reset-last-child  wd-fontsize-xs\">Biancheria letto ini lino<\/div>\n\t\t\t\n\t\t\t\n\t\t<\/div>\n\t\t\n\t\t\t\t<div id=\"wd-653a167225632\" class=\"wd-text-block wd-wpb reset-last-child wd-rs-653a167225632 text-left \">\n\t\t\t<p style=\"text-align: justify;\">Le <strong>lenzuola letto<\/strong> sono realizzate con il <strong>tessuto 100% puro lino<\/strong> certificato dallo standard MASTERS OF LINEN\u00ae (il lino pi\u00f9 fine al mondo), il marchio definito d\u2019eccellenza per i prodotti che rispettano la salute e l\u2019ambiente. <strong>Lady Byron<\/strong> \u00e8 un lenzuolo realizzato con un<strong> lino dalla mano morbida<\/strong> dai <strong>colori moderni<\/strong>. Rifinito da un<strong> orlo<\/strong> sui quattro lati, e dall\u2019<strong>aspetto vissuto &#8220;froisse&#8221; morbido e piacevole al tatto<\/strong>. Le lenzuola Marini &amp; Gerardi sono l&#8217;esempio di come sia possibile rielaborare il lino in una veste &#8220;<strong>dal design contemporaneo<\/strong>&#8221; ci\u00f2 che rientra nella tradizione.<\/p>\n\t\t<\/div>\n\t\t[vc_message message_box_style=&#8221;outline&#8221; message_box_color=&#8221;grey&#8221; css=&#8221;&#8221;]<\/p>\n<ul>\n<li>Questa offerta include solo <strong>uno <a href=\"https:\/\/www.marinigerardi.it\/shop\/prodotto\/lenzuola-letto-lino-lavato\/\">lenzuolo sopra<\/a><\/strong>.<\/li>\n<li>Se avete necessit\u00e0 di lenzuolo sotto, si prega di ricercare: \u2192<strong> <a href=\"https:\/\/marinigerardi.it\/shop\/prodotto\/lady-byron-lenzuolo-sotto-il-copri-materasso-in-puro-lino-con-angoli-elasticizati\/\">Lady Byron-Lenzuolo Sotto<\/a><\/strong>,<\/li>\n<li>per le federe, ricercare: \u2192<strong> <a href=\"https:\/\/marinigerardi.it\/shop\/prodotto\/lord-byron-federe-cuscini-letto\/\">Lady Byron-Federe<\/a>.<\/strong><\/li>\n<\/ul>\n<p>Per altre misure o combinazioni di colori contattateci ad:<strong> assistenza@marinigerardi.it <\/strong>[\/vc_message]<div id=\"wd-653a168be484e\" class=\" wd-rs-653a168be484e  wd-button-wrapper text-left\"><a href=\"https:\/\/www.marinigerardi.it\/shop\/guida-misure-per-la-biancheria-letto\/\" title=\"GUIDA MISURE PER LA BIANCHERIA LETTO\" target=\"_blank\" class=\"btn btn-style-default btn-shape-rectangle btn-size-default btn-icon-pos-left\">GUIDA MISURE PER LA BIANCHERIA LETTO<span class=\"wd-btn-icon\"><span class=\"wd-icon far fa-arrow-alt-circle-right\"><\/span><\/span><\/a><\/div>[\/vc_column][vc_column css=&#8221;.vc_custom_1612434787067{background-position: center !important;background-repeat: no-repeat !important;background-size: cover !important;}&#8221; offset=&#8221;vc_col-lg-6 vc_col-md-6&#8243; mobile_bg_img_hidden=&#8221;no&#8221; tablet_bg_img_hidden=&#8221;no&#8221; woodmart_parallax=&#8221;0&#8243; woodmart_sticky_column=&#8221;false&#8221; parallax_scroll=&#8221;no&#8221; mobile_reset_margin=&#8221;no&#8221; tablet_reset_margin=&#8221;no&#8221;][vc_single_image image=&#8221;11550&#8243; img_size=&#8221;full&#8221; alignment=&#8221;center&#8221; style=&#8221;vc_box_shadow&#8221; onclick=&#8221;link_image&#8221; parallax_scroll=&#8221;no&#8221;][\/vc_column][\/vc_row][vc_row][vc_column][vc_empty_space woodmart_hide_large=&#8221;0&#8243; woodmart_hide_medium=&#8221;0&#8243; woodmart_hide_small=&#8221;0&#8243;]\n\t\t<div id=\"wd-67f802a2626ee\" class=\"title-wrapper wd-wpb wd-set-mb reset-last-child  wd-rs-67f802a2626ee wd-title-color-default wd-title-style-default text-center  wd-underline-colored\">\n\t\t\t\n\t\t\t<div class=\"liner-continer\">\n\t\t\t\t<h3 class=\"woodmart-title-container title  wd-font-weight-600 wd-fontsize-l\" >Lenzuola Letto Lino lavato<\/h3>\n\t\t\t\t\t\t\t<\/div>\n\t\t\t\n\t\t\t\n\t\t\t\n\t\t<\/div>\n\t\t\n\t\t[\/vc_column][\/vc_row][vc_row content_placement=&#8221;middle&#8221; woodmart_bg_position=&#8221;center-bottom&#8221; css=&#8221;.vc_custom_1698305742709{background-color: #f3f3f3 !important;background-position: 0 0 !important;background-repeat: no-repeat !important;}&#8221; el_class=&#8221;mobile-bg-img-hidden&#8221; mobile_bg_img_hidden=&#8221;no&#8221; tablet_bg_img_hidden=&#8221;no&#8221; woodmart_parallax=&#8221;0&#8243; woodmart_gradient_switch=&#8221;no&#8221; row_reverse_mobile=&#8221;0&#8243; row_reverse_tablet=&#8221;0&#8243; woodmart_disable_overflow=&#8221;0&#8243; woodmart_css_id=&#8221;653a16c0ef679&#8243; responsive_spacing=&#8221;eyJwYXJhbV90eXBlIjoid29vZG1hcnRfcmVzcG9uc2l2ZV9zcGFjaW5nIiwic2VsZWN0b3JfaWQiOiI2NTNhMTZjMGVmNjc5Iiwic2hvcnRjb2RlIjoidmNfcm93IiwiZGF0YSI6eyJ0YWJsZXQiOnt9LCJtb2JpbGUiOnt9fX0=&#8221; woodmart_box_shadow=&#8221;yes&#8221; wd_box_shadow=&#8221;eyJkZXZpY2VzIjp7ImRlc2t0b3AiOnsiaG9yaXpvbnRhbCI6IjAiLCJ2ZXJ0aWNhbCI6IjAiLCJibHVyIjoiOSIsInNwcmVhZCI6IjAiLCJjb2xvciI6InJnYmEoMCwgMCwgMCwgLjE1KSJ9fX0=&#8221; wd_z_index=&#8221;no&#8221;][vc_column width=&#8221;1\/2&#8243; mobile_bg_img_hidden=&#8221;no&#8221; tablet_bg_img_hidden=&#8221;no&#8221; woodmart_parallax=&#8221;0&#8243; woodmart_sticky_column=&#8221;false&#8221; parallax_scroll=&#8221;no&#8221; mobile_reset_margin=&#8221;no&#8221; tablet_reset_margin=&#8221;no&#8221;][vc_single_image image=&#8221;68093&#8243; img_size=&#8221;large&#8221; alignment=&#8221;center&#8221; onclick=&#8221;link_image&#8221; css=&#8221;&#8221; parallax_scroll=&#8221;no&#8221; woodmart_inline=&#8221;no&#8221;][\/vc_column][vc_column width=&#8221;1\/2&#8243;][vc_single_image image=&#8221;68966&#8243; img_size=&#8221;large&#8221; alignment=&#8221;center&#8221; onclick=&#8221;link_image&#8221; css=&#8221;&#8221; parallax_scroll=&#8221;no&#8221; woodmart_inline=&#8221;no&#8221;][\/vc_column][\/vc_row][vc_row][vc_column]\n\t\t<div id=\"wd-67f802b14108e\" class=\"title-wrapper wd-wpb wd-set-mb reset-last-child  wd-rs-67f802b14108e wd-title-color-primary wd-title-style-bordered text-left justify  wd-underline-colored\">\n\t\t\t\n\t\t\t<div class=\"liner-continer\">\n\t\t\t\t<h3 class=\"woodmart-title-container title  wd-font-weight-600 wd-fontsize-l\" >LADY BYRON - Lenzuola Letto Lino lavato (sopra)<\/h3>\n\t\t\t\t\t\t\t<\/div>\n\t\t\t\n\t\t\t\t\t\t\t<div class=\"title-after_title reset-last-child  wd-fontsize-xs\">Collezioni e modelli unici, altamente professionali creati e firmati Marini&amp;Gerardi.<\/div>\n\t\t\t\n\t\t\t\n\t\t<\/div>\n\t\t\n\t\t[\/vc_column][\/vc_row][vc_row css=&#8221;.vc_custom_1718174324491{background-color: #f3f3f3 !important;}&#8221; woodmart_css_id=&#8221;6669426930bcb&#8221; responsive_spacing=&#8221;eyJwYXJhbV90eXBlIjoid29vZG1hcnRfcmVzcG9uc2l2ZV9zcGFjaW5nIiwic2VsZWN0b3JfaWQiOiI2NjY5NDI2OTMwYmNiIiwic2hvcnRjb2RlIjoidmNfcm93IiwiZGF0YSI6eyJ0YWJsZXQiOnt9LCJtb2JpbGUiOnt9fX0=&#8221; mobile_bg_img_hidden=&#8221;no&#8221; tablet_bg_img_hidden=&#8221;no&#8221; woodmart_parallax=&#8221;0&#8243; woodmart_gradient_switch=&#8221;no&#8221; woodmart_box_shadow=&#8221;no&#8221; wd_z_index=&#8221;no&#8221; woodmart_disable_overflow=&#8221;0&#8243; row_reverse_mobile=&#8221;0&#8243; row_reverse_tablet=&#8221;0&#8243;][vc_column][vc_single_image image=&#8221;68963&#8243; img_size=&#8221;full&#8221; alignment=&#8221;center&#8221; onclick=&#8221;link_image&#8221; css=&#8221;&#8221; parallax_scroll=&#8221;no&#8221; woodmart_inline=&#8221;no&#8221;][\/vc_column][\/vc_row][vc_row][vc_column][vc_column_text text_larger=&#8221;no&#8221;]<\/p>\n<ul>\n<li><strong>Marini &amp; Gerardi Alta Moda Casa crea prodotti di biancheria progettati da vivere ogni giorno, tutti i giorni, 365 giorni all\u2019anno.<\/strong><\/li>\n<li>I nostri Tessuti preziosi amano e rispettano la tua vita e sono un invito a goderla pienamente.<\/li>\n<li><strong> Noi crediamo che la biancheria in LINO sia un ritorno ai valori essenziali della vita:<\/strong> da serenit\u00e0, semplicit\u00e0 , \u00e8 amabile e confortevole ma soprattutto qualit\u00e0 senza compromessi.<\/li>\n<\/ul>\n<p>[\/vc_column_text][\/vc_column][\/vc_row]<\/p>\n<\/div>","protected":false},"excerpt":{"rendered":"<p style=\"text-align: justify;\"><strong>LADY BYRON &#8211; Lenzuola Letto Lino lavato (sopra).<\/strong>\u00a0 Le migliori lenzuola artigianali realizzate in <strong>lino prelavato No Stiro<\/strong>, dall&#8217;aspetto vissuto e alla mano, <strong>l&#8217;Eccellenza della qualit\u00e0 italiana.<\/strong><\/p>\n","protected":false},"featured_media":68094,"template":"","meta":[],"product_brand":[],"product_cat":[460,614,1562],"product_tag":[1615,506,1603],"class_list":{"0":"post-10987","1":"product","2":"type-product","3":"status-publish","4":"has-post-thumbnail","6":"product_cat-biancheria-letto","7":"product_cat-lenzuola","8":"product_cat-lenzuolo-sopra","9":"product_tag-biancheria-letto","10":"product_tag-lenzuola","11":"product_tag-lenzuola-sopra","13":"first","14":"instock","15":"taxable","16":"shipping-taxable","17":"purchasable","18":"product-type-simple"},"_links":{"self":[{"href":"https:\/\/www.marinigerardi.it\/shop\/wp-json\/wp\/v2\/product\/10987","targetHints":{"allow":["GET"]}}],"collection":[{"href":"https:\/\/www.marinigerardi.it\/shop\/wp-json\/wp\/v2\/product"}],"about":[{"href":"https:\/\/www.marinigerardi.it\/shop\/wp-json\/wp\/v2\/types\/product"}],"wp:featuredmedia":[{"embeddable":true,"href":"https:\/\/www.marinigerardi.it\/shop\/wp-json\/wp\/v2\/media\/68094"}],"wp:attachment":[{"href":"https:\/\/www.marinigerardi.it\/shop\/wp-json\/wp\/v2\/media?parent=10987"}],"wp:term":[{"taxonomy":"product_brand","embeddable":true,"href":"https:\/\/www.marinigerardi.it\/shop\/wp-json\/wp\/v2\/product_brand?post=10987"},{"taxonomy":"product_cat","embeddable":true,"href":"https:\/\/www.marinigerardi.it\/shop\/wp-json\/wp\/v2\/product_cat?post=10987"},{"taxonomy":"product_tag","embeddable":true,"href":"https:\/\/www.marinigerardi.it\/shop\/wp-json\/wp\/v2\/product_tag?post=10987"}],"curies":[{"name":"wp","href":"https:\/\/api.w.org\/{rel}","templated":true}]}}