{"id":10976,"date":"2021-04-08T08:54:29","date_gmt":"2021-04-08T08:54:29","guid":{"rendered":"https:\/\/marinigerardi.it\/shop\/?post_type=product&#038;p=10976"},"modified":"2025-03-18T11:34:15","modified_gmt":"2025-03-18T11:34:15","slug":"lady-byron-lenzuolo-sotto-il-copri-materasso-in-puro-lino-con-angoli-elasticizati","status":"publish","type":"product","link":"https:\/\/www.marinigerardi.it\/shop\/prodotto\/lady-byron-lenzuolo-sotto-il-copri-materasso-in-puro-lino-con-angoli-elasticizati\/","title":{"rendered":"LADY BYRON &#8211; Lenzuolo Sotto con Angoli Elasticizzati in lino lavato stonewashed"},"content":{"rendered":"<div class=\"wpb-content-wrapper\"><p>[vc_row equal_height=&#8221;yes&#8221; mobile_bg_img_hidden=&#8221;no&#8221; tablet_bg_img_hidden=&#8221;no&#8221; woodmart_parallax=&#8221;0&#8243; woodmart_gradient_switch=&#8221;no&#8221; row_reverse_mobile=&#8221;0&#8243; row_reverse_tablet=&#8221;0&#8243; woodmart_disable_overflow=&#8221;0&#8243;][vc_column offset=&#8221;vc_col-lg-6 vc_col-md-6&#8243; mobile_bg_img_hidden=&#8221;no&#8221; tablet_bg_img_hidden=&#8221;no&#8221; woodmart_parallax=&#8221;0&#8243; woodmart_sticky_column=&#8221;false&#8221; parallax_scroll=&#8221;no&#8221; mobile_reset_margin=&#8221;no&#8221; tablet_reset_margin=&#8221;no&#8221; css=&#8221;.vc_custom_1613071403480{margin-top: 0px !important;}&#8221;]\n\t\t<div id=\"wd-638e11accfc3f\" class=\"title-wrapper wd-wpb wd-set-mb reset-last-child  wd-rs-638e11accfc3f wd-title-color-primary wd-title-style-bordered text-left vc_custom_1670255031275 wd-underline-colored\">\n\t\t\t\n\t\t\t<div class=\"liner-continer\">\n\t\t\t\t<h2 class=\"woodmart-title-container title  wd-font-weight-500 wd-fontsize-l\" >LADY BYRON - Lenzuolo Sotto In Lino angoli elasticizzati \u201cEXCELLENT\u201d<\/h2>\n\t\t\t\t\t\t\t<\/div>\n\t\t\t\n\t\t\t\n\t\t\t\n\t\t<\/div>\n\t\t\n\t\t\t\t<div id=\"wd-679d0371e662c\" class=\"wd-text-block wd-wpb reset-last-child wd-rs-679d0371e662c text-left \">\n\t\t\t<p style=\"text-align: justify;\"><a href=\"https:\/\/www.marinigerardi.it\/shop\/prodotto\/lady-byron-lenzuolo-sotto-il-copri-materasso-in-puro-lino-con-angoli-elasticizati\/\">Le Lenzuola sono realizzate con il tessuto 100% lino<\/a> lavato stonewashed certificato dallo standard MASTERS OF LINEN\u00ae (il lino pi\u00f9 fine al mondo), il marchio definito d\u2019eccellenza per i prodotti che rispettano la salute e l\u2019ambiente. Un&#8217;etichetta che raccoglie e promuove le aziende tessili europee coinvolte in una filiera di eccellenza. Il cuore \u00e8 un sistema di tracciabilit\u00e0 di 100% lino coltivato su suolo europeo garantendone il pregio e l\u2019elevato valore aggiunto.<\/p>\n\t\t<\/div>\n\t\t[vc_message message_box_style=&#8221;outline&#8221; message_box_color=&#8221;grey&#8221; css=&#8221;&#8221;]Questa offerta include solo <strong>uno lenzuolo sotto<\/strong> con elastico \u00e8 possibile acquistare lenzuolo sopra + federa. Potete ricercare: \u2192 <a href=\"https:\/\/marinigerardi.it\/shop\/prodotto\/ledy-byron-lenzuolo-sopra-in-puro-lino\/\"><strong>Lady Byron-Lenzuolo Sopra<\/strong><\/a>, per le federe, ricercare: \u2192<strong> <a href=\"https:\/\/marinigerardi.it\/shop\/prodotto\/lord-byron-federe-cuscini-letto\/\">Lady Byron-Federe<\/a>. <\/strong>Per altre misure o combinazioni di colori contattateci ad: <strong>assistenza@marinigerardi.it <\/strong>[\/vc_message]<div id=\"wd-653a180311de9\" class=\" wd-rs-653a180311de9  wd-button-wrapper text-left\"><a href=\"https:\/\/www.marinigerardi.it\/shop\/guida-misure-per-la-biancheria-letto\/\" title=\"GUIDA MISURE PER LA BIANCHERIA LETTO\" target=\"_blank\" class=\"btn btn-style-default btn-shape-rectangle btn-size-default btn-icon-pos-left\">GUIDA MISURE PER LA BIANCHERIA LETTO<span class=\"wd-btn-icon\"><span class=\"wd-icon far fa-arrow-alt-circle-right\"><\/span><\/span><\/a><\/div>[\/vc_column][vc_column css=&#8221;.vc_custom_1612434787067{background-position: center !important;background-repeat: no-repeat !important;background-size: cover !important;}&#8221; offset=&#8221;vc_col-lg-6 vc_col-md-6&#8243; mobile_bg_img_hidden=&#8221;no&#8221; tablet_bg_img_hidden=&#8221;no&#8221; woodmart_parallax=&#8221;0&#8243; woodmart_sticky_column=&#8221;false&#8221; parallax_scroll=&#8221;no&#8221; mobile_reset_margin=&#8221;no&#8221; tablet_reset_margin=&#8221;no&#8221;][vc_single_image image=&#8221;11548&#8243; img_size=&#8221;full&#8221; alignment=&#8221;center&#8221; style=&#8221;vc_box_shadow&#8221; onclick=&#8221;link_image&#8221; parallax_scroll=&#8221;no&#8221;][\/vc_column][\/vc_row][vc_row][vc_column][vc_empty_space woodmart_hide_large=&#8221;0&#8243; woodmart_hide_medium=&#8221;0&#8243; woodmart_hide_small=&#8221;0&#8243;][vc_text_separator title=&#8221;Tessuti Naturali&#8221;]\n\t\t<div id=\"wd-66cda5af36a2a\" class=\"title-wrapper wd-wpb wd-set-mb reset-last-child  wd-rs-66cda5af36a2a wd-title-color-default wd-title-style-default text-center  wd-underline-colored\">\n\t\t\t\n\t\t\t<div class=\"liner-continer\">\n\t\t\t\t<h2 class=\"woodmart-title-container title  wd-font-weight- wd-fontsize-l\" >Lenzuolo Sotto con Angoli Elasticizzati in lino<\/h2>\n\t\t\t\t\t\t\t<\/div>\n\t\t\t\n\t\t\t\n\t\t\t\n\t\t<\/div>\n\t\t\n\t\t[\/vc_column][\/vc_row][vc_row content_placement=&#8221;middle&#8221; woodmart_bg_position=&#8221;center-bottom&#8221; css=&#8221;.vc_custom_1698306037194{background-color: #f3f3f3 !important;background-position: 0 0 !important;background-repeat: no-repeat !important;}&#8221; el_class=&#8221;mobile-bg-img-hidden&#8221; mobile_bg_img_hidden=&#8221;no&#8221; tablet_bg_img_hidden=&#8221;no&#8221; woodmart_parallax=&#8221;0&#8243; woodmart_gradient_switch=&#8221;no&#8221; row_reverse_mobile=&#8221;0&#8243; row_reverse_tablet=&#8221;0&#8243; woodmart_disable_overflow=&#8221;0&#8243; woodmart_css_id=&#8221;653a17e9cffbb&#8221; responsive_spacing=&#8221;eyJwYXJhbV90eXBlIjoid29vZG1hcnRfcmVzcG9uc2l2ZV9zcGFjaW5nIiwic2VsZWN0b3JfaWQiOiI2NTNhMTdlOWNmZmJiIiwic2hvcnRjb2RlIjoidmNfcm93IiwiZGF0YSI6eyJ0YWJsZXQiOnt9LCJtb2JpbGUiOnt9fX0=&#8221; woodmart_box_shadow=&#8221;yes&#8221; wd_box_shadow=&#8221;eyJkZXZpY2VzIjp7ImRlc2t0b3AiOnsiaG9yaXpvbnRhbCI6IjAiLCJ2ZXJ0aWNhbCI6IjAiLCJibHVyIjoiOSIsInNwcmVhZCI6IjAiLCJjb2xvciI6InJnYmEoMCwgMCwgMCwgLjE1KSJ9fX0=&#8221; wd_z_index=&#8221;no&#8221;][vc_column mobile_bg_img_hidden=&#8221;no&#8221; tablet_bg_img_hidden=&#8221;no&#8221; woodmart_parallax=&#8221;0&#8243; woodmart_sticky_column=&#8221;false&#8221; parallax_scroll=&#8221;no&#8221; mobile_reset_margin=&#8221;no&#8221; tablet_reset_margin=&#8221;no&#8221;][vc_single_image image=&#8221;11367&#8243; img_size=&#8221;full&#8221; alignment=&#8221;center&#8221; onclick=&#8221;link_image&#8221; parallax_scroll=&#8221;no&#8221; woodmart_inline=&#8221;no&#8221;][\/vc_column][\/vc_row][vc_row][vc_column]\n\t\t<div id=\"wd-66cda5bd39398\" class=\"title-wrapper wd-wpb wd-set-mb reset-last-child  wd-rs-66cda5bd39398 wd-title-color-primary wd-title-style-bordered text-left justify  wd-underline-colored\">\n\t\t\t\t\t\t\t\n\t\t\t\t<div class=\"title-subtitle  subtitle-color-primary font-alt subtitle-style-default wd-font-weight- wd-fontsize-xs\">Biancheria Letto Qualit\u00e0 Italiana 100% in Lino prelavato<\/div>\n\t\t\t\n\t\t\t<div class=\"liner-continer\">\n\t\t\t\t<h3 class=\"woodmart-title-container title  wd-font-weight-400 wd-fontsize-l\" >LADY BYRON - Lenzuolo Sotto con Angoli Elasticizzati in lino - Biancheria Letto di qualit\u00e0<\/h3>\n\t\t\t\t\t\t\t<\/div>\n\t\t\t\n\t\t\t\n\t\t\t\n\t\t<\/div>\n\t\t\n\t\t[vc_column_text text_larger=&#8221;no&#8221;]<\/p>\n<ul>\n<li><strong>Marini &amp; Gerardi Alta Moda Casa crea prodotti di biancheria progettati da vivere ogni giorno, tutti i giorni, 365 giorni all\u2019anno.<\/strong><\/li>\n<li>I nostri Tessuti preziosi amano e rispettano la tua vita e sono un invito a goderla pienamente.<\/li>\n<li><strong> Noi crediamo che la biancheria in LINO sia un ritorno ai valori essenziali della vita:<\/strong> da serenit\u00e0, semplicit\u00e0 , \u00e8 amabile e confortevole ma soprattutto qualit\u00e0 senza compromessi.<\/li>\n<\/ul>\n<p>[\/vc_column_text][\/vc_column][\/vc_row]<\/p>\n<\/div>","protected":false},"excerpt":{"rendered":"<p style=\"text-align: justify;\"><strong>LADY BYRON &#8211; Lenzuolo Sotto con Angoli Elasticizzati<\/strong> &#8211; Lenzuola confezionate con tessuto di lino prelavato di primissima qualit\u00e0. Per avere lenzuola perfette che si adattino bene al vostro letto: annotate le tre misure <strong>lunghezza, larghezza, altezza del materasso<\/strong> e selezionatele nella tabella sottostante.<\/p>\n","protected":false},"featured_media":11553,"template":"","meta":[],"product_brand":[],"product_cat":[460,614,3611,1563],"product_tag":[1963,503,721],"class_list":{"0":"post-10976","1":"product","2":"type-product","3":"status-publish","4":"has-post-thumbnail","6":"product_cat-biancheria-letto","7":"product_cat-lenzuola","8":"product_cat-lenzuola-con-angoli","9":"product_cat-lenzuolo-sotto","10":"product_tag-lady-byron","11":"product_tag-lenzuola-con-angoli","12":"product_tag-lenzuola-singole","14":"first","15":"instock","16":"taxable","17":"shipping-taxable","18":"purchasable","19":"product-type-simple"},"_links":{"self":[{"href":"https:\/\/www.marinigerardi.it\/shop\/wp-json\/wp\/v2\/product\/10976","targetHints":{"allow":["GET"]}}],"collection":[{"href":"https:\/\/www.marinigerardi.it\/shop\/wp-json\/wp\/v2\/product"}],"about":[{"href":"https:\/\/www.marinigerardi.it\/shop\/wp-json\/wp\/v2\/types\/product"}],"wp:featuredmedia":[{"embeddable":true,"href":"https:\/\/www.marinigerardi.it\/shop\/wp-json\/wp\/v2\/media\/11553"}],"wp:attachment":[{"href":"https:\/\/www.marinigerardi.it\/shop\/wp-json\/wp\/v2\/media?parent=10976"}],"wp:term":[{"taxonomy":"product_brand","embeddable":true,"href":"https:\/\/www.marinigerardi.it\/shop\/wp-json\/wp\/v2\/product_brand?post=10976"},{"taxonomy":"product_cat","embeddable":true,"href":"https:\/\/www.marinigerardi.it\/shop\/wp-json\/wp\/v2\/product_cat?post=10976"},{"taxonomy":"product_tag","embeddable":true,"href":"https:\/\/www.marinigerardi.it\/shop\/wp-json\/wp\/v2\/product_tag?post=10976"}],"curies":[{"name":"wp","href":"https:\/\/api.w.org\/{rel}","templated":true}]}}