{"id":10564,"date":"2024-05-29T11:49:34","date_gmt":"2024-05-29T11:49:34","guid":{"rendered":"https:\/\/marinigerardi.it\/shop\/?post_type=product&#038;p=10564"},"modified":"2025-12-19T22:53:01","modified_gmt":"2025-12-19T22:53:01","slug":"set-lenzuola-completo-letto","status":"publish","type":"product","link":"https:\/\/www.marinigerardi.it\/shop\/prodotto\/set-lenzuola-completo-letto\/","title":{"rendered":"BASIC LINO 100% &#8211; Set Lenzuola Completo Letto pi\u00f9 Federe"},"content":{"rendered":"<div class=\"wpb-content-wrapper\"><p>[vc_row equal_height=&#8221;yes&#8221; mobile_bg_img_hidden=&#8221;no&#8221; tablet_bg_img_hidden=&#8221;no&#8221; woodmart_parallax=&#8221;0&#8243; woodmart_gradient_switch=&#8221;no&#8221; row_reverse_mobile=&#8221;0&#8243; row_reverse_tablet=&#8221;0&#8243; woodmart_disable_overflow=&#8221;0&#8243;][vc_column offset=&#8221;vc_col-lg-6 vc_col-md-6&#8243; mobile_bg_img_hidden=&#8221;no&#8221; tablet_bg_img_hidden=&#8221;no&#8221; woodmart_parallax=&#8221;0&#8243; woodmart_sticky_column=&#8221;false&#8221; parallax_scroll=&#8221;no&#8221; mobile_reset_margin=&#8221;no&#8221; tablet_reset_margin=&#8221;no&#8221; css=&#8221;.vc_custom_1613071403480{margin-top: 0px !important;}&#8221;]\n\t\t<div id=\"wd-6945d6bdc6556\" class=\"title-wrapper wd-wpb wd-set-mb reset-last-child  wd-rs-6945d6bdc6556 wd-title-color-primary wd-title-style-bordered text-left vc_custom_1766184600966 wd-underline-colored\">\n\t\t\t\n\t\t\t<div class=\"liner-continer\">\n\t\t\t\t<h2 class=\"woodmart-title-container title  wd-font-weight- wd-fontsize-l\" >BASIC Set Lenzuola Completo Letto Matrimoniale, Singolo, Una Piazza e Mezza<\/h2>\n\t\t\t\t\t\t\t<\/div>\n\t\t\t\n\t\t\t\t\t\t\t<div class=\"title-after_title reset-last-child  wd-fontsize-xs\">Lenzuolo SOPRA pi\u00f9 Lenzuolo SOTTO con angoli pi\u00f9 una o due federa cuscino, realizzate in puro lino leggermente stropicciato di primissima qualit\u00e0 Italiana. Biancheria di lusso Italiana con il familiare comfort del tradizionale letto della nonna., nei colori: Bianco Ottico, Panna, Giunco.<\/div>\n\t\t\t\n\t\t\t\n\t\t<\/div>\n\t\t\n\t\t[vc_message message_box_style=&#8221;outline&#8221; message_box_color=&#8221;grey&#8221; css=&#8221;&#8221;]<\/p>\n<ul>\n<li>Questa\u00a0offerta\u00a0include\u00a0<strong>uno lenzuolo sotto con angoli + un lenzuolo sopra + federe cuscino<\/strong>.<\/li>\n<li><a href=\"https:\/\/www.marinigerardi.it\/shop\/prodotto\/basic-set-lenzuola-completo-sopra-sotto-piu-federe\/\">Set lenzuola<\/a> Singolo n.1 Federa cuscino da 50\u00d780 cm.<\/li>\n<li>Set lenzuola Una Piazza e Mezzo n.1 Federa cuscino da 50\u00d780 cm.<\/li>\n<li>Set lenzuola Matrimoniale n.2 Federe cuscini da 50\u00d780 cm.<\/li>\n<\/ul>\n<p>Le nostre lenzuola sono disponibili in una gamma di colori classici tra cui il Bianco Ottico, la Panna e il Giunco, per soddisfare i tuoi gusti e le tue preferenze di arredamento.<br \/>\nSegnalare nelle note dell\u2019Ordine eventuale disposizioni aggiuntive. Per altre misure contattare assistenza@marinigerardi.it[\/vc_message]<div id=\"wd-61d6ccd6bfab9\" class=\" wd-rs-61d6ccd6bfab9  wd-button-wrapper text-left\"><a href=\"https:\/\/www.marinigerardi.it\/shop\/guida-misure-per-la-biancheria-letto\/\" title=\"GUIDA MISURE PER LA BIANCHERIA LETTO\" target=\"_blank\" class=\"btn btn-style-link btn-shape-rectangle btn-size-default btn-icon-pos-left\">GUIDA MISURE PER LA BIANCHERIA LETTO<span class=\"wd-btn-icon\"><span class=\"wd-icon far fa-arrow-alt-circle-right\"><\/span><\/span><\/a><\/div>[\/vc_column][vc_column css=&#8221;.vc_custom_1612434787067{background-position: center !important;background-repeat: no-repeat !important;background-size: cover !important;}&#8221; offset=&#8221;vc_col-lg-6 vc_col-md-6&#8243; mobile_bg_img_hidden=&#8221;no&#8221; tablet_bg_img_hidden=&#8221;no&#8221; woodmart_parallax=&#8221;0&#8243; woodmart_sticky_column=&#8221;false&#8221; parallax_scroll=&#8221;no&#8221; mobile_reset_margin=&#8221;no&#8221; tablet_reset_margin=&#8221;no&#8221;][vc_single_image image=&#8221;68005&#8243; img_size=&#8221;large&#8221; alignment=&#8221;center&#8221; style=&#8221;vc_box_shadow&#8221; onclick=&#8221;link_image&#8221; css=&#8221;&#8221; parallax_scroll=&#8221;no&#8221; woodmart_inline=&#8221;no&#8221;][\/vc_column][\/vc_row][vc_row][vc_column][vc_empty_space woodmart_hide_large=&#8221;0&#8243; woodmart_hide_medium=&#8221;0&#8243; woodmart_hide_small=&#8221;0&#8243;]\n\t\t<div id=\"wd-6945d6d78dfc4\" class=\"title-wrapper wd-wpb wd-set-mb reset-last-child  wd-rs-6945d6d78dfc4 wd-title-color-primary wd-title-style-underlined text-center justify  wd-underline-colored\">\n\t\t\t\n\t\t\t<div class=\"liner-continer\">\n\t\t\t\t<h3 class=\"woodmart-title-container title  wd-font-weight- wd-fontsize-l\" >BASIC Set Lenzuola Completo Letto Matrimoniale, Singolo, Una Piazza e Mezza in Puro Lino<\/h3>\n\t\t\t\t\t\t\t<\/div>\n\t\t\t\n\t\t\t\t\t\t\t<div class=\"title-after_title reset-last-child  wd-fontsize-xs\">Lenzuola in Puro Lino Stropicciato - Dormi nel Lusso con le Lenzuola BASIC in Puro Lino!<\/div>\n\t\t\t\n\t\t\t\n\t\t<\/div>\n\t\t\n\t\t\t\t<div id=\"wd-6652351939c7c\" class=\"wd-text-block wd-wpb reset-last-child wd-rs-6652351939c7c text-left \">\n\t\t\t<h4>Qualit\u00e0 Italiana per il Tuo Comfort Notturno<\/h4>\n<p>Scopri il piacere di dormire su lenzuola di puro lino con il nostro set BASIC, che include un completo letto e federe realizzati con lino leggermente stropicciato. Progettato per offrire comfort e stile, questo set di biancheria da letto \u00e8 il risultato di una lavorazione sartoriale eseguita al momento dell&#8217;ordine, garantendo cos\u00ec un prodotto unico e di alta qualit\u00e0.<\/p>\n\t\t<\/div>\n\t\t[\/vc_column][\/vc_row][vc_row content_placement=&#8221;middle&#8221; woodmart_bg_position=&#8221;center-bottom&#8221; css=&#8221;.vc_custom_1694093354896{background-color: #f3f3f3 !important;background-position: 0 0 !important;background-repeat: no-repeat !important;}&#8221; el_class=&#8221;mobile-bg-img-hidden&#8221; mobile_bg_img_hidden=&#8221;no&#8221; tablet_bg_img_hidden=&#8221;no&#8221; woodmart_parallax=&#8221;0&#8243; woodmart_gradient_switch=&#8221;no&#8221; row_reverse_mobile=&#8221;0&#8243; row_reverse_tablet=&#8221;0&#8243; woodmart_disable_overflow=&#8221;0&#8243; woodmart_css_id=&#8221;64f9d02259dca&#8221; responsive_spacing=&#8221;eyJwYXJhbV90eXBlIjoid29vZG1hcnRfcmVzcG9uc2l2ZV9zcGFjaW5nIiwic2VsZWN0b3JfaWQiOiI2NGY5ZDAyMjU5ZGNhIiwic2hvcnRjb2RlIjoidmNfcm93IiwiZGF0YSI6eyJ0YWJsZXQiOnt9LCJtb2JpbGUiOnt9fX0=&#8221; woodmart_box_shadow=&#8221;yes&#8221; wd_box_shadow=&#8221;eyJkZXZpY2VzIjp7ImRlc2t0b3AiOnsiaG9yaXpvbnRhbCI6IjAiLCJ2ZXJ0aWNhbCI6IjAiLCJibHVyIjoiOSIsInNwcmVhZCI6IjAiLCJjb2xvciI6InJnYmEoMCwgMCwgMCwgLjE1KSJ9fX0=&#8221; wd_z_index=&#8221;no&#8221;][vc_column width=&#8221;1\/3&#8243; mobile_bg_img_hidden=&#8221;no&#8221; tablet_bg_img_hidden=&#8221;no&#8221; woodmart_parallax=&#8221;0&#8243; woodmart_sticky_column=&#8221;false&#8221; parallax_scroll=&#8221;no&#8221; mobile_reset_margin=&#8221;no&#8221; tablet_reset_margin=&#8221;no&#8221;][vc_single_image image=&#8221;68004&#8243; img_size=&#8221;large&#8221; alignment=&#8221;center&#8221; style=&#8221;vc_box_shadow&#8221; onclick=&#8221;link_image&#8221; css=&#8221;&#8221; parallax_scroll=&#8221;no&#8221; woodmart_inline=&#8221;no&#8221;][\/vc_column][vc_column width=&#8221;1\/3&#8243;][vc_single_image image=&#8221;9017&#8243; img_size=&#8221;large&#8221; alignment=&#8221;center&#8221; style=&#8221;vc_box_shadow&#8221; onclick=&#8221;link_image&#8221; css=&#8221;&#8221; parallax_scroll=&#8221;no&#8221; woodmart_inline=&#8221;no&#8221;][\/vc_column][vc_column width=&#8221;1\/3&#8243;][vc_single_image image=&#8221;68089&#8243; img_size=&#8221;large&#8221; alignment=&#8221;center&#8221; style=&#8221;vc_box_shadow&#8221; onclick=&#8221;link_image&#8221; css=&#8221;&#8221; parallax_scroll=&#8221;no&#8221; woodmart_inline=&#8221;no&#8221;][\/vc_column][\/vc_row][vc_row][vc_column]\n\t\t<div id=\"wd-6945d707076e2\" class=\"title-wrapper wd-wpb wd-set-mb reset-last-child  wd-rs-6945d707076e2 wd-title-color-primary wd-title-style-underlined text-left justify  wd-underline-colored\">\n\t\t\t\n\t\t\t<div class=\"liner-continer\">\n\t\t\t\t<h3 class=\"woodmart-title-container title  wd-font-weight- wd-fontsize-l\" >Set Lenzuola Completo Letto in Puro Lino<\/h3>\n\t\t\t\t\t\t\t<\/div>\n\t\t\t\n\t\t\t\n\t\t\t\n\t\t<\/div>\n\t\t\n\t\t\t\t<div id=\"wd-66523584bec15\" class=\"wd-text-block wd-wpb reset-last-child wd-rs-66523584bec15 text-left \">\n\t\t\t<h3>Caratteristiche Principali<\/h3>\n<ul>\n<li><strong>Materiale di Pregio<\/strong>: Realizzato in puro lino, il set BASIC offre un&#8217;esperienza di sonno superiore grazie alla naturale traspirabilit\u00e0 e morbidezza del lino. Il tessuto leggermente stropicciato aggiunge un tocco di charme e rilassatezza al tuo letto, rendendo ogni notte un\u2019esperienza di lusso.<\/li>\n<li><strong>Qualit\u00e0 Italiana<\/strong>: Prodotto in Italia, il nostro set di lenzuola rispecchia l\u2019eccellenza della manifattura italiana. Ogni pezzo \u00e8 curato nei minimi dettagli, per offrirti biancheria da letto che non solo \u00e8 bella da vedere, ma anche piacevole da usare.<\/li>\n<li><strong>Lavorazione Sartoriale<\/strong>: Ogni set BASIC \u00e8 realizzato su misura al momento dell\u2019ordine, garantendo una qualit\u00e0 artigianale impareggiabile. Questo approccio sartoriale permette di creare prodotti che si distinguono per la loro perfezione e unicit\u00e0.<\/li>\n<li><strong>Design Versatile<\/strong>: Il lino leggermente stropicciato conferisce un look moderno e rilassato, perfetto per qualsiasi stile di arredamento. Sia che tu abbia una camera da letto classica o contemporanea, il set BASIC si integra perfettamente, aggiungendo un tocco di eleganza informale.<\/li>\n<\/ul>\n\t\t<\/div>\n\t\t[\/vc_column][\/vc_row][vc_row content_placement=&#8221;middle&#8221; woodmart_bg_position=&#8221;center-bottom&#8221; css=&#8221;.vc_custom_1694093354896{background-color: #f3f3f3 !important;background-position: 0 0 !important;background-repeat: no-repeat !important;}&#8221; el_class=&#8221;mobile-bg-img-hidden&#8221; mobile_bg_img_hidden=&#8221;no&#8221; tablet_bg_img_hidden=&#8221;no&#8221; woodmart_parallax=&#8221;0&#8243; woodmart_gradient_switch=&#8221;no&#8221; row_reverse_mobile=&#8221;0&#8243; row_reverse_tablet=&#8221;0&#8243; woodmart_disable_overflow=&#8221;0&#8243; woodmart_css_id=&#8221;64f9d02259dca&#8221; responsive_spacing=&#8221;eyJwYXJhbV90eXBlIjoid29vZG1hcnRfcmVzcG9uc2l2ZV9zcGFjaW5nIiwic2VsZWN0b3JfaWQiOiI2NGY5ZDAyMjU5ZGNhIiwic2hvcnRjb2RlIjoidmNfcm93IiwiZGF0YSI6eyJ0YWJsZXQiOnt9LCJtb2JpbGUiOnt9fX0=&#8221; woodmart_box_shadow=&#8221;yes&#8221; wd_box_shadow=&#8221;eyJkZXZpY2VzIjp7ImRlc2t0b3AiOnsiaG9yaXpvbnRhbCI6IjAiLCJ2ZXJ0aWNhbCI6IjAiLCJibHVyIjoiOSIsInNwcmVhZCI6IjAiLCJjb2xvciI6InJnYmEoMCwgMCwgMCwgLjE1KSJ9fX0=&#8221; wd_z_index=&#8221;no&#8221;][vc_column width=&#8221;1\/2&#8243; mobile_bg_img_hidden=&#8221;no&#8221; tablet_bg_img_hidden=&#8221;no&#8221; woodmart_parallax=&#8221;0&#8243; woodmart_sticky_column=&#8221;false&#8221; parallax_scroll=&#8221;no&#8221; mobile_reset_margin=&#8221;no&#8221; tablet_reset_margin=&#8221;no&#8221;][vc_single_image image=&#8221;67797&#8243; img_size=&#8221;large&#8221; alignment=&#8221;center&#8221; style=&#8221;vc_box_shadow&#8221; onclick=&#8221;link_image&#8221; css=&#8221;&#8221; parallax_scroll=&#8221;no&#8221; woodmart_inline=&#8221;no&#8221;][\/vc_column][vc_column width=&#8221;1\/2&#8243;][vc_single_image image=&#8221;67796&#8243; img_size=&#8221;large&#8221; alignment=&#8221;center&#8221; style=&#8221;vc_box_shadow&#8221; onclick=&#8221;link_image&#8221; css=&#8221;&#8221; parallax_scroll=&#8221;no&#8221; woodmart_inline=&#8221;no&#8221;][\/vc_column][\/vc_row][vc_row][vc_column]\n\t\t<div id=\"wd-6945d7284dd8c\" class=\"title-wrapper wd-wpb wd-set-mb reset-last-child  wd-rs-6945d7284dd8c wd-title-color-primary wd-title-style-underlined text-left justify  wd-underline-colored\">\n\t\t\t\n\t\t\t<div class=\"liner-continer\">\n\t\t\t\t<h3 class=\"woodmart-title-container title  wd-font-weight- wd-fontsize-l\" >Set Lenzuola Completo Letto in Puro Lino<\/h3>\n\t\t\t\t\t\t\t<\/div>\n\t\t\t\n\t\t\t\n\t\t\t\n\t\t<\/div>\n\t\t\n\t\t\t\t<div id=\"wd-6652393581938\" class=\"wd-text-block wd-wpb reset-last-child wd-rs-6652393581938 text-left \">\n\t\t\t<h3>Vantaggi del Lino<\/h3>\n<ul>\n<li><strong>Traspirabilit\u00e0 e Comfort<\/strong>: Il lino \u00e8 noto per le sue propriet\u00e0 traspiranti, che aiutano a mantenere una temperatura corporea ottimale durante il sonno. Questo lo rende ideale per tutte le stagioni, offrendo freschezza d\u2019estate e calore d\u2019inverno.<\/li>\n<li><strong>Durabilit\u00e0<\/strong>: Il lino \u00e8 un tessuto resistente e duraturo, che migliora con l\u2019uso e i lavaggi. Con il set BASIC, investi in biancheria da letto che ti accompagner\u00e0 per anni.<\/li>\n<li><strong>Facile Manutenzione<\/strong>: Il lino leggermente stropicciato \u00e8 progettato per avere un aspetto naturale e vissuto, riducendo la necessit\u00e0 di stiratura. Questo ti permette di godere di un letto sempre in ordine con il minimo sforzo.<\/li>\n<\/ul>\n<p>Il set lenzuola BASIC in puro lino \u00e8 la scelta ideale per chi cerca qualit\u00e0, comfort e stile. Realizzato con lino leggermente stropicciato e curato nei minimi dettagli, questo set di biancheria da letto trasforma ogni notte in un\u2019esperienza di lusso.<br \/>\n<strong>Marini &amp; Gerardi \u2013 L&#8217;Eccellenza del Lino Italiano<\/strong><br \/>\nScegli il set BASIC per un riposo confortevole e raffinato. Ordina ora e scopri la differenza della lavorazione sartoriale italiana.<\/p>\n\t\t<\/div>\n\t\t[\/vc_column][\/vc_row]<\/p>\n<\/div>","protected":false},"excerpt":{"rendered":"<p><strong>BASIC &#8211; Set Lenzuola Completo Letto in Puro Lino Stropicciato &#8211;\u00a0<\/strong>Il set BASIC include un lenzuolo sopra, un lenzuolo sotto con angoli e federe, tutti realizzati in puro lino leggermente stropicciato. Per garantire una vestibilit\u00e0 perfetta della tua biancheria da letto, ti consigliamo di annotare le tre misure del materasso: lunghezza, larghezza e altezza, e selezionarle nella tabella sottostante.<\/p>\n","protected":false},"featured_media":68007,"template":"","meta":[],"product_brand":[],"product_cat":[460,614,1524,3671],"product_tag":[1615,506,1606],"class_list":{"0":"post-10564","1":"product","2":"type-product","3":"status-publish","4":"has-post-thumbnail","6":"product_cat-biancheria-letto","7":"product_cat-lenzuola","8":"product_cat-set-lenzuola","9":"product_cat-set-lenzuola-lino","10":"product_tag-biancheria-letto","11":"product_tag-lenzuola","12":"product_tag-set-lenzuola","14":"first","15":"instock","16":"taxable","17":"shipping-taxable","18":"purchasable","19":"product-type-simple"},"_links":{"self":[{"href":"https:\/\/www.marinigerardi.it\/shop\/wp-json\/wp\/v2\/product\/10564","targetHints":{"allow":["GET"]}}],"collection":[{"href":"https:\/\/www.marinigerardi.it\/shop\/wp-json\/wp\/v2\/product"}],"about":[{"href":"https:\/\/www.marinigerardi.it\/shop\/wp-json\/wp\/v2\/types\/product"}],"wp:featuredmedia":[{"embeddable":true,"href":"https:\/\/www.marinigerardi.it\/shop\/wp-json\/wp\/v2\/media\/68007"}],"wp:attachment":[{"href":"https:\/\/www.marinigerardi.it\/shop\/wp-json\/wp\/v2\/media?parent=10564"}],"wp:term":[{"taxonomy":"product_brand","embeddable":true,"href":"https:\/\/www.marinigerardi.it\/shop\/wp-json\/wp\/v2\/product_brand?post=10564"},{"taxonomy":"product_cat","embeddable":true,"href":"https:\/\/www.marinigerardi.it\/shop\/wp-json\/wp\/v2\/product_cat?post=10564"},{"taxonomy":"product_tag","embeddable":true,"href":"https:\/\/www.marinigerardi.it\/shop\/wp-json\/wp\/v2\/product_tag?post=10564"}],"curies":[{"name":"wp","href":"https:\/\/api.w.org\/{rel}","templated":true}]}}