{"id":94232,"date":"2026-04-20T00:00:17","date_gmt":"2026-04-20T00:00:17","guid":{"rendered":"https:\/\/www.marinigerardi.it\/shop\/?page_id=94232"},"modified":"2026-04-20T00:00:17","modified_gmt":"2026-04-20T00:00:17","slug":"lounge-renaissance-lestetica-del-suono-esclusivo","status":"publish","type":"page","link":"https:\/\/www.marinigerardi.it\/shop\/lounge-renaissance-lestetica-del-suono-esclusivo\/","title":{"rendered":"Lounge Renaissance: L&#8217;Estetica del Suono Esclusivo"},"content":{"rendered":"<div class=\"wpb-content-wrapper\"><p>[vc_row][vc_column][vc_single_image image=&#8221;94235&#8243; img_size=&#8221;full&#8221; css=&#8221;&#8221; parallax_scroll=&#8221;no&#8221; woodmart_inline=&#8221;no&#8221;]<style data-type=\"vc_shortcodes-custom-css\">.vc_custom_1772985555454{margin-bottom: 30px !important;background-color: #F3F3F3F3 !important;border-radius: 10px !important;}.wd-rs-69ad9dada0746.wd-menu > .wd-nav{--nav-bg: #ffffff;}.wd-rs-69ad9dada0746.wd-menu > .wd-nav > li > a{box-shadow: 0px 0px 9px 0px rgba(0, 0, 0, .15);}<\/style><div class=\"wpb-content-wrapper\">[vc_row woodmart_css_id=\"69ad9ccf9e05e\" responsive_spacing=\"eyJwYXJhbV90eXBlIjoid29vZG1hcnRfcmVzcG9uc2l2ZV9zcGFjaW5nIiwic2VsZWN0b3JfaWQiOiI2OWFkOWNjZjllMDVlIiwic2hvcnRjb2RlIjoidmNfcm93IiwiZGF0YSI6eyJ0YWJsZXQiOnt9LCJtb2JpbGUiOnt9fX0=\" mobile_bg_img_hidden=\"no\" tablet_bg_img_hidden=\"no\" woodmart_parallax=\"0\" woodmart_gradient_switch=\"no\" woodmart_box_shadow=\"no\" wd_z_index=\"no\" woodmart_disable_overflow=\"0\" row_reverse_mobile=\"0\" row_reverse_tablet=\"0\" css=\".vc_custom_1772985555454{margin-bottom: 30px !important;background-color: #F3F3F3F3 !important;border-radius: 10px !important;}\"][vc_column]\n\t\t\t<div id=\"wd-69ad9dada0746\" class=\"wd-menu widget_nav_mega_menu wd-nav-wrapper wd-rs-69ad9dada0746  text-center\">\n\n\t\t\t\t\n\t\t\t\t<ul id=\"menu-menu-radio\" class=\"menu wd-nav wd-nav-horizontal wd-style-underline wd-gap-l wd-add-pd\"><li id=\"menu-item-93528\" class=\"menu-item menu-item-type-taxonomy menu-item-object-category menu-item-93528 item-level-0 menu-simple-dropdown wd-event-hover\" ><a href=\"https:\/\/www.marinigerardi.it\/shop\/blog\/24h-music-radio\/\" class=\"woodmart-nav-link\"><span class=\"nav-link-text\">24h Music<\/span><\/a><\/li>\n<li id=\"menu-item-94240\" class=\"menu-item menu-item-type-post_type menu-item-object-page menu-item-94240 item-level-0 menu-simple-dropdown wd-event-hover\" ><a href=\"https:\/\/www.marinigerardi.it\/shop\/smooth-jazz-relaxing-web-radio\/\" class=\"woodmart-nav-link\"><span class=\"nav-link-text\">Smooth Jazz<\/span><\/a><\/li>\n<li id=\"menu-item-94239\" class=\"menu-item menu-item-type-post_type menu-item-object-page menu-item-94239 item-level-0 menu-simple-dropdown wd-event-hover\" ><a href=\"https:\/\/www.marinigerardi.it\/shop\/chillout-radio\/\" class=\"woodmart-nav-link\"><span class=\"nav-link-text\">ChillOut<\/span><\/a><\/li>\n<li id=\"menu-item-94238\" class=\"menu-item menu-item-type-post_type menu-item-object-page menu-item-94238 item-level-0 menu-simple-dropdown wd-event-hover\" ><a href=\"https:\/\/www.marinigerardi.it\/shop\/lounge-renaissance-lestetica-del-suono-esclusivo\/\" class=\"woodmart-nav-link\"><span class=\"nav-link-text\">Lounge<\/span><\/a><\/li>\n<\/ul>\n\t\t\t\t\t\t\t<\/div>\n\t\t[\/vc_column][\/vc_row]<\/div>\t\t<div id=\"wd-69e55dbfed973\" class=\"wd-text-block wd-wpb reset-last-child wd-rs-69e55dbfed973 text-left \">\n\t\t\t<p>Pi\u00f9 che un genere, la <b>musica lounge<\/b> \u00e8 il design acustico dell\u2019eccellenza. Nata per abitare gli spazi del lusso, si \u00e8 evoluta in un linguaggio cosmopolita che fonde l&#8217;eredit\u00e0 del jazz e della bossa nova con le pulsazioni sofisticate dell&#8217;elettronica moderna.<\/p>\n\t\t<\/div>\n\t\t[\/vc_column][\/vc_row][vc_row][vc_column]<div id=\"69e64d25a4770\" class=\"wd-blog-element wd-rs-69e55fdab1951 wd-wpb\"><h3 class=\"wd-el-title title element-title\">Lounge<\/h3><div class=\"wd-posts wd-blog-holder wd-grid-g\" data-paged=\"1\" data-atts=\"{&quot;carousel_id&quot;:&quot;5000&quot;,&quot;speed&quot;:&quot;5000&quot;,&quot;slides_per_view&quot;:&quot;3&quot;,&quot;slides_per_view_tablet&quot;:&quot;auto&quot;,&quot;slides_per_view_mobile&quot;:&quot;auto&quot;,&quot;wrap&quot;:&quot;&quot;,&quot;loop&quot;:false,&quot;autoplay&quot;:&quot;no&quot;,&quot;autoheight&quot;:&quot;no&quot;,&quot;hide_pagination_control&quot;:&quot;&quot;,&quot;hide_pagination_control_tablet&quot;:&quot;yes&quot;,&quot;hide_pagination_control_mobile&quot;:&quot;yes&quot;,&quot;dynamic_pagination_control&quot;:&quot;no&quot;,&quot;hide_prev_next_buttons&quot;:&quot;&quot;,&quot;hide_prev_next_buttons_tablet&quot;:&quot;&quot;,&quot;hide_prev_next_buttons_mobile&quot;:&quot;&quot;,&quot;carousel_arrows_position&quot;:&quot;&quot;,&quot;hide_scrollbar&quot;:&quot;yes&quot;,&quot;hide_scrollbar_tablet&quot;:&quot;yes&quot;,&quot;hide_scrollbar_mobile&quot;:&quot;yes&quot;,&quot;scroll_per_page&quot;:&quot;yes&quot;,&quot;dragEndSpeed&quot;:200,&quot;center_mode&quot;:&quot;no&quot;,&quot;custom_sizes&quot;:&quot;&quot;,&quot;sliding_speed&quot;:false,&quot;animation&quot;:false,&quot;content_animation&quot;:false,&quot;post_type&quot;:&quot;post&quot;,&quot;slider&quot;:&quot;&quot;,&quot;library&quot;:&quot;&quot;,&quot;css&quot;:&quot;&quot;,&quot;effect&quot;:&quot;&quot;,&quot;spacing&quot;:&quot;&quot;,&quot;spacing_tablet&quot;:&quot;&quot;,&quot;spacing_mobile&quot;:&quot;&quot;,&quot;carousel_sync&quot;:&quot;&quot;,&quot;sync_parent_id&quot;:&quot;&quot;,&quot;sync_child_id&quot;:&quot;&quot;,&quot;scroll_carousel_init&quot;:&quot;no&quot;,&quot;disable_overflow_carousel&quot;:&quot;no&quot;,&quot;include&quot;:&quot;&quot;,&quot;custom_query&quot;:&quot;&quot;,&quot;taxonomies&quot;:&quot;4090&quot;,&quot;pagination&quot;:&quot;more-btn&quot;,&quot;parts_media&quot;:true,&quot;parts_title&quot;:&quot;1&quot;,&quot;parts_meta&quot;:&quot;0&quot;,&quot;parts_text&quot;:&quot;1&quot;,&quot;parts_btn&quot;:&quot;1&quot;,&quot;parts_published_date&quot;:&quot;0&quot;,&quot;items_per_page&quot;:12,&quot;offset&quot;:&quot;&quot;,&quot;orderby&quot;:&quot;date&quot;,&quot;order&quot;:&quot;DESC&quot;,&quot;meta_key&quot;:&quot;&quot;,&quot;exclude&quot;:&quot;&quot;,&quot;class&quot;:&quot;&quot;,&quot;ajax_page&quot;:&quot;&quot;,&quot;img_size&quot;:&quot;medium&quot;,&quot;img_size_custom&quot;:[],&quot;blog_design&quot;:&quot;masonry&quot;,&quot;blog_masonry&quot;:&quot;0&quot;,&quot;blog_carousel_design&quot;:&quot;masonry&quot;,&quot;blog_columns&quot;:3,&quot;blog_columns_tablet&quot;:&quot;auto&quot;,&quot;blog_columns_mobile&quot;:&quot;auto&quot;,&quot;blog_spacing&quot;:&quot;&quot;,&quot;blog_spacing_tablet&quot;:&quot;&quot;,&quot;blog_spacing_mobile&quot;:&quot;&quot;,&quot;lazy_loading&quot;:&quot;no&quot;,&quot;search&quot;:&quot;&quot;,&quot;woodmart_css_id&quot;:&quot;69e55fdab1951&quot;,&quot;element_title&quot;:&quot;Lounge&quot;,&quot;element_title_tag&quot;:&quot;h3&quot;,&quot;inner_content&quot;:&quot;&quot;,&quot;el_id&quot;:&quot;&quot;,&quot;el_class&quot;:&quot;&quot;,&quot;wrapper_classes&quot;:&quot;&quot;}\" data-source=\"shortcode\" style=\"--wd-col-lg:3;--wd-col-md:3;--wd-col-sm:1;--wd-gap-lg:20px;--wd-gap-sm:10px;\">\n<article id=\"post-94201\" class=\"wd-post blog-design-masonry blog-post-loop blog-style-bg wd-add-shadow wd-col post-94201 post type-post status-publish format-standard has-post-thumbnail hentry category-lounge category-24h-music-radio tag-lounge\">\n\t<div class=\"wd-post-inner article-inner\">\n\t\t\t\t\t<div class=\"wd-post-thumb entry-header\">\n\t\t\t\t\t\t\t\t\t<div class=\"wd-post-img post-img-wrapp\">\n\t\t\t\t\t\t<img decoding=\"async\" width=\"300\" height=\"300\" src=\"https:\/\/www.marinigerardi.it\/shop\/wp-content\/uploads\/2026\/04\/jazz-radio-lounge-francia-300x300.jpg.avif\" class=\"attachment-medium size-medium\" alt=\"Jazz radio lounge francia\" srcset=\"https:\/\/www.marinigerardi.it\/shop\/wp-content\/uploads\/2026\/04\/jazz-radio-lounge-francia-300x300.jpg.avif 300w, https:\/\/www.marinigerardi.it\/shop\/wp-content\/uploads\/2026\/04\/jazz-radio-lounge-francia-150x150.jpg.avif 150w, https:\/\/www.marinigerardi.it\/shop\/wp-content\/uploads\/2026\/04\/jazz-radio-lounge-francia.jpg.avif 450w\" sizes=\"(max-width: 300px) 100vw, 300px\" \/>\t\t\t\t\t<\/div>\n\t\t\t\t\t\t\t\t\t\t<a class=\"wd-fill\" tabindex=\"-1\" href=\"https:\/\/www.marinigerardi.it\/shop\/jazz-radio-lounge\/\" aria-label=\"Link on post JAZZ RADIO LOUNGE Francia\"><\/a>\n\t\t\t\t\n\t\t\t\t\t\t\t<\/div>\n\t\t\n\t\t<div class=\"wd-post-content article-body-container\">\n\t\t\t\n\t\t\t\t\t\t\t<h3 class=\"wd-post-title wd-entities-title title post-title\">\n\t\t\t\t\t<a href=\"https:\/\/www.marinigerardi.it\/shop\/jazz-radio-lounge\/\" rel=\"bookmark\">JAZZ RADIO LOUNGE Francia<\/a>\n\t\t\t\t<\/h3>\n\t\t\t\n\t\t\t\n\t\t\t\t\t\t\t\t\t\t\t\t<div class=\"wd-post-excerpt entry-content\">\n\t\t\t\t\t\tJazz Radio Lounge nasce per offrire una colonna sonora sofisticata, pensata per il relax e il \"lifestyle\". \u00c8 la declinazione pi\u00f9 modern...\t\t\t\t\t<\/div>\n\t\t\t\t\n\t\t\t\t\t\t\t\t\t\t\t\t\t\t<div class=\"wd-post-read-more wd-style-link read-more-section\">\n\t\t\t\t\t\t<a class=\"\" href=\"https:\/\/www.marinigerardi.it\/shop\/jazz-radio-lounge\/\">Continua a leggere<\/a>\t\t\t\t\t<\/div>\n\t\t\t\t\t\t\t\t\t\t\t\t\t<\/div>\n\t<\/div>\n<\/article>\n\n\n<article id=\"post-94027\" class=\"wd-post blog-design-masonry blog-post-loop blog-style-bg wd-add-shadow wd-col post-94027 post type-post status-publish format-standard has-post-thumbnail hentry category-24h-music-radio category-lounge tag-ambient tag-folk tag-jazz tag-lounge\">\n\t<div class=\"wd-post-inner article-inner\">\n\t\t\t\t\t<div class=\"wd-post-thumb entry-header\">\n\t\t\t\t\t\t\t\t\t<div class=\"wd-post-img post-img-wrapp\">\n\t\t\t\t\t\t<img decoding=\"async\" width=\"300\" height=\"300\" src=\"https:\/\/www.marinigerardi.it\/shop\/wp-content\/uploads\/2026\/04\/abc-lounge-web-radio-300x300.jpg.avif\" class=\"attachment-medium size-medium\" alt=\"ABC Lounge Radio Good music and Relax Lounge, Jazz, Folk, Ambient\u2026\" srcset=\"https:\/\/www.marinigerardi.it\/shop\/wp-content\/uploads\/2026\/04\/abc-lounge-web-radio-300x300.jpg.avif 300w, https:\/\/www.marinigerardi.it\/shop\/wp-content\/uploads\/2026\/04\/abc-lounge-web-radio-150x150.jpg.avif 150w, https:\/\/www.marinigerardi.it\/shop\/wp-content\/uploads\/2026\/04\/abc-lounge-web-radio.jpg.avif 450w\" sizes=\"(max-width: 300px) 100vw, 300px\" \/>\t\t\t\t\t<\/div>\n\t\t\t\t\t\t\t\t\t\t<a class=\"wd-fill\" tabindex=\"-1\" href=\"https:\/\/www.marinigerardi.it\/shop\/abc-lounge-radio-jazz-folk-ambient\/\" aria-label=\"Link on post ABC Lounge Radio Good music and Relax Lounge, Jazz, Folk, Ambient\u2026\"><\/a>\n\t\t\t\t\n\t\t\t\t\t\t\t<\/div>\n\t\t\n\t\t<div class=\"wd-post-content article-body-container\">\n\t\t\t\n\t\t\t\t\t\t\t<h3 class=\"wd-post-title wd-entities-title title post-title\">\n\t\t\t\t\t<a href=\"https:\/\/www.marinigerardi.it\/shop\/abc-lounge-radio-jazz-folk-ambient\/\" rel=\"bookmark\">ABC Lounge Radio Good music and Relax Lounge, Jazz, Folk, Ambient\u2026<\/a>\n\t\t\t\t<\/h3>\n\t\t\t\n\t\t\t\n\t\t\t\t\t\t\t\t\t\t\t\t<div class=\"wd-post-excerpt entry-content\">\n\t\t\t\t\t\tABC Lounge. Questa emittente \u00e8 diventata negli anni il punto di riferimento globale per chi cerca un'esperienza d'ascolto sofisticata, ...\t\t\t\t\t<\/div>\n\t\t\t\t\n\t\t\t\t\t\t\t\t\t\t\t\t\t\t<div class=\"wd-post-read-more wd-style-link read-more-section\">\n\t\t\t\t\t\t<a class=\"\" href=\"https:\/\/www.marinigerardi.it\/shop\/abc-lounge-radio-jazz-folk-ambient\/\">Continua a leggere<\/a>\t\t\t\t\t<\/div>\n\t\t\t\t\t\t\t\t\t\t\t\t\t<\/div>\n\t<\/div>\n<\/article>\n\n\n<article id=\"post-93992\" class=\"wd-post blog-design-masonry blog-post-loop blog-style-bg wd-add-shadow wd-col post-93992 post type-post status-publish format-standard has-post-thumbnail hentry category-24h-music-radio category-lounge tag-nu-jazz tag-smooth-jazz tag-word-folk\">\n\t<div class=\"wd-post-inner article-inner\">\n\t\t\t\t\t<div class=\"wd-post-thumb entry-header\">\n\t\t\t\t\t\t\t\t\t<div class=\"wd-post-img post-img-wrapp\">\n\t\t\t\t\t\t<img decoding=\"async\" width=\"300\" height=\"300\" src=\"https:\/\/www.marinigerardi.it\/shop\/wp-content\/uploads\/2026\/04\/mc2-gipsy-lounge-channel-radio-montecarlo-2-300x300.jpg.avif\" class=\"attachment-medium size-medium\" alt=\"Mc2 gipsy lounge channel radio montecarlo 2\" srcset=\"https:\/\/www.marinigerardi.it\/shop\/wp-content\/uploads\/2026\/04\/mc2-gipsy-lounge-channel-radio-montecarlo-2-300x300.jpg.avif 300w, https:\/\/www.marinigerardi.it\/shop\/wp-content\/uploads\/2026\/04\/mc2-gipsy-lounge-channel-radio-montecarlo-2-150x150.jpg.avif 150w, https:\/\/www.marinigerardi.it\/shop\/wp-content\/uploads\/2026\/04\/mc2-gipsy-lounge-channel-radio-montecarlo-2.jpg.avif 450w\" sizes=\"(max-width: 300px) 100vw, 300px\" \/>\t\t\t\t\t<\/div>\n\t\t\t\t\t\t\t\t\t\t<a class=\"wd-fill\" tabindex=\"-1\" href=\"https:\/\/www.marinigerardi.it\/shop\/mc2-gipsy-lounge-radio-monte-carlo\/\" aria-label=\"Link on post MC2 Gipsy Lounge Radio Monte Carlo 2 World Folk &#8211; Nu Jazz &#038; Lounge\"><\/a>\n\t\t\t\t\n\t\t\t\t\t\t\t<\/div>\n\t\t\n\t\t<div class=\"wd-post-content article-body-container\">\n\t\t\t\n\t\t\t\t\t\t\t<h3 class=\"wd-post-title wd-entities-title title post-title\">\n\t\t\t\t\t<a href=\"https:\/\/www.marinigerardi.it\/shop\/mc2-gipsy-lounge-radio-monte-carlo\/\" rel=\"bookmark\">MC2 Gipsy Lounge Radio Monte Carlo 2 World Folk &#8211; Nu Jazz &#038; Lounge<\/a>\n\t\t\t\t<\/h3>\n\t\t\t\n\t\t\t\n\t\t\t\t\t\t\t\t\t\t\t\t<div class=\"wd-post-excerpt entry-content\">\n\t\t\t\t\t\tIl genere di riferimento \u00e8, come suggerisce il nome, una combinazione di sonorit\u00e0 calde e ritmate tipiche del mondo \"nomade\" reinterpre...\t\t\t\t\t<\/div>\n\t\t\t\t\n\t\t\t\t\t\t\t\t\t\t\t\t\t\t<div class=\"wd-post-read-more wd-style-link read-more-section\">\n\t\t\t\t\t\t<a class=\"\" href=\"https:\/\/www.marinigerardi.it\/shop\/mc2-gipsy-lounge-radio-monte-carlo\/\">Continua a leggere<\/a>\t\t\t\t\t<\/div>\n\t\t\t\t\t\t\t\t\t\t\t\t\t<\/div>\n\t<\/div>\n<\/article>\n\n<\/div><\/div>[\/vc_column][\/vc_row][vc_row][vc_column]\t\t<div id=\"wd-69afe95572f57\" class=\"wd-text-block wd-wpb reset-last-child wd-rs-69afe95572f57 text-left \">\n\t\t\t<div class='code-block code-block-5' style='margin: 8px 0; clear: both;'>\n<script async src=\"https:\/\/pagead2.googlesyndication.com\/pagead\/js\/adsbygoogle.js?client=ca-pub-1268018896895505\"\n     crossorigin=\"anonymous\"><\/script>\n<!-- BLOG M&G 01 -->\n<ins class=\"adsbygoogle\"\n     style=\"display:block\"\n     data-ad-client=\"ca-pub-1268018896895505\"\n     data-ad-slot=\"7680722388\"\n     data-ad-format=\"auto\"\n     data-full-width-responsive=\"true\"><\/ins>\n<script>\n     (adsbygoogle = window.adsbygoogle || []).push({});\n<\/script><\/div>\n\n\t\t<\/div>\n\t\t[\/vc_column][\/vc_row][vc_row][vc_column]\t\t<div id=\"wd-69e55e3527716\" class=\"wd-text-block wd-wpb reset-last-child wd-rs-69e55e3527716 text-left \">\n\t\t\t<h2>I Protagonisti: Dalla Tradizione all\u2019Innovazione<\/h2>\n<p><b>I Maestri del Groove:<\/b> Gruppi come i Thievery Corporation restano il punto di riferimento, capaci di mescolare influenze dub e lounge in un mix senza tempo. Accanto a loro, l&#8217;orchestra Pink Martini continua a preservare il lato pi\u00f9 glamour e orchestrale del genere.<\/p>\n<p><b>Il Tocco Parigino:<\/b> L&#8217;eredit\u00e0 di St\u00e9phane Pompougnac e delle iconiche compilation Hotel Costes definisce ancora oggi lo standard per l&#8217;accoglienza di alto livello, dove la musica diventa parte integrante dell&#8217;arredamento.<\/p>\n<p><b>Le Nuove Frontiere:<\/b> Artisti come Satin Jackets e Chambord rappresentano l&#8217;evoluzione contemporanea, portando la lounge verso una &#8220;Melodic House&#8221; vellutata che domina i rooftop e i beach club pi\u00f9 esclusivi al mondo.<\/p>\n<h3>Perch\u00e9 \u00e8 un Asset Strategico<\/h3>\n<p>Oggi la lounge \u00e8 la valuta sonora del lifestyle: non cerca l&#8217;attenzione del dancefloor, ma crea l&#8217;atmosfera per la connessione sociale. In un mercato ossessionato dalla velocit\u00e0, la lounge vince puntando sulla qualit\u00e0 organica (strumenti veri, voci sussurrate) e sulla capacit\u00e0 di trasformare un ambiente in un&#8217;esperienza multisensoriale.<\/p>\n<p><strong>Industry Insight:<\/strong> La lounge non &#8220;passa di moda&#8221; perch\u00e9 non segue le mode; le veste. \u00c8 il segmento pi\u00f9 resiliente delle classifiche downtempo, essenziale per definire l&#8217;identit\u00e0 sonora dei brand globali.<\/p>\n<p><strong>In sintesi:<\/strong> La musica lounge rimane l&#8217;architettura invisibile del relax di classe. Dai classici di Nicola Conte alle moderne produzioni di Parra for Cuva, il messaggio resta costante: eleganza, calma e un ritmo che non interrompe mai la conversazione.<\/p>\n\t\t<\/div>\n\t\t[\/vc_column][\/vc_row]<\/p>\n<\/div>","protected":false},"excerpt":{"rendered":"<p>[vc_row][vc_column][vc_single_image image=&#8221;94235&#8243; img_size=&#8221;full&#8221; css=&#8221;&#8221; parallax_scroll=&#8221;no&#8221; woodmart_inline=&#8221;no&#8221;][\/vc_column][\/vc_row][vc_row][vc_column][\/vc_column][\/vc_row][vc_row][vc_column][\/vc_column][\/vc_row][vc_row][vc_column][\/vc_column][\/vc_row]<\/p>\n","protected":false},"author":1,"featured_media":94235,"parent":0,"menu_order":0,"comment_status":"closed","ping_status":"closed","template":"","meta":{"footnotes":""},"class_list":["post-94232","page","type-page","status-publish","has-post-thumbnail","hentry"],"_links":{"self":[{"href":"https:\/\/www.marinigerardi.it\/shop\/wp-json\/wp\/v2\/pages\/94232","targetHints":{"allow":["GET"]}}],"collection":[{"href":"https:\/\/www.marinigerardi.it\/shop\/wp-json\/wp\/v2\/pages"}],"about":[{"href":"https:\/\/www.marinigerardi.it\/shop\/wp-json\/wp\/v2\/types\/page"}],"author":[{"embeddable":true,"href":"https:\/\/www.marinigerardi.it\/shop\/wp-json\/wp\/v2\/users\/1"}],"replies":[{"embeddable":true,"href":"https:\/\/www.marinigerardi.it\/shop\/wp-json\/wp\/v2\/comments?post=94232"}],"version-history":[{"count":4,"href":"https:\/\/www.marinigerardi.it\/shop\/wp-json\/wp\/v2\/pages\/94232\/revisions"}],"predecessor-version":[{"id":94237,"href":"https:\/\/www.marinigerardi.it\/shop\/wp-json\/wp\/v2\/pages\/94232\/revisions\/94237"}],"wp:featuredmedia":[{"embeddable":true,"href":"https:\/\/www.marinigerardi.it\/shop\/wp-json\/wp\/v2\/media\/94235"}],"wp:attachment":[{"href":"https:\/\/www.marinigerardi.it\/shop\/wp-json\/wp\/v2\/media?parent=94232"}],"curies":[{"name":"wp","href":"https:\/\/api.w.org\/{rel}","templated":true}]}}