{"id":29489,"date":"2021-11-28T10:13:30","date_gmt":"2021-11-28T10:13:30","guid":{"rendered":"https:\/\/www.marinigerardi.it\/shop\/?page_id=29489"},"modified":"2026-01-20T09:09:33","modified_gmt":"2026-01-20T09:09:33","slug":"guida-misure-per-la-biancheria-letto","status":"publish","type":"page","link":"https:\/\/www.marinigerardi.it\/shop\/guida-misure-per-la-biancheria-letto\/","title":{"rendered":"GUIDA MISURE PER LA BIANCHERIA LETTO"},"content":{"rendered":"<div class=\"wpb-content-wrapper\"><p>[vc_row full_width=&#8221;stretch_row_content&#8221; css=&#8221;.vc_custom_1768899930845{background-color: #F3F3F3 !important;}&#8221; woodmart_css_id=&#8221;696f45a2052ea&#8221; responsive_spacing=&#8221;eyJwYXJhbV90eXBlIjoid29vZG1hcnRfcmVzcG9uc2l2ZV9zcGFjaW5nIiwic2VsZWN0b3JfaWQiOiI2OTZmNDVhMjA1MmVhIiwic2hvcnRjb2RlIjoidmNfcm93IiwiZGF0YSI6eyJ0YWJsZXQiOnt9LCJtb2JpbGUiOnt9fX0=&#8221; mobile_bg_img_hidden=&#8221;no&#8221; tablet_bg_img_hidden=&#8221;no&#8221; woodmart_parallax=&#8221;0&#8243; woodmart_gradient_switch=&#8221;no&#8221; woodmart_box_shadow=&#8221;no&#8221; wd_z_index=&#8221;no&#8221; woodmart_disable_overflow=&#8221;0&#8243; row_reverse_mobile=&#8221;0&#8243; row_reverse_tablet=&#8221;0&#8243;][vc_column][vc_single_image image=&#8221;68840&#8243; img_size=&#8221;large&#8221; alignment=&#8221;center&#8221; style=&#8221;vc_box_shadow&#8221; css=&#8221;&#8221; parallax_scroll=&#8221;no&#8221; woodmart_inline=&#8221;no&#8221;][\/vc_column][\/vc_row][vc_row][vc_column][vc_row_inner][vc_column_inner]\n\t\t<div id=\"wd-68f4977253c32\" class=\"title-wrapper wd-wpb wd-set-mb reset-last-child  wd-rs-68f4977253c32 wd-title-color-default wd-title-style-default text-center  wd-underline-colored\">\n\t\t\t\n\t\t\t<div class=\"liner-continer\">\n\t\t\t\t<h2 class=\"woodmart-title-container title  wd-font-weight-600 wd-fontsize-l\" >GUIDA MISURE PER LA BIANCHERIA LETTO<\/h2>\n\t\t\t\t\t\t\t<\/div>\n\t\t\t\n\t\t\t\t\t\t\t<div class=\"title-after_title reset-last-child  wd-fontsize-xs\">MISURE COPRIPIUMINI<\/div>\n\t\t\t\n\t\t\t\n\t\t<\/div>\n\t\t\n\t\t[vc_column_text css=&#8221;&#8221; woodmart_inline=&#8221;no&#8221; text_larger=&#8221;no&#8221;]<\/p>\n<p style=\"text-align: justify;\">Quando si acquista un\u00a0<strong><a href=\"https:\/\/www.marinigerardi.it\/shop\/biancheria-letto\/piumini\/\">piumone matrimoniale, uno singolo o uno\u00a0ad una piazza e mezza,<\/a> <\/strong>\u00e8 necessario controllare con attenzione le\u00a0<a href=\"https:\/\/www.marinigerardi.it\/shop\/dimensioni-misure-letto-matrimoniale\/\"><strong>dimensioni del letto<\/strong><\/a>. Le diciture relative alle misure, come singolo o matrimoniale, non sono infatti sufficienti a definire in maniera precisa quali siano le<strong>\u00a0misure effettive<\/strong>\u00a0del piumino e quali dovranno quindi essere quelle del copripiumino.<\/p>\n<p>[\/vc_column_text]\t\t\t<div class=\"info-box-wrapper\">\n\t\t\t\t<div id=\"wd-657e352156373\" class=\" wd-rs-657e352156373 wd-info-box wd-wpb text-left box-icon-align-top box-style-border color-scheme- wd-bg-none \">\n\t\t\t\t\t\t\t\t\t\t<div class=\"info-box-content\">\n\t\t\t\t\t\t\t\t\t\t\t\t<div class=\"info-box-inner reset-last-child\"><\/p>\n<h4><strong>MISURE COPRIPIUMINI<\/strong><\/h4>\n<table style=\"border-collapse: collapse; width: 100%; height: 144px;\">\n<tbody>\n<tr style=\"height: 24px;\">\n<td style=\"width: 33.3333%; height: 24px;\"><strong>MATERASSO<\/strong><\/td>\n<td style=\"width: 33.3333%; height: 24px;\"><strong>LETTO<\/strong><\/td>\n<td style=\"width: 33.3333%; height: 24px;\"><strong>COPRIPIUMINO<\/strong><\/td>\n<\/tr>\n<tr style=\"height: 24px;\">\n<td style=\"width: 33.3333%; height: 24px;\">90 x 200 cm<\/td>\n<td style=\"width: 33.3333%; height: 24px;\">Singolo<\/td>\n<td style=\"width: 33.3333%; height: 24px;\">140 x 200 cm<\/td>\n<\/tr>\n<tr style=\"height: 24px;\">\n<td style=\"width: 33.3333%; height: 24px;\">120 x 200 cm<\/td>\n<td style=\"width: 33.3333%; height: 24px;\">1 Piazza e Mezza<\/td>\n<td style=\"width: 33.3333%; height: 24px;\">200 x 200 cm<\/td>\n<\/tr>\n<tr style=\"height: 24px;\">\n<td style=\"width: 33.3333%; height: 24px;\">140 x 200 cm<\/td>\n<td style=\"width: 33.3333%; height: 24px;\">Francese<\/td>\n<td style=\"width: 33.3333%; height: 24px;\">220 x 220 cm<\/td>\n<\/tr>\n<tr style=\"height: 24px;\">\n<td style=\"width: 33.3333%; height: 24px;\">160 x 200 cm<\/td>\n<td style=\"width: 33.3333%; height: 24px;\">Francese XL<\/td>\n<td style=\"width: 33.3333%; height: 24px;\">240 x 220 cm<\/td>\n<\/tr>\n<tr style=\"height: 24px;\">\n<td style=\"width: 33.3333%; height: 24px;\">180 x 200 cm<\/td>\n<td style=\"width: 33.3333%; height: 24px;\">Matrimoniale<\/td>\n<td style=\"width: 33.3333%; height: 24px;\">260 x 240 cm<\/td>\n<\/tr>\n<\/tbody>\n<\/table>\n<p>\n<\/div>\n\n\t\t\t\t\t\t\t\t\t\t\t<\/div>\n\n\t\t\t\t\t\n\t\t\t\t\t\t\t\t\t<\/div>\n\t\t\t<\/div>\n\t\t\n\t\t<div id=\"wd-67101f14259ef\" class=\"title-wrapper wd-wpb wd-set-mb reset-last-child  wd-rs-67101f14259ef wd-title-color-default wd-title-style-default text-center  wd-underline-colored\">\n\t\t\t\n\t\t\t<div class=\"liner-continer\">\n\t\t\t\t<h2 class=\"woodmart-title-container title  wd-font-weight- wd-fontsize-l\" >GUIDA MISURE PER LA BIANCHERIA LETTO<\/h2>\n\t\t\t\t\t\t\t<\/div>\n\t\t\t\n\t\t\t\t\t\t\t<div class=\"title-after_title reset-last-child  wd-fontsize-xs\">MISURE LENZUOLA<\/div>\n\t\t\t\n\t\t\t\n\t\t<\/div>\n\t\t\n\t\t[\/vc_column_inner][\/vc_row_inner][vc_column_text woodmart_inline=&#8221;no&#8221; text_larger=&#8221;no&#8221;]<\/p>\n<p style=\"text-align: justify;\">Per scegliere la misura corretta del set di lenzuola o del copripiumino \u00e9 importante verificare e considerare la misura del letto e in particolar modo l&#8217;altezza del materasso. I set di lenzuola sono realizzati tenendo in considerazione il formato standard dei materassi, tra i 20 e 30 cm di spessore.<\/p>\n<p>[\/vc_column_text][vc_row_inner][vc_column_inner]\n\t\t<div id=\"wd-657e31f99addc\" class=\"title-wrapper wd-wpb wd-set-mb reset-last-child  wd-rs-657e31f99addc wd-title-color-default wd-title-style-default text-center  wd-underline-colored\">\n\t\t\t\n\t\t\t<div class=\"liner-continer\">\n\t\t\t\t<h4 class=\"woodmart-title-container title  wd-font-weight-500 wd-fontsize-m\" >misure lenzuola matrimoniali - misure lenzuola una piazza e mezza<br \/>\nmisure lenzuolo singolo<\/h4>\n\t\t\t\t\t\t\t<\/div>\n\t\t\t\n\t\t\t\n\t\t\t\n\t\t<\/div>\n\t\t\n\t\t\t\t\t<div class=\"info-box-wrapper\">\n\t\t\t\t<div id=\"wd-657e34da3208c\" class=\" wd-rs-657e34da3208c wd-info-box wd-wpb text-left box-icon-align-top box-style-border color-scheme- wd-bg-none \">\n\t\t\t\t\t\t\t\t\t\t<div class=\"info-box-content\">\n\t\t\t\t\t\t\t\t\t\t\t\t<div class=\"info-box-inner reset-last-child\"><\/p>\n<h4><strong>MISURE LENZUOLA SOPRA<\/strong><\/h4>\n<table style=\"border-collapse: collapse; width: 100%; height: 240px;\">\n<tbody>\n<tr style=\"height: 24px;\">\n<td style=\"width: 16.4353%; height: 24px;\"><strong>MATERASSO<\/strong><\/td>\n<td style=\"width: 8.71207%; height: 24px;\"><strong>LETTO<\/strong><\/td>\n<td style=\"width: 17.3575%; height: 24px;\"><strong>LENZUOLO SOPRA \/ PIANO<br \/>\n<\/strong><\/td>\n<\/tr>\n<tr style=\"height: 24px;\">\n<td style=\"width: 16.4353%; height: 24px;\">80 \u00d7 190\/200 + altezza 20\/30 cm<\/td>\n<td style=\"width: 8.71207%; height: 24px;\"><strong>Singolo<\/strong> :<\/td>\n<td style=\"width: 17.3575%; height: 24px;\">160 \u00d7 270 cm<\/td>\n<\/tr>\n<tr style=\"height: 24px;\">\n<td style=\"width: 16.4353%; height: 24px;\">90 \u00d7 190\/200 + altezza 20\/30 cm<\/td>\n<td style=\"width: 8.71207%; height: 24px;\"><strong>Singolo<\/strong> :<\/td>\n<td style=\"width: 17.3575%; height: 24px;\">170 \u00d7 270 cm<\/td>\n<\/tr>\n<tr style=\"height: 24px;\">\n<td style=\"width: 16.4353%; height: 24px;\">120 \u00d7 190\/200 + altezza 20\/30 cm<\/td>\n<td style=\"width: 8.71207%; height: 24px;\"><strong>Piazza e Mezza<\/strong> :<\/td>\n<td style=\"width: 17.3575%; height: 24px;\">200 \u00d7 270 cm<\/td>\n<\/tr>\n<tr style=\"height: 24px;\">\n<td style=\"width: 16.4353%; height: 24px;\">140 \u00d7 190\/200 + altezza 20\/30 cm<\/td>\n<td style=\"width: 8.71207%; height: 24px;\"><strong>Francese<\/strong> :<\/td>\n<td style=\"width: 17.3575%; height: 24px;\">220 \u00d7 270 cm<\/td>\n<\/tr>\n<tr style=\"height: 24px;\">\n<td style=\"width: 16.4353%; height: 24px;\">160 x 190\/200 + altezza 20\/30 cm<\/td>\n<td style=\"width: 8.71207%; height: 24px;\"><strong>Matrimoniale<\/strong> :<\/td>\n<td style=\"width: 17.3575%; height: 24px;\">240 \u00d7 270 cm<\/td>\n<\/tr>\n<tr style=\"height: 24px;\">\n<td style=\"width: 16.4353%; height: 24px;\">180 x 190\/200 + altezza 20\/30 cm<\/td>\n<td style=\"width: 8.71207%; height: 24px;\"><strong>Queen :<\/strong><\/td>\n<td style=\"width: 17.3575%; height: 24px;\">260 \u00d7 280 cm<\/td>\n<\/tr>\n<tr style=\"height: 24px;\">\n<td style=\"width: 16.4353%; height: 24px;\">195\/200 x 200 + altezza 20\/30 cm<\/td>\n<td style=\"width: 8.71207%; height: 24px;\"><strong>King<\/strong> :<\/td>\n<td style=\"width: 17.3575%; height: 24px;\">275 \u00d7 280 cm<\/td>\n<\/tr>\n<\/tbody>\n<\/table>\n<p>\n<\/div>\n\n\t\t\t\t\t\t\t\t\t\t\t<\/div>\n\n\t\t\t\t\t\n\t\t\t\t\t\t\t\t\t<\/div>\n\t\t\t<\/div>\n\t\t[vc_empty_space height=&#8221;20px&#8221; woodmart_hide_large=&#8221;0&#8243; woodmart_hide_medium=&#8221;0&#8243; woodmart_hide_small=&#8221;0&#8243;]\t\t\t<div class=\"info-box-wrapper\">\n\t\t\t\t<div id=\"wd-657e34a8f1bc1\" class=\" wd-rs-657e34a8f1bc1 wd-info-box wd-wpb text-left box-icon-align-top box-style-border color-scheme- wd-bg-none \">\n\t\t\t\t\t\t\t\t\t\t<div class=\"info-box-content\">\n\t\t\t\t\t\t\t\t\t\t\t\t<div class=\"info-box-inner reset-last-child\"><\/p>\n<h4><strong>MISURE LENZUOLA SOTTO<\/strong><\/h4>\n<table style=\"border-collapse: collapse; width: 100%; height: 230px;\">\n<tbody>\n<tr style=\"height: 24px;\">\n<td style=\"width: 16.4353%; height: 24px;\"><strong>MATERASSO<\/strong><\/td>\n<td style=\"width: 8.71207%; height: 24px;\"><strong>LETTO<\/strong><\/td>\n<td style=\"width: 17.3575%; height: 24px;\"><strong>LENZUOLO SOTTO<br \/>\n<\/strong><\/td>\n<\/tr>\n<tr style=\"height: 24px;\">\n<td style=\"width: 16.4353%; height: 24px;\">80 \u00d7 190\/200 + altezza 20\/30 cm<\/td>\n<td style=\"width: 8.71207%; height: 24px;\"><strong>Singolo<\/strong> :<\/td>\n<td style=\"width: 17.3575%; height: 24px;\">80 x 200\u00a0 + Profondit\u00e0 38 cm x lato<\/td>\n<\/tr>\n<tr style=\"height: 24px;\">\n<td style=\"width: 16.4353%; height: 14px;\">90 \u00d7 190\/200 + altezza 20\/30 cm<\/td>\n<td style=\"width: 8.71207%; height: 14px;\"><strong>Singolo<\/strong> :<\/td>\n<td style=\"width: 17.3575%; height: 14px;\">90 x 200\u00a0 + Profondit\u00e0 38 cm x lato<\/td>\n<\/tr>\n<tr style=\"height: 24px;\">\n<td style=\"width: 16.4353%; height: 24px;\">120 \u00d7 190\/200 + altezza 20\/30 cm<\/td>\n<td style=\"width: 8.71207%; height: 24px;\"><strong>Piazza e Mezza<\/strong> :<\/td>\n<td style=\"width: 17.3575%; height: 24px;\">120 x 200 + Profondit\u00e0 38 cm x lato<\/td>\n<\/tr>\n<tr style=\"height: 24px;\">\n<td style=\"width: 16.4353%; height: 24px;\">140 \u00d7 190\/200 + altezza 20\/30 cm<\/td>\n<td style=\"width: 8.71207%; height: 24px;\"><strong>Francese<\/strong> :<\/td>\n<td style=\"width: 17.3575%; height: 24px;\">140 x 200 + Profondit\u00e0 38 cm x lato<\/td>\n<\/tr>\n<tr style=\"height: 24px;\">\n<td style=\"width: 16.4353%; height: 24px;\">160 x 190\/200 + altezza 20\/30 cm<\/td>\n<td style=\"width: 8.71207%; height: 24px;\"><strong>Matrimoniale<\/strong> :<\/td>\n<td style=\"width: 17.3575%; height: 24px;\">160 x 200 + Profondit\u00e0 38 cm x lato<\/td>\n<\/tr>\n<tr style=\"height: 24px;\">\n<td style=\"width: 16.4353%; height: 24px;\">180 x 190\/200 + altezza 20\/30 cm<\/td>\n<td style=\"width: 8.71207%; height: 24px;\"><strong>Queen :<\/strong><\/td>\n<td style=\"width: 17.3575%; height: 24px;\">180 x 200 + Profondit\u00e0 38 cm x lato<\/td>\n<\/tr>\n<tr style=\"height: 24px;\">\n<td style=\"width: 16.4353%; height: 24px;\">195\/200 x 200 + altezza 20\/30 cm<\/td>\n<td style=\"width: 8.71207%; height: 24px;\"><strong>King<\/strong> :<\/td>\n<td style=\"width: 17.3575%; height: 24px;\">195 x 200 + Profondit\u00e0 38 cm x lato<\/td>\n<\/tr>\n<\/tbody>\n<\/table>\n<p>\n<\/div>\n\n\t\t\t\t\t\t\t\t\t\t\t<\/div>\n\n\t\t\t\t\t\n\t\t\t\t\t\t\t\t\t<\/div>\n\t\t\t<\/div>\n\t\t\n\t\t<div id=\"wd-67101f29a78d5\" class=\"title-wrapper wd-wpb wd-set-mb reset-last-child  wd-rs-67101f29a78d5 wd-title-color-default wd-title-style-default text-center  wd-underline-colored\">\n\t\t\t\n\t\t\t<div class=\"liner-continer\">\n\t\t\t\t<h2 class=\"woodmart-title-container title  wd-font-weight- wd-fontsize-l\" >GUIDA MISURE PER LA BIANCHERIA LETTO<\/h2>\n\t\t\t\t\t\t\t<\/div>\n\t\t\t\n\t\t\t\t\t\t\t<div class=\"title-after_title reset-last-child  wd-fontsize-xs\">MISURE GUANCIALI \/ FEDERE<\/div>\n\t\t\t\n\t\t\t\n\t\t<\/div>\n\t\t\n\t\t[vc_column_text woodmart_inline=&#8221;no&#8221; text_larger=&#8221;no&#8221;]<\/p>\n<p style=\"text-align: justify;\"><a href=\"https:\/\/www.marinigerardi.it\/shop\/biancheria-letto\/\"><strong>Le dimensioni del cuscino standard<\/strong><\/a> per adulto pu\u00f2 cambiare anche nel formato per soddisfare le esigenze della persona. Per esempio, molti preferiscono un guanciale pi\u00f9 ampio che innegabilmente preserva meglio la comodit\u00e0 della testa nei movimenti naturali del sonno. Le <strong>dimensioni del cuscino<\/strong>, comunque, sono legate soprattutto al letto. Nel caso del letto alla francese o matrimoniale, infatti, la <strong>lunghezza del cuscino<\/strong> arriva fino a 80 cm.<\/p>\n<p>[\/vc_column_text]\t\t\t<div class=\"info-box-wrapper\">\n\t\t\t\t<div id=\"wd-657e34344cbba\" class=\" wd-rs-657e34344cbba wd-info-box wd-wpb text-left box-icon-align-top box-style-border color-scheme- wd-bg-none \">\n\t\t\t\t\t\t\t\t\t\t<div class=\"info-box-content\">\n\t\t\t\t\t\t\t\t\t\t\t\t<div class=\"info-box-inner reset-last-child\"><\/p>\n<h4><strong>MISURE GUANCIALI<\/strong><\/h4>\n<table style=\"border-collapse: collapse; width: 100%; height: 240px;\">\n<tbody>\n<tr style=\"height: 24px;\">\n<td style=\"width: 16.4353%; height: 24px;\"><\/td>\n<td style=\"width: 8.71207%; height: 24px;\">TAGLIA<\/td>\n<td style=\"width: 17.3575%; height: 24px;\"><strong>\u00a0<\/strong><\/td>\n<\/tr>\n<tr style=\"height: 24px;\">\n<td style=\"width: 16.4353%; height: 24px;\">Italia<\/td>\n<td style=\"width: 8.71207%; height: 24px;\">50 x 80<\/td>\n<td style=\"width: 17.3575%; height: 24px;\">Federa con\u00a0 3 Volani Misura Standard Italiana<\/td>\n<\/tr>\n<tr style=\"height: 24px;\">\n<td style=\"width: 16.4353%; height: 24px;\">EU<\/td>\n<td style=\"width: 8.71207%; height: 24px;\">51 x 71<\/td>\n<td style=\"width: 17.3575%; height: 24px;\">Federa con Volani Misura Standard Europea<\/td>\n<\/tr>\n<tr style=\"height: 24px;\">\n<td style=\"width: 16.4353%; height: 24px;\">Italia<\/td>\n<td style=\"width: 8.71207%; height: 24px;\">50 x 75<\/td>\n<td style=\"width: 17.3575%; height: 24px;\">Federa a sacchetto standard by Marini&amp;gerardi<\/td>\n<\/tr>\n<tr style=\"height: 24px;\">\n<td style=\"width: 16.4353%; height: 24px;\">EU<\/td>\n<td style=\"width: 8.71207%; height: 24px;\">65 x 65<\/td>\n<td style=\"width: 17.3575%; height: 24px;\">Cuscino\/Federa Quadrata Grande<\/td>\n<\/tr>\n<tr style=\"height: 24px;\">\n<td style=\"width: 16.4353%; height: 24px;\">EU<\/td>\n<td style=\"width: 8.71207%; height: 24px;\">50 x 50<\/td>\n<td style=\"width: 17.3575%; height: 24px;\">Cuscino\/Federa Quadrata Piccola<\/td>\n<\/tr>\n<\/tbody>\n<\/table>\n<p>\n<\/div>\n\n\t\t\t\t\t\t\t\t\t\t\t<\/div>\n\n\t\t\t\t\t\n\t\t\t\t\t\t\t\t\t<\/div>\n\t\t\t<\/div>\n\t\t[\/vc_column_inner][\/vc_row_inner][\/vc_column][\/vc_row][vc_row][vc_column]\n\t\t<div id=\"wd-68f4975806cf6\" class=\"title-wrapper wd-wpb wd-set-mb reset-last-child  wd-rs-68f4975806cf6 wd-title-color-default wd-title-style-bordered text-center  wd-underline-colored\">\n\t\t\t\n\t\t\t<div class=\"liner-continer\">\n\t\t\t\t<h3 class=\"woodmart-title-container title  wd-font-weight-600 wd-fontsize-m\" >GUIDA MISURE PER LA BIANCHERIA LETTO<\/h3>\n\t\t\t\t\t\t\t<\/div>\n\t\t\t\n\t\t\t\t\t\t\t<div class=\"title-after_title reset-last-child  wd-fontsize-xs\">GUIDA ALLE TAGLIE di LENZUOLA e COPRIPIUMINI LETTO - Controllare sempre le Dimensioni del Materasso<\/div>\n\t\t\t\n\t\t\t\n\t\t<\/div>\n\t\t\n\t\t[\/vc_column][\/vc_row][vc_row css=&#8221;.vc_custom_1729109637006{background-color: #F3F3F3 !important;}&#8221; woodmart_css_id=&#8221;67101e66a6dd1&#8243; responsive_spacing=&#8221;eyJwYXJhbV90eXBlIjoid29vZG1hcnRfcmVzcG9uc2l2ZV9zcGFjaW5nIiwic2VsZWN0b3JfaWQiOiI2NzEwMWU2NmE2ZGQxIiwic2hvcnRjb2RlIjoidmNfcm93IiwiZGF0YSI6eyJ0YWJsZXQiOnt9LCJtb2JpbGUiOnt9fX0=&#8221; mobile_bg_img_hidden=&#8221;no&#8221; tablet_bg_img_hidden=&#8221;no&#8221; woodmart_parallax=&#8221;0&#8243; woodmart_gradient_switch=&#8221;no&#8221; woodmart_box_shadow=&#8221;no&#8221; wd_z_index=&#8221;no&#8221; woodmart_disable_overflow=&#8221;0&#8243; row_reverse_mobile=&#8221;0&#8243; row_reverse_tablet=&#8221;0&#8243;][vc_column][vc_single_image image=&#8221;68837&#8243; img_size=&#8221;large&#8221; alignment=&#8221;center&#8221; css=&#8221;&#8221; parallax_scroll=&#8221;no&#8221; woodmart_inline=&#8221;no&#8221;][\/vc_column][\/vc_row][vc_row][vc_column]\n\t\t<div id=\"wd-68f4974bb356c\" class=\"title-wrapper wd-wpb wd-set-mb reset-last-child  wd-rs-68f4974bb356c wd-title-color-default wd-title-style-bordered text-center  wd-underline-colored\">\n\t\t\t\n\t\t\t<div class=\"liner-continer\">\n\t\t\t\t<h3 class=\"woodmart-title-container title  wd-font-weight-600 wd-fontsize-m\" >GUIDA MISURE PER LA BIANCHERIA LETTO<\/h3>\n\t\t\t\t\t\t\t<\/div>\n\t\t\t\n\t\t\t\n\t\t\t\n\t\t<\/div>\n\t\t\n\t\t[\/vc_column][\/vc_row]<\/p>\n<\/div>","protected":false},"excerpt":{"rendered":"<p>[vc_row full_width=&#8221;stretch_row_content&#8221; css=&#8221;.vc_custom_1768899930845{background-color: #F3F3F3 !important;}&#8221; woodmart_css_id=&#8221;696f45a2052ea&#8221; responsive_spacing=&#8221;eyJwYXJhbV90eXBlIjoid29vZG1hcnRfcmVzcG9uc2l2ZV9zcGFjaW5nIiwic2VsZWN0b3JfaWQiOiI2OTZmNDVhMjA1MmVhIiwic2hvcnRjb2RlIjoidmNfcm93IiwiZGF0YSI6eyJ0YWJsZXQiOnt9LCJtb2JpbGUiOnt9fX0=&#8221; mobile_bg_img_hidden=&#8221;no&#8221; tablet_bg_img_hidden=&#8221;no&#8221; woodmart_parallax=&#8221;0&#8243; woodmart_gradient_switch=&#8221;no&#8221; woodmart_box_shadow=&#8221;no&#8221; wd_z_index=&#8221;no&#8221; woodmart_disable_overflow=&#8221;0&#8243; row_reverse_mobile=&#8221;0&#8243; row_reverse_tablet=&#8221;0&#8243;][vc_column][vc_single_image image=&#8221;68840&#8243; img_size=&#8221;large&#8221; alignment=&#8221;center&#8221; style=&#8221;vc_box_shadow&#8221;<\/p>\n","protected":false},"author":1,"featured_media":42060,"parent":0,"menu_order":0,"comment_status":"closed","ping_status":"closed","template":"","meta":{"footnotes":""},"class_list":["post-29489","page","type-page","status-publish","has-post-thumbnail","hentry"],"_links":{"self":[{"href":"https:\/\/www.marinigerardi.it\/shop\/wp-json\/wp\/v2\/pages\/29489","targetHints":{"allow":["GET"]}}],"collection":[{"href":"https:\/\/www.marinigerardi.it\/shop\/wp-json\/wp\/v2\/pages"}],"about":[{"href":"https:\/\/www.marinigerardi.it\/shop\/wp-json\/wp\/v2\/types\/page"}],"author":[{"embeddable":true,"href":"https:\/\/www.marinigerardi.it\/shop\/wp-json\/wp\/v2\/users\/1"}],"replies":[{"embeddable":true,"href":"https:\/\/www.marinigerardi.it\/shop\/wp-json\/wp\/v2\/comments?post=29489"}],"version-history":[{"count":0,"href":"https:\/\/www.marinigerardi.it\/shop\/wp-json\/wp\/v2\/pages\/29489\/revisions"}],"wp:featuredmedia":[{"embeddable":true,"href":"https:\/\/www.marinigerardi.it\/shop\/wp-json\/wp\/v2\/media\/42060"}],"wp:attachment":[{"href":"https:\/\/www.marinigerardi.it\/shop\/wp-json\/wp\/v2\/media?parent=29489"}],"curies":[{"name":"wp","href":"https:\/\/api.w.org\/{rel}","templated":true}]}}