{"id":1629,"date":"2018-07-06T13:15:50","date_gmt":"2018-07-06T13:15:50","guid":{"rendered":"http:\/\/dummy.xtemos.com\/woodmart\/demos\/?page_id=1629"},"modified":"2024-03-23T17:24:30","modified_gmt":"2024-03-23T17:24:30","slug":"privacy-policy-2","status":"publish","type":"page","link":"https:\/\/www.marinigerardi.it\/shop\/privacy-policy-2\/","title":{"rendered":"Privacy Policy"},"content":{"rendered":"<div class=\"wpb-content-wrapper\"><p>[vc_row full_width=&#8221;stretch_row_content&#8221; css=&#8221;.vc_custom_1629801143800{margin-top: -40px !important;margin-bottom: 8vh !important;padding-top: 8vh !important;padding-bottom: 8vh !important;background-color: #f8f8f8 !important;}&#8221; mobile_bg_img_hidden=&#8221;no&#8221; tablet_bg_img_hidden=&#8221;no&#8221; woodmart_parallax=&#8221;0&#8243; woodmart_gradient_switch=&#8221;no&#8221; row_reverse_mobile=&#8221;0&#8243; row_reverse_tablet=&#8221;0&#8243; woodmart_disable_overflow=&#8221;0&#8243;][vc_column width=&#8221;1\/2&#8243; offset=&#8221;vc_col-sm-offset-3&#8243; css=&#8221;.vc_custom_1527239539599{padding-top: 0px !important;}&#8221;]\t\t\t<div class=\"info-box-wrapper\">\n\t\t\t\t<div id=\"wd-6124d1087a2e9\" class=\" wd-rs-6124d1087a2e9 wd-info-box wd-wpb text-center box-icon-align-top box-style- color-scheme- wd-bg-none vc_custom_1629802771165\">\n\t\t\t\t\t\t\t\t\t\t\t<div class=\"box-icon-wrapper  box-with-icon box-icon-simple\">\n\t\t\t\t\t\t\t<div class=\"info-box-icon\">\n\t\t\t\t\t\t\t\t<img decoding=\"async\" width=\"100\" height=\"100\" src=\"https:\/\/www.marinigerardi.it\/shop\/wp-content\/uploads\/2021\/02\/logo-MG-wordpress-100x100.png\" class=\"attachment-100x100 size-100x100\" alt=\"Marini &amp; Gerardi Tessuti Arredamento\" \/>\t\t\t\t\t\t\t<\/div>\n\t\t\t\t\t\t<\/div>\n\t\t\t\t\t\t\t\t\t\t<div class=\"info-box-content\">\n\t\t\t\t\t\t\t\t\t\t\t\t<div class=\"info-box-inner reset-last-child\"><\/div>\n\n\t\t\t\t\t\t\t\t\t\t\t<\/div>\n\n\t\t\t\t\t\t\t\t\t\t\t<a class=\"wd-info-box-link wd-fill\" aria-label=\"Infobox link\" href=\"http:\/\/|||\" title=\"\" rel=\"nofollow\"><\/a>\n\t\t\t\t\t\n\t\t\t\t\t\t\t\t\t<\/div>\n\t\t\t<\/div>\n\t\t\n\t\t<div id=\"wd-6124ca1f9dad4\" class=\"title-wrapper wd-wpb wd-set-mb reset-last-child  wd-rs-6124ca1f9dad4 wd-title-color-default wd-title-style-default text-center vc_custom_1629801004097 wd-underline-colored\">\n\t\t\t\n\t\t\t<div class=\"liner-continer\">\n\t\t\t\t<h3 class=\"woodmart-title-container title  wd-font-weight- wd-fontsize-l\" >CHI SIAMO<\/h3>\n\t\t\t\t\t\t\t<\/div>\n\t\t\t\n\t\t\t\n\t\t\t\n\t\t<\/div>\n\t\t\n\t\t[vc_column_text css=&#8221;.vc_custom_1629802097855{margin-bottom: 0px !important;}&#8221; el_class=&#8221;text-larger&#8221; woodmart_inline=&#8221;no&#8221; text_larger=&#8221;no&#8221;]<\/p>\n<p style=\"text-align: justify;\"><span style=\"color: #141313;\">Noi\u00a0 Marini &amp; Gerardi lavoriamo da trent&#8217;anni per rendere la vostra casa un ambiente unico e affascinante. Una casa dove potersi rilassare, nella freschezza e nell&#8217;originalit\u00e0 di un design unico e di tendenza. Utilizziamo solo materiali italiani di alta qualit\u00e0 per creare i nostri prodotti. Oltre alle creazioni, produciamo anche articoli personalizzati in base alle esigenze di ogni cliente. Finora tutti i nostri clienti sono soddisfatti della qualit\u00e0 del prodotto e della nostra lavorazione. Abbiamo creato modelli che riflettono la passione, la cura e l&#8217;amore che i nostri artigiani e designer hanno per il prodotto.<\/span><\/p>\n<p>[\/vc_column_text][\/vc_column][\/vc_row][vc_row][vc_column css=&#8221;.vc_custom_1527240190798{padding-top: 0px !important;}&#8221;]\n\t\t<div id=\"wd-6124cdf80be85\" class=\"title-wrapper wd-wpb wd-set-mb reset-last-child  wd-rs-6124cdf80be85 wd-title-color-default wd-title-style-default text-center  wd-underline-colored\">\n\t\t\t\n\t\t\t<div class=\"liner-continer\">\n\t\t\t\t<h3 class=\"woodmart-title-container title  wd-font-weight- wd-fontsize-l\" >INFORMATIVA SUL TRATTAMENTO DEI DATI PERSONALI<\/h3>\n\t\t\t\t\t\t\t<\/div>\n\t\t\t\n\t\t\t\n\t\t\t\n\t\t<\/div>\n\t\t\n\t\t[\/vc_column][\/vc_row][vc_row css=&#8221;.vc_custom_1528700414903{margin-right: 0px !important;margin-bottom: 25px !important;margin-left: 0px !important;border-top-width: 1px !important;border-right-width: 1px !important;border-bottom-width: 1px !important;border-left-width: 1px !important;padding-top: 30px !important;padding-right: 15px !important;padding-bottom: 30px !important;padding-left: 15px !important;background-color: #ffffff !important;border-left-color: #e7e7e7 !important;border-left-style: solid !important;border-right-color: #e7e7e7 !important;border-right-style: solid !important;border-top-color: #e7e7e7 !important;border-top-style: solid !important;border-bottom-color: #e7e7e7 !important;border-bottom-style: solid !important;}&#8221;][vc_column css=&#8221;.vc_custom_1527238251732{padding-top: 0px !important;}&#8221;][vc_column_text woodmart_inline=&#8221;no&#8221; text_larger=&#8221;no&#8221;]<\/p>\n<h2 class=\"av-special-heading-tag\" style=\"text-align: center;\"><span style=\"font-size: 24pt;\">Privacy Policy<\/span><\/h2>\n<hr \/>\n<h3 class=\"av-special-heading-tag\"><\/h3>\n<ul>\n<li><strong>Informativa ai sensi e per gli effetti di cui all&#8217;art. 13-14, Nuovo regolamento Europeo sulla Protezione dei Dati (Reg. UE 679\/2016 (GDPR)<\/strong><\/li>\n<li><strong>Informativa art. 13 D.lgs. 196\/2003 sul trattamento dei dati personali per l&#8217;utenza del sito www.marinigerardi.it :<\/strong><\/li>\n<\/ul>\n<p>Lo scopo del presente documento \u00e8 di informare gli Utenti relativamente ai Dati Personali raccolti dal sito web www.marinigerardi.it (di seguito &#8220;Applicazione&#8221;).<br \/>\nIl Titolare del Trattamento, come successivamente identificato, potr\u00e0 modificare o semplicemente aggiornare, in tutto o in parte, la presente Informativa dandone informazione agli Utenti. Le modifiche e gli aggiornamenti saranno vincolanti non appena pubblicati sull&#8217;Applicazione.<br \/>\nL&#8217;Utente \u00e8 pertanto invitato a leggere l&#8217;Informativa Privacy ad ogni accesso all&#8217;Applicazione. Nel caso di mancata accettazione delle modifiche apportate alla presente Informativa Privacy, l&#8217;Utente \u00e8 tenuto a cessare l&#8217;utilizzo di questa Applicazione e pu\u00f2 richiedere al Titolare del Trattamento di rimuovere i propri Dati Personali.<\/p>\n<p>Ai sensi del Disposto di quanto sopra, Paolo Gerardi\u00a0in qualit\u00e0 di Amministratore\u00a0del dominio MariniGerardi.it\u00a0si impegna a proteggere la privacy degli utenti. Nel presente documento informativo sulla privacy vengono descritti i meccanismi di raccolta e trattamento dei dati personali adottati dal sito marinigerardi.it (di seguito il &#8220;Sito&#8221;) ed in tutti gli eventuali suoi domini di secondo livello. L&#8217;accesso al Sito presuppone il consenso alla raccolta e al trattamento dei dati personali, secondo le modalita descritte nella presente informativa sulla privacy. L&#8217;informativa \u00e8 resa solo per il Sito all&#8217;indirizzo www.marinigerardi.com e www.marinigerardi.it e non anche per altri siti web eventualmente consultati dall&#8217;utente tramite nostri link.<\/p>\n<p>I trattamenti connessi ai servizi web di questo sito hanno luogo presso la MariniGerardi e i contenuti sono curati da dipendenti di MariniGerardi. Nessun dato derivante dal servizio web viene comunicato o diffuso a terzi. I dati personali forniti dagli utenti che inoltrano richieste di servizi sono utilizzati al solo fine di eseguire il servizio o la prestazione richiesta e non sono comunicati a soggetti terzi salvo che la comunicazione sia imposta da obblighi di legge o sia strettamente necessario per l&#8217;adempimento delle richieste.<\/p>\n<p><strong>1. Dati Personali raccolti dall&#8217;Applicazione<\/strong><br \/>\nIl Titolare raccoglie, attraverso l&#8217;interazione con il sito web, l&#8217;indirizzo e-mail dell&#8217;utente.<\/p>\n<p>A. Contenuti e informazioni forniti volontariamente dall&#8217;Utente<br \/>\nDati di contatto, credenziali, contenuti: per esempio dati anagrafici, indirizzo di posta elettronica o postale e altri dati di contatto, password e informazioni di sicurezza utilizzati per l&#8217;autenticazione e l&#8217;accesso all&#8217;account, interessi e preferenze personali e altri contenuti personali, etc.<br \/>\nIl mancato conferimento da parte dell&#8217;Utente del proprio indirizzo e-mail potrebbe impedire a questa Applicazione di erogare i propri servizi.<br \/>\nL&#8217;Utente si assume la responsabilit\u00e0 dei Dati Personali di terzi pubblicati o condivisi mediante questa Applicazione e garantisce di avere il diritto di comunicarli, liberando il Titolare da qualsiasi responsabilit\u00e0 verso terzi. Se l&#8217;elaborazione dei Dati Personali si basa sul consenso dell&#8217;Utente, lo stesso pu\u00f2 revocarlo in qualsiasi momento.<\/p>\n<p>B. Dati e contenuti acquisiti automaticamente durante l&#8217;utilizzo dell&#8217;Applicazione<br \/>\nDati tecnici: i sistemi informatici e le procedure software preposte al funzionamento di questa Applicazione possono acquisire, nel corso del loro normale esercizio, alcuni Dati Personali la cui trasmissione \u00e8 implicita nell&#8217;uso dei protocolli di comunicazione internet. Si tratta di informazioni che non sono raccolte per essere associate a soggetti interessati identificati, ma che per la loro stessa natura, potrebbero, attraverso elaborazioni ed associazioni con Dati detenuti da terzi, permettere di identificare gli utenti. In questa categoria rientrano gli indirizzi IP, o i nomi di dominio utilizzati dagli Utenti che si connettono all&#8217;Applicazione, gli indirizzi in notazione URI (Uniform Resource Identifier) delle risorse richieste, l&#8217;orario della richiesta, il metodo utilizzato nel sottoporre la richiesta al server, la dimensione del file ottenuto, etc. Dati di utilizzo: possono essere raccolti anche Dati relativi all&#8217;utilizzo dell&#8217;Applicazione da parte dell&#8217;Utente, quali ad esempio le pagine visitate, le azioni compiute, le funzionalit\u00e0 e i servizi utilizzati.<\/p>\n<p>C. Dati personali raccolti tramite cookie o tecnologie simili<br \/>\nQuesta Applicazione usa cookie, web beacon, identificatori univoci e altre analoghe tecnologie per raccogliere Dati sulle pagine, sui collegamenti visitati e sulle altre azioni che esegui quando utilizzi i nostri Servizi, all&#8217;interno dei contenuti pubblicitari o di email. Essi vengono memorizzati per essere poi ritrasmessi agli stessi siti alla successiva visita del medesimo Utente.<\/p>\n<p>Fermo restando che lo stato di perfezionamento dei meccanismi automatici di controllo non li rende attualmente esenti da errori e disfunzioni, si precisa che il presente documento pubblicato all&#8217;indirizzo:<a href=\"https:\/\/www.marinigerardi.it\/shop\/privacy-policy-2\/\">https:\/\/www.marinigerardi.it\/shop\/privacy-policy-2\/<\/a> costituisce la &#8220;Privacy Policy&#8221; che MariniGerardi attuer\u00e0 in questo Sito.<\/p>\n<p>Acquistando il cliente accetta tali condizioni e tiene MariniGerardi indenne da qualsiasi rivalsa o pretesa di istruzione di dettaglio.<\/p>\n<p><strong>2. Finalit\u00e0<\/strong><br \/>\nI Dati raccolti possono essere utilizzati per le seguenti finalit\u00e0:<br \/>\n&#8211; invio di email o newsletter e gestione di mailing list.<\/p>\n<p><strong>3. Modalit\u00e0 di trattamento<\/strong><br \/>\nIl trattamento dei Dati Personali viene effettuato mediante strumenti informatici e\/o telematici, con modalit\u00e0 organizzative e con logiche strettamente correlate alle finalit\u00e0 indicate. Oltre al Titolare, in alcuni casi, potrebbero avere accesso ai Dati altri soggetti coinvolti nell&#8217;organizzazione di questa Applicazione che forniscono assistenza nella gestione dell&#8217;Applicazione e dell&#8217;attivit\u00e0 o che assicurino prestazioni di servizi all&#8217;Utente. Detti soggetti nominati, se necessario, Responsabili del Trattamento da parte del Titolare, potranno accedere ai Dati Personali degli Utenti ogni qualvolta ci\u00f2 si renda necessario e saranno contrattualmente obbligati a mantenerli riservati. L&#8217;elenco aggiornato dei Responsabili pu\u00f2 essere richiesto via email all&#8217;indirizzo <a href=\"mailto:assistenza@marinigerardi.it\">assistenza@marinigerardi.it HELP DESK<\/a>.<\/p>\n<p><strong>4. Base giuridica del trattamento<\/strong><br \/>\nIl Titolare tratta Dati Personali relativi all&#8217;Utente in caso sussista una delle seguenti condizioni: l&#8217;Utente ha prestato il consenso per una o pi\u00f9 finalit\u00e0 specifiche: il trattamento \u00e8 necessario all&#8217;esecuzione di un contratto con l&#8217;Utente e\/o all&#8217;esecuzione di misure precontrattuali; il trattamento \u00e8 necessario per adempiere un obbligo legale al quale \u00e8 soggetto il Titolare; il trattamento \u00e8 necessario per l&#8217;esecuzione di un compito di interesse pubblico o per l&#8217;esercizio di pubblici poteri di cui \u00e8 investito il Titolare; il trattamento \u00e8 necessario per il perseguimento del legittimo interesse del Titolare o di terzi. E? comunque sempre possibile richiedere al Titolare di chiarire la concreta base giuridica di ciascun trattamento.<\/p>\n<p><strong>5. Luogo<\/strong><br \/>\nI Dati sono trattati presso le sedi operative del Titolare ed in ogni altro luogo in cui le parti coinvolte nel trattamento siano localizzate. Per ulteriori informazioni, contatta il Titolare al seguente indirizzo email <a href=\"mailto:assistenza@marinigerardi.it;\">assistenza@marinigerardi.it<\/a>.<\/p>\n<p><strong>6. Misure di sicurezza<\/strong><br \/>\nIl Trattamento viene effettuato secondo modalit\u00e0 e con strumenti idonei a garantire la sicurezza e la riservatezza dei Dati stessi, avendo il Titolare adottato misure tecniche e organizzative adeguate che garantiscono, e consentono di dimostrare, che il Trattamento \u00e8 effettuato in conformit\u00e0 alla normativa di riferimento.<\/p>\n<p><strong>7. Periodo di conservazione dei dati<\/strong><br \/>\nIl Titolare tratter\u00e0 i Dati Personali per il tempo necessario ad adempiere alle finalit\u00e0 collegate con l&#8217;esecuzione di un contratto tra il Titolare e l&#8217;Utente e, comunque, non oltre la durata di anni 10 anni dalla cessazione del rapporto con l&#8217;Utente. Quando il trattamento dei Dati Personali \u00e8 necessario per il perseguimento di un interesse legittimo del Titolare, i Dati Personali saranno conservati sino alla soddisfazione di tale interesse. Qualora il trattamento dei Dati Personali sia basato sul consenso dell&#8217;Utente, il Titolare pu\u00f2 conservare i Dati Personali sino alla revoca. I Dati Personali possono essere conservati per un periodo pi\u00f9 lungo se necessario per adempiere un obbligo di legge o per ordine di un&#8217;autorit\u00e0. Tutti i Dati Personali saranno cancellati alla scadenza del periodo di conservazione. Allo spirare di tale termine il diritto di accesso, cancellazione, rettificazione ed il diritto alla portabilit\u00e0? dei Dati non potranno pi\u00f9? essere esercitati.<\/p>\n<p><strong>8. Processi decisionali automatizzati<\/strong><br \/>\nTutti i Dati raccolti non saranno oggetto di alcun processo decisionale automatizzato, compresa la profilazione, che possa produrre effetti giuridici per la persona o che possa incidere su di essa in modo significativo.<\/p>\n<p><strong>9. Diritti dell&#8217;Utente<\/strong><br \/>\nGli Utenti possono esercitare determinati diritti con riferimento ai Dati trattati dal Titolare. In particolare, l&#8217;Utente ha il diritto di:<br \/>\nrevocare il consenso in ogni momento;<br \/>\nopporsi al trattamento dei propri Dati;<br \/>\naccedere ai propri Dati;<br \/>\nverificare e chiedere la rettificazione;<br \/>\nottenere la limitazione del trattamento;<br \/>\nottenere la cancellazione o rimozione dei propri Dati Personali;<br \/>\nricevere i propri Dati o farli trasferire ad altro titolare;<br \/>\nproporre reclamo all&#8217;autorit\u00e0 di controllo della protezione dei dati personali e\/o agire in sede giudiziale.<\/p>\n<p>Per esercitare i propri diritti, gli Utenti possono indirizzare una richiesta agli estremi di contatto del Titolare indicati in questo documento. Le richieste sono effettuate a titolo gratuito ed evase dal Titolare nel pi\u00f9 breve tempo possibile, in ogni caso entro 30 giorni.<\/p>\n<p><strong>10. Titolare del Trattamento<\/strong><br \/>\nIl Titolare del Trattamento \u00e8 Marini&amp;Gerardi srl, con sede legale in Via Caravaggio,2 Monteroni di Lecce Codice Fiscale \/ Partita IVA <span class=\"copyright\">03395960754<\/span>;<\/p>\n<h3>COME CONTATTARE MariniGerardi<\/h3>\n<p>Per ricevere assistenza tecnica procedere come segue:<\/p>\n<p><strong>&#8211; scrivere una email a: assistenza@marinigerardi.it<br \/>\n&#8211; contattare un operatore al +39 0832 321882 (a.m. orari uff. 09\/13)<\/strong><\/p>\n<p>tenere a disposizione i seguenti dati prima di mettersi in contatto con MariniGerardi:<\/p>\n<p>&#8211; Nome e descrizione del prodotto;<br \/>\n&#8211; Nome e cognome dell&#8217;acquirente o documento di acquisto.<\/p>\n<p><strong>Protezione dati personali:<\/strong><\/p>\n<p>La MariniGerardi garantisce ai propri clienti il rispetto della normativa in materia di trattamento dei dati personali disciplinata dal <strong>D.lgs 196\/03 &amp; <a href=\"http:\/\/ec.europa.eu\/ipg\/basics\/legal\/cookies\/index_en.htm\" target=\"_blank\" rel=\"noopener nofollow\">(Reg. UE 679\/2016 (GDPR)<\/a>.<\/strong><\/p>\n<p>Acquistando il cliente accetta tali condizioni e tiene MariniGerardi indenne da qualsiasi rivalsa o pretesa.[\/vc_column_text][\/vc_column][\/vc_row]<\/p>\n<\/div>","protected":false},"excerpt":{"rendered":"<p>[vc_row full_width=&#8221;stretch_row_content&#8221; css=&#8221;.vc_custom_1629801143800{margin-top: -40px !important;margin-bottom: 8vh !important;padding-top: 8vh !important;padding-bottom: 8vh !important;background-color: #f8f8f8 !important;}&#8221; mobile_bg_img_hidden=&#8221;no&#8221; tablet_bg_img_hidden=&#8221;no&#8221; woodmart_parallax=&#8221;0&#8243; woodmart_gradient_switch=&#8221;no&#8221; row_reverse_mobile=&#8221;0&#8243; row_reverse_tablet=&#8221;0&#8243; woodmart_disable_overflow=&#8221;0&#8243;][vc_column<\/p>\n","protected":false},"author":1,"featured_media":0,"parent":0,"menu_order":0,"comment_status":"closed","ping_status":"closed","template":"","meta":{"footnotes":""},"class_list":["post-1629","page","type-page","status-publish","hentry"],"_links":{"self":[{"href":"https:\/\/www.marinigerardi.it\/shop\/wp-json\/wp\/v2\/pages\/1629","targetHints":{"allow":["GET"]}}],"collection":[{"href":"https:\/\/www.marinigerardi.it\/shop\/wp-json\/wp\/v2\/pages"}],"about":[{"href":"https:\/\/www.marinigerardi.it\/shop\/wp-json\/wp\/v2\/types\/page"}],"author":[{"embeddable":true,"href":"https:\/\/www.marinigerardi.it\/shop\/wp-json\/wp\/v2\/users\/1"}],"replies":[{"embeddable":true,"href":"https:\/\/www.marinigerardi.it\/shop\/wp-json\/wp\/v2\/comments?post=1629"}],"version-history":[{"count":0,"href":"https:\/\/www.marinigerardi.it\/shop\/wp-json\/wp\/v2\/pages\/1629\/revisions"}],"wp:attachment":[{"href":"https:\/\/www.marinigerardi.it\/shop\/wp-json\/wp\/v2\/media?parent=1629"}],"curies":[{"name":"wp","href":"https:\/\/api.w.org\/{rel}","templated":true}]}}