{"id":12656,"date":"2021-08-24T11:17:17","date_gmt":"2021-08-24T11:17:17","guid":{"rendered":"https:\/\/marinigerardi.it\/shop\/?page_id=12656"},"modified":"2025-02-21T10:55:22","modified_gmt":"2025-02-21T10:55:22","slug":"condizioni-generali-di-contratto","status":"publish","type":"page","link":"https:\/\/www.marinigerardi.it\/shop\/condizioni-generali-di-contratto\/","title":{"rendered":"CONDIZIONI GENERALI DI CONTRATTO"},"content":{"rendered":"<div class=\"wpb-content-wrapper\"><p>[vc_row full_width=&#8221;stretch_row_content&#8221; css=&#8221;.vc_custom_1629801143800{margin-top: -40px !important;margin-bottom: 8vh !important;padding-top: 8vh !important;padding-bottom: 8vh !important;background-color: #f8f8f8 !important;}&#8221; mobile_bg_img_hidden=&#8221;no&#8221; tablet_bg_img_hidden=&#8221;no&#8221; woodmart_parallax=&#8221;0&#8243; woodmart_gradient_switch=&#8221;no&#8221; row_reverse_mobile=&#8221;0&#8243; row_reverse_tablet=&#8221;0&#8243; woodmart_disable_overflow=&#8221;0&#8243;][vc_column width=&#8221;1\/2&#8243; offset=&#8221;vc_col-sm-offset-3&#8243; css=&#8221;.vc_custom_1527239539599{padding-top: 0px !important;}&#8221;]\t\t\t<div class=\"info-box-wrapper\">\n\t\t\t\t<div id=\"wd-6124d1087a2e9\" class=\" wd-rs-6124d1087a2e9 wd-info-box wd-wpb text-center box-icon-align-top box-style- color-scheme- wd-bg-none vc_custom_1629802771165\">\n\t\t\t\t\t\t\t\t\t\t\t<div class=\"box-icon-wrapper  box-with-icon box-icon-simple\">\n\t\t\t\t\t\t\t<div class=\"info-box-icon\">\n\t\t\t\t\t\t\t\t<img decoding=\"async\" width=\"100\" height=\"100\" src=\"https:\/\/www.marinigerardi.it\/shop\/wp-content\/uploads\/2021\/02\/logo-MG-wordpress-100x100.png\" class=\"attachment-100x100 size-100x100\" alt=\"Marini &amp; Gerardi Tessuti Arredamento\" \/>\t\t\t\t\t\t\t<\/div>\n\t\t\t\t\t\t<\/div>\n\t\t\t\t\t\t\t\t\t\t<div class=\"info-box-content\">\n\t\t\t\t\t\t\t\t\t\t\t\t<div class=\"info-box-inner reset-last-child\"><\/div>\n\n\t\t\t\t\t\t\t\t\t\t\t<\/div>\n\n\t\t\t\t\t\t\t\t\t\t\t<a class=\"wd-info-box-link wd-fill\" aria-label=\"Infobox link\" href=\"http:\/\/|||\" title=\"\" rel=\"nofollow\"><\/a>\n\t\t\t\t\t\n\t\t\t\t\t\t\t\t\t<\/div>\n\t\t\t<\/div>\n\t\t\n\t\t<div id=\"wd-6124ca1f9dad4\" class=\"title-wrapper wd-wpb wd-set-mb reset-last-child  wd-rs-6124ca1f9dad4 wd-title-color-default wd-title-style-default text-center vc_custom_1629801004097 wd-underline-colored\">\n\t\t\t\n\t\t\t<div class=\"liner-continer\">\n\t\t\t\t<h3 class=\"woodmart-title-container title  wd-font-weight- wd-fontsize-l\" >CHI SIAMO<\/h3>\n\t\t\t\t\t\t\t<\/div>\n\t\t\t\n\t\t\t\n\t\t\t\n\t\t<\/div>\n\t\t\n\t\t[vc_column_text css=&#8221;.vc_custom_1629802097855{margin-bottom: 0px !important;}&#8221; el_class=&#8221;text-larger&#8221; woodmart_inline=&#8221;no&#8221; text_larger=&#8221;no&#8221;]<\/p>\n<p style=\"text-align: justify;\"><span style=\"color: #141313;\">Noi Marini &amp; Gerardi lavoriamo da trent&#8217;anni per rendere la vostra casa un ambiente unico e affascinante. Una casa dove potersi rilassare, nella freschezza e nell&#8217;originalit\u00e0 di un design unico e di tendenza. Utilizziamo solo materiali italiani di alta qualit\u00e0 per creare i nostri prodotti. Oltre alle creazioni, produciamo anche articoli personalizzati in base alle esigenze di ogni cliente. Finora tutti i nostri clienti sono soddisfatti della qualit\u00e0 del prodotto e della nostra lavorazione. Abbiamo creato modelli che riflettono la passione, la cura e l&#8217;amore che i nostri artigiani e designer hanno per il prodotto.<\/span><\/p>\n<p>[\/vc_column_text][\/vc_column][\/vc_row][vc_row][vc_column css=&#8221;.vc_custom_1527240190798{padding-top: 0px !important;}&#8221;]\n\t\t<div id=\"wd-61261dc76980e\" class=\"title-wrapper wd-wpb wd-set-mb reset-last-child  wd-rs-61261dc76980e wd-title-color-default wd-title-style-default text-center  wd-underline-colored\">\n\t\t\t\n\t\t\t<div class=\"liner-continer\">\n\t\t\t\t<h3 class=\"woodmart-title-container title  wd-font-weight- wd-fontsize-l\" >CONDIZIONI GENERALI DI CONTRATTO<\/h3>\n\t\t\t\t\t\t\t<\/div>\n\t\t\t\n\t\t\t\n\t\t\t\n\t\t<\/div>\n\t\t\n\t\t[\/vc_column][\/vc_row][vc_row css=&#8221;.vc_custom_1528700414903{margin-right: 0px !important;margin-bottom: 25px !important;margin-left: 0px !important;border-top-width: 1px !important;border-right-width: 1px !important;border-bottom-width: 1px !important;border-left-width: 1px !important;padding-top: 30px !important;padding-right: 15px !important;padding-bottom: 30px !important;padding-left: 15px !important;background-color: #ffffff !important;border-left-color: #e7e7e7 !important;border-left-style: solid !important;border-right-color: #e7e7e7 !important;border-right-style: solid !important;border-top-color: #e7e7e7 !important;border-top-style: solid !important;border-bottom-color: #e7e7e7 !important;border-bottom-style: solid !important;}&#8221;][vc_column css=&#8221;.vc_custom_1527238251732{padding-top: 0px !important;}&#8221;]\t\t\t<div id=\"wd-61261df0842e8\" class=\"wd-text-block-wrapper wd-wpb wd-rs-61261df0842e8 color-scheme-dark text-left vc_custom_1629887992398\">\n\t\t\t\t<div class=\"woodmart-title-container woodmart-text-block reset-last-child font-primary wd-font-weight-600 \">\n\t\t\t\t\t<span class=\"color-primary\">1.<\/span> <strong>Ambito di validit\u00e0<\/strong>\t\t\t\t<\/div>\n\n\t\t\t\t\t\t\t<\/div>\n\t\t[vc_column_text css=&#8221;.vc_custom_1629888448362{margin-bottom: 0px !important;}&#8221; el_class=&#8221;text-larger&#8221; woodmart_inline=&#8221;no&#8221; text_larger=&#8221;no&#8221;]<\/p>\n<p style=\"text-align: justify;\">Per tutte offerte, ordini e consegne di prodotti presenti in MariniGerardi vigono le seguenti condizioni generali di contratto. Regolamentazioni che differiscano da queste condizioni contrattuali non sono riconosciute, a meno che non si tratti di accordi individuali o ci sia una relativa conferma scritta. Effettuando un ordine si intendono accettate le qui presenti condizioni generali di contratto.<\/p>\n<p>[\/vc_column_text][\/vc_column][\/vc_row][vc_row css=&#8221;.vc_custom_1528700414903{margin-right: 0px !important;margin-bottom: 25px !important;margin-left: 0px !important;border-top-width: 1px !important;border-right-width: 1px !important;border-bottom-width: 1px !important;border-left-width: 1px !important;padding-top: 30px !important;padding-right: 15px !important;padding-bottom: 30px !important;padding-left: 15px !important;background-color: #ffffff !important;border-left-color: #e7e7e7 !important;border-left-style: solid !important;border-right-color: #e7e7e7 !important;border-right-style: solid !important;border-top-color: #e7e7e7 !important;border-top-style: solid !important;border-bottom-color: #e7e7e7 !important;border-bottom-style: solid !important;}&#8221;][vc_column css=&#8221;.vc_custom_1527238251732{padding-top: 0px !important;}&#8221;]\t\t\t<div id=\"wd-61261eae14e5f\" class=\"wd-text-block-wrapper wd-wpb wd-rs-61261eae14e5f color-scheme-dark text-left vc_custom_1629888196408\">\n\t\t\t\t<div class=\"woodmart-title-container woodmart-text-block reset-last-child font-primary wd-font-weight-600 \">\n\t\t\t\t\t<span class=\"color-primary\">2.<\/span>\u00a0<strong>Ordini\/consegne<\/strong>\t\t\t\t<\/div>\n\n\t\t\t\t\t\t\t<\/div>\n\t\t[vc_column_text css=&#8221;.vc_custom_1717054770665{margin-bottom: 0px !important;}&#8221; el_class=&#8221;text-larger&#8221; woodmart_inline=&#8221;no&#8221; text_larger=&#8221;no&#8221;]<\/p>\n<p style=\"text-align: justify;\">In caso si effettui un ordine si realizza un contratto tra Lei e la societ\u00e0 in MariniGerardi L\u2019ordine risulta inoltrato in maniera vincolante, se si preme il bottone \u201cinviare ordine\u201d. La conferma automatica di ordine generato dalla procedura di ordinazione non \u00e8 equivalente ad una conferma di consegna o di ordine preso in carico da parte di MariniGerardi. Il contratto d\u2019acquisto si realizza solo con l\u2019invio della merce da parte di MariniGerardi ovvero con una esplicita conferma di consegna da parte di MariniGerardi.<\/p>\n<p>La possibilit\u00e0 di risarcimento danni per consegne effettuate con ritardo \u00e8 a priori esclusa, a meno che non sia dimostrata intenzionalit\u00e0 o grave negligenza.<\/p>\n<p>Il referente in caso di eventuali reclami \u00e8 MariniGerardi.<br \/>\nNel caso si voglia fare reclamo si prega di rivolgersi al nostro servizio marketing:<\/p>\n<p>MariniGerardi<br \/>\nVia Rubichi, 2<br \/>\n73047 Monteroni di Lecce<\/p>\n<p>e-mail: assistenza@marinigerardi.it<br \/>\nTel.: 0832.321882<\/p>\n<div id=\"gtx-trans\" style=\"position: absolute; left: -13px; top: 391px;\">\n<div class=\"gtx-trans-icon\"><\/div>\n<\/div>\n<p>[\/vc_column_text][\/vc_column][\/vc_row][vc_row css=&#8221;.vc_custom_1528700414903{margin-right: 0px !important;margin-bottom: 25px !important;margin-left: 0px !important;border-top-width: 1px !important;border-right-width: 1px !important;border-bottom-width: 1px !important;border-left-width: 1px !important;padding-top: 30px !important;padding-right: 15px !important;padding-bottom: 30px !important;padding-left: 15px !important;background-color: #ffffff !important;border-left-color: #e7e7e7 !important;border-left-style: solid !important;border-right-color: #e7e7e7 !important;border-right-style: solid !important;border-top-color: #e7e7e7 !important;border-top-style: solid !important;border-bottom-color: #e7e7e7 !important;border-bottom-style: solid !important;}&#8221;][vc_column css=&#8221;.vc_custom_1527238251732{padding-top: 0px !important;}&#8221;]\t\t\t<div id=\"wd-61261ee4a78ee\" class=\"wd-text-block-wrapper wd-wpb wd-rs-61261ee4a78ee color-scheme-dark text-left vc_custom_1629888248673\">\n\t\t\t\t<div class=\"woodmart-title-container woodmart-text-block reset-last-child font-primary wd-font-weight-600 \">\n\t\t\t\t\t<span class=\"color-primary\">3.<\/span>\u00a0<strong>Garanzia<\/strong>\t\t\t\t<\/div>\n\n\t\t\t\t\t\t\t<\/div>\n\t\t[vc_column_text css=&#8221;.vc_custom_1717054654065{margin-bottom: 0px !important;}&#8221; el_class=&#8221;text-larger&#8221; woodmart_inline=&#8221;no&#8221; text_larger=&#8221;no&#8221;]<\/p>\n<p style=\"text-align: justify;\">Il nostro obiettivo \u00e8 quello di fornire informazioni sui prodotti che siano il pi\u00f9 possibile esatte e dettagliate. Divergenze tra le illustrazioni del prodotto ed il prodotto consegnato sono tuttavia possibili.<br \/>\nQueste divergenze non sono considerate un difetto di costruzione. In modo particolare dopo un rinnovo dell\u2019assortimento si possono verificare cambiamenti nell\u2019aspetto, colori\/forme e nella dotazione dei prodotti.<br \/>\nQuesti cambiamenti non sono considerati un difetto di fabbricazione.<br \/>\nLa merce che ha un alto contenuto di artigianalit\u00e0, ordinata in momenti diversi pu\u00f2 essere sensibilmente diversa nel colore o nelle misure.<br \/>\nLe informazioni tecniche le dimensioni e le altre caratteristiche sono soggette alle normali tolleranze commerciali. L\u2019immagine a corredo della scheda descrittiva di un prodotto pu\u00f2 non essere perfettamente rappresentativa delle sue caratteristiche ma differire per colore, dimensioni, accessori presenti in figura. I colori delle immagini che mostrano i prodotti ed i loro dettagli sono puramente indicativi. Questo \u00e8 dovuto alla diversa resa cromatica dei monitor\/schermi\/televisori che \u00e8 resa tramite un processo di emissione diretta della luce molto differente dalla percezione reale dei colori che avviene per mezzo di riflessione della luce. Le immagini contenute sul sito marinigerardi.it marinigerardi.com sono di nostra propriet\u00e0 ed ogni utilizzo di tali immagini, non autorizzato da un consenso scritto da parte della Marini&amp;Gerardi srl sar\u00e0 perseguito a norma di legge.<\/p>\n<p>Se la merce consegnata presenta difetti, pu\u00f2 richiedere a Sua scelta o l\u2019eliminazione dei difetti o una ulteriore consegna. Se l\u2019eliminazione dei difetti non risulti effettuata a regola d\u2019arte, in presenza dei relativi presupposti legali si pu\u00f2 richiedere, rescissione del contratto o riduzione del prezzo d\u2019acquisto.<br \/>\nLa durata della garanzia \u00e8 di due anni, a partire dalla consegna della merce.[\/vc_column_text][\/vc_column][\/vc_row][vc_row css=&#8221;.vc_custom_1528700414903{margin-right: 0px !important;margin-bottom: 25px !important;margin-left: 0px !important;border-top-width: 1px !important;border-right-width: 1px !important;border-bottom-width: 1px !important;border-left-width: 1px !important;padding-top: 30px !important;padding-right: 15px !important;padding-bottom: 30px !important;padding-left: 15px !important;background-color: #ffffff !important;border-left-color: #e7e7e7 !important;border-left-style: solid !important;border-right-color: #e7e7e7 !important;border-right-style: solid !important;border-top-color: #e7e7e7 !important;border-top-style: solid !important;border-bottom-color: #e7e7e7 !important;border-bottom-style: solid !important;}&#8221;][vc_column css=&#8221;.vc_custom_1527238251732{padding-top: 0px !important;}&#8221;]\t\t\t<div id=\"wd-61261f2153b77\" class=\"wd-text-block-wrapper wd-wpb wd-rs-61261f2153b77 color-scheme-dark text-left vc_custom_1629888304592\">\n\t\t\t\t<div class=\"woodmart-title-container woodmart-text-block reset-last-child font-primary wd-font-weight-600 \">\n\t\t\t\t\t<span class=\"color-primary\">4.<\/span>\u00a0<strong>Spedizione<\/strong>\t\t\t\t<\/div>\n\n\t\t\t\t\t\t\t<\/div>\n\t\t[vc_column_text css=&#8221;.vc_custom_1629888488144{margin-bottom: 0px !important;}&#8221; el_class=&#8221;text-larger&#8221; woodmart_inline=&#8221;no&#8221; text_larger=&#8221;no&#8221;]<\/p>\n<p style=\"text-align: justify;\">Consegna dei PRODOTTI: MariniGerardi, si impegna a consegnare i PRODOTTI all\u2019indirizzo comunicato dal CLIENTE nell\u2019ordine d\u2019acquisto, per tramite del vettore incaricato al loro trasporto. MariniGerardi non potr\u00e0 essere ritenuta responsabile per errori nella consegna dovuti a inesattezze o incompletezze nella compilazione dell\u2019ordine d\u2019acquisto da parte del CLIENTE. MariniGerardi non potr\u00e0 inoltre essere ritenuta responsabile per i danni eventualmente occorsi ai PRODOTTI successivamente alla consegna al vettore incaricato del loro trasporto nonch\u00e9 per ritardi nella consegna a quest\u2019ultimo imputabili. La spedizione avviene a rischio del committente. Tutte le spedizioni possono essere assicurate su esplicita richiesta al momento dell\u2019ordine con una piccola maggiorazione di spesa.<\/p>\n<p>[\/vc_column_text][\/vc_column][\/vc_row][vc_row css=&#8221;.vc_custom_1528700414903{margin-right: 0px !important;margin-bottom: 25px !important;margin-left: 0px !important;border-top-width: 1px !important;border-right-width: 1px !important;border-bottom-width: 1px !important;border-left-width: 1px !important;padding-top: 30px !important;padding-right: 15px !important;padding-bottom: 30px !important;padding-left: 15px !important;background-color: #ffffff !important;border-left-color: #e7e7e7 !important;border-left-style: solid !important;border-right-color: #e7e7e7 !important;border-right-style: solid !important;border-top-color: #e7e7e7 !important;border-top-style: solid !important;border-bottom-color: #e7e7e7 !important;border-bottom-style: solid !important;}&#8221;][vc_column css=&#8221;.vc_custom_1527238251732{padding-top: 0px !important;}&#8221;]\t\t\t<div id=\"wd-61261f803de6d\" class=\"wd-text-block-wrapper wd-wpb wd-rs-61261f803de6d color-scheme-dark text-left vc_custom_1629888403843\">\n\t\t\t\t<div class=\"woodmart-title-container woodmart-text-block reset-last-child font-primary wd-font-weight-600 \">\n\t\t\t\t\t<span class=\"color-primary\">5.<\/span>\u00a0<strong>Pagamenti\/Consegna<\/strong>\t\t\t\t<\/div>\n\n\t\t\t\t\t\t\t<\/div>\n\t\t[vc_column_text css=&#8221;.vc_custom_1629888503484{margin-bottom: 0px !important;}&#8221; el_class=&#8221;text-larger&#8221; woodmart_inline=&#8221;no&#8221; text_larger=&#8221;no&#8221;]<\/p>\n<p style=\"text-align: justify;\">I prezzi sono quelli vigenti al momento dell\u2019ordine. Tutti i prezzi sono prezzi al dettaglio, incluso la relativa imposta vigente sul valore aggiunto. Le spese di consegna sono calcolate a parte per ogni consegna. Il pagamento della merce ordinata avviene secondo la modalit\u00e0 di pagamento indicata sull\u2019ordine. La consegna viene effettuata esclusivamente all\u2019indirizzo di consegna indicato dal committente.<\/p>\n<p>Se la merce non \u00e8 disponibile, MariniGerardi \u00e8 autorizzata a rescindere il contratto, purch\u00e9 ne sia stato stipulato uno. In tal caso il cliente verr\u00e0 informato immediatamente a riguardo ed i pagamenti gi\u00e0 effettuati verranno prontamente risarciti.<\/p>\n<p>Come modalit\u00e0 di pagamento offriamo pagamento diretto tramite PayPal &amp; carta di credito (Mastercard, Visa, American Express), pagamento anticipato con Bonifico Bancario.<\/p>\n<p>MariniGerardi si riserva la possibilit\u00e0 di verificare la solvibilit\u00e0 del committente in fase di ordinazione. Le modalit\u00e0 di pagamento possibili saranno indicate nel modulo di ordine.<\/p>\n<p>Il prezzo d\u2019acquisto \u00e8 sempre associato con la consegna.[\/vc_column_text][\/vc_column][\/vc_row][vc_row css=&#8221;.vc_custom_1528700414903{margin-right: 0px !important;margin-bottom: 25px !important;margin-left: 0px !important;border-top-width: 1px !important;border-right-width: 1px !important;border-bottom-width: 1px !important;border-left-width: 1px !important;padding-top: 30px !important;padding-right: 15px !important;padding-bottom: 30px !important;padding-left: 15px !important;background-color: #ffffff !important;border-left-color: #e7e7e7 !important;border-left-style: solid !important;border-right-color: #e7e7e7 !important;border-right-style: solid !important;border-top-color: #e7e7e7 !important;border-top-style: solid !important;border-bottom-color: #e7e7e7 !important;border-bottom-style: solid !important;}&#8221;][vc_column css=&#8221;.vc_custom_1527238251732{padding-top: 0px !important;}&#8221;]\t\t\t<div id=\"wd-612621b59a5de\" class=\"wd-text-block-wrapper wd-wpb wd-rs-612621b59a5de color-scheme-dark text-left vc_custom_1629888965198\">\n\t\t\t\t<div class=\"woodmart-title-container woodmart-text-block reset-last-child font-primary wd-font-weight-600 \">\n\t\t\t\t\t<span class=\"color-primary\">9.<\/span>\u00a0<strong>Tutela dei dati personali<\/strong>\t\t\t\t<\/div>\n\n\t\t\t\t\t\t\t<\/div>\n\t\t[vc_column_text css=&#8221;.vc_custom_1629888985852{margin-bottom: 0px !important;}&#8221; el_class=&#8221;text-larger&#8221; woodmart_inline=&#8221;no&#8221; text_larger=&#8221;no&#8221;]Tutti i dati personali sono naturalmente trattati nel rispetto della privacy. Vengono salvati i dati necessari esclusivamente per lo svolgimento della transazione commerciale. Per la comunicazione alla clientela di eventuali offerte.[\/vc_column_text][\/vc_column][\/vc_row][vc_row css=&#8221;.vc_custom_1528700414903{margin-right: 0px !important;margin-bottom: 25px !important;margin-left: 0px !important;border-top-width: 1px !important;border-right-width: 1px !important;border-bottom-width: 1px !important;border-left-width: 1px !important;padding-top: 30px !important;padding-right: 15px !important;padding-bottom: 30px !important;padding-left: 15px !important;background-color: #ffffff !important;border-left-color: #e7e7e7 !important;border-left-style: solid !important;border-right-color: #e7e7e7 !important;border-right-style: solid !important;border-top-color: #e7e7e7 !important;border-top-style: solid !important;border-bottom-color: #e7e7e7 !important;border-bottom-style: solid !important;}&#8221;][vc_column css=&#8221;.vc_custom_1527238251732{padding-top: 0px !important;}&#8221;]\t\t\t<div id=\"wd-612621297eaac\" class=\"wd-text-block-wrapper wd-wpb wd-rs-612621297eaac color-scheme-dark text-left vc_custom_1629888818830\">\n\t\t\t\t<div class=\"woodmart-title-container woodmart-text-block reset-last-child font-primary wd-font-weight-600 \">\n\t\t\t\t\t<span class=\"color-primary\">8.<\/span><strong> Diritto di riferimento<br \/>\n<\/strong>\t\t\t\t<\/div>\n\n\t\t\t\t\t\t\t<\/div>\n\t\t[vc_column_text css=&#8221;.vc_custom_1629888931055{margin-bottom: 0px !important;}&#8221; el_class=&#8221;text-larger&#8221; woodmart_inline=&#8221;no&#8221; text_larger=&#8221;no&#8221;]Vale il diritto Italiano con esclusione del diritto di acquisto dell\u2019ONU.[\/vc_column_text][\/vc_column][\/vc_row][vc_row css=&#8221;.vc_custom_1528700414903{margin-right: 0px !important;margin-bottom: 25px !important;margin-left: 0px !important;border-top-width: 1px !important;border-right-width: 1px !important;border-bottom-width: 1px !important;border-left-width: 1px !important;padding-top: 30px !important;padding-right: 15px !important;padding-bottom: 30px !important;padding-left: 15px !important;background-color: #ffffff !important;border-left-color: #e7e7e7 !important;border-left-style: solid !important;border-right-color: #e7e7e7 !important;border-right-style: solid !important;border-top-color: #e7e7e7 !important;border-top-style: solid !important;border-bottom-color: #e7e7e7 !important;border-bottom-style: solid !important;}&#8221;][vc_column css=&#8221;.vc_custom_1527238251732{padding-top: 0px !important;}&#8221;]\t\t\t<div id=\"wd-612620fb0d1be\" class=\"wd-text-block-wrapper wd-wpb wd-rs-612620fb0d1be color-scheme-dark text-left vc_custom_1629888774599\">\n\t\t\t\t<div class=\"woodmart-title-container woodmart-text-block reset-last-child font-primary wd-font-weight-600 \">\n\t\t\t\t\t<span class=\"color-primary\">7.<\/span>\u00a0<strong>Riserva del diritto di propriet\u00e0<\/strong>\t\t\t\t<\/div>\n\n\t\t\t\t\t\t\t<\/div>\n\t\t[vc_column_text css=&#8221;.vc_custom_1629888789585{margin-bottom: 0px !important;}&#8221; el_class=&#8221;text-larger&#8221; woodmart_inline=&#8221;no&#8221; text_larger=&#8221;no&#8221;]Fino al pagamento completo della merce essa resta di propriet\u00e0 di MariniGerardi[\/vc_column_text][\/vc_column][\/vc_row][vc_row css=&#8221;.vc_custom_1528700414903{margin-right: 0px !important;margin-bottom: 25px !important;margin-left: 0px !important;border-top-width: 1px !important;border-right-width: 1px !important;border-bottom-width: 1px !important;border-left-width: 1px !important;padding-top: 30px !important;padding-right: 15px !important;padding-bottom: 30px !important;padding-left: 15px !important;background-color: #ffffff !important;border-left-color: #e7e7e7 !important;border-left-style: solid !important;border-right-color: #e7e7e7 !important;border-right-style: solid !important;border-top-color: #e7e7e7 !important;border-top-style: solid !important;border-bottom-color: #e7e7e7 !important;border-bottom-style: solid !important;}&#8221;][vc_column css=&#8221;.vc_custom_1527238251732{padding-top: 0px !important;}&#8221;]\t\t\t<div id=\"wd-6126200fcabf2\" class=\"wd-text-block-wrapper wd-wpb wd-rs-6126200fcabf2 color-scheme-dark text-left vc_custom_1629888601742\">\n\t\t\t\t<div class=\"woodmart-title-container woodmart-text-block reset-last-child font-primary wd-font-weight-600 \">\n\t\t\t\t\t<span class=\"color-primary\">6.<\/span>\u00a0<strong>Diritto di recesso, cos\u00ec come stabilito dagli artt. 64 e ss. del CODICE<\/strong>\t\t\t\t<\/div>\n\n\t\t\t\t\t\t\t<\/div>\n\t\t[vc_column_text css=&#8221;.vc_custom_1740135317826{margin-bottom: 0px !important;}&#8221; el_class=&#8221;text-larger&#8221; woodmart_inline=&#8221;no&#8221; text_larger=&#8221;no&#8221;]Si possono restituire tutti gli articoli, senza dover indicarne la motivazione, entro i 10 giorni lavorativi successivi alla data di ricevimento della merce.<br \/>\nPer fare valere il diritto di recesso, occorre mandare una raccomandata con ricevuta di ritorno in cui si manifesta la volont\u00e0 di voler esercitare il diritto di recesso per i prodotti acquistati. La comunicazione di recesso pu\u00f2 essere resa manifesta con un semplice FAX, che dovr\u00e0 per\u00f2 essere confermato, entro 48 ore, dall\u2019invio della raccomandata.<\/p>\n<p>La richiesta di restituzione \u00e8 da indirizzarsi a:<\/p>\n<p>Marini&amp;Gerardi \u2013 Via Rubichi,2 \u2013 73047 Monteroni di Lecce Italy<\/p>\n<p>In caso di rispedizione al mittente della merce verranno risarciti il valore della merce detratte le spese di spedizione, sempre che la merce consegnata corrisponda alla merce ordinata.<\/p>\n<p>In caso di recesso, ci riserviamo la possibilit\u00e0 di far valere i nostri diritti di risarcimento in caso di confezioni o merci, che siano state danneggiate al di fuori della spedizione al destinatario.<\/p>\n<p><em>Si esclude la possibilit\u00e0 di recesso nei seguenti casi:<\/em><\/p>\n<p>\u2013 se la merce \u00e8 stata realizzata secondo le indicazioni del cliente o su misura ( I Tendaggi vengono realizzati su misura con stoffa al taglio in modalit\u00e0 esclusivamente sartoriale seguendo uno schema di misure prefissate ed a cui si fa riferimento nell\u2019ordine )<br \/>\n\u2013 se si tratta di merce tagliata \/venduta a metro,<br \/>\n\u2013 se la merce per caratteristiche proprie non fosse adatta ad essere rispedita,<br \/>\n\u2013 la facolt\u00e0 di ripensamento e recesso \u00e8 tuttavia esclusa nel caso si tratti di prodotti alimentari deperibili.<\/p>\n<p style=\"text-align: justify;\">Il cliente deve accollarsi le spese di un eventuale diminuzione di valore, se \u00e8 stato causa di queste condizioni. In caso di utilizzo della merce il cliente deve corrispondere un relativo costo di utilizzo. La merce deve essere trattata con cura per evitare ulteriori costi in caso di una rispedizione al mittente. In caso di rispedizione al mittente si deve utilizzare la confezione originale.<\/p>\n<p>[\/vc_column_text][\/vc_column][\/vc_row]<\/p>\n<\/div>","protected":false},"excerpt":{"rendered":"<p>[vc_row full_width=&#8221;stretch_row_content&#8221; css=&#8221;.vc_custom_1629801143800{margin-top: -40px !important;margin-bottom: 8vh !important;padding-top: 8vh !important;padding-bottom: 8vh !important;background-color: #f8f8f8 !important;}&#8221; mobile_bg_img_hidden=&#8221;no&#8221; tablet_bg_img_hidden=&#8221;no&#8221; woodmart_parallax=&#8221;0&#8243; woodmart_gradient_switch=&#8221;no&#8221; row_reverse_mobile=&#8221;0&#8243; row_reverse_tablet=&#8221;0&#8243; woodmart_disable_overflow=&#8221;0&#8243;][vc_column<\/p>\n","protected":false},"author":1,"featured_media":0,"parent":0,"menu_order":0,"comment_status":"closed","ping_status":"closed","template":"","meta":{"footnotes":""},"class_list":["post-12656","page","type-page","status-publish","hentry"],"_links":{"self":[{"href":"https:\/\/www.marinigerardi.it\/shop\/wp-json\/wp\/v2\/pages\/12656","targetHints":{"allow":["GET"]}}],"collection":[{"href":"https:\/\/www.marinigerardi.it\/shop\/wp-json\/wp\/v2\/pages"}],"about":[{"href":"https:\/\/www.marinigerardi.it\/shop\/wp-json\/wp\/v2\/types\/page"}],"author":[{"embeddable":true,"href":"https:\/\/www.marinigerardi.it\/shop\/wp-json\/wp\/v2\/users\/1"}],"replies":[{"embeddable":true,"href":"https:\/\/www.marinigerardi.it\/shop\/wp-json\/wp\/v2\/comments?post=12656"}],"version-history":[{"count":0,"href":"https:\/\/www.marinigerardi.it\/shop\/wp-json\/wp\/v2\/pages\/12656\/revisions"}],"wp:attachment":[{"href":"https:\/\/www.marinigerardi.it\/shop\/wp-json\/wp\/v2\/media?parent=12656"}],"curies":[{"name":"wp","href":"https:\/\/api.w.org\/{rel}","templated":true}]}}